{"id":777,"date":"2021-12-07T22:28:32","date_gmt":"2021-12-07T21:28:32","guid":{"rendered":"https:\/\/site.educa.madrid.org\/cp.blasdelezo.parla\/?page_id=777"},"modified":"2025-04-04T01:43:36","modified_gmt":"2025-04-03T23:43:36","slug":"aula-arcoiris","status":"publish","type":"page","link":"https:\/\/site.educa.madrid.org\/cp.blasdelezo.parla\/index.php\/nuestro-cole\/aula-arcoiris\/","title":{"rendered":"Aula Arco\u00edris"},"content":{"rendered":"\n\n\n<h1 class=\"wp-block-heading has-text-align-center\"><strong>AULA ARCO\u00cdRIS<\/strong><\/h1>\n\n\n\n<div style=\"height:16px\" aria-hidden=\"true\" class=\"wp-block-spacer\"><\/div>\n\n\n\n<h2 class=\"wp-block-heading has-text-align-center has-pale-cyan-blue-background-color has-background\"><a href=\"https:\/\/site.educa.madrid.org\/cp.blasdelezo.parla\/\/wp-content\/uploads\/cp.blasdelezo.parla\/2025\/03\/CIRCULAR-VESTIDOS-DE-AZUL.pdf\" target=\"_blank\" rel=\"noreferrer noopener\">2 ABRIL &#8211; D\u00cdA MUNDIAL DE CONCIENCIACI\u00d3N SOBRE EL AUTISMO<\/a><\/h2>\n\n\n\n<p class=\"has-black-color has-pale-cyan-blue-background-color has-text-color has-background has-link-color wp-elements-bf253e59332c792af19fc640dd60a536\">Nuestro proyecto es de todos y queremos que se sienta de todos para concienciar al mundo poco a poco, vente el d\u00eda 2 de abril vestido con algo azul. Un pantal\u00f3n, una camiseta, un pa\u00f1uelo&#8230;da igual para que todo el cole se vista del color del AUTISMO.<\/p>\n\n\n\n<p class=\"has-black-color has-pale-cyan-blue-background-color has-text-color has-background has-link-color wp-elements-9542204a5a90a2ab27981c5b771d94c7\">Vamos a pintar el mundo de azul para dar visibilidad al Autismo.<\/p>\n\n\n\n<figure class=\"wp-block-image size-large\"><a href=\"https:\/\/site.educa.madrid.org\/cp.blasdelezo.parla\/\/wp-content\/uploads\/cp.blasdelezo.parla\/2025\/03\/CIRCULAR-VESTIDOS-DE-AZUL.pdf\" target=\"_blank\" rel=\" noreferrer noopener\"><img loading=\"lazy\" decoding=\"async\" width=\"1024\" height=\"708\" src=\"https:\/\/site.educa.madrid.org\/cp.blasdelezo.parla\/\/wp-content\/uploads\/cp.blasdelezo.parla\/2025\/03\/CIRCULAR-VESTIDOS-DE-AZUL_page-0001-1024x708.jpg\" alt=\"\" class=\"wp-image-3975\" srcset=\"https:\/\/site.educa.madrid.org\/cp.blasdelezo.parla\/\/wp-content\/uploads\/cp.blasdelezo.parla\/2025\/03\/CIRCULAR-VESTIDOS-DE-AZUL_page-0001-1024x708.jpg 1024w, https:\/\/site.educa.madrid.org\/cp.blasdelezo.parla\/\/wp-content\/uploads\/cp.blasdelezo.parla\/2025\/03\/CIRCULAR-VESTIDOS-DE-AZUL_page-0001-300x207.jpg 300w, https:\/\/site.educa.madrid.org\/cp.blasdelezo.parla\/\/wp-content\/uploads\/cp.blasdelezo.parla\/2025\/03\/CIRCULAR-VESTIDOS-DE-AZUL_page-0001-768x531.jpg 768w, https:\/\/site.educa.madrid.org\/cp.blasdelezo.parla\/\/wp-content\/uploads\/cp.blasdelezo.parla\/2025\/03\/CIRCULAR-VESTIDOS-DE-AZUL_page-0001-1536x1061.jpg 1536w, https:\/\/site.educa.madrid.org\/cp.blasdelezo.parla\/\/wp-content\/uploads\/cp.blasdelezo.parla\/2025\/03\/CIRCULAR-VESTIDOS-DE-AZUL_page-0001-2048x1415.jpg 2048w\" sizes=\"auto, (max-width: 1024px) 100vw, 1024px\" \/><\/a><\/figure>\n\n\n\n<hr class=\"wp-block-separator has-alpha-channel-opacity\"\/>\n\n\n\n<h4 class=\"wp-block-heading has-text-align-center\">CAMPA\u00d1A D\u00cdA DEL AUTISMO EN PARLA<\/h4>\n\n\n\n<p>\u00bfSab\u00edas qu\u00e9\u2026?<\/p>\n\n\n\n<ul class=\"wp-block-list\">\n<li>1 de cada 35 alumnos\/as de los CEIP de Parla tiene Autismo.<\/li>\n\n\n\n<li>No hay dos personas con autismo iguales. Cada persona es \u00fanica, tiene sus propias necesidades, capacidades e intereses. Por ello, cada una necesita unos apoyos especializados y adaptados a su situaci\u00f3n personal y a su momento vital.<\/li>\n\n\n\n<li>Todo el profesorado de los CEIP de Parla trabajamos cada d\u00eda para ofrecer los apoyos necesarios para cada alumno y alumna.<\/li>\n\n\n\n<li>Pero solos no podemos. Es imprescindible el compromiso de toda la comunidad educativa y de toda la sociedad para lograr entornos inclusivos en lpos que todas las personas puedan alcanzar su m\u00e1ximo desarrollo y bienestar.<\/li>\n<\/ul>\n\n\n\n<p>Desde los CEIP de Parla nos sumamos a la campa\u00f1a #SomosInfinitos y aportamos nuestra iniciativa para visibilizar y concienciar sobre la diversidad dentro del espectro y de las necesidades educativas que presentan.<\/p>\n\n\n\n<figure class=\"wp-block-image size-large\"><img loading=\"lazy\" decoding=\"async\" width=\"1024\" height=\"724\" src=\"https:\/\/site.educa.madrid.org\/cp.blasdelezo.parla\/\/wp-content\/uploads\/cp.blasdelezo.parla\/2025\/04\/Parla-piensa-en-el-autismo-1024x724.png\" alt=\"\" class=\"wp-image-3997\" srcset=\"https:\/\/site.educa.madrid.org\/cp.blasdelezo.parla\/\/wp-content\/uploads\/cp.blasdelezo.parla\/2025\/04\/Parla-piensa-en-el-autismo-1024x724.png 1024w, https:\/\/site.educa.madrid.org\/cp.blasdelezo.parla\/\/wp-content\/uploads\/cp.blasdelezo.parla\/2025\/04\/Parla-piensa-en-el-autismo-300x212.png 300w, https:\/\/site.educa.madrid.org\/cp.blasdelezo.parla\/\/wp-content\/uploads\/cp.blasdelezo.parla\/2025\/04\/Parla-piensa-en-el-autismo-768x543.png 768w, https:\/\/site.educa.madrid.org\/cp.blasdelezo.parla\/\/wp-content\/uploads\/cp.blasdelezo.parla\/2025\/04\/Parla-piensa-en-el-autismo-1536x1086.png 1536w, https:\/\/site.educa.madrid.org\/cp.blasdelezo.parla\/\/wp-content\/uploads\/cp.blasdelezo.parla\/2025\/04\/Parla-piensa-en-el-autismo.png 2000w\" sizes=\"auto, (max-width: 1024px) 100vw, 1024px\" \/><\/figure>\n\n\n\n<div style=\"height:10px\" aria-hidden=\"true\" class=\"wp-block-spacer\"><\/div>\n\n\n\n<h4 class=\"wp-block-heading has-text-align-center\">MURAL CEIP BLAS DE LEZO &#8211; D\u00cdA DEL AUTISMO<\/h4>\n\n\n<p><iframe loading=\"lazy\" src=\"https:\/\/mediateca.educa.madrid.org\/video\/drr6p3sqiaqv4bpg\/fs\" width=\"420\" height=\"315\" frameborder=\"0\" scrolling=\"no\" style=\"border:0;overflow:hidden\" allowfullscreen><\/iframe><\/p>\n\n\n\n<div style=\"height:10px\" aria-hidden=\"true\" class=\"wp-block-spacer\"><\/div>\n\n\n\n<h4 class=\"wp-block-heading has-text-align-center\">MURAL COLABORATIVO DE LOS COLEGIOS DE PARLA &#8211; 2 DE ABRIL DE 2025<\/h4>\n\n\n\n<figure id=\"murales-autismo\" class=\"wp-block-video\"><video height=\"1080\" style=\"aspect-ratio: 1920 \/ 1080;\" width=\"1920\" controls src=\"https:\/\/site.educa.madrid.org\/cp.blasdelezo.parla\/\/wp-content\/uploads\/cp.blasdelezo.parla\/2025\/04\/VIDEO-PARLA-PIENSA-EN-EL-AUTISMO-24-25.mp4\"><\/video><\/figure>\n\n\n\n<hr class=\"wp-block-separator alignwide has-alpha-channel-opacity\"\/>\n\n\n\n<div class=\"wp-block-group has-white-background-color has-background\"><div class=\"wp-block-group__inner-container is-layout-flow wp-block-group-is-layout-flow\">\n<div class=\"wp-block-columns is-layout-flex wp-container-core-columns-is-layout-9d6595d7 wp-block-columns-is-layout-flex\">\n<div class=\"wp-block-column is-vertically-aligned-center is-layout-flow wp-block-column-is-layout-flow\">\n<p>Bienvenidos a un proyecto muy especial para nuestro cole. Te presentamos nuestra aula arco\u00edris, concebida para <strong>contribuir al desarrollo integral de las personas con necesidades educativas espec\u00edficas<\/strong> dentro de un entorno escolar global. <\/p>\n<\/div>\n\n\n\n<div class=\"wp-block-column is-vertically-aligned-center is-layout-flow wp-block-column-is-layout-flow\">\n<figure class=\"wp-block-image size-large\"><img loading=\"lazy\" decoding=\"async\" width=\"1024\" height=\"768\" src=\"https:\/\/site.educa.madrid.org\/cp.blasdelezo.parla\/\/wp-content\/uploads\/cp.blasdelezo.parla\/2021\/12\/0013_Interior-Arcoiris-Aula-Blas-de-Lezo-.jpg\" alt=\"\" class=\"wp-image-914\" srcset=\"https:\/\/site.educa.madrid.org\/cp.blasdelezo.parla\/\/wp-content\/uploads\/cp.blasdelezo.parla\/2021\/12\/0013_Interior-Arcoiris-Aula-Blas-de-Lezo-.jpg 1024w, https:\/\/site.educa.madrid.org\/cp.blasdelezo.parla\/\/wp-content\/uploads\/cp.blasdelezo.parla\/2021\/12\/0013_Interior-Arcoiris-Aula-Blas-de-Lezo--300x225.jpg 300w, https:\/\/site.educa.madrid.org\/cp.blasdelezo.parla\/\/wp-content\/uploads\/cp.blasdelezo.parla\/2021\/12\/0013_Interior-Arcoiris-Aula-Blas-de-Lezo--768x576.jpg 768w, https:\/\/site.educa.madrid.org\/cp.blasdelezo.parla\/\/wp-content\/uploads\/cp.blasdelezo.parla\/2021\/12\/0013_Interior-Arcoiris-Aula-Blas-de-Lezo--700x525.jpg 700w, https:\/\/site.educa.madrid.org\/cp.blasdelezo.parla\/\/wp-content\/uploads\/cp.blasdelezo.parla\/2021\/12\/0013_Interior-Arcoiris-Aula-Blas-de-Lezo--520x390.jpg 520w, https:\/\/site.educa.madrid.org\/cp.blasdelezo.parla\/\/wp-content\/uploads\/cp.blasdelezo.parla\/2021\/12\/0013_Interior-Arcoiris-Aula-Blas-de-Lezo--360x270.jpg 360w, https:\/\/site.educa.madrid.org\/cp.blasdelezo.parla\/\/wp-content\/uploads\/cp.blasdelezo.parla\/2021\/12\/0013_Interior-Arcoiris-Aula-Blas-de-Lezo--250x188.jpg 250w, https:\/\/site.educa.madrid.org\/cp.blasdelezo.parla\/\/wp-content\/uploads\/cp.blasdelezo.parla\/2021\/12\/0013_Interior-Arcoiris-Aula-Blas-de-Lezo--100x75.jpg 100w\" sizes=\"auto, (max-width: 1024px) 100vw, 1024px\" \/><\/figure>\n<\/div>\n<\/div>\n<\/div><\/div>\n\n\n<div class=\"wp-block-image\">\n<figure class=\"aligncenter size-large\"><img loading=\"lazy\" decoding=\"async\" width=\"724\" height=\"1024\" src=\"https:\/\/site.educa.madrid.org\/cp.blasdelezo.parla\/\/wp-content\/uploads\/cp.blasdelezo.parla\/2021\/12\/PRESENTACION-AULA-ARCOIRID-724x1024.png\" alt=\"\" class=\"wp-image-974\" srcset=\"https:\/\/site.educa.madrid.org\/cp.blasdelezo.parla\/\/wp-content\/uploads\/cp.blasdelezo.parla\/2021\/12\/PRESENTACION-AULA-ARCOIRID-724x1024.png 724w, https:\/\/site.educa.madrid.org\/cp.blasdelezo.parla\/\/wp-content\/uploads\/cp.blasdelezo.parla\/2021\/12\/PRESENTACION-AULA-ARCOIRID-212x300.png 212w, https:\/\/site.educa.madrid.org\/cp.blasdelezo.parla\/\/wp-content\/uploads\/cp.blasdelezo.parla\/2021\/12\/PRESENTACION-AULA-ARCOIRID-768x1086.png 768w, https:\/\/site.educa.madrid.org\/cp.blasdelezo.parla\/\/wp-content\/uploads\/cp.blasdelezo.parla\/2021\/12\/PRESENTACION-AULA-ARCOIRID-1086x1536.png 1086w, https:\/\/site.educa.madrid.org\/cp.blasdelezo.parla\/\/wp-content\/uploads\/cp.blasdelezo.parla\/2021\/12\/PRESENTACION-AULA-ARCOIRID-700x990.png 700w, https:\/\/site.educa.madrid.org\/cp.blasdelezo.parla\/\/wp-content\/uploads\/cp.blasdelezo.parla\/2021\/12\/PRESENTACION-AULA-ARCOIRID-520x736.png 520w, https:\/\/site.educa.madrid.org\/cp.blasdelezo.parla\/\/wp-content\/uploads\/cp.blasdelezo.parla\/2021\/12\/PRESENTACION-AULA-ARCOIRID-360x509.png 360w, https:\/\/site.educa.madrid.org\/cp.blasdelezo.parla\/\/wp-content\/uploads\/cp.blasdelezo.parla\/2021\/12\/PRESENTACION-AULA-ARCOIRID-250x354.png 250w, https:\/\/site.educa.madrid.org\/cp.blasdelezo.parla\/\/wp-content\/uploads\/cp.blasdelezo.parla\/2021\/12\/PRESENTACION-AULA-ARCOIRID-100x141.png 100w, https:\/\/site.educa.madrid.org\/cp.blasdelezo.parla\/\/wp-content\/uploads\/cp.blasdelezo.parla\/2021\/12\/PRESENTACION-AULA-ARCOIRID.png 1414w\" sizes=\"auto, (max-width: 724px) 100vw, 724px\" \/><\/figure>\n<\/div>\n\n\n<div class=\"wp-block-group is-nowrap is-layout-flex wp-container-core-group-is-layout-ad2f72ca wp-block-group-is-layout-flex\">\n<div class=\"wp-block-mediateca-bloque-mediateca align wide\"><iframe loading=\"lazy\" src=\"https:\/\/mediateca.educa.madrid.org\/video\/b8jhcqw73par9hfo\/fs\" scrolling=\"no\" style=\"border:0;overflow:hidden\" allowfullscreen=\"\" width=\"420\" height=\"315\" frameborder=\"0\"><\/iframe><\/div>\n\n\n\n<div class=\"wp-block-mediateca-bloque-mediateca align wide\"><iframe loading=\"lazy\" src=\"https:\/\/mediateca.educa.madrid.org\/video\/myijaxgoeuo9v1x9\/fs\" scrolling=\"no\" style=\"border:0;overflow:hidden\" allowfullscreen=\"\" width=\"420\" height=\"315\" frameborder=\"0\"><\/iframe><\/div>\n<\/div>\n\n\n\n<div class=\"wp-block-group is-nowrap is-layout-flex wp-container-core-group-is-layout-ad2f72ca wp-block-group-is-layout-flex\">\n<div class=\"wp-block-mediateca-bloque-mediateca align wide\"><iframe loading=\"lazy\" src=\"https:\/\/mediateca.educa.madrid.org\/video\/ua3i2gcb5ocxdwfq\/fs\" scrolling=\"no\" style=\"border:0;overflow:hidden\" allowfullscreen=\"\" width=\"420\" height=\"315\" frameborder=\"0\"><\/iframe><\/div>\n\n\n\n<div class=\"wp-block-mediateca-bloque-mediateca align wide\"><iframe loading=\"lazy\" src=\"https:\/\/mediateca.educa.madrid.org\/video\/88tpyw4cy4uggris\/fs\" scrolling=\"no\" style=\"border:0;overflow:hidden\" allowfullscreen=\"\" width=\"420\" height=\"315\" frameborder=\"0\"><\/iframe><\/div>\n<\/div>\n\n\n\n<p><\/p>\n","protected":false},"excerpt":{"rendered":"<p>AULA ARCO\u00cdRIS 2 ABRIL &#8211; D\u00cdA MUNDIAL DE CONCIENCIACI\u00d3N SOBRE EL AUTISMO Nuestro proyecto es de todos y queremos que se sienta de todos para concienciar al mundo poco a &#8230;<\/p>\n","protected":false},"author":2,"featured_media":0,"parent":341,"menu_order":0,"comment_status":"closed","ping_status":"closed","template":"","meta":{"footnotes":""},"folder":[],"class_list":["post-777","page","type-page","status-publish","hentry"],"rttpg_featured_image_url":null,"rttpg_author":{"display_name":"Blas de Lezo","author_link":"https:\/\/site.educa.madrid.org\/cp.blasdelezo.parla\/index.php\/author\/cuenta_tic-cp-blasdelezo-parla\/"},"rttpg_comment":0,"rttpg_category":false,"rttpg_excerpt":"AULA ARCO\u00cdRIS 2 ABRIL &#8211; D\u00cdA MUNDIAL DE CONCIENCIACI\u00d3N SOBRE EL AUTISMO Nuestro proyecto es de todos y queremos que se sienta de todos para concienciar al mundo poco a ...","post_mailing_queue_ids":[],"_links":{"self":[{"href":"https:\/\/site.educa.madrid.org\/cp.blasdelezo.parla\/index.php\/wp-json\/wp\/v2\/pages\/777","targetHints":{"allow":["GET"]}}],"collection":[{"href":"https:\/\/site.educa.madrid.org\/cp.blasdelezo.parla\/index.php\/wp-json\/wp\/v2\/pages"}],"about":[{"href":"https:\/\/site.educa.madrid.org\/cp.blasdelezo.parla\/index.php\/wp-json\/wp\/v2\/types\/page"}],"author":[{"embeddable":true,"href":"https:\/\/site.educa.madrid.org\/cp.blasdelezo.parla\/index.php\/wp-json\/wp\/v2\/users\/2"}],"replies":[{"embeddable":true,"href":"https:\/\/site.educa.madrid.org\/cp.blasdelezo.parla\/index.php\/wp-json\/wp\/v2\/comments?post=777"}],"version-history":[{"count":26,"href":"https:\/\/site.educa.madrid.org\/cp.blasdelezo.parla\/index.php\/wp-json\/wp\/v2\/pages\/777\/revisions"}],"predecessor-version":[{"id":3998,"href":"https:\/\/site.educa.madrid.org\/cp.blasdelezo.parla\/index.php\/wp-json\/wp\/v2\/pages\/777\/revisions\/3998"}],"up":[{"embeddable":true,"href":"https:\/\/site.educa.madrid.org\/cp.blasdelezo.parla\/index.php\/wp-json\/wp\/v2\/pages\/341"}],"wp:attachment":[{"href":"https:\/\/site.educa.madrid.org\/cp.blasdelezo.parla\/index.php\/wp-json\/wp\/v2\/media?parent=777"}],"wp:term":[{"taxonomy":"folder","embeddable":true,"href":"https:\/\/site.educa.madrid.org\/cp.blasdelezo.parla\/index.php\/wp-json\/wp\/v2\/folder?post=777"}],"curies":[{"name":"wp","href":"https:\/\/api.w.org\/{rel}","templated":true}]}}