{"id":800,"date":"2021-12-07T22:52:23","date_gmt":"2021-12-07T21:52:23","guid":{"rendered":"https:\/\/site.educa.madrid.org\/cp.blasdelezo.parla\/?page_id=800"},"modified":"2024-02-14T21:29:20","modified_gmt":"2024-02-14T20:29:20","slug":"educacion","status":"publish","type":"page","link":"https:\/\/site.educa.madrid.org\/cp.blasdelezo.parla\/index.php\/nuestro-cole\/educacion\/","title":{"rendered":"Aprender desde casa"},"content":{"rendered":"\n\n\n<h2 class=\"wp-block-heading\">APRENDER DESDE CASA<\/h2>\n\n\n\n<div style=\"height:16px\" aria-hidden=\"true\" class=\"wp-block-spacer\"><\/div>\n\n\n\n<div class=\"wp-block-group has-white-background-color has-background\"><div class=\"wp-block-group__inner-container is-layout-flow wp-block-group-is-layout-flow\">\n<div class=\"wp-block-columns is-layout-flex wp-container-core-columns-is-layout-9d6595d7 wp-block-columns-is-layout-flex\">\n<div class=\"wp-block-column is-vertically-aligned-center is-layout-flow wp-block-column-is-layout-flow\">\n<p>En nuestro centro impartimos  ense\u00f1anza en el <a href=\"https:\/\/site.educa.madrid.org\/cp.blasdelezo.parla\/index.php\/educacion\/infantil\/\">segundo ciclo de Educaci\u00f3n Infantil<\/a> (de 3 a 6 a\u00f1os) y  en <a href=\"https:\/\/site.educa.madrid.org\/cp.blasdelezo.parla\/index.php\/educacion\/primaria\/\">toda la etapa de Educaci\u00f3n Primaria<\/a> (de 6 a 12 a\u00f1os). <\/p>\n\n\n\n<p>Adem\u00e1s <a href=\"https:\/\/site.educa.madrid.org\/cp.blasdelezo.parla\/index.php\/nuestro-cole\/proyectos\/bilingue\/\">somos centro biling\u00fce<\/a> y por ello impartimos ingl\u00e9s desde la etapa de Educaci\u00f3n Infantil.<\/p>\n\n\n\n<p>Desde el 2020 somos centro preferente  de integraci\u00f3n TGD, por lo que contamos con un aula espec\u00edfica \u00abAula Arcoiris\u00bb<\/p>\n<\/div>\n\n\n\n<div class=\"wp-block-column is-vertically-aligned-center is-layout-flow wp-block-column-is-layout-flow\">\n<figure class=\"wp-block-image size-large\"><img loading=\"lazy\" decoding=\"async\" width=\"540\" height=\"369\" src=\"https:\/\/site.educa.madrid.org\/cp.blasdelezo.parla\/\/wp-content\/uploads\/cp.blasdelezo.parla\/2021\/12\/oferta-educativa-blas-de-lezo.jpg\" alt=\"oferta educativa blas de lezo\" class=\"wp-image-1315\" srcset=\"https:\/\/site.educa.madrid.org\/cp.blasdelezo.parla\/\/wp-content\/uploads\/cp.blasdelezo.parla\/2021\/12\/oferta-educativa-blas-de-lezo.jpg 540w, https:\/\/site.educa.madrid.org\/cp.blasdelezo.parla\/\/wp-content\/uploads\/cp.blasdelezo.parla\/2021\/12\/oferta-educativa-blas-de-lezo-300x205.jpg 300w, https:\/\/site.educa.madrid.org\/cp.blasdelezo.parla\/\/wp-content\/uploads\/cp.blasdelezo.parla\/2021\/12\/oferta-educativa-blas-de-lezo-474x324.jpg 474w, https:\/\/site.educa.madrid.org\/cp.blasdelezo.parla\/\/wp-content\/uploads\/cp.blasdelezo.parla\/2021\/12\/oferta-educativa-blas-de-lezo-520x355.jpg 520w, https:\/\/site.educa.madrid.org\/cp.blasdelezo.parla\/\/wp-content\/uploads\/cp.blasdelezo.parla\/2021\/12\/oferta-educativa-blas-de-lezo-360x246.jpg 360w, https:\/\/site.educa.madrid.org\/cp.blasdelezo.parla\/\/wp-content\/uploads\/cp.blasdelezo.parla\/2021\/12\/oferta-educativa-blas-de-lezo-250x171.jpg 250w, https:\/\/site.educa.madrid.org\/cp.blasdelezo.parla\/\/wp-content\/uploads\/cp.blasdelezo.parla\/2021\/12\/oferta-educativa-blas-de-lezo-100x68.jpg 100w\" sizes=\"auto, (max-width: 540px) 100vw, 540px\" \/><\/figure>\n<\/div>\n<\/div>\n\n\n\n<div style=\"height:50px\" aria-hidden=\"true\" class=\"wp-block-spacer\"><\/div>\n\n\n\n<h2 class=\"wp-block-heading has-text-align-center\">Etapas educativas<\/h2>\n\n\n\n<div style=\"height:75px\" aria-hidden=\"true\" class=\"wp-block-spacer\"><\/div>\n\n\n\n<div class=\"wp-block-columns alignwide is-layout-flex wp-container-core-columns-is-layout-9d6595d7 wp-block-columns-is-layout-flex\">\n<div class=\"wp-block-column is-layout-flow wp-block-column-is-layout-flow\">\n<div class=\"wp-block-group\"><div class=\"wp-block-group__inner-container is-layout-flow wp-block-group-is-layout-flow\"><div class=\"wp-block-image\">\n<figure class=\"aligncenter size-large\"><a href=\"https:\/\/site.educa.madrid.org\/cp.blasdelezo.parla\/index.php\/educacion\/infantil\/\"><img loading=\"lazy\" decoding=\"async\" width=\"540\" height=\"369\" src=\"https:\/\/site.educa.madrid.org\/cp.blasdelezo.parla\/\/wp-content\/uploads\/cp.blasdelezo.parla\/2021\/12\/colegio-educacion-infantil-madrid.png\" alt=\"Colegio Educaci\u00f3n Infantil\" class=\"wp-image-282\" srcset=\"https:\/\/site.educa.madrid.org\/cp.blasdelezo.parla\/\/wp-content\/uploads\/cp.blasdelezo.parla\/2021\/12\/colegio-educacion-infantil-madrid.png 540w, https:\/\/site.educa.madrid.org\/cp.blasdelezo.parla\/\/wp-content\/uploads\/cp.blasdelezo.parla\/2021\/12\/colegio-educacion-infantil-madrid-300x205.png 300w, https:\/\/site.educa.madrid.org\/cp.blasdelezo.parla\/\/wp-content\/uploads\/cp.blasdelezo.parla\/2021\/12\/colegio-educacion-infantil-madrid-474x324.png 474w\" sizes=\"auto, (max-width: 540px) 100vw, 540px\" \/><\/a><\/figure>\n<\/div>\n\n\n<h3 class=\"wp-block-heading has-text-align-center\"><a href=\"https:\/\/site.educa.madrid.org\/cp.blasdelezo.parla\/index.php\/educacion\/infantil\/\">EDUCACI\u00d3N INFANTIL<\/a><\/h3>\n<\/div><\/div>\n<\/div>\n\n\n\n<div class=\"wp-block-column is-layout-flow wp-block-column-is-layout-flow\">\n<div class=\"wp-block-group\"><div class=\"wp-block-group__inner-container is-layout-flow wp-block-group-is-layout-flow\"><div class=\"wp-block-image\">\n<figure class=\"aligncenter size-large\"><a href=\"https:\/\/site.educa.madrid.org\/cp.blasdelezo.parla\/index.php\/educacion\/primaria\/\"><img loading=\"lazy\" decoding=\"async\" width=\"540\" height=\"369\" src=\"https:\/\/site.educa.madrid.org\/cp.blasdelezo.parla\/\/wp-content\/uploads\/cp.blasdelezo.parla\/2021\/12\/colegio-edicacion-primaria-madrid.jpg\" alt=\"Colegio Educaci\u00f3n Primaria\" class=\"wp-image-281\" srcset=\"https:\/\/site.educa.madrid.org\/cp.blasdelezo.parla\/\/wp-content\/uploads\/cp.blasdelezo.parla\/2021\/12\/colegio-edicacion-primaria-madrid.jpg 540w, https:\/\/site.educa.madrid.org\/cp.blasdelezo.parla\/\/wp-content\/uploads\/cp.blasdelezo.parla\/2021\/12\/colegio-edicacion-primaria-madrid-300x205.jpg 300w, https:\/\/site.educa.madrid.org\/cp.blasdelezo.parla\/\/wp-content\/uploads\/cp.blasdelezo.parla\/2021\/12\/colegio-edicacion-primaria-madrid-474x324.jpg 474w\" sizes=\"auto, (max-width: 540px) 100vw, 540px\" \/><\/a><\/figure>\n<\/div>\n\n\n<h3 class=\"wp-block-heading has-text-align-center\"><a href=\"https:\/\/site.educa.madrid.org\/cp.blasdelezo.parla\/index.php\/educacion\/primaria\/\">EDUCACI\u00d3N PRIMARIA<\/a><\/h3>\n<\/div><\/div>\n<\/div>\n<\/div>\n<\/div><\/div>\n\n\n\n<div style=\"height:50px\" aria-hidden=\"true\" class=\"wp-block-spacer\"><\/div>\n\n\n\n<div class=\"wp-block-group alignfull has-white-background-color has-background\"><div class=\"wp-block-group__inner-container is-layout-flow wp-block-group-is-layout-flow\">\n<div class=\"wp-block-columns is-layout-flex wp-container-core-columns-is-layout-9d6595d7 wp-block-columns-is-layout-flex\">\n<div class=\"wp-block-column is-layout-flow wp-block-column-is-layout-flow\">\n<div class=\"wp-block-group alignfull has-background\" style=\"background-color:#0c4688\"><div class=\"wp-block-group__inner-container is-layout-flow wp-block-group-is-layout-flow\">\n<h3 class=\"wp-block-heading has-text-align-center has-white-color has-text-color\">Centro Biling\u00fce<\/h3>\n\n\n\n<div class=\"wp-block-buttons is-horizontal is-content-justification-center is-layout-flex wp-container-core-buttons-is-layout-499968f5 wp-block-buttons-is-layout-flex\">\n<div class=\"wp-block-button is-style-outline is-style-outline--1\"><a class=\"wp-block-button__link has-white-color has-text-color wp-element-button\" href=\"https:\/\/site.educa.madrid.org\/cp.blasdelezo.parla\/index.php\/nuestro-cole\/proyecto\/bilingue\/\">Proyecto Biling\u00fce<\/a><\/div>\n<\/div>\n<\/div><\/div>\n<\/div>\n<\/div>\n<\/div><\/div>\n","protected":false},"excerpt":{"rendered":"<p>APRENDER DESDE CASA En nuestro centro impartimos ense\u00f1anza en el segundo ciclo de Educaci\u00f3n Infantil (de 3 a 6 a\u00f1os) y en toda la etapa de Educaci\u00f3n Primaria (de 6 &#8230;<\/p>\n","protected":false},"author":2,"featured_media":0,"parent":341,"menu_order":1,"comment_status":"closed","ping_status":"closed","template":"","meta":{"footnotes":""},"folder":[],"class_list":["post-800","page","type-page","status-publish","hentry"],"rttpg_featured_image_url":null,"rttpg_author":{"display_name":"Blas de Lezo","author_link":"https:\/\/site.educa.madrid.org\/cp.blasdelezo.parla\/index.php\/author\/cuenta_tic-cp-blasdelezo-parla\/"},"rttpg_comment":0,"rttpg_category":false,"rttpg_excerpt":"APRENDER DESDE CASA En nuestro centro impartimos ense\u00f1anza en el segundo ciclo de Educaci\u00f3n Infantil (de 3 a 6 a\u00f1os) y en toda la etapa de Educaci\u00f3n Primaria (de 6 ...","post_mailing_queue_ids":[],"_links":{"self":[{"href":"https:\/\/site.educa.madrid.org\/cp.blasdelezo.parla\/index.php\/wp-json\/wp\/v2\/pages\/800","targetHints":{"allow":["GET"]}}],"collection":[{"href":"https:\/\/site.educa.madrid.org\/cp.blasdelezo.parla\/index.php\/wp-json\/wp\/v2\/pages"}],"about":[{"href":"https:\/\/site.educa.madrid.org\/cp.blasdelezo.parla\/index.php\/wp-json\/wp\/v2\/types\/page"}],"author":[{"embeddable":true,"href":"https:\/\/site.educa.madrid.org\/cp.blasdelezo.parla\/index.php\/wp-json\/wp\/v2\/users\/2"}],"replies":[{"embeddable":true,"href":"https:\/\/site.educa.madrid.org\/cp.blasdelezo.parla\/index.php\/wp-json\/wp\/v2\/comments?post=800"}],"version-history":[{"count":14,"href":"https:\/\/site.educa.madrid.org\/cp.blasdelezo.parla\/index.php\/wp-json\/wp\/v2\/pages\/800\/revisions"}],"predecessor-version":[{"id":3017,"href":"https:\/\/site.educa.madrid.org\/cp.blasdelezo.parla\/index.php\/wp-json\/wp\/v2\/pages\/800\/revisions\/3017"}],"up":[{"embeddable":true,"href":"https:\/\/site.educa.madrid.org\/cp.blasdelezo.parla\/index.php\/wp-json\/wp\/v2\/pages\/341"}],"wp:attachment":[{"href":"https:\/\/site.educa.madrid.org\/cp.blasdelezo.parla\/index.php\/wp-json\/wp\/v2\/media?parent=800"}],"wp:term":[{"taxonomy":"folder","embeddable":true,"href":"https:\/\/site.educa.madrid.org\/cp.blasdelezo.parla\/index.php\/wp-json\/wp\/v2\/folder?post=800"}],"curies":[{"name":"wp","href":"https:\/\/api.w.org\/{rel}","templated":true}]}}