{"id":803,"date":"2021-12-07T22:57:11","date_gmt":"2021-12-07T21:57:11","guid":{"rendered":"https:\/\/site.educa.madrid.org\/cp.blasdelezo.parla\/?page_id=803"},"modified":"2022-03-28T14:01:09","modified_gmt":"2022-03-28T12:01:09","slug":"infantil","status":"publish","type":"page","link":"https:\/\/site.educa.madrid.org\/cp.blasdelezo.parla\/index.php\/nuestro-cole\/educacion\/infantil\/","title":{"rendered":"Educaci\u00f3n infantil"},"content":{"rendered":"\n\n\n<div class=\"wp-block-group alignfull has-white-background-color has-background\"><div class=\"wp-block-group__inner-container is-layout-flow wp-block-group-is-layout-flow\">\n<div class=\"wp-block-columns is-layout-flex wp-container-core-columns-is-layout-9d6595d7 wp-block-columns-is-layout-flex\">\n<div class=\"wp-block-column is-vertically-aligned-center is-layout-flow wp-block-column-is-layout-flow\">\n<p class=\"has-text-align-left\">En esta etapa que comprende de los 3 a los 6 a\u00f1os, intentamos que nuestros alumnos hagan una <strong>primera aproximaci\u00f3n a la lengua inglesa<\/strong>, as\u00ed como tambi\u00e9n a la <strong>lectoescritura, las habilidades num\u00e9ricas b\u00e1sicas, las TIC y la expresi\u00f3n visual y musical.<\/strong> <\/p>\n\n\n\n<p>El periodo de adaptaci\u00f3n que nuestros alumnos deben superar el primer a\u00f1o es fundamental. Por ello, te dejamos unas indicaciones b\u00e1sicas para poder llevarlo a cabo. <\/p>\n\n\n\n<p>En esta etapa es muy importante el aprendizaje manipulativo, por lo que no usamos libros ni m\u00e9todos escritos. Nuestro trabajo se realiza mediante proyectos guiados basados en centros de inter\u00e9s para nuestros alumnos, aprovechando al m\u00e1ximo el aporte de las familias para que sea un aprendizaje totalmente integral.<\/p>\n<\/div>\n\n\n\n<div class=\"wp-block-column is-vertically-aligned-center is-layout-flow wp-block-column-is-layout-flow\">\n<div class=\"wp-block-image\"><figure class=\"alignright size-large is-resized\"><img loading=\"lazy\" decoding=\"async\" src=\"https:\/\/site.educa.madrid.org\/cp.blasdelezo.parla\/\/wp-content\/uploads\/cp.blasdelezo.parla\/2021\/12\/colegio-educacion-infantil-madrid.png\" alt=\"Colegio Educaci\u00f3n Infantil\" class=\"wp-image-282\" width=\"370\" height=\"253\" srcset=\"https:\/\/site.educa.madrid.org\/cp.blasdelezo.parla\/\/wp-content\/uploads\/cp.blasdelezo.parla\/2021\/12\/colegio-educacion-infantil-madrid.png 540w, https:\/\/site.educa.madrid.org\/cp.blasdelezo.parla\/\/wp-content\/uploads\/cp.blasdelezo.parla\/2021\/12\/colegio-educacion-infantil-madrid-300x205.png 300w, https:\/\/site.educa.madrid.org\/cp.blasdelezo.parla\/\/wp-content\/uploads\/cp.blasdelezo.parla\/2021\/12\/colegio-educacion-infantil-madrid-474x324.png 474w\" sizes=\"auto, (max-width: 370px) 100vw, 370px\" \/><\/figure><\/div>\n<\/div>\n<\/div>\n\n\n\n<p><\/p>\n<\/div><\/div>\n\n\n\n<h2 class=\"wp-block-heading\">Periodo de adaptaci\u00f3n<\/h2>\n\n\n\n<div style=\"width: 100%;\"><div style=\"position: relative; padding-bottom: 56.25%; padding-top: 0; height: 0;\"><iframe loading=\"lazy\" frameborder=\"0\" width=\"1200\" height=\"675\" style=\"position: absolute; top: 0; left: 0; width: 100%; height: 100%;\" src=\"https:\/\/view.genial.ly\/5ed62ff7a49f050d73c30768\" type=\"text\/html\" allowscriptaccess=\"always\" allowfullscreen=\"true\" scrolling=\"yes\" allownetworking=\"all\"><\/iframe> <\/div> <\/div>\n\n\n\n<div style=\"height:50px\" aria-hidden=\"true\" class=\"wp-block-spacer\"><\/div>\n\n\n\n<h2 class=\"wp-block-heading\">Paso a primaria<\/h2>\n\n\n\n<p>En l\u00ednea con nuestra metodolog\u00eda del centro basada en el respeto al nivel de desarrollo del alumnado, en el paso a la etapa de Primaria, como acuerdo del Claustro de profesores, no se mezclan las aulas, salvo circunstancias que as\u00ed lo requieran. No obstante s\u00ed se mezclan los grupos en 2\u00ba y 4\u00ba de Primaria ya que consideramos que va a ser beneficioso a nivel psicosocial.<\/p>\n\n\n\n<div class=\"wp-block-mediateca-bloque-mediateca align wide\"><iframe loading=\"lazy\" src=\"https:\/\/mediateca.educa.madrid.org\/video\/6sw2s2yzof22ag9z\/fs\" width=\"420\" height=\"315\" frameborder=\"0\" scrolling=\"no\" style=\"border:0;overflow:hidden\" allowfullscreen=\"\"><\/iframe><\/div>\n\n\n\n<p><\/p>\n\n\n\n<div style=\"height:75px\" aria-hidden=\"true\" class=\"wp-block-spacer\"><\/div>\n\n\n\n<h3 class=\"has-text-align-left wp-block-heading\">Otras etapas educativas<\/h3>\n\n\n\n<div class=\"wp-block-columns is-layout-flex wp-container-core-columns-is-layout-9d6595d7 wp-block-columns-is-layout-flex\">\n<div class=\"wp-block-column is-layout-flow wp-block-column-is-layout-flow\">\n<div class=\"wp-block-image\"><figure class=\"aligncenter size-large\"><img loading=\"lazy\" decoding=\"async\" width=\"540\" height=\"369\" src=\"https:\/\/site.educa.madrid.org\/cp.blasdelezo.parla\/\/wp-content\/uploads\/cp.blasdelezo.parla\/2021\/12\/colegio-edicacion-primaria-madrid.jpg\" alt=\"Colegio Educaci\u00f3n Primaria\" class=\"wp-image-281\" srcset=\"https:\/\/site.educa.madrid.org\/cp.blasdelezo.parla\/\/wp-content\/uploads\/cp.blasdelezo.parla\/2021\/12\/colegio-edicacion-primaria-madrid.jpg 540w, https:\/\/site.educa.madrid.org\/cp.blasdelezo.parla\/\/wp-content\/uploads\/cp.blasdelezo.parla\/2021\/12\/colegio-edicacion-primaria-madrid-300x205.jpg 300w, https:\/\/site.educa.madrid.org\/cp.blasdelezo.parla\/\/wp-content\/uploads\/cp.blasdelezo.parla\/2021\/12\/colegio-edicacion-primaria-madrid-474x324.jpg 474w\" sizes=\"auto, (max-width: 540px) 100vw, 540px\" \/><\/figure><\/div>\n\n\n\n<h3 class=\"has-text-align-center wp-block-heading\"><a href=\"https:\/\/site.educa.madrid.org\/cp.blasdelezo.parla\/index.php\/educacion\/primaria\/\">EDUCACI\u00d3N PRIMARIA<\/a><\/h3>\n<\/div>\n\n\n\n<div class=\"wp-block-column is-layout-flow wp-block-column-is-layout-flow\"><\/div>\n\n\n\n<div class=\"wp-block-column is-layout-flow wp-block-column-is-layout-flow\"><\/div>\n<\/div>\n","protected":false},"excerpt":{"rendered":"<p>En esta etapa que comprende de los 3 a los 6 a\u00f1os, intentamos que nuestros alumnos hagan una primera aproximaci\u00f3n a la lengua inglesa, as\u00ed como tambi\u00e9n a la lectoescritura, &#8230;<\/p>\n","protected":false},"author":2,"featured_media":0,"parent":800,"menu_order":0,"comment_status":"closed","ping_status":"closed","template":"page-templates\/page_fullwidth.php","meta":{"footnotes":""},"folder":[],"class_list":["post-803","page","type-page","status-publish","hentry"],"rttpg_featured_image_url":null,"rttpg_author":{"display_name":"Blas de Lezo","author_link":"https:\/\/site.educa.madrid.org\/cp.blasdelezo.parla\/index.php\/author\/cuenta_tic-cp-blasdelezo-parla\/"},"rttpg_comment":0,"rttpg_category":false,"rttpg_excerpt":"En esta etapa que comprende de los 3 a los 6 a\u00f1os, intentamos que nuestros alumnos hagan una primera aproximaci\u00f3n a la lengua inglesa, as\u00ed como tambi\u00e9n a la lectoescritura, ...","post_mailing_queue_ids":[],"_links":{"self":[{"href":"https:\/\/site.educa.madrid.org\/cp.blasdelezo.parla\/index.php\/wp-json\/wp\/v2\/pages\/803","targetHints":{"allow":["GET"]}}],"collection":[{"href":"https:\/\/site.educa.madrid.org\/cp.blasdelezo.parla\/index.php\/wp-json\/wp\/v2\/pages"}],"about":[{"href":"https:\/\/site.educa.madrid.org\/cp.blasdelezo.parla\/index.php\/wp-json\/wp\/v2\/types\/page"}],"author":[{"embeddable":true,"href":"https:\/\/site.educa.madrid.org\/cp.blasdelezo.parla\/index.php\/wp-json\/wp\/v2\/users\/2"}],"replies":[{"embeddable":true,"href":"https:\/\/site.educa.madrid.org\/cp.blasdelezo.parla\/index.php\/wp-json\/wp\/v2\/comments?post=803"}],"version-history":[{"count":21,"href":"https:\/\/site.educa.madrid.org\/cp.blasdelezo.parla\/index.php\/wp-json\/wp\/v2\/pages\/803\/revisions"}],"predecessor-version":[{"id":1579,"href":"https:\/\/site.educa.madrid.org\/cp.blasdelezo.parla\/index.php\/wp-json\/wp\/v2\/pages\/803\/revisions\/1579"}],"up":[{"embeddable":true,"href":"https:\/\/site.educa.madrid.org\/cp.blasdelezo.parla\/index.php\/wp-json\/wp\/v2\/pages\/800"}],"wp:attachment":[{"href":"https:\/\/site.educa.madrid.org\/cp.blasdelezo.parla\/index.php\/wp-json\/wp\/v2\/media?parent=803"}],"wp:term":[{"taxonomy":"folder","embeddable":true,"href":"https:\/\/site.educa.madrid.org\/cp.blasdelezo.parla\/index.php\/wp-json\/wp\/v2\/folder?post=803"}],"curies":[{"name":"wp","href":"https:\/\/api.w.org\/{rel}","templated":true}]}}