{"id":806,"date":"2021-12-07T22:59:22","date_gmt":"2021-12-07T21:59:22","guid":{"rendered":"https:\/\/site.educa.madrid.org\/cp.blasdelezo.parla\/?page_id=806"},"modified":"2022-03-23T16:53:50","modified_gmt":"2022-03-23T15:53:50","slug":"primaria","status":"publish","type":"page","link":"https:\/\/site.educa.madrid.org\/cp.blasdelezo.parla\/index.php\/nuestro-cole\/educacion\/primaria\/","title":{"rendered":"Educaci\u00f3n primaria"},"content":{"rendered":"\n\n\n<div class=\"wp-block-group alignfull has-white-background-color has-background\"><div class=\"wp-block-group__inner-container is-layout-flow wp-block-group-is-layout-flow\">\n<div class=\"wp-block-columns is-layout-flex wp-container-core-columns-is-layout-9d6595d7 wp-block-columns-is-layout-flex\">\n<div class=\"wp-block-column is-vertically-aligned-center is-layout-flow wp-block-column-is-layout-flow\">\n<p class=\"has-text-align-left\">En l\u00ednea con nuestra metodolog\u00eda del centro basada en el respeto al nivel de desarrollo del alumnado, en el paso de Infantil a la etapa de Primaria, como acuerdo del Claustro de profesores, no se mezclan las aulas, salvo circunstancias que as\u00ed lo requieran. No obstante s\u00ed se mezclan los grupos en 2\u00ba y 4\u00ba de Primaria ya que consideramos que va a ser beneficioso a nivel psicosocial.<\/p>\n\n\n\n<p class=\"has-text-align-left\">La etapa de Educaci\u00f3n Primaria se divide en tres ciclos: 1\u00ba-2\u00ba; 3\u00ba-4\u00ba y 5\u00ba-6\u00ba curso. <\/p>\n\n\n\n<p>Los objetivos principales de esta etapa son facilitar los <strong>aprendizajes de la expresi\u00f3n y comprensi\u00f3n oral, la lectura, la escritura, el c\u00e1lculo as\u00ed como la adquisici\u00f3n de nociones b\u00e1sicas de la cultura<\/strong> adem\u00e1s de los h\u00e1bitos de convivencia, estudio y trabajo, el sentido art\u00edstico, la creatividad y la afectividad. Todo ello para garantizar una formaci\u00f3n integral de nuestros alumnos que contribuya al <strong>pleno desarrollo de su personalidad<\/strong> y a su m\u00e1xima preparaci\u00f3n para la siguiente etapa de Educaci\u00f3n Secundaria. <\/p>\n<\/div>\n\n\n\n<div class=\"wp-block-column is-vertically-aligned-center is-layout-flow wp-block-column-is-layout-flow\">\n<figure class=\"wp-block-image size-large\"><img loading=\"lazy\" decoding=\"async\" width=\"540\" height=\"369\" src=\"https:\/\/site.educa.madrid.org\/cp.blasdelezo.parla\/\/wp-content\/uploads\/cp.blasdelezo.parla\/2021\/12\/colegio-edicacion-primaria-madrid.jpg\" alt=\"Colegio Educaci\u00f3n Primaria\" class=\"wp-image-281\" srcset=\"https:\/\/site.educa.madrid.org\/cp.blasdelezo.parla\/\/wp-content\/uploads\/cp.blasdelezo.parla\/2021\/12\/colegio-edicacion-primaria-madrid.jpg 540w, https:\/\/site.educa.madrid.org\/cp.blasdelezo.parla\/\/wp-content\/uploads\/cp.blasdelezo.parla\/2021\/12\/colegio-edicacion-primaria-madrid-300x205.jpg 300w, https:\/\/site.educa.madrid.org\/cp.blasdelezo.parla\/\/wp-content\/uploads\/cp.blasdelezo.parla\/2021\/12\/colegio-edicacion-primaria-madrid-474x324.jpg 474w\" sizes=\"auto, (max-width: 540px) 100vw, 540px\" \/><\/figure>\n<\/div>\n<\/div>\n<\/div><\/div>\n\n\n\n<div style=\"height:50px\" aria-hidden=\"true\" class=\"wp-block-spacer\"><\/div>\n\n\n\n<h2 class=\"wp-block-heading\">Paso a Educaci\u00f3n Primaria<\/h2>\n\n\n\n<div class=\"wp-block-mediateca-bloque-mediateca align wide\"><iframe loading=\"lazy\" src=\"https:\/\/mediateca.educa.madrid.org\/video\/6sw2s2yzof22ag9z\/fs\" width=\"420\" height=\"315\" frameborder=\"0\" scrolling=\"no\" style=\"border:0;overflow:hidden\" allowfullscreen=\"\"><\/iframe><\/div>\n\n\n\n<div style=\"height:75px\" aria-hidden=\"true\" class=\"wp-block-spacer\"><\/div>\n\n\n\n<h3 class=\"has-text-align-left wp-block-heading\">Otras etapas educativas<\/h3>\n\n\n\n<div class=\"wp-block-columns is-layout-flex wp-container-core-columns-is-layout-9d6595d7 wp-block-columns-is-layout-flex\">\n<div class=\"wp-block-column is-layout-flow wp-block-column-is-layout-flow\">\n<div class=\"wp-block-image\"><figure class=\"aligncenter size-large\"><a href=\"https:\/\/site.educa.madrid.org\/cp.blasdelezo.parla\/index.php\/educacion\/infantil\/\"><img loading=\"lazy\" decoding=\"async\" width=\"540\" height=\"369\" src=\"https:\/\/site.educa.madrid.org\/cp.blasdelezo.parla\/\/wp-content\/uploads\/cp.blasdelezo.parla\/2021\/12\/colegio-educacion-infantil-madrid.png\" alt=\"Colegio Educaci\u00f3n Infantil\" class=\"wp-image-282\" srcset=\"https:\/\/site.educa.madrid.org\/cp.blasdelezo.parla\/\/wp-content\/uploads\/cp.blasdelezo.parla\/2021\/12\/colegio-educacion-infantil-madrid.png 540w, https:\/\/site.educa.madrid.org\/cp.blasdelezo.parla\/\/wp-content\/uploads\/cp.blasdelezo.parla\/2021\/12\/colegio-educacion-infantil-madrid-300x205.png 300w, https:\/\/site.educa.madrid.org\/cp.blasdelezo.parla\/\/wp-content\/uploads\/cp.blasdelezo.parla\/2021\/12\/colegio-educacion-infantil-madrid-474x324.png 474w\" sizes=\"auto, (max-width: 540px) 100vw, 540px\" \/><\/a><\/figure><\/div>\n\n\n\n<h3 class=\"has-text-align-center wp-block-heading\"><a href=\"https:\/\/site.educa.madrid.org\/cp.blasdelezo.parla\/index.php\/educacion\/infantil\/\">EDUCACI\u00d3N INFANTIL<\/a><\/h3>\n<\/div>\n\n\n\n<div class=\"wp-block-column is-layout-flow wp-block-column-is-layout-flow\"><\/div>\n\n\n\n<div class=\"wp-block-column is-layout-flow wp-block-column-is-layout-flow\"><\/div>\n<\/div>\n","protected":false},"excerpt":{"rendered":"<p>En l\u00ednea con nuestra metodolog\u00eda del centro basada en el respeto al nivel de desarrollo del alumnado, en el paso de Infantil a la etapa de Primaria, como acuerdo del &#8230;<\/p>\n","protected":false},"author":2,"featured_media":0,"parent":800,"menu_order":0,"comment_status":"closed","ping_status":"closed","template":"page-templates\/page_fullwidth.php","meta":{"footnotes":""},"folder":[],"class_list":["post-806","page","type-page","status-publish","hentry"],"rttpg_featured_image_url":null,"rttpg_author":{"display_name":"Blas de Lezo","author_link":"https:\/\/site.educa.madrid.org\/cp.blasdelezo.parla\/index.php\/author\/cuenta_tic-cp-blasdelezo-parla\/"},"rttpg_comment":0,"rttpg_category":false,"rttpg_excerpt":"En l\u00ednea con nuestra metodolog\u00eda del centro basada en el respeto al nivel de desarrollo del alumnado, en el paso de Infantil a la etapa de Primaria, como acuerdo del ...","post_mailing_queue_ids":[],"_links":{"self":[{"href":"https:\/\/site.educa.madrid.org\/cp.blasdelezo.parla\/index.php\/wp-json\/wp\/v2\/pages\/806","targetHints":{"allow":["GET"]}}],"collection":[{"href":"https:\/\/site.educa.madrid.org\/cp.blasdelezo.parla\/index.php\/wp-json\/wp\/v2\/pages"}],"about":[{"href":"https:\/\/site.educa.madrid.org\/cp.blasdelezo.parla\/index.php\/wp-json\/wp\/v2\/types\/page"}],"author":[{"embeddable":true,"href":"https:\/\/site.educa.madrid.org\/cp.blasdelezo.parla\/index.php\/wp-json\/wp\/v2\/users\/2"}],"replies":[{"embeddable":true,"href":"https:\/\/site.educa.madrid.org\/cp.blasdelezo.parla\/index.php\/wp-json\/wp\/v2\/comments?post=806"}],"version-history":[{"count":20,"href":"https:\/\/site.educa.madrid.org\/cp.blasdelezo.parla\/index.php\/wp-json\/wp\/v2\/pages\/806\/revisions"}],"predecessor-version":[{"id":1561,"href":"https:\/\/site.educa.madrid.org\/cp.blasdelezo.parla\/index.php\/wp-json\/wp\/v2\/pages\/806\/revisions\/1561"}],"up":[{"embeddable":true,"href":"https:\/\/site.educa.madrid.org\/cp.blasdelezo.parla\/index.php\/wp-json\/wp\/v2\/pages\/800"}],"wp:attachment":[{"href":"https:\/\/site.educa.madrid.org\/cp.blasdelezo.parla\/index.php\/wp-json\/wp\/v2\/media?parent=806"}],"wp:term":[{"taxonomy":"folder","embeddable":true,"href":"https:\/\/site.educa.madrid.org\/cp.blasdelezo.parla\/index.php\/wp-json\/wp\/v2\/folder?post=806"}],"curies":[{"name":"wp","href":"https:\/\/api.w.org\/{rel}","templated":true}]}}