{"id":849,"date":"2021-12-07T23:41:23","date_gmt":"2021-12-07T22:41:23","guid":{"rendered":"https:\/\/site.educa.madrid.org\/cp.blasdelezo.parla\/?page_id=849"},"modified":"2025-09-07T14:32:19","modified_gmt":"2025-09-07T12:32:19","slug":"librosdetexto","status":"publish","type":"page","link":"https:\/\/site.educa.madrid.org\/cp.blasdelezo.parla\/index.php\/secretaria\/librosdetexto\/","title":{"rendered":"Libros de texto"},"content":{"rendered":"\n\n\n<h2 class=\"wp-block-heading\">LISTADO LIBROS DE TEXTO CURSO 2025\/2026<\/h2>\n\n\n\n<p class=\"has-text-align-center\"><a href=\"https:\/\/site.educa.madrid.org\/cp.blasdelezo.parla\/\/wp-content\/uploads\/cp.blasdelezo.parla\/2025\/06\/Lista-libros-CEIP-Blas-de-Lezo-25-26.pdf\" target=\"_blank\" rel=\"noreferrer noopener\">DESCARGA EL LISTADO DE LIBROS DE TEXTO PARA EL CURSO 2025\/2026<\/a><\/p>\n\n\n\n<figure class=\"wp-block-gallery has-nested-images columns-default is-cropped wp-block-gallery-1 is-layout-flex wp-block-gallery-is-layout-flex\">\n<figure class=\"wp-block-image size-large is-resized\"><img decoding=\"async\" src=\"https:\/\/site.educa.madrid.org\/cp.blasdelezo.parla\/\/wp-content\/uploads\/cp.blasdelezo.parla\/2025\/06\/Lista-libros-CEIP-Blas-de-Lezo-25-26_page-0001.jpg\" alt=\"\" style=\"width:547px;height:auto\"\/><\/figure>\n\n\n\n<figure class=\"wp-block-image size-large is-resized\"><img decoding=\"async\" src=\"https:\/\/site.educa.madrid.org\/cp.blasdelezo.parla\/\/wp-content\/uploads\/cp.blasdelezo.parla\/2025\/06\/Lista-libros-CEIP-Blas-de-Lezo-25-26_page-0002.jpg\" alt=\"\" style=\"width:547px;height:auto\"\/><\/figure>\n<\/figure>\n\n\n\n<div style=\"height:100px\" aria-hidden=\"true\" class=\"wp-block-spacer\"><\/div>\n\n\n\n<h2 class=\"wp-block-heading\">ACCEDE<\/h2>\n\n\n\n<p>En esta secci\u00f3n pod\u00e9is encontrar toda la informaci\u00f3n relativa al programa oficial de pr\u00e9stamo de libros de la Comunidad de Madrid. <\/p>\n\n\n\n<p>El PROGRAMA ACCEDE se rige por la Ley 7\/2017, de 27 de junio, de Gratuidad de los Libros de Texto y el Material Curricular de la Comunidad de Madrid, y el Decreto 168\/2018, de 11 de diciembre de 2018, del Consejo de Gobierno, por el que se aprueba reglamento del Programa Accede. Les dejamos un enlace explicativo para consultar las dudas que les puedan surgir:<\/p>\n\n\n\n<p><a href=\"https:\/\/www.comunidad.madrid\/servicios\/educacion\/programa-accede\" target=\"_blank\" rel=\"noreferrer noopener\">http:\/\/www.comunidad.madrid\/servicios\/educacion\/programa-accede<\/a><\/p>\n\n\n\n<p>En resumen las l\u00edneas b\u00e1sicas de este programa de pr\u00e9stamo de libros y material curricular consiste en que todos los alumnos de 1\u00ba a 6\u00ba de Primaria pueden participar voluntariamente en dicho programa de pr\u00e9stamo&nbsp; teniendo en cuenta que tendr\u00e1n que entregar <strong>en perfecto estado<\/strong> de conservaci\u00f3n y el lote completo (Lengua (3t), Matem\u00e1ticas(3t), Ciencias Naturales, Ciencias Sociales e Ingl\u00e9s) los libros utilizados en el curso anterior, salvo los alumnos de 1\u00ba y 2\u00ba que se considera material fungible y pueden escribir en ellos.<\/p>\n\n\n\n<p>En relaci\u00f3n con la adhesi\u00f3n al Programa Accede de pr\u00e9stamo de libros para este curso les informamos que:<\/p>\n\n\n\n<ul class=\"wp-block-list\">\n<li>Los <strong>alumnos que est\u00e1n<\/strong> en el programa desde el curso pasado contin\u00faan en \u00e9l a no ser que quieran renunciar a ello (rellenando el anexo IV adjunto).<\/li>\n\n\n\n<li>Es importante que si alg\u00fan <strong>alumno no desea<\/strong> seguir participando en el Programa Accede nos debe hacer&nbsp; llegar el formulario adjunto de renuncia (el Anexo IV) al correo: <strong><a href=\"mailto:secretaria.cp.blasdelezo.parla@educa.madrid.org\">secretaria.cp.blasdelezo.parla@educa.madrid.org<\/a><\/strong>, reflejando&nbsp; en el asunto: <em>&nbsp;\u201cAccede: el nombre del alumno\/a y el curso actual\u201d,<\/em> as\u00ed como entregar los libros cuando les corresponda.<\/li>\n\n\n\n<li>Los <strong>alumnos no participantes<\/strong> que deseen adherirse deber\u00e1n rellenar el Anexo I y enviarlo a la misma direcci\u00f3n de correo, debiendo&nbsp; entregar los libros del curso actual.<\/li>\n\n\n\n<li>Los <strong>alumnos\/as del curso de 5 a\u00f1os<\/strong>, que pasan a Primaria deber\u00e1n rellenar el formulario de adhesi\u00f3n facilitado por las tutoras y entregarlo&nbsp; antes del 21 de mayo.&nbsp;<\/li>\n<\/ul>\n\n\n\n<p>Les recordamos que los lotes de libros que se recibieron a principio de curso deber\u00e1n ser devueltos cumpliendo las <strong>condiciones de conservaci\u00f3n<\/strong> que requiere el Programa ACCEDE que ser\u00e1n supervisados por personal destinado para ello a fin de garantizar su reutilizaci\u00f3n y valorar la posible reposici\u00f3n en caso de que no sean aptos.<\/p>\n\n\n\n<p><strong>IMPORTANTE: el programa no cubre los cuadernillos\/libros de actividades (workbooks, etc&#8230;)<\/strong><\/p>\n\n\n\n<div style=\"height:50px\" aria-hidden=\"true\" class=\"wp-block-spacer\"><\/div>\n\n\n\n<div class=\"wp-block-buttons is-horizontal is-content-justification-center is-layout-flex wp-container-core-buttons-is-layout-499968f5 wp-block-buttons-is-layout-flex\">\n<div class=\"wp-block-button\"><a class=\"wp-block-button__link has-vivid-red-background-color has-background wp-element-button\" href=\"https:\/\/site.educa.madrid.org\/cp.blasdelezo.parla\/wp-content\/uploads\/cp.blasdelezo.parla\/2021\/12\/Anexo_I_Adhesion_alumno_Programa_Accede.pdf\" target=\"_blank\" rel=\"noreferrer noopener\">Documento adhesi\u00f3n<\/a><\/div>\n\n\n\n<div class=\"wp-block-button\"><a class=\"wp-block-button__link has-vivid-red-background-color has-background wp-element-button\" href=\"https:\/\/site.educa.madrid.org\/cp.blasdelezo.parla\/wp-content\/uploads\/cp.blasdelezo.parla\/2021\/12\/Anexo_IV_Renuncia_alumno_Programa_Accede-1.pdf\" target=\"_blank\" rel=\"noreferrer noopener\">Documento renuncia<\/a><\/div>\n<\/div>\n\n\n\n<div style=\"height:100px\" aria-hidden=\"true\" class=\"wp-block-spacer\"><\/div>\n\n\n<div class=\"wp-block-image\">\n<figure class=\"aligncenter size-large\"><a href=\"https:\/\/site.educa.madrid.org\/cp.blasdelezo.parla\/\/wp-content\/uploads\/cp.blasdelezo.parla\/2021\/12\/conservacion-libros.png\" target=\"_blank\" rel=\"noopener\"><img loading=\"lazy\" decoding=\"async\" width=\"724\" height=\"1024\" src=\"https:\/\/site.educa.madrid.org\/cp.blasdelezo.parla\/\/wp-content\/uploads\/cp.blasdelezo.parla\/2021\/12\/conservacion-libros-724x1024.png\" alt=\"\" class=\"wp-image-1062\" srcset=\"https:\/\/site.educa.madrid.org\/cp.blasdelezo.parla\/\/wp-content\/uploads\/cp.blasdelezo.parla\/2021\/12\/conservacion-libros-724x1024.png 724w, https:\/\/site.educa.madrid.org\/cp.blasdelezo.parla\/\/wp-content\/uploads\/cp.blasdelezo.parla\/2021\/12\/conservacion-libros-212x300.png 212w, https:\/\/site.educa.madrid.org\/cp.blasdelezo.parla\/\/wp-content\/uploads\/cp.blasdelezo.parla\/2021\/12\/conservacion-libros-768x1086.png 768w, https:\/\/site.educa.madrid.org\/cp.blasdelezo.parla\/\/wp-content\/uploads\/cp.blasdelezo.parla\/2021\/12\/conservacion-libros-1086x1536.png 1086w, https:\/\/site.educa.madrid.org\/cp.blasdelezo.parla\/\/wp-content\/uploads\/cp.blasdelezo.parla\/2021\/12\/conservacion-libros-700x990.png 700w, https:\/\/site.educa.madrid.org\/cp.blasdelezo.parla\/\/wp-content\/uploads\/cp.blasdelezo.parla\/2021\/12\/conservacion-libros-520x736.png 520w, https:\/\/site.educa.madrid.org\/cp.blasdelezo.parla\/\/wp-content\/uploads\/cp.blasdelezo.parla\/2021\/12\/conservacion-libros-360x509.png 360w, https:\/\/site.educa.madrid.org\/cp.blasdelezo.parla\/\/wp-content\/uploads\/cp.blasdelezo.parla\/2021\/12\/conservacion-libros-250x354.png 250w, https:\/\/site.educa.madrid.org\/cp.blasdelezo.parla\/\/wp-content\/uploads\/cp.blasdelezo.parla\/2021\/12\/conservacion-libros-100x141.png 100w, https:\/\/site.educa.madrid.org\/cp.blasdelezo.parla\/\/wp-content\/uploads\/cp.blasdelezo.parla\/2021\/12\/conservacion-libros.png 1414w\" sizes=\"auto, (max-width: 724px) 100vw, 724px\" \/><\/a><\/figure>\n<\/div>","protected":false},"excerpt":{"rendered":"<p>LISTADO LIBROS DE TEXTO CURSO 2025\/2026 DESCARGA EL LISTADO DE LIBROS DE TEXTO PARA EL CURSO 2025\/2026 ACCEDE En esta secci\u00f3n pod\u00e9is encontrar toda la informaci\u00f3n relativa al programa oficial &#8230;<\/p>\n","protected":false},"author":2,"featured_media":0,"parent":829,"menu_order":0,"comment_status":"closed","ping_status":"closed","template":"","meta":{"footnotes":""},"folder":[],"class_list":["post-849","page","type-page","status-publish","hentry"],"rttpg_featured_image_url":null,"rttpg_author":{"display_name":"Blas de Lezo","author_link":"https:\/\/site.educa.madrid.org\/cp.blasdelezo.parla\/index.php\/author\/cuenta_tic-cp-blasdelezo-parla\/"},"rttpg_comment":0,"rttpg_category":false,"rttpg_excerpt":"LISTADO LIBROS DE TEXTO CURSO 2025\/2026 DESCARGA EL LISTADO DE LIBROS DE TEXTO PARA EL CURSO 2025\/2026 ACCEDE En esta secci\u00f3n pod\u00e9is encontrar toda la informaci\u00f3n relativa al programa oficial ...","post_mailing_queue_ids":[],"_links":{"self":[{"href":"https:\/\/site.educa.madrid.org\/cp.blasdelezo.parla\/index.php\/wp-json\/wp\/v2\/pages\/849","targetHints":{"allow":["GET"]}}],"collection":[{"href":"https:\/\/site.educa.madrid.org\/cp.blasdelezo.parla\/index.php\/wp-json\/wp\/v2\/pages"}],"about":[{"href":"https:\/\/site.educa.madrid.org\/cp.blasdelezo.parla\/index.php\/wp-json\/wp\/v2\/types\/page"}],"author":[{"embeddable":true,"href":"https:\/\/site.educa.madrid.org\/cp.blasdelezo.parla\/index.php\/wp-json\/wp\/v2\/users\/2"}],"replies":[{"embeddable":true,"href":"https:\/\/site.educa.madrid.org\/cp.blasdelezo.parla\/index.php\/wp-json\/wp\/v2\/comments?post=849"}],"version-history":[{"count":27,"href":"https:\/\/site.educa.madrid.org\/cp.blasdelezo.parla\/index.php\/wp-json\/wp\/v2\/pages\/849\/revisions"}],"predecessor-version":[{"id":4183,"href":"https:\/\/site.educa.madrid.org\/cp.blasdelezo.parla\/index.php\/wp-json\/wp\/v2\/pages\/849\/revisions\/4183"}],"up":[{"embeddable":true,"href":"https:\/\/site.educa.madrid.org\/cp.blasdelezo.parla\/index.php\/wp-json\/wp\/v2\/pages\/829"}],"wp:attachment":[{"href":"https:\/\/site.educa.madrid.org\/cp.blasdelezo.parla\/index.php\/wp-json\/wp\/v2\/media?parent=849"}],"wp:term":[{"taxonomy":"folder","embeddable":true,"href":"https:\/\/site.educa.madrid.org\/cp.blasdelezo.parla\/index.php\/wp-json\/wp\/v2\/folder?post=849"}],"curies":[{"name":"wp","href":"https:\/\/api.w.org\/{rel}","templated":true}]}}