{"id":13355,"date":"2024-01-24T09:42:10","date_gmt":"2024-01-24T08:42:10","guid":{"rendered":"https:\/\/site.educa.madrid.org\/cp.carlostercero.aranjuez\/?page_id=13355"},"modified":"2026-03-12T17:24:26","modified_gmt":"2026-03-12T16:24:26","slug":"proyectos-y-actividades-educativas-de-centro","status":"publish","type":"page","link":"https:\/\/site.educa.madrid.org\/cp.carlostercero.aranjuez\/index.php\/proyectos-y-actividades-educativas-de-centro\/","title":{"rendered":"Programas y proyectos del centro"},"content":{"rendered":"\n<ul class=\"wp-block-list\">\n<li>El centro est\u00e1 integrado en la red de centros biling\u00fces de la Comunidad de Madrid, impartiendo \u00e1reas como Ciencias Naturales, Sociales y Art\u00edstica en ingl\u00e9s.<\/li>\n\n\n\n<li> Desarrollamos proyectos transversales como el Programa de Escuelas Sostenibles<\/li>\n\n\n\n<li> En el Plan Incluyo trabajamos el enriquecimiento de alumnos con altas capacidades<\/li>\n\n\n\n<li>Navidad<\/li>\n\n\n\n<li>Carnaval<\/li>\n\n\n\n<li>D\u00eda del libro<\/li>\n\n\n\n<li>Jornadas deportivas<\/li>\n\n\n\n<li>Festividad de cultura Angloparlante<\/li>\n\n\n\n<li>Semana de la convivencia<\/li>\n\n\n\n<li>Mercadillo navide\u00f1o<\/li>\n\n\n\n<li>Graduaci\u00f3n de infantil y sexto<\/li>\n\n\n\n<li>Asamblea de pitufos<\/li>\n\n\n\n<li>Huerto escolar<\/li>\n<\/ul>\n","protected":false},"excerpt":{"rendered":"","protected":false},"author":2,"featured_media":0,"parent":0,"menu_order":0,"comment_status":"closed","ping_status":"closed","template":"","meta":{"footnotes":""},"folder":[],"class_list":["post-13355","page","type-page","status-publish","hentry"],"rttpg_featured_image_url":null,"rttpg_author":{"display_name":"tic.cp.carlostercero.aranjuez","author_link":"https:\/\/site.educa.madrid.org\/cp.carlostercero.aranjuez\/index.php\/author\/cuenta_tic-cp-carlostercero-aranjuez\/"},"rttpg_comment":0,"rttpg_category":false,"rttpg_excerpt":null,"post_mailing_queue_ids":[],"_links":{"self":[{"href":"https:\/\/site.educa.madrid.org\/cp.carlostercero.aranjuez\/index.php\/wp-json\/wp\/v2\/pages\/13355","targetHints":{"allow":["GET"]}}],"collection":[{"href":"https:\/\/site.educa.madrid.org\/cp.carlostercero.aranjuez\/index.php\/wp-json\/wp\/v2\/pages"}],"about":[{"href":"https:\/\/site.educa.madrid.org\/cp.carlostercero.aranjuez\/index.php\/wp-json\/wp\/v2\/types\/page"}],"author":[{"embeddable":true,"href":"https:\/\/site.educa.madrid.org\/cp.carlostercero.aranjuez\/index.php\/wp-json\/wp\/v2\/users\/2"}],"replies":[{"embeddable":true,"href":"https:\/\/site.educa.madrid.org\/cp.carlostercero.aranjuez\/index.php\/wp-json\/wp\/v2\/comments?post=13355"}],"version-history":[{"count":9,"href":"https:\/\/site.educa.madrid.org\/cp.carlostercero.aranjuez\/index.php\/wp-json\/wp\/v2\/pages\/13355\/revisions"}],"predecessor-version":[{"id":13804,"href":"https:\/\/site.educa.madrid.org\/cp.carlostercero.aranjuez\/index.php\/wp-json\/wp\/v2\/pages\/13355\/revisions\/13804"}],"wp:attachment":[{"href":"https:\/\/site.educa.madrid.org\/cp.carlostercero.aranjuez\/index.php\/wp-json\/wp\/v2\/media?parent=13355"}],"wp:term":[{"taxonomy":"folder","embeddable":true,"href":"https:\/\/site.educa.madrid.org\/cp.carlostercero.aranjuez\/index.php\/wp-json\/wp\/v2\/folder?post=13355"}],"curies":[{"name":"wp","href":"https:\/\/api.w.org\/{rel}","templated":true}]}}