{"id":13554,"date":"2025-08-26T13:04:26","date_gmt":"2025-08-26T11:04:26","guid":{"rendered":"https:\/\/site.educa.madrid.org\/cp.carlostercero.aranjuez\/?page_id=13554"},"modified":"2025-10-07T14:14:13","modified_gmt":"2025-10-07T12:14:13","slug":"solicitudes-de-comedor","status":"publish","type":"page","link":"https:\/\/site.educa.madrid.org\/cp.carlostercero.aranjuez\/index.php\/solicitudes-de-comedor\/","title":{"rendered":"Solicitudes de comedor"},"content":{"rendered":"<p>Ya no se recogen presencialmente los impresos,\u00a0 se deben enviar a la siguiente direcci\u00f3n de email:<\/p>\n<p><span style=\"color: #0000ff;\"><a style=\"color: #0000ff;\" href=\"mailto:comedor.cp.carlostercero.aranjuez@educa.madrid.org\"><strong>comedor.cp.carlostercero.aranjuez@educa.madrid.org<\/strong><\/a><\/span><\/p>\n<ul>\n<li style=\"list-style-type: none;\">\n<ul>\n<li style=\"list-style-type: none;\">\n<ul>\n<li><a href=\"https:\/\/site.educa.madrid.org\/cp.carlostercero.aranjuez\/\/wp-content\/uploads\/cp.carlostercero.aranjuez\/2025\/08\/Impreso-solicitud-alta-servicio-comedor-escolar.pdf\">Impreso solicitud alta servicio comedor escolar<\/a><\/li>\n<li><a href=\"https:\/\/site.educa.madrid.org\/cp.carlostercero.aranjuez\/\/wp-content\/uploads\/cp.carlostercero.aranjuez\/2025\/08\/Solicitud-baja-servicio-de-comedor.pdf\">Solicitud baja servicio de comedor<\/a><\/li>\n<li><a href=\"https:\/\/site.educa.madrid.org\/cp.carlostercero.aranjuez\/\/wp-content\/uploads\/cp.carlostercero.aranjuez\/2025\/08\/Comunicacion-ausencias-servicio-de-comedor.pdf\">Comunicaci\u00f3n ausencias servicio de comedor<\/a><\/li>\n<li><a href=\"https:\/\/site.educa.madrid.org\/cp.carlostercero.aranjuez\/\/wp-content\/uploads\/cp.carlostercero.aranjuez\/2025\/08\/Comunicacion-salida-anticipada-servicio-de-comedor-escolar.pdf\">Comunicaci\u00f3n salida anticipada servicio de comedor escolar<\/a><\/li>\n<li><a href=\"https:\/\/site.educa.madrid.org\/cp.carlostercero.aranjuez\/\/wp-content\/uploads\/cp.carlostercero.aranjuez\/2025\/08\/Impreso-solicitud-uso-esporadico-del-servicio-de-comedor-1.pdf\">Impreso solicitud uso espor\u00e1dico del servicio de comedor<\/a><\/li>\n<\/ul>\n<\/li>\n<\/ul>\n<\/li>\n<\/ul>\n\n\n<p>Para el uso espor\u00e1dico de comedor tienen que hacer ingreso al siguiente n\u00famero de cuenta: ES77 2100 2931 9113 0059 5387    <br>En el concepto debe figurar el nombre del alumno y los d\u00edas que har\u00e1 uso del comedor.<\/p>\n\n\n\n<p><\/p>\n","protected":false},"excerpt":{"rendered":"<p>Ya no se recogen presencialmente los impresos,\u00a0 se deben enviar a la siguiente direcci\u00f3n de email: comedor.cp.carlostercero.aranjuez@educa.madrid.org Impreso solicitud alta servicio comedor escolar Solicitud baja servicio de comedor Comunicaci\u00f3n ausencias servicio de comedor Comunicaci\u00f3n salida anticipada servicio de comedor escolar Impreso solicitud uso espor\u00e1dico del servicio de comedor Para el uso espor\u00e1dico de comedor tienen &hellip; <\/p>\n<p class=\"link-more\"><a href=\"https:\/\/site.educa.madrid.org\/cp.carlostercero.aranjuez\/index.php\/solicitudes-de-comedor\/\" class=\"more-link\">Continuar leyendo<span class=\"screen-reader-text\"> \u00abSolicitudes de comedor\u00bb<\/span><\/a><\/p>\n","protected":false},"author":3,"featured_media":0,"parent":0,"menu_order":0,"comment_status":"closed","ping_status":"closed","template":"","meta":{"footnotes":""},"folder":[],"class_list":["post-13554","page","type-page","status-publish","hentry"],"rttpg_featured_image_url":null,"rttpg_author":{"display_name":"cp.carlostercero.aranjuez","author_link":"https:\/\/site.educa.madrid.org\/cp.carlostercero.aranjuez\/index.php\/author\/cuenta_cp-carlostercero-aranjuez\/"},"rttpg_comment":0,"rttpg_category":false,"rttpg_excerpt":"Ya no se recogen presencialmente los impresos,\u00a0 se deben enviar a la siguiente direcci\u00f3n de email: comedor.cp.carlostercero.aranjuez@educa.madrid.org Impreso solicitud alta servicio comedor escolar Solicitud baja servicio de comedor Comunicaci\u00f3n ausencias servicio de comedor Comunicaci\u00f3n salida anticipada servicio de comedor escolar Impreso solicitud uso espor\u00e1dico del servicio de comedor Para el uso espor\u00e1dico de comedor tienen&hellip;","post_mailing_queue_ids":[],"_links":{"self":[{"href":"https:\/\/site.educa.madrid.org\/cp.carlostercero.aranjuez\/index.php\/wp-json\/wp\/v2\/pages\/13554","targetHints":{"allow":["GET"]}}],"collection":[{"href":"https:\/\/site.educa.madrid.org\/cp.carlostercero.aranjuez\/index.php\/wp-json\/wp\/v2\/pages"}],"about":[{"href":"https:\/\/site.educa.madrid.org\/cp.carlostercero.aranjuez\/index.php\/wp-json\/wp\/v2\/types\/page"}],"author":[{"embeddable":true,"href":"https:\/\/site.educa.madrid.org\/cp.carlostercero.aranjuez\/index.php\/wp-json\/wp\/v2\/users\/3"}],"replies":[{"embeddable":true,"href":"https:\/\/site.educa.madrid.org\/cp.carlostercero.aranjuez\/index.php\/wp-json\/wp\/v2\/comments?post=13554"}],"version-history":[{"count":10,"href":"https:\/\/site.educa.madrid.org\/cp.carlostercero.aranjuez\/index.php\/wp-json\/wp\/v2\/pages\/13554\/revisions"}],"predecessor-version":[{"id":13687,"href":"https:\/\/site.educa.madrid.org\/cp.carlostercero.aranjuez\/index.php\/wp-json\/wp\/v2\/pages\/13554\/revisions\/13687"}],"wp:attachment":[{"href":"https:\/\/site.educa.madrid.org\/cp.carlostercero.aranjuez\/index.php\/wp-json\/wp\/v2\/media?parent=13554"}],"wp:term":[{"taxonomy":"folder","embeddable":true,"href":"https:\/\/site.educa.madrid.org\/cp.carlostercero.aranjuez\/index.php\/wp-json\/wp\/v2\/folder?post=13554"}],"curies":[{"name":"wp","href":"https:\/\/api.w.org\/{rel}","templated":true}]}}