{"id":10038,"date":"2026-03-21T13:27:49","date_gmt":"2026-03-21T12:27:49","guid":{"rendered":"https:\/\/site.educa.madrid.org\/cp.cela.madrid\/?page_id=10038"},"modified":"2026-04-27T12:34:27","modified_gmt":"2026-04-27T10:34:27","slug":"aviso-legal-2","status":"publish","type":"page","link":"https:\/\/site.educa.madrid.org\/cp.cela.madrid\/index.php\/pie-de-inicio\/aviso-legal-2\/","title":{"rendered":"Pol\u00edtica de Privacidad"},"content":{"rendered":"<div id=\"pl-10038\"  class=\"panel-layout\" ><div id=\"pg-10038-0\"  class=\"panel-grid panel-no-style\" ><div id=\"pgc-10038-0-0\"  class=\"panel-grid-cell\" ><div id=\"panel-10038-0-0-0\" class=\"widget_text so-panel widget widget_custom_html panel-first-child panel-last-child\" data-index=\"0\" ><div class=\"textwidget custom-html-widget\"><h3 style=\"background: rgba(216, 48, 222, 0.88); color: #fff!important; padding: 4px 10px; font-size: 18px; font-weight: 500; border-radius: 10px; font-family: inherit; -webkit-font-smoothing: antialiased; -moz-osx-font-smoothing: grayscale;\">\nPOL\u00cdTICA DE PRIVACIDAD\n<\/h3>\n\n<style>\n.cela-privacidad {\n  margin-top: 14px;\n  line-height: 1.6;\n}\n\n.cela-subtitulo {\n  color: #d830de;\n  font-weight: 500;\n  margin-top: 16px;\n  margin-bottom: 6px;\n}\n\n.cela-lista {\n  margin: 0 0 14px 0;\n  padding-left: 22px;\n}\n\n.cela-lista li {\n  text-align: justify;\n  color: #d830de;\n  font-weight: bold;\n  margin-bottom: 6px;\n}\n\n.cela-lista li span {\n  color: #000;\n  font-weight: 300;\n}\n\n\/* TARJETAS *\/\n.cela-tarjetas {\n  display: grid;\n  grid-template-columns: repeat(2, minmax(0, 1fr));\n  gap: 14px;\n  margin: 10px 0 16px 0;\n}\n\n.cela-tarjeta {\n  padding: 14px 16px;\n  border-radius: 12px;\n  background: linear-gradient(\n    135deg,\n    rgba(216,48,222,0.15),\n    rgba(216,48,222,0.05)\n  );\n  border: 1px solid rgba(216,48,222,0.25);\n  box-shadow:\n    0 4px 12px rgba(0,0,0,0.06),\n    0 2px 6px rgba(0,0,0,0.04);\n  text-align: justify;\n}\n\n.cela-titulo-tarjeta {\n  color: #d830de;\n  font-weight: 400;\n  margin-bottom: 6px;\n}\n\n@media (max-width: 768px) {\n  .cela-tarjetas {\n    grid-template-columns: 1fr;\n  }\n}\n<\/style>\n\n<div class=\"cela-privacidad\">\n\n<p align=\"justify\">En cumplimiento del Reglamento (UE) 2016\/679 (RGPD) y la Ley Org\u00e1nica 3\/2018 (LOPDGDD), el CEIP Camilo Jos\u00e9 Cela informa a los usuarios, familias y personal sobre el tratamiento de sus datos personales, bajo los principios de transparencia, seguridad y minimizaci\u00f3n de datos.<\/p>\n\n<div class=\"cela-subtitulo\">Responsable del tratamiento<\/div>\n<ul class=\"cela-lista\">\n  <li type=\"disc\"><span> Identidad: Colegio de Educaci\u00f3n Infantil y Primaria (CEIP) Camilo Jos\u00e9 Cela.<\/span><\/li>\n  <li type=\"disc\"><span> C.I.F.: Q2868637F.<\/span><\/li>\n  <li type=\"disc\"><span> Direcci\u00f3n Postal: Calle Melchor Fern\u00e1ndez Almagro, 22 \u2013 28029 Madrid.<\/span><\/li>\n  <li type=\"disc\"><span> Tel\u00e9fono: 917392424.<\/span><\/li>\n  <li type=\"disc\"><span> Correo electr\u00f3nico: cp.cela.madrid@educa.madrid.org<\/span><\/li>\n<\/ul>\n\n<p align=\"justify\">Delegado de Protecci\u00f3n de Datos (DPD): Al ser un centro p\u00fablico, el DPD es el designado por la Consejer\u00eda de Educaci\u00f3n, Ciencia y Universidades de la Comunidad de Madrid (Secretar\u00eda General T\u00e9cnica).<\/p>\n\n<div class=\"cela-subtitulo\">Finalidad del tratamiento<\/div>\n<p align=\"justify\">Tratamos la informaci\u00f3n con las siguientes finalidades institucionales:<\/p>\n\n<div class=\"cela-tarjetas\">\n\n  <div class=\"cela-tarjeta\">\n    <div class=\"cela-titulo-tarjeta\">Gesti\u00f3n Educativa y Acad\u00e9mica<\/div>\n    Matriculaci\u00f3n, expedientes, evaluaci\u00f3n, orientaci\u00f3n psicopedag\u00f3gica y comunicaci\u00f3n oficial con las familias.\n  <\/div>\n\n  <div class=\"cela-tarjeta\">\n    <div class=\"cela-titulo-tarjeta\">Atenci\u00f3n al Usuario<\/div>\n    Gestionar consultas y solicitudes recibidas a trav\u00e9s de los formularios de contacto de la web.\n  <\/div>\n\n  <div class=\"cela-tarjeta\">\n    <div class=\"cela-titulo-tarjeta\">Difusi\u00f3n Institucional<\/div>\n    Publicaci\u00f3n de v\u00eddeos de actividades escolares en la web oficial (bajo consentimiento) para informar sobre la vida del centro.\n  <\/div>\n\n  <div class=\"cela-tarjeta\">\n    <div class=\"cela-titulo-tarjeta\">Seguridad<\/div>\n    Garantizar la protecci\u00f3n de personas, bienes e instalaciones (control de accesos y, en su caso, videovigilancia).\n  <\/div>\n\n<\/div>\n\n<div class=\"cela-subtitulo\">Categor\u00eda de datos tratados<\/div>\n<p align=\"justify\">Para el cumplimiento de la funci\u00f3n docente y orientadora, el Centro recaba:<\/p>\n\n<ul class=\"cela-lista\">\n  <li type=\"disc\"><span>Datos Identificativos: Nombre, apellidos, DNI\/NIE, direcci\u00f3n, tel\u00e9fono, email e imagen.<\/span><\/li>\n  <li type=\"disc\"><span>Datos de Alumnado: Fecha de nacimiento, nacionalidad...<\/span><\/li>\n  <li type=\"disc\"><span>Datos de Especial Proteccion: Datos de salud (alergias, intolerancias o necesidades educativas especiales), origen y ambiente familiar\/social, siempre que sean necesarios para educar, orientar y proteger al menor.<\/span><\/li>\n  <li type=\"disc\"><span>Datos Bancarios: Para la gesti\u00f3n de servicios como comedor o actividades gestionadas por el centro.<\/span><\/li>\n<\/ul>\n\n<div class=\"cela-subtitulo\">Legitimaci\u00f3n<\/div>\n<p align=\"justify\">La base legal para el tratamiento de los datos es:<\/p>\n\n<ul class=\"cela-lista\">\n  <li type=\"disc\"><span>Misi\u00f3n en Inter\u00e9s P\u00fablico y Obligaci\u00f3n Legal: Derivada de la Ley Org\u00e1nica de Educaci\u00f3n para la prestaci\u00f3n de la docencia y gesti\u00f3n administrativa.<\/span><\/li>\n  <li type=\"disc\"><span>Ejecuci\u00f3n de Contrato: Para la gesti\u00f3n de servicios solicitados por las familias.<\/span><\/li>\n  <li type=\"disc\"><span>Consentimiento Expreso: Para el uso de im\u00e1genes\/v\u00eddeos del alumnado en la web y para el env\u00edo de informaci\u00f3n no estrictamente acad\u00e9mica. Este consentimiento puede ser revocado en cualquier momento.<\/span><\/li>\n<\/ul>\n\n<div class=\"cela-subtitulo\">Tratamiento espec\u00edfico de im\u00e1genes y menores<\/div>\n<p align=\"justify\">El Centro aplica una pol\u00edtica de m\u00e1xima protecci\u00f3n:<\/p>\n\n<div class=\"cela-tarjetas\">\n\n  <div class=\"cela-tarjeta\">\n    <div class=\"cela-titulo-tarjeta\">Uso de V\u00eddeos<\/div>\n    Solo se publican grabaciones de actividades reales con autorizaci\u00f3n previa, espec\u00edfica e informada de los tutores legales.\n  <\/div>\n\n  <div class=\"cela-tarjeta\">\n    <div class=\"cela-titulo-tarjeta\">Uso de Fotograf\u00edas<\/div>\n    Las im\u00e1genes fijas de personas en esta web son recreaciones para proteger la identidad del alumnado real.\n  <\/div>\n\n  <div class=\"cela-tarjeta\">\n    <div class=\"cela-titulo-tarjeta\">Sin Redes Sociales<\/div>\n    Este centro no hace uso de redes sociales comerciales para la difusi\u00f3n de datos o im\u00e1genes de menores.\n  <\/div>\n\n<\/div>\n\n<div class=\"cela-subtitulo\">Plazo de conservaci\u00f3n<\/div>\n<p align=\"justify\">Los datos se conservar\u00e1n durante el tiempo necesario para cumplir la finalidad para la que se recabaron y para determinar posibles responsabilidades. Los expedientes acad\u00e9micos se conservar\u00e1n de forma permanente seg\u00fan la normativa educativa vigente. Las im\u00e1genes en la web se mantendr\u00e1n hasta que se solicite su supresi\u00f3n.<\/p>\n\n<div class=\"cela-subtitulo\">Destinatarios y seguridad<\/div>\n<p align=\"justify\">No se comunicar\u00e1n datos a terceros, salvo obligaci\u00f3n legal (Administraci\u00f3n Educativa, instancias judiciales) o a encargados del tratamiento bajo contrato de confidencialidad (Hosting EducaMadrid). El Centro tiene implantadas medidas de seguridad t\u00e9cnicas y organizativas para evitar la alteraci\u00f3n, p\u00e9rdida o acceso no autorizado a los datos.<\/p>\n\n<div class=\"cela-subtitulo\">Derechos de los interesados<\/div>\n<p align=\"justify\">Usted tiene derecho a:<\/p>\n\n<ul class=\"cela-lista\">\n  <li type=\"disc\"><span>Acceso, Rectificaci\u00f3n y Supresi\u00f3n (\"Derecho al olvido\").<\/span><\/li>\n  <li type=\"disc\"><span>Limitaci\u00f3n, Oposici\u00f3n y Portabilidad (recibir sus datos en un formato de lectura mec\u00e1nica).<\/span><\/li>\n  <li type=\"disc\"><span>Retirar el consentimiento prestado en cualquier momento.<\/span><\/li>\n<\/ul>\n\n<p align=\"justify\">Para ejercer estos derechos, env\u00ede un escrito con fotocopia de su DNI al correo: cp.cela.madrid@educa.madrid.org. Asimismo, tiene derecho a presentar una reclamaci\u00f3n ante la Agencia Espa\u00f1ola de Protecci\u00f3n de Datos (AEPD) si considera que sus derechos no han sido respetados.<\/p>\n\n<\/div><\/div><\/div><\/div><\/div><\/div>","protected":false},"excerpt":{"rendered":"<p>POL\u00cdTICA DE PRIVACIDAD En cumplimiento del Reglamento (UE) 2016\/679 (RGPD) y la Ley Org\u00e1nica 3\/2018 (LOPDGDD), el CEIP Camilo Jos\u00e9 Cela informa a los usuarios, familias y personal sobre el tratamiento de sus datos personales, bajo los principios de transparencia, seguridad y minimizaci\u00f3n de datos. Responsable del tratamiento Identidad: Colegio de Educaci\u00f3n Infantil y Primaria [&hellip;]<\/p>\n","protected":false},"author":3,"featured_media":0,"parent":9603,"menu_order":0,"comment_status":"closed","ping_status":"closed","template":"","meta":{"footnotes":""},"folder":[],"class_list":["post-10038","page","type-page","status-publish","hentry"],"rttpg_featured_image_url":null,"rttpg_author":{"display_name":"cp.cela.madrid","author_link":"https:\/\/site.educa.madrid.org\/cp.cela.madrid\/index.php\/author\/cuenta_cp-cela-madrid\/"},"rttpg_comment":0,"rttpg_category":false,"rttpg_excerpt":"POL\u00cdTICA DE PRIVACIDAD En cumplimiento del Reglamento (UE) 2016\/679 (RGPD) y la Ley Org\u00e1nica 3\/2018 (LOPDGDD), el CEIP Camilo Jos\u00e9 Cela informa a los usuarios, familias y personal sobre el tratamiento de sus datos personales, bajo los principios de transparencia, seguridad y minimizaci\u00f3n de datos. Responsable del tratamiento Identidad: Colegio de Educaci\u00f3n Infantil y Primaria&hellip;","post_mailing_queue_ids":[],"_links":{"self":[{"href":"https:\/\/site.educa.madrid.org\/cp.cela.madrid\/index.php\/wp-json\/wp\/v2\/pages\/10038","targetHints":{"allow":["GET"]}}],"collection":[{"href":"https:\/\/site.educa.madrid.org\/cp.cela.madrid\/index.php\/wp-json\/wp\/v2\/pages"}],"about":[{"href":"https:\/\/site.educa.madrid.org\/cp.cela.madrid\/index.php\/wp-json\/wp\/v2\/types\/page"}],"author":[{"embeddable":true,"href":"https:\/\/site.educa.madrid.org\/cp.cela.madrid\/index.php\/wp-json\/wp\/v2\/users\/3"}],"replies":[{"embeddable":true,"href":"https:\/\/site.educa.madrid.org\/cp.cela.madrid\/index.php\/wp-json\/wp\/v2\/comments?post=10038"}],"version-history":[{"count":8,"href":"https:\/\/site.educa.madrid.org\/cp.cela.madrid\/index.php\/wp-json\/wp\/v2\/pages\/10038\/revisions"}],"predecessor-version":[{"id":11633,"href":"https:\/\/site.educa.madrid.org\/cp.cela.madrid\/index.php\/wp-json\/wp\/v2\/pages\/10038\/revisions\/11633"}],"up":[{"embeddable":true,"href":"https:\/\/site.educa.madrid.org\/cp.cela.madrid\/index.php\/wp-json\/wp\/v2\/pages\/9603"}],"wp:attachment":[{"href":"https:\/\/site.educa.madrid.org\/cp.cela.madrid\/index.php\/wp-json\/wp\/v2\/media?parent=10038"}],"wp:term":[{"taxonomy":"folder","embeddable":true,"href":"https:\/\/site.educa.madrid.org\/cp.cela.madrid\/index.php\/wp-json\/wp\/v2\/folder?post=10038"}],"curies":[{"name":"wp","href":"https:\/\/api.w.org\/{rel}","templated":true}]}}