{"id":10272,"date":"2026-03-26T09:28:49","date_gmt":"2026-03-26T08:28:49","guid":{"rendered":"https:\/\/site.educa.madrid.org\/cp.cela.madrid\/?page_id=10272"},"modified":"2026-05-07T13:25:50","modified_gmt":"2026-05-07T11:25:50","slug":"servicio-de-orientacion-2","status":"publish","type":"page","link":"https:\/\/site.educa.madrid.org\/cp.cela.madrid\/index.php\/servicios-2\/servicio-de-orientacion-2\/","title":{"rendered":"Atenci\u00f3n m\u00e9dica"},"content":{"rendered":"<div id=\"pl-10272\"  class=\"panel-layout\" ><div id=\"pg-10272-0\"  class=\"panel-grid panel-no-style\" ><div id=\"pgc-10272-0-0\"  class=\"panel-grid-cell\" ><div id=\"panel-10272-0-0-0\" class=\"widget_text so-panel widget widget_custom_html panel-first-child panel-last-child\" data-index=\"0\" ><div class=\"textwidget custom-html-widget\"><h3 style=\"background: #0aa9af; color: #fff!important; padding: 5px 10px;\">PROTOCOLOS ACCIDENTES Y ENFERMEDADES<\/h3>\n\n\t\t<b style=\"color: #0aa9af;\">\u00bfQu\u00e9 hacemos si un alumno se pone enfermo o sufre un accidente en el colegio?<\/b>\n\n\t\t<p align=\"justify\">La seguridad y el bienestar del alumnado son una prioridad para el centro. Cuando un alumno o alumna se encuentra mal o sufre un peque\u00f1o accidente durante la jornada escolar, actuamos siempre con rapidez y sentido com\u00fan.<\/p>\n\n\t\t<p align=\"justify\">En todos los casos, nos ponemos en contacto con la familia lo antes posible para informar de la situaci\u00f3n. Si se considera que el alumno o alumna no puede continuar la jornada con normalidad, ser\u00e1 necesario que la familia acuda al centro para hacerse cargo.<\/p>\n\n\t\t<p align=\"justify\">El personal del colegio no realiza intervenciones sanitarias complejas. Nuestra actuaci\u00f3n se limita a cuidados b\u00e1sicos, como limpieza de una herida, desinfecci\u00f3n o colocaci\u00f3n de una tirita.<\/p>\n\n\t\t<p align=\"justify\">En situaciones que puedan requerir atenci\u00f3n urgente, contactamos con el servicio de emergencias (112) o, si procede, acudimos al centro de salud m\u00e1s cercano, informando siempre de inmediato a la familia.<\/p>\n\t\n\t\t<b style=\"color: #0aa9af;\">Administraci\u00f3n de medicamentos en el centro<\/b>\n\t\t\n<p align=\"justify\">Para garantizar la seguridad del alumnado, la administraci\u00f3n de medicamentos en el colegio se realiza solo en situaciones muy concretas.<\/p>\n\n<ul>\n\t<li style=\"text-align: justify; color: #0aa9af; font-weight: bold;\" type=\"disc\"><span style=\"color: #000; font-weight: 300;\"> Enfermedades cr\u00f3nicas o situaciones que requieren de una actuaci\u00f3n inmediata\n\t\n\t\t<p align=\"justify\">En aquellos casos en los que un alumno o alumna tenga una enfermedad cr\u00f3nica (por ejemplo, alergias graves u otras situaciones que puedan requerir intervenci\u00f3n urgente), las familias deber\u00e1n:<\/p>\n<ol>\n\t\n\t<li style=\"text-align: justify; color: #0aa9af; font-weight: bold;\" type=\"disc\"><span style=\"color: #000; font-weight: 300;\">Informar al centro mediante el impreso correspondiente disponible en la web.<\/span><\/li>\n<li style=\"text-align: justify; color: #0aa9af; font-weight: bold;\" type=\"disc\"><span style=\"color: #000; font-weight: 300;\">Detallar la situaci\u00f3n, la medicaci\u00f3n y las pautas de actuaci\u00f3n.<\/span><\/li>\n<li style=\"text-align: justify; color: #0aa9af; font-weight: bold;\" type=\"disc\"><span style=\"color: #000; font-weight: 300;\">Autorizar expresamente la administraci\u00f3n del medicamento.<\/span><\/li>\n\t\t<\/ol>\n\t\t<p align=\"justify\">El medicamento deber\u00e1 entregarse en secretar\u00eda y mantenerse en condiciones adecuadas (vigencia, conservaci\u00f3n, etc.).<\/p><\/span><\/li>\n\n<li style=\"text-align: justify; color: #0aa9af; font-weight: bold;\" type=\"disc\"><span style=\"color: #000; font-weight: 300;\">Enfermedades comunes\t\t\n\t\t\n\t<p align=\"justify\">Cuando se trate de enfermedades leves compatibles con la asistencia al colegio:<\/p>\n\n\t<ol>\n\n\t\t<li style=\"text-align: justify; color: #0aa9af; font-weight: bold;\" type=\"disc\"><span style=\"color: #000; font-weight: 300;\">El centro no administra medicaci\u00f3n de forma habitual.<\/span><\/li>\n<li style=\"text-align: justify; color: #0aa9af; font-weight: bold;\" type=\"disc\"><span style=\"color: #000; font-weight: 300;\">Se recomienda organizar las tomas fuera del horario escolar.<\/span><\/li>\n<li style=\"text-align: justify; color: #0aa9af; font-weight: bold;\" type=\"disc\"><span style=\"color: #000; font-weight: 300;\">Si esto no fuera posible, la familia podr\u00e1 acudir al centro para administrarla.<\/span><\/li>\n\t\t\n\t<\/ol>\n\t<p align=\"justify\">De forma excepcional, y siempre con prescripci\u00f3n m\u00e9dica y autorizaci\u00f3n escrita, el centro podr\u00e1 administrar medicaci\u00f3n por v\u00eda oral, siempre que no suponga riesgo.<\/p><\/span><\/li><\/ul>\n\t\n\t\t<b style=\"color: #0aa9af;\">Comunicaci\u00f3n de problemas m\u00e9dicos o alimentarios <\/b>\n\n\t<p align=\"justify\">Es muy importante que el centro conozca cualquier situaci\u00f3n m\u00e9dica o alimentaria que pueda afectar al alumnado durante la jornada escolar.<\/p>\n\n\t<p align=\"justify\">Para ello, las familias deber\u00e1n cumplimentar el impreso espec\u00edfico disponible en la web.<\/p>\n\n\t<p align=\"justify\">Seg\u00fan el caso, tambi\u00e9n ser\u00e1 necesario:<\/p>\n<ul>\n\t\n\t<li style=\"text-align: justify; color: #0aa9af; font-weight: bold;\" type=\"disc\"><span style=\"color: #000; font-weight: 300;\">Informar de alergias o situaciones de riesgo mediante la ficha correspondiente.<\/span><\/li>\n\t<li style=\"text-align: justify; color: #0aa9af; font-weight: bold;\" type=\"disc\"><span style=\"color: #000; font-weight: 300;\">Autorizar la administraci\u00f3n de medicaci\u00f3n, si fuera necesario.<\/span><\/li>\n\t<li style=\"text-align: justify; color: #0aa9af; font-weight: bold;\" type=\"disc\"><span style=\"color: #000; font-weight: 300;\">Aportar un informe m\u00e9dico actualizado que justifique la situaci\u00f3n.<\/span><\/li>\n\n\t<\/ul>\n\t<p align=\"justify\">El centro solo podr\u00e1 atender adecuadamente estas situaciones cuando disponga de toda la informaci\u00f3n necesaria.<\/p>\n\t\n\t<p align=\"justify\">La colaboraci\u00f3n entre familias y colegio es fundamental para garantizar la seguridad del alumnado. Mantener la informaci\u00f3n actualizada y comunicar cualquier cambio nos permite actuar con rapidez y ofrecer la mejor atenci\u00f3n posible en cada momento.<\/p>\n\t\t\n\t\t<ul>\n\t\t\t<li style=\"text-align: justify; color: #0aa9af; font-weight: bold;\" type=\"disc\"><span style=\"color: #000; font-weight: 300;\"><img decoding=\"async\" class=\"pdf\" src=\"https:\/\/site.educa.madrid.org\/cp.cela.madrid\/\/wp-content\/uploads\/cp.cela.madrid\/2021\/07\/pdf.png\" alt=\"\" width=\"15\" \/> \t<a style=\"color: #2a62b7;\" href=\"https:\/\/site.educa.madrid.org\/cp.cela.madrid\/\/wp-content\/uploads\/cp.cela.madrid\/2021\/08\/Secretaria_impresos_tramites_problemas-medicos-alimentarios.pdf\">impreso para la comunicaci\u00f3n de problemas m\u00e9dicos y alimentarios.<\/a><\/span><\/li>\n<li style=\"text-align: justify; color: #0aa9af; font-weight: bold;\" type=\"disc\"><span style=\"color: #000; font-weight: 300;\"><img decoding=\"async\" class=\"pdf\" src=\"https:\/\/site.educa.madrid.org\/cp.cela.madrid\/\/wp-content\/uploads\/cp.cela.madrid\/2021\/07\/pdf.png\" alt=\"\" width=\"15\" \/> <a style=\"color: #2a62b7;\" href=\"https:\/\/site.educa.madrid.org\/cp.cela.madrid\/\/wp-content\/uploads\/cp.cela.madrid\/2025\/04\/Secretaria_impresos_tramites_autorizacionmedicamentos.pdf\">impreso de solicitud y autorizaci\u00f3n para la administraci\u00f3n de medicamentos<\/a><\/span><\/li>\n\n<li style=\"text-align: justify; color: #0aa9af; font-weight: bold;\" type=\"disc\"><span style=\"color: #000; font-weight: 300;\"><img decoding=\"async\" class=\"pdf\" src=\"https:\/\/site.educa.madrid.org\/cp.cela.madrid\/\/wp-content\/uploads\/cp.cela.madrid\/2021\/07\/pdf.png\" alt=\"\" width=\"15\" \/> <a style=\"color: #2a62b7;\" href=\"https:\/\/site.educa.madrid.org\/cp.cela.madrid\/\/wp-content\/uploads\/cp.cela.madrid\/2021\/08\/Secretaria_impresos_tramites_ficha-alumnos-alergicos.pdf\">ficha de identificaci\u00f3n de al\u00e9rgicos y protocolo a seguir ante reacciones al\u00e9rgicas graves<\/a><\/span><\/li>\n\n\t\t<\/ul>\t\t\t\n\t\t<\/ul><\/div><\/div><\/div><\/div><\/div>","protected":false},"excerpt":{"rendered":"<p>PROTOCOLOS ACCIDENTES Y ENFERMEDADES \u00bfQu\u00e9 hacemos si un alumno se pone enfermo o sufre un accidente en el colegio? La seguridad y el bienestar del alumnado son una prioridad para el centro. Cuando un alumno o alumna se encuentra mal o sufre un peque\u00f1o accidente durante la jornada escolar, actuamos siempre con rapidez y sentido [&hellip;]<\/p>\n","protected":false},"author":2,"featured_media":0,"parent":11733,"menu_order":6,"comment_status":"closed","ping_status":"closed","template":"","meta":{"footnotes":""},"folder":[],"class_list":["post-10272","page","type-page","status-publish","hentry"],"rttpg_featured_image_url":null,"rttpg_author":{"display_name":"tic.cp.cela.madrid","author_link":"https:\/\/site.educa.madrid.org\/cp.cela.madrid\/index.php\/author\/cuenta_tic-cp-cela-madrid\/"},"rttpg_comment":0,"rttpg_category":false,"rttpg_excerpt":"PROTOCOLOS ACCIDENTES Y ENFERMEDADES \u00bfQu\u00e9 hacemos si un alumno se pone enfermo o sufre un accidente en el colegio? La seguridad y el bienestar del alumnado son una prioridad para el centro. Cuando un alumno o alumna se encuentra mal o sufre un peque\u00f1o accidente durante la jornada escolar, actuamos siempre con rapidez y sentido&hellip;","post_mailing_queue_ids":[],"_links":{"self":[{"href":"https:\/\/site.educa.madrid.org\/cp.cela.madrid\/index.php\/wp-json\/wp\/v2\/pages\/10272","targetHints":{"allow":["GET"]}}],"collection":[{"href":"https:\/\/site.educa.madrid.org\/cp.cela.madrid\/index.php\/wp-json\/wp\/v2\/pages"}],"about":[{"href":"https:\/\/site.educa.madrid.org\/cp.cela.madrid\/index.php\/wp-json\/wp\/v2\/types\/page"}],"author":[{"embeddable":true,"href":"https:\/\/site.educa.madrid.org\/cp.cela.madrid\/index.php\/wp-json\/wp\/v2\/users\/2"}],"replies":[{"embeddable":true,"href":"https:\/\/site.educa.madrid.org\/cp.cela.madrid\/index.php\/wp-json\/wp\/v2\/comments?post=10272"}],"version-history":[{"count":9,"href":"https:\/\/site.educa.madrid.org\/cp.cela.madrid\/index.php\/wp-json\/wp\/v2\/pages\/10272\/revisions"}],"predecessor-version":[{"id":10282,"href":"https:\/\/site.educa.madrid.org\/cp.cela.madrid\/index.php\/wp-json\/wp\/v2\/pages\/10272\/revisions\/10282"}],"up":[{"embeddable":true,"href":"https:\/\/site.educa.madrid.org\/cp.cela.madrid\/index.php\/wp-json\/wp\/v2\/pages\/11733"}],"wp:attachment":[{"href":"https:\/\/site.educa.madrid.org\/cp.cela.madrid\/index.php\/wp-json\/wp\/v2\/media?parent=10272"}],"wp:term":[{"taxonomy":"folder","embeddable":true,"href":"https:\/\/site.educa.madrid.org\/cp.cela.madrid\/index.php\/wp-json\/wp\/v2\/folder?post=10272"}],"curies":[{"name":"wp","href":"https:\/\/api.w.org\/{rel}","templated":true}]}}