{"id":1058,"date":"2021-08-12T12:34:12","date_gmt":"2021-08-12T12:34:12","guid":{"rendered":"https:\/\/site.educa.madrid.org\/cp.cela.madrid\/?page_id=1058"},"modified":"2026-04-21T14:40:51","modified_gmt":"2026-04-21T12:40:51","slug":"formulario-para-comunicar-ausencias-o-bajas-temporales-mes-de-junio-en-los-servicios-de-comedor-escolar","status":"publish","type":"page","link":"https:\/\/site.educa.madrid.org\/cp.cela.madrid\/index.php\/secretaria\/formularios\/formulario-para-comunicar-ausencias-o-bajas-temporales-mes-de-junio-en-los-servicios-de-comedor-escolar\/","title":{"rendered":"Formulario Comunicar ausencias o bajas temporales en servicio de comedor"},"content":{"rendered":"<div id=\"pl-1058\"  class=\"panel-layout\" ><div id=\"pg-1058-0\"  class=\"panel-grid panel-no-style\" ><div id=\"pgc-1058-0-0\"  class=\"panel-grid-cell\" ><div id=\"panel-1058-0-0-0\" class=\"widget_text so-panel widget widget_custom_html panel-first-child panel-last-child\" data-index=\"0\" ><div class=\"textwidget custom-html-widget\">\n<div class=\"wpcf7 no-js\" id=\"wpcf7-f1065-o1\" lang=\"es-ES\" dir=\"ltr\">\n<div class=\"screen-reader-response\"><p role=\"status\" aria-live=\"polite\" aria-atomic=\"true\"><\/p> <ul><\/ul><\/div>\n<form action=\"\/cp.cela.madrid\/index.php\/wp-json\/wp\/v2\/pages\/1058#wpcf7-f1065-o1\" method=\"post\" class=\"wpcf7-form init\" aria-label=\"Formulario de contacto\" novalidate=\"novalidate\" data-status=\"init\">\n<div style=\"display: none;\">\n<input type=\"hidden\" name=\"_wpcf7\" value=\"1065\" \/>\n<input type=\"hidden\" name=\"_wpcf7_version\" value=\"5.9.7\" \/>\n<input type=\"hidden\" name=\"_wpcf7_locale\" value=\"es_ES\" \/>\n<input type=\"hidden\" name=\"_wpcf7_unit_tag\" value=\"wpcf7-f1065-o1\" \/>\n<input type=\"hidden\" name=\"_wpcf7_container_post\" value=\"0\" \/>\n<input type=\"hidden\" name=\"_wpcf7_posted_data_hash\" value=\"\" \/>\n<\/div>\n<h3 style=\"background: rgba(34, 181, 115, 0.88); color: #fff!important; padding: 4px 10px; font-size: 18px; font-weight: 500; border-radius: 10px; font-family: inherit; -webkit-font-smoothing: antialiased; -moz-osx-font-smoothing: grayscale;\">COMUNICAR AUSENCIAS Y BAJAS TEMPORALES EN SERVICIO DE COMEDOR\n<\/h3>\n<style>\n.cela-form-wrap,\n.cela-form-wrap *{\n font-family: inherit !important;\n}\n\n.cela-form-wrap{\n max-width: 980px;\n margin: 18px auto 0;\n color: #000;\n -webkit-font-smoothing: antialiased;\n -moz-osx-font-smoothing: grayscale;\n}\n\n.cela-form-intro{\n margin-bottom: 18px;\n padding: 18px 20px;\n background: linear-gradient(135deg, rgba(34,181,115,0.10), rgba(34,181,115,0.18));\n border: 1px solid rgba(34,181,115,0.18);\n border-radius: 18px;\n}\n\n.cela-form-intro p{\n margin: 0 0 10px 0;\n line-height: 1.65;\n font-size: 15.5px;\n}\n\n.cela-form-intro strong{\n color:#22B573;\n}\n\n.cela-form-bloque{\n background:#fff;\n border:1px solid rgba(34,181,115,0.16);\n border-radius:18px;\n padding:20px;\n margin-bottom:18px;\n}\n\n.cela-form-bloque h4{\n background: rgba(34,181,115,0.92);\n color:#fff !important;\n padding:6px 12px;\n border-radius:10px;\n display:inline-block;\n margin:0 0 12px 0;\n font-size: 16px;\n font-weight: 600;\n}\n\n.cela-form-wrap label{\n display:block;\n margin-bottom:6px;\n font-weight:600;\n line-height: 1.45;\n}\n\n.cela-nota-campo{\n margin: -4px 0 12px 0;\n font-size: 13px;\n color: #555;\n line-height: 1.45;\n}\n\n.cela-form-wrap input,\n.cela-form-wrap select,\n.cela-form-wrap textarea{\n width:100%;\n padding:11px 12px;\n margin-bottom:14px;\n border-radius:10px;\n border:1.5px solid rgba(34,181,115,0.25);\n font-size:15px;\n background:#fff;\n}\n\n.cela-form-wrap textarea{\n min-height:160px;\n resize: vertical;\n}\n\n.cela-form-wrap input:focus,\n.cela-form-wrap select:focus,\n.cela-form-wrap textarea:focus{\n border-color:#22B573;\n outline:none;\n box-shadow:0 0 0 3px rgba(34,181,115,0.12);\n}\n\n.cela-form-grid{\n display:grid;\n grid-template-columns:2fr 1fr;\n gap:14px;\n}\n\n.cela-form-grid-doble{\n display:grid;\n grid-template-columns:1fr 1fr;\n gap:14px;\n}\n\n.hp-field{\n position:absolute !important;\n left:-9999px !important;\n}\n\n.cela-acceptance label{\n display:flex;\n gap:10px;\n align-items:flex-start;\n font-weight:400;\n}\n\n.cela-acceptance input{\n width:auto !important;\n margin-top:4px;\n accent-color:#22B573;\n}\n\n.cela-form-boton{\n text-align:center;\n margin-top:10px;\n}\n\n.cela-form-boton input{\n background: linear-gradient(135deg,#22B573,#4CB585);\n color:#fff;\n border:none;\n padding:12px 30px;\n border-radius:999px;\n font-weight:600;\n cursor:pointer;\n}\n\n@media (max-width:768px){\n .cela-form-grid,\n .cela-form-grid-doble{\n grid-template-columns:1fr;\n }\n}\n<\/style>\n<div class=\"cela-form-wrap\">\n\t<div class=\"cela-form-intro\">\n\t\t<p align=\"justify\"><br \/>\nUtilice este formulario para comunicar ausencias y bajas temporales. La baja en junio se considera temporal y se tramita con este formulario.\n\t\t<\/p>\n\t\t<p align=\"justify\"><br \/>\nLas ausencias temporales, con preaviso de tres d\u00edas, dar\u00e1n derecho a la devoluci\u00f3n a las familias del 50% de la minuta.\n\t\t<\/p>\n\t\t<p align=\"justify\"><br \/>\nLas ausencias prolongadas, con preaviso de tres d\u00edas, dar\u00e1n derecho a la devoluci\u00f3n del 50% de la minuta y, con preaviso de siete o m\u00e1s d\u00edas, dar\u00e1n derecho a la devoluci\u00f3n del 100%.\n\t\t<\/p>\n\t\t<p align=\"justify\"><br \/>\nLas bajas en el mes de junio, independientemente de los plazos del preaviso, generar\u00e1n una devoluci\u00f3n del 50% de la minuta.\n\t\t<\/p>\n\t<\/div>\n\t<div class=\"cela-form-bloque\">\n\t\t<h4>Datos del familiar o tutor\/a legal\n\t\t<\/h4>\n\t\t<p><label>Nombre y apellidos *<\/label><br \/>\n<span class=\"wpcf7-form-control-wrap\" data-name=\"familiares\"><input size=\"40\" maxlength=\"400\" class=\"wpcf7-form-control wpcf7-text wpcf7-validates-as-required\" autocomplete=\"off\" aria-required=\"true\" aria-invalid=\"false\" value=\"\" type=\"text\" name=\"familiares\" \/><\/span>\n\t\t<\/p>\n\t\t<p><label>DNI\/NIE\/Pasaporte *<\/label><br \/>\n<span class=\"wpcf7-form-control-wrap\" data-name=\"dni\"><input size=\"40\" maxlength=\"400\" class=\"wpcf7-form-control wpcf7-text wpcf7-validates-as-required\" autocomplete=\"off\" aria-required=\"true\" aria-invalid=\"false\" value=\"\" type=\"text\" name=\"dni\" \/><\/span>\n\t\t<\/p>\n\t\t<p><label>Correo electr\u00f3nico *<\/label><br \/>\n<span class=\"wpcf7-form-control-wrap\" data-name=\"email\"><input size=\"40\" maxlength=\"400\" class=\"wpcf7-form-control wpcf7-email wpcf7-validates-as-required wpcf7-text wpcf7-validates-as-email\" autocomplete=\"email\" aria-required=\"true\" aria-invalid=\"false\" value=\"\" type=\"email\" name=\"email\" \/><\/span>\n\t\t<\/p>\n\t\t<p><label>Tel\u00e9fono de contacto *<\/label><br \/>\n<span class=\"wpcf7-form-control-wrap\" data-name=\"phone\"><input size=\"40\" maxlength=\"400\" class=\"wpcf7-form-control wpcf7-tel wpcf7-validates-as-required wpcf7-text wpcf7-validates-as-tel\" autocomplete=\"tel\" aria-required=\"true\" aria-invalid=\"false\" value=\"\" type=\"tel\" name=\"phone\" \/><\/span>\n\t\t<\/p>\n\t<\/div>\n\t<div class=\"cela-form-bloque\">\n\t\t<h4>Datos del alumno\/a\n\t\t<\/h4>\n\t\t<p><label>Nombre y apellidos *<\/label><br \/>\n<span class=\"wpcf7-form-control-wrap\" data-name=\"alumno\"><input size=\"40\" maxlength=\"400\" class=\"wpcf7-form-control wpcf7-text wpcf7-validates-as-required\" autocomplete=\"off\" aria-required=\"true\" aria-invalid=\"false\" value=\"\" type=\"text\" name=\"alumno\" \/><\/span>\n\t\t<\/p>\n\t\t<p class=\"cela-nota-campo\">Indique tutor\/a o curso.\n\t\t<\/p>\n\t\t<p><label>Tutor\/a<\/label><br \/>\n<span class=\"wpcf7-form-control-wrap\" data-name=\"tutor\"><input size=\"40\" maxlength=\"400\" class=\"wpcf7-form-control wpcf7-text\" autocomplete=\"off\" aria-invalid=\"false\" value=\"\" type=\"text\" name=\"tutor\" \/><\/span>\n\t\t<\/p>\n\t\t<div class=\"cela-form-grid\">\n\t\t\t<div>\n\t\t\t\t<p><label>Curso<\/label><br \/>\n<span class=\"wpcf7-form-control-wrap\" data-name=\"curso\"><select class=\"wpcf7-form-control wpcf7-select\" aria-invalid=\"false\" name=\"curso\"><option value=\"\">&#8212;Por favor, elige una opci\u00f3n&#8212;<\/option><option value=\"3 a\u00f1os\">3 a\u00f1os<\/option><option value=\"4 a\u00f1os\">4 a\u00f1os<\/option><option value=\"5 a\u00f1os\">5 a\u00f1os<\/option><option value=\"1\u00ba Primaria\">1\u00ba Primaria<\/option><option value=\"2\u00ba Primaria\">2\u00ba Primaria<\/option><option value=\"3\u00ba Primaria\">3\u00ba Primaria<\/option><option value=\"4\u00ba Primaria\">4\u00ba Primaria<\/option><option value=\"5\u00ba Primaria\">5\u00ba Primaria<\/option><option value=\"6\u00ba Primaria\">6\u00ba Primaria<\/option><\/select><\/span>\n\t\t\t\t<\/p>\n\t\t\t<\/div>\n\t\t\t<div>\n\t\t\t\t<p><label>Letra<\/label><br \/>\n<span class=\"wpcf7-form-control-wrap\" data-name=\"letra\"><select class=\"wpcf7-form-control wpcf7-select\" aria-invalid=\"false\" name=\"letra\"><option value=\"\">&#8212;Por favor, elige una opci\u00f3n&#8212;<\/option><option value=\"A\">A<\/option><option value=\"B\">B<\/option><\/select><\/span>\n\t\t\t\t<\/p>\n\t\t\t<\/div>\n\t\t<\/div>\n\t\t<p><label>N\u00famero de hermanos<\/label><br \/>\n<span class=\"wpcf7-form-control-wrap\" data-name=\"numero_hermanos\"><input size=\"40\" maxlength=\"400\" class=\"wpcf7-form-control wpcf7-text\" autocomplete=\"off\" aria-invalid=\"false\" value=\"\" type=\"text\" name=\"numero_hermanos\" \/><\/span>\n\t\t<\/p>\n\t\t<p class=\"cela-nota-campo\">Campo opcional, \u00fanicamente en caso de que existan hermanos en el centro.\n\t\t<\/p>\n\t<\/div>\n\t<div class=\"cela-form-bloque\">\n\t\t<h4>Comunicaci\u00f3n de ausencia o baja temporal\n\t\t<\/h4>\n\t\t<p><label>Tipo de ausencia *<\/label><br \/>\n<span class=\"wpcf7-form-control-wrap\" data-name=\"ausencia\"><select class=\"wpcf7-form-control wpcf7-select wpcf7-validates-as-required\" aria-required=\"true\" aria-invalid=\"false\" name=\"ausencia\"><option value=\"\">&#8212;Por favor, elige una opci\u00f3n&#8212;<\/option><option value=\"Ausencia comida\">Ausencia comida<\/option><option value=\"Ausencia desayuno\">Ausencia desayuno<\/option><option value=\"Ausencia de junio\">Ausencia de junio<\/option><\/select><\/span>\n\t\t<\/p>\n\t\t<p><label>Fecha de baja *<\/label><br \/>\n<span class=\"wpcf7-form-control-wrap\" data-name=\"fechaBaja\"><input size=\"40\" maxlength=\"400\" class=\"wpcf7-form-control wpcf7-text wpcf7-validates-as-required\" autocomplete=\"off\" aria-required=\"true\" aria-invalid=\"false\" value=\"\" type=\"text\" name=\"fechaBaja\" \/><\/span>\n\t\t<\/p>\n\t\t<p><label>Fecha de alta<\/label><br \/>\n<span class=\"wpcf7-form-control-wrap\" data-name=\"fechaalta\"><input size=\"40\" maxlength=\"400\" class=\"wpcf7-form-control wpcf7-text\" autocomplete=\"off\" aria-invalid=\"false\" value=\"\" type=\"text\" name=\"fechaalta\" \/><\/span>\n\t\t<\/p>\n\t\t<p class=\"cela-nota-campo\">Ind\u00edquela si ya se conoce. En caso contrario, podr\u00e1 comunicarse cuando se conozca.\n\t\t<\/p>\n\t<\/div>\n\t<div class=\"cela-form-bloque\">\n\t\t<h4>Observaciones\n\t\t<\/h4>\n\t\t<p><span class=\"wpcf7-form-control-wrap\" data-name=\"observaciones\"><textarea cols=\"40\" rows=\"10\" maxlength=\"2000\" class=\"wpcf7-form-control wpcf7-textarea\" aria-invalid=\"false\" name=\"observaciones\"><\/textarea><\/span>\n\t\t<\/p>\n\t<\/div>\n\t<div class=\"cela-form-bloque\">\n\t\t<p><span class=\"cela-acceptance\"><br \/>\n<span class=\"wpcf7-form-control-wrap\" data-name=\"aceptar\"><span class=\"wpcf7-form-control wpcf7-checkbox wpcf7-validates-as-required\"><span class=\"wpcf7-list-item first last\"><label><input type=\"checkbox\" name=\"aceptar[]\" value=\"He le\u00eddo y acepto la pol\u00edtica de privacidad del centro\" \/><span class=\"wpcf7-list-item-label\">He le\u00eddo y acepto la pol\u00edtica de privacidad del centro<\/span><\/label><\/span><\/span><\/span><br \/>\n<\/span>\n\t\t<\/p>\n\t\t<p class=\"cela-nota-campo\"><br \/>\n<a href=\"https:\/\/site.educa.madrid.org\/cp.cela.madrid\/index.php\/pie-de-inicio\/aviso-legal-2\/\" target=\"_blank\" rel=\"noopener\">Consultar la pol\u00edtica de privacidad<\/a>\n\t\t<\/p>\n\t<\/div>\n\t<div class=\"cela-form-boton\">\n\t\t<p class=\"aiowps-captcha hide-when-displaying-tfa-input\"><label for=\"aiowps-captcha-answer\">Por favor, introduce una respuesta en d\u00edgitos:<\/label>\n\t\t<\/p>\n\t\t<div class=\"aiowps-captcha-equation hide-when-displaying-tfa-input\">\n\t\t\t<p><strong>4 &#215; 1 = <input type=\"hidden\" name=\"aiowps-captcha-string-info\" class=\"aiowps-captcha-string-info\" value=\"y8t5irzw5v\" \/><input type=\"hidden\" name=\"aiowps-captcha-temp-string\" class=\"aiowps-captcha-temp-string\" value=\"1778617937\" \/><input type=\"text\" size=\"2\" class=\"aiowps-captcha-answer\" name=\"aiowps-captcha-answer\" value=\"\" autocomplete=\"off\" \/><\/strong>\n\t\t\t<\/p>\n\t\t<\/div>\n\t\t<p><span class='wpcf7-form-control-wrap' data-name='aiowps-captcha'><\/span><input class=\"wpcf7-form-control wpcf7-submit has-spinner\" type=\"submit\" value=\"Enviar formulario\" \/>\n\t\t<\/p>\n\t<\/div>\n<\/div><p style=\"display: none !important;\" class=\"akismet-fields-container\" data-prefix=\"_wpcf7_ak_\"><label>&#916;<textarea name=\"_wpcf7_ak_hp_textarea\" cols=\"45\" rows=\"8\" maxlength=\"100\"><\/textarea><\/label><input type=\"hidden\" id=\"ak_js_1\" name=\"_wpcf7_ak_js\" value=\"122\"\/><script>document.getElementById( \"ak_js_1\" ).setAttribute( \"value\", ( new Date() ).getTime() );<\/script><\/p><div class=\"wpcf7-response-output\" aria-hidden=\"true\"><\/div>\n<\/form>\n<\/div>\n<\/div><\/div><\/div><\/div><\/div>","protected":false},"excerpt":{"rendered":"<p>COMUNICAR AUSENCIAS Y BAJAS TEMPORALES EN SERVICIO DE COMEDOR Utilice este formulario para comunicar ausencias y bajas temporales. La baja en junio se considera temporal y se tramita con este formulario. Las ausencias temporales, con preaviso de tres d\u00edas, dar\u00e1n derecho a la devoluci\u00f3n a las familias del 50% de la minuta. Las ausencias prolongadas, [&hellip;]<\/p>\n","protected":false},"author":2,"featured_media":0,"parent":11501,"menu_order":17,"comment_status":"closed","ping_status":"closed","template":"","meta":{"footnotes":""},"folder":[],"class_list":["post-1058","page","type-page","status-publish","hentry"],"rttpg_featured_image_url":null,"rttpg_author":{"display_name":"tic.cp.cela.madrid","author_link":"https:\/\/site.educa.madrid.org\/cp.cela.madrid\/index.php\/author\/cuenta_tic-cp-cela-madrid\/"},"rttpg_comment":0,"rttpg_category":false,"rttpg_excerpt":"COMUNICAR AUSENCIAS Y BAJAS TEMPORALES EN SERVICIO DE COMEDOR Utilice este formulario para comunicar ausencias y bajas temporales. La baja en junio se considera temporal y se tramita con este formulario. Las ausencias temporales, con preaviso de tres d\u00edas, dar\u00e1n derecho a la devoluci\u00f3n a las familias del 50% de la minuta. Las ausencias prolongadas,&hellip;","post_mailing_queue_ids":[],"_links":{"self":[{"href":"https:\/\/site.educa.madrid.org\/cp.cela.madrid\/index.php\/wp-json\/wp\/v2\/pages\/1058","targetHints":{"allow":["GET"]}}],"collection":[{"href":"https:\/\/site.educa.madrid.org\/cp.cela.madrid\/index.php\/wp-json\/wp\/v2\/pages"}],"about":[{"href":"https:\/\/site.educa.madrid.org\/cp.cela.madrid\/index.php\/wp-json\/wp\/v2\/types\/page"}],"author":[{"embeddable":true,"href":"https:\/\/site.educa.madrid.org\/cp.cela.madrid\/index.php\/wp-json\/wp\/v2\/users\/2"}],"replies":[{"embeddable":true,"href":"https:\/\/site.educa.madrid.org\/cp.cela.madrid\/index.php\/wp-json\/wp\/v2\/comments?post=1058"}],"version-history":[{"count":7,"href":"https:\/\/site.educa.madrid.org\/cp.cela.madrid\/index.php\/wp-json\/wp\/v2\/pages\/1058\/revisions"}],"predecessor-version":[{"id":11556,"href":"https:\/\/site.educa.madrid.org\/cp.cela.madrid\/index.php\/wp-json\/wp\/v2\/pages\/1058\/revisions\/11556"}],"up":[{"embeddable":true,"href":"https:\/\/site.educa.madrid.org\/cp.cela.madrid\/index.php\/wp-json\/wp\/v2\/pages\/11501"}],"wp:attachment":[{"href":"https:\/\/site.educa.madrid.org\/cp.cela.madrid\/index.php\/wp-json\/wp\/v2\/media?parent=1058"}],"wp:term":[{"taxonomy":"folder","embeddable":true,"href":"https:\/\/site.educa.madrid.org\/cp.cela.madrid\/index.php\/wp-json\/wp\/v2\/folder?post=1058"}],"curies":[{"name":"wp","href":"https:\/\/api.w.org\/{rel}","templated":true}]}}