{"id":11023,"date":"2026-04-10T09:04:40","date_gmt":"2026-04-10T07:04:40","guid":{"rendered":"https:\/\/site.educa.madrid.org\/cp.cela.madrid\/?page_id=11023"},"modified":"2026-05-07T13:26:14","modified_gmt":"2026-05-07T11:26:14","slug":"11023-2","status":"publish","type":"page","link":"https:\/\/site.educa.madrid.org\/cp.cela.madrid\/index.php\/servicios-2\/11023-2\/","title":{"rendered":"Cambio de Ropa"},"content":{"rendered":"<div id=\"pl-11023\"  class=\"panel-layout\" ><div id=\"pg-11023-0\"  class=\"panel-grid panel-no-style\" ><div id=\"pgc-11023-0-0\"  class=\"panel-grid-cell\" ><div id=\"panel-11023-0-0-0\" class=\"widget_text so-panel widget widget_custom_html panel-first-child panel-last-child\" data-index=\"0\" ><div class=\"textwidget custom-html-widget\"><h3 style=\"background: #0aa9af; color: #fff!important; padding: 5px 10px;\">CAMBIO DE ROPA<\/h3>\n<p align=\"justify\">Se recoge en nuestra normativa interna:<\/p>\n<b style=\"color: #0aa9af;\">Art\u00edculo 117<\/b>\n<p align=\"justify\">Naturaleza del servicio.<\/p>\n<p align=\"justify\">El servicio de cambio de ropa se ofrece a las familias o tutores legales del alumnado de Educaci\u00f3n Infantil.<\/p>\n<p align=\"justify\">El servicio es organizado y gestionado por la Asociaci\u00f3n de Madres y Padres de Alumnos (AMPA), con la colaboraci\u00f3n del centro.<\/p>\n<p align=\"justify\">El servicio permite realizar el cambio de ropa en el centro cuando el alumnado lo necesite por cualquier circunstancia, evitando la interrupci\u00f3n de la jornada escolar y la necesidad de avisar a las familias o tutores legales.<\/p>\n<b style=\"color: #0aa9af;\">Art\u00edculo 118<\/b>\n<p align=\"justify\">Requisitos para la prestaci\u00f3n del servicio.<\/p>\n<p align=\"justify\">La prestaci\u00f3n del servicio queda condicionada al cumplimiento de los siguientes requisitos:<\/p>\n\n<ul>\n \t<li style=\"color: #0aa9af; font-weight: bold;\" type=\"disc\"><span style=\"color: #000; font-weight: 300;\">La autorizaci\u00f3n escrita de las familias o tutores legales.<\/span><\/li>\n \t<li style=\"color: #0aa9af; font-weight: bold;\" type=\"disc\"><span style=\"color: #000; font-weight: 300;\">El abono de la cantidad mensual fijada por el Consejo Escolar.<\/span><\/li>\n \t<li style=\"color: #0aa9af; font-weight: bold;\" type=\"disc\"><span style=\"color: #000; font-weight: 300;\">La disponibilidad de ropa adecuada para efectuar el cambio.<\/span><\/li>\n<\/ul>\n<ul>\n \t<li style=\"list-style-type: none;\">\n<ul>\n \t<li style=\"color: #0aa9af; font-weight: bold;\" type=\"disc\"><span style=\"color: #000; font-weight: 300;\"><img decoding=\"async\" class=\"link\" src=\"https:\/\/site.educa.madrid.org\/cp.cela.madrid\/\/wp-content\/uploads\/cp.cela.madrid\/2021\/07\/link.png\" alt=\"\" width=\"15\" \/><b><a style=\"color: #2a62b7;\" href=\"https:\/\/ampadigital.es\/web-camilo-jose-cela\/inscripciones\/ficha\/2-9-otros-servcios-escolares\/py-25004853_cambio-de-ropa-1-infantil-facei\"> Informaci\u00f3n y solicitud<\/a><\/b><\/span><\/li>\n<\/ul>\n<\/li>\n<\/ul>\n&nbsp;<\/div><\/div><\/div><\/div><\/div>","protected":false},"excerpt":{"rendered":"<p>CAMBIO DE ROPA Se recoge en nuestra normativa interna: Art\u00edculo 117 Naturaleza del servicio. El servicio de cambio de ropa se ofrece a las familias o tutores legales del alumnado de Educaci\u00f3n Infantil. El servicio es organizado y gestionado por la Asociaci\u00f3n de Madres y Padres de Alumnos (AMPA), con la colaboraci\u00f3n del centro. El [&hellip;]<\/p>\n","protected":false},"author":3,"featured_media":0,"parent":11733,"menu_order":7,"comment_status":"closed","ping_status":"closed","template":"","meta":{"footnotes":""},"folder":[],"class_list":["post-11023","page","type-page","status-publish","hentry"],"rttpg_featured_image_url":null,"rttpg_author":{"display_name":"cp.cela.madrid","author_link":"https:\/\/site.educa.madrid.org\/cp.cela.madrid\/index.php\/author\/cuenta_cp-cela-madrid\/"},"rttpg_comment":0,"rttpg_category":false,"rttpg_excerpt":"CAMBIO DE ROPA Se recoge en nuestra normativa interna: Art\u00edculo 117 Naturaleza del servicio. El servicio de cambio de ropa se ofrece a las familias o tutores legales del alumnado de Educaci\u00f3n Infantil. El servicio es organizado y gestionado por la Asociaci\u00f3n de Madres y Padres de Alumnos (AMPA), con la colaboraci\u00f3n del centro. El&hellip;","post_mailing_queue_ids":[],"_links":{"self":[{"href":"https:\/\/site.educa.madrid.org\/cp.cela.madrid\/index.php\/wp-json\/wp\/v2\/pages\/11023","targetHints":{"allow":["GET"]}}],"collection":[{"href":"https:\/\/site.educa.madrid.org\/cp.cela.madrid\/index.php\/wp-json\/wp\/v2\/pages"}],"about":[{"href":"https:\/\/site.educa.madrid.org\/cp.cela.madrid\/index.php\/wp-json\/wp\/v2\/types\/page"}],"author":[{"embeddable":true,"href":"https:\/\/site.educa.madrid.org\/cp.cela.madrid\/index.php\/wp-json\/wp\/v2\/users\/3"}],"replies":[{"embeddable":true,"href":"https:\/\/site.educa.madrid.org\/cp.cela.madrid\/index.php\/wp-json\/wp\/v2\/comments?post=11023"}],"version-history":[{"count":2,"href":"https:\/\/site.educa.madrid.org\/cp.cela.madrid\/index.php\/wp-json\/wp\/v2\/pages\/11023\/revisions"}],"predecessor-version":[{"id":11025,"href":"https:\/\/site.educa.madrid.org\/cp.cela.madrid\/index.php\/wp-json\/wp\/v2\/pages\/11023\/revisions\/11025"}],"up":[{"embeddable":true,"href":"https:\/\/site.educa.madrid.org\/cp.cela.madrid\/index.php\/wp-json\/wp\/v2\/pages\/11733"}],"wp:attachment":[{"href":"https:\/\/site.educa.madrid.org\/cp.cela.madrid\/index.php\/wp-json\/wp\/v2\/media?parent=11023"}],"wp:term":[{"taxonomy":"folder","embeddable":true,"href":"https:\/\/site.educa.madrid.org\/cp.cela.madrid\/index.php\/wp-json\/wp\/v2\/folder?post=11023"}],"curies":[{"name":"wp","href":"https:\/\/api.w.org\/{rel}","templated":true}]}}