{"id":11032,"date":"2026-04-10T09:10:12","date_gmt":"2026-04-10T07:10:12","guid":{"rendered":"https:\/\/site.educa.madrid.org\/cp.cela.madrid\/?page_id=11032"},"modified":"2026-05-11T13:28:08","modified_gmt":"2026-05-11T11:28:08","slug":"11032-2","status":"publish","type":"page","link":"https:\/\/site.educa.madrid.org\/cp.cela.madrid\/index.php\/servicios-2\/11032-2\/","title":{"rendered":"Servicios Digitales"},"content":{"rendered":"<div id=\"pl-11032\"  class=\"panel-layout\" ><div id=\"pg-11032-0\"  class=\"panel-grid panel-no-style\" ><div id=\"pgc-11032-0-0\"  class=\"panel-grid-cell\" ><div id=\"panel-11032-0-0-0\" class=\"widget_text so-panel widget widget_custom_html panel-first-child panel-last-child\" data-index=\"0\" ><div class=\"textwidget custom-html-widget\"><h3 style=\"background: rgba(10, 169, 175, 0.88); color: #fff!important; padding: 4px 10px; font-size: 18px; font-weight: 500; border-radius: 10px; font-family: inherit; -webkit-font-smoothing: antialiased; -moz-osx-font-smoothing: grayscale;\">SERVICIOS DIGITALES<\/h3>\n\n<style>\nhtml {\n  scroll-behavior: smooth;\n}\n\n.servicios-digitales-base {\n  margin: 0;\n  padding: 0;\n  color: #000;\n  line-height: 1.65;\n  font-family: inherit;\n  font-size: 16px;\n  -webkit-font-smoothing: antialiased;\n  -moz-osx-font-smoothing: grayscale;\n}\n\n.servicios-digitales-base,\n.servicios-digitales-base *,\n.servicios-digitales-base *::before,\n.servicios-digitales-base *::after {\n  box-sizing: border-box;\n}\n\n.servicios-digitales-base p {\n  margin: 0 0 14px 0;\n}\n\n.servicios-digitales-base img {\n  max-width: 100%;\n  height: auto;\n  display: block;\n}\n\n.servicios-digitales-base a {\n  word-break: break-word;\n}\n\n.sd-fila-tarjeta,\n.sd-bloque-destacado,\n.sd-bloque-contenido {\n  margin: 0 0 18px 0;\n  padding: 16px 18px;\n  border-radius: 18px;\n  background: linear-gradient(135deg, rgba(10,169,175,0.14), rgba(10,169,175,0.05));\n  box-shadow: 0 8px 22px rgba(0,0,0,0.08), 0 2px 6px rgba(0,0,0,0.04);\n}\n\n.sd-bloque-libre {\n  margin: 0 0 18px 0;\n  padding: 0;\n  background: transparent;\n  box-shadow: none;\n  border-radius: 0;\n}\n\n.sd-fila-2 {\n  display: flex;\n  gap: 20px;\n  align-items: stretch;\n}\n\n.sd-col-50 {\n  width: 50%;\n}\n\n.sd-col-texto {\n  display: flex;\n  align-items: center;\n}\n\n.sd-col-imagen a,\n.sd-marco-imagen a {\n  display: block;\n  width: 100%;\n}\n\n.sd-col-imagen img {\n  width: 100%;\n  border-radius: 14px;\n  cursor: zoom-in;\n}\n\n.sd-titulo-bloque {\n  color: #0aa9af;\n  font-weight: 700;\n  margin: 0 0 12px 0;\n  font-family: inherit;\n}\n\n.sd-lista {\n  margin: 0 0 14px 0;\n  padding-left: 22px;\n}\n\n.sd-lista li {\n  color: #0aa9af;\n  font-weight: bold;\n  margin-bottom: 8px;\n  text-align: justify;\n  font-family: inherit;\n}\n\n.sd-lista li span {\n  color: #000;\n  font-weight: 300;\n  font-family: inherit;\n}\n\n.sd-marco-imagen {\n  margin: 14px 0 18px 0;\n  padding: 10px;\n  border-radius: 18px;\n  background: linear-gradient(135deg, rgba(10,169,175,0.10), rgba(10,169,175,0.04));\n  box-shadow: 0 8px 22px rgba(0,0,0,0.08), 0 2px 6px rgba(0,0,0,0.04);\n}\n\n.sd-marco-imagen img {\n  width: 100%;\n  max-width: 1200px;\n  margin: 0 auto;\n  border-radius: 12px;\n  cursor: zoom-in;\n}\n\n.sd-rejilla-documentos {\n  display: grid;\n  grid-template-columns: repeat(2, minmax(0, 1fr));\n  gap: 14px;\n  margin: 12px 0 18px 0;\n}\n\n.sd-boton-documento {\n  display: flex;\n  align-items: center;\n  gap: 10px;\n  padding: 14px 16px;\n  border-radius: 14px;\n  background: linear-gradient(135deg, rgba(10,169,175,0.18), rgba(10,169,175,0.07));\n  box-shadow: 0 6px 18px rgba(10,169,175,0.12), 0 2px 6px rgba(0,0,0,0.05);\n  text-decoration: none;\n  transition: all 0.25s ease;\n}\n\n.sd-boton-documento:hover {\n  transform: translateY(-2px);\n  box-shadow: 0 10px 24px rgba(10,169,175,0.18), 0 4px 10px rgba(0,0,0,0.08);\n}\n\n.sd-boton-documento img {\n  width: 15px;\n  height: auto;\n  display: block;\n  flex: 0 0 auto;\n}\n\n.sd-boton-documento span {\n  color: #2a62b7;\n  font-weight: 400;\n  line-height: 1.35;\n  font-family: inherit;\n}\n\n.sd-rejilla-tarjetas {\n  display: grid;\n  grid-template-columns: repeat(3, minmax(0, 1fr));\n  gap: 16px;\n  margin: 12px 0 18px 0;\n}\n\n.sd-tarjeta {\n  padding: 16px;\n  border-radius: 18px;\n  background: #fff;\n  border-top: 4px solid #0aa9af;\n  box-shadow: 0 8px 24px rgba(0,0,0,0.08), 0 2px 6px rgba(0,0,0,0.05);\n}\n\n.sd-tarjeta h4 {\n  margin: 0 0 10px 0;\n  color: #0aa9af;\n  font-size: 17px;\n  line-height: 1.3;\n  font-weight: 700;\n  font-family: inherit;\n}\n\n.sd-tarjeta-subapartado {\n  margin: 12px 0 16px 0;\n  padding: 14px 16px;\n  border-radius: 16px;\n  background: #fff;\n  border-top: 4px solid #0aa9af;\n  box-shadow:\n    0 8px 22px rgba(0,0,0,0.07),\n    0 2px 6px rgba(0,0,0,0.04);\n}\n\n.sd-tarjeta-subapartado h4 {\n  margin: 0 0 10px 0;\n  color: #0aa9af;\n  font-size: 17px;\n  line-height: 1.3;\n  font-weight: 700;\n  font-family: inherit;\n}\n\n.sd-enlace {\n  color: #2a62b7 !important;\n  text-decoration: none;\n}\n\n.sd-enlace:hover {\n  text-decoration: underline;\n}\n\n\/* LIGHTBOX *\/\n.lightbox-sd {\n  position: fixed;\n  inset: 0;\n  background: rgba(0,0,0,0.88);\n  display: none;\n  z-index: 9999;\n}\n\n.lightbox-sd:target {\n  display: block;\n}\n\n.lightbox-sd .cerrar-lightbox-sd {\n  position: absolute;\n  inset: 0;\n  cursor: zoom-out;\n}\n\n.lightbox-sd img {\n  position: absolute;\n  top: 50%;\n  left: 50%;\n  transform: translate(-50%,-50%);\n  max-width: 92%;\n  max-height: 92%;\n  box-shadow: 0 0 25px rgba(0,0,0,0.6);\n  pointer-events: none;\n  border-radius: 10px;\n}\n\n\/* ACORDE\u00d3N *\/\n.acordeon-sd details {\n  margin-bottom: 10px;\n  border: none;\n  border-radius: 12px;\n  overflow: hidden;\n  background: #fff;\n  box-shadow: 0 6px 18px rgba(0,0,0,0.06), 0 2px 6px rgba(0,0,0,0.04);\n}\n\n.acordeon-sd summary {\n  list-style: none;\n  cursor: pointer;\n  background: #0aa9af;\n  color: #fff;\n  padding: 14px 16px;\n  position: relative;\n  font-weight: 400;\n  font-family: inherit;\n  transition: background 0.25s ease;\n}\n\n.acordeon-sd summary::-webkit-details-marker {\n  display: none;\n}\n\n.acordeon-sd summary:hover {\n  background: #088f94;\n}\n\n.acordeon-sd details[open] summary {\n  background: linear-gradient(135deg, #0aa9af, #43c4c8);\n}\n\n.acordeon-sd summary .texto-summary-sd {\n  display: inline-block;\n  transition: transform 0.22s ease;\n}\n\n.acordeon-sd summary:hover .texto-summary-sd {\n  transform: translateX(4px);\n}\n\n.acordeon-sd summary::after {\n  content: \"+\";\n  position: absolute;\n  right: 16px;\n  top: 50%;\n  transform: translateY(-50%);\n  font-size: 20px;\n  font-weight: 400;\n}\n\n.acordeon-sd details[open] summary::after {\n  content: \"\u2013\";\n}\n\n.contenido-acordeon-sd {\n  padding: 12px 14px 10px 14px;\n  background: #fff;\n}\n\n@media (max-width: 768px) {\n  .sd-fila-2 {\n    flex-direction: column;\n  }\n\n  .sd-col-50 {\n    width: 100%;\n  }\n\n  .sd-col-texto {\n    display: block;\n  }\n\n  .sd-rejilla-documentos,\n  .sd-rejilla-tarjetas {\n    grid-template-columns: 1fr;\n  }\n\n  .sd-fila-tarjeta,\n  .sd-bloque-destacado,\n  .sd-bloque-contenido,\n  .sd-tarjeta,\n  .sd-tarjeta-subapartado {\n    padding-left: 14px;\n    padding-right: 14px;\n  }\n}\n<\/style>\n\n<div class=\"servicios-digitales-base\">\n\n  <div id=\"ancla-sd-1\" class=\"sd-fila-tarjeta\">\n    <div class=\"sd-fila-2\">\n      <div class=\"sd-col-50 sd-col-imagen\">\n        <a href=\"#img-sd-1\">\n          <img decoding=\"async\" src=\"https:\/\/site.educa.madrid.org\/cp.cela.madrid\/\/wp-content\/uploads\/cp.cela.madrid\/2026\/05\/infografiaserviciosdigitales1.png\" alt=\"Infograf\u00eda de servicios digitales\">\n        <\/a>\n      <\/div>\n\n      <div class=\"sd-col-50 sd-col-texto\">\n        <div>\n          <p align=\"justify\">Desde el centro se gestionan tres servicios digitales diferenciados:<\/p>\n\n          <ul class=\"sd-lista\">\n            <li type=\"disc\"><span>Plataforma Ra\u00edces y aplicaci\u00f3n Roble.<\/span><\/li>\n            <li type=\"disc\"><span>Portal Educamadrid.<\/span><\/li>\n            <li type=\"disc\"><span>Libros digitales del alumnado.<\/span><\/li>\n          <\/ul>\n\n          <p align=\"justify\">Estos recursos contribuyen a mejorar la comunicaci\u00f3n con las familias o tutores legales, optimizar la gesti\u00f3n acad\u00e9mica y reforzar el proceso de ense\u00f1anza-aprendizaje.<\/p>\n          <p align=\"justify\">En el centro, los libros de texto son en formato papel. No obstante, el acceso a los libros digitales facilita el trabajo en casa y el seguimiento de tareas.<\/p>\n        <\/div>\n      <\/div>\n    <\/div>\n  <\/div>\n\n  <div id=\"img-sd-1\" class=\"lightbox-sd\">\n    <a href=\"#ancla-sd-1\" class=\"cerrar-lightbox-sd\"><\/a>\n    <img decoding=\"async\" src=\"https:\/\/site.educa.madrid.org\/cp.cela.madrid\/\/wp-content\/uploads\/cp.cela.madrid\/2026\/05\/infografiaserviciosdigitales1.png\" alt=\"Infograf\u00eda de servicios digitales ampliada\">\n  <\/div>\n\n  <div class=\"sd-bloque-libre\">\n    <b class=\"sd-titulo-bloque\">Acceso a los servicios<\/b>\n\n    <p align=\"justify\">Las familias o tutores legales necesitar\u00e1n acceder a los tres servicios. Cada servicio dispone de usuario y contrase\u00f1a propios. Las contrase\u00f1as son generadas por los propios usuarios, por lo que, si se desea, pueden coincidir.<\/p>\n\n    <p align=\"justify\">En Ra\u00edces\/Roble existir\u00e1 un acceso diferenciado para cada progenitor o tutor legal. En Educamadrid y libros digitales, el usuario corresponde al alumnado; dado que es menor de edad, su uso debe realizarse bajo supervisi\u00f3n de las familias o tutores legales.<\/p>\n\n    <p align=\"justify\">La primera vez, el usuario y la contrase\u00f1a ser\u00e1n enviados por correo electr\u00f3nico desde el centro. Es imprescindible conservar ese correo, ya que:<\/p>\n\n    <ul class=\"sd-lista\">\n      <li type=\"disc\"><span>El nombre de usuario es permanente.<\/span><\/li>\n      <li type=\"disc\"><span>Ser\u00e1 necesario para la recuperaci\u00f3n de contrase\u00f1as.<\/span><\/li>\n    <\/ul>\n\n    <p align=\"justify\">Para poder recuperar la contrase\u00f1a de forma aut\u00f3noma, es necesario registrar previamente un correo electr\u00f3nico de recuperaci\u00f3n dentro de cada plataforma. Si se pierde el acceso, se podr\u00e1 solicitar al centro el env\u00edo del usuario y una nueva contrase\u00f1a mediante <a class=\"sd-enlace\" href=\"https:\/\/site.educa.madrid.org\/cp.cela.madrid\/index.php\/secretaria\/gestiones-en-linea\/formulario-para-pedir-nueva-contrasena-en-las-aplicaciones-raices-roble-y-educamadrid\/\">el formulario<\/a> habilitado para este fin.<\/p>\n  <\/div>\n\n  <div id=\"ancla-sd-2\" class=\"sd-marco-imagen\">\n    <a href=\"#img-sd-2\">\n      <img decoding=\"async\" src=\"https:\/\/site.educa.madrid.org\/cp.cela.madrid\/\/wp-content\/uploads\/cp.cela.madrid\/2026\/05\/infografiaserviciosdigitales2.png\" alt=\"Infograf\u00eda de acceso a servicios digitales\">\n    <\/a>\n  <\/div>\n\n  <div id=\"img-sd-2\" class=\"lightbox-sd\">\n    <a href=\"#ancla-sd-2\" class=\"cerrar-lightbox-sd\"><\/a>\n    <img decoding=\"async\" src=\"https:\/\/site.educa.madrid.org\/cp.cela.madrid\/\/wp-content\/uploads\/cp.cela.madrid\/2026\/05\/infografiaserviciosdigitales2.png\" alt=\"Infograf\u00eda de acceso a servicios digitales ampliada\">\n  <\/div>\n\n  <div class=\"sd-bloque-contenido\">\n    <b class=\"sd-titulo-bloque\">Plataforma Ra\u00edces \/ Roble<\/b>\n\n    <p align=\"justify\">La plataforma Ra\u00edces (<a class=\"sd-enlace\" href=\"https:\/\/raices.madrid.org\/raiz_app\/jsp\/portal\/portalraices.html\" target=\"_blank\" rel=\"noopener\">enlace web<\/a>) y la aplicaci\u00f3n Roble (versi\u00f3n m\u00f3vil, se instala la app) son los canales oficiales de comunicaci\u00f3n entre el centro y las familias o tutores legales durante toda la escolarizaci\u00f3n obligatoria.<\/p>\n\n    <p align=\"justify\">Se accede con el usuario y contrase\u00f1a proporcionados por el centro.<\/p>\n\n    <div class=\"sd-tarjeta-subapartado\">\n      <h4>Configuraci\u00f3n inicial obligatoria<\/h4>\n\n      <p align=\"justify\">Una vez dentro, se accede a \u201cMis datos\u201d para:<\/p>\n\n      <ul class=\"sd-lista\">\n        <li type=\"disc\"><span>Validar la contrase\u00f1a.<\/span><\/li>\n        <li type=\"disc\"><span>Introducir o actualizar correo electr\u00f3nico y tel\u00e9fono.<\/span><\/li>\n        <li type=\"disc\"><span>Registrar un correo de recuperaci\u00f3n.<\/span><\/li>\n        <li type=\"disc\"><span>Activar las notificaciones deseadas.<\/span><\/li>\n      <\/ul>\n    <\/div>\n\n    <div class=\"sd-tarjeta-subapartado\">\n      <h4>Funcionalidades principales<\/h4>\n\n      <p align=\"justify\">A trav\u00e9s de Ra\u00edces\/Roble se puede acceder a:<\/p>\n\n      <ul class=\"sd-lista\">\n        <li type=\"disc\"><span>Agenda personal: reuniones, entrevistas, actividades complementarias, evaluaciones.<\/span><\/li>\n        <li type=\"disc\"><span>Novedades y notificaciones: faltas, observaciones, tareas.<\/span><\/li>\n        <li type=\"disc\"><span>Seguimiento acad\u00e9mico: horario, calificaciones, faltas, expediente.<\/span><\/li>\n        <li type=\"disc\"><span>Comunicaciones: env\u00edo y recepci\u00f3n de mensajes seguros.<\/span><\/li>\n        <li type=\"disc\"><span>Datos personales: actualizaci\u00f3n de informaci\u00f3n de contacto.<\/span><\/li>\n      <\/ul>\n    <\/div>\n\n    <p align=\"justify\">El uso habitual de esta plataforma es fundamental para garantizar una comunicaci\u00f3n fluida y eficaz con el centro.<\/p>\n\n    <div class=\"sd-tarjeta-subapartado\">\n      <h4>Enlaces de inter\u00e9s para aprender su uso<\/h4>\n\n      <div class=\"sd-rejilla-documentos\">\n        <a class=\"sd-boton-documento\" href=\"https:\/\/mediateca.educa.madrid.org\/video\/yr8sm9gpvc2t9mei\" target=\"_blank\" rel=\"noopener\">\n          <img decoding=\"async\" src=\"https:\/\/site.educa.madrid.org\/cp.cela.madrid\/\/wp-content\/uploads\/cp.cela.madrid\/2021\/07\/link.png\" alt=\"\">\n          <span>Conociendo Ra\u00edces (web ordenador) (v\u00eddeo)<\/span>\n        <\/a>\n\n        <a class=\"sd-boton-documento\" href=\"https:\/\/mediateca.educa.madrid.org\/video\/r2g7roewb9dk9ahn\" target=\"_blank\" rel=\"noopener\">\n          <img decoding=\"async\" src=\"https:\/\/site.educa.madrid.org\/cp.cela.madrid\/\/wp-content\/uploads\/cp.cela.madrid\/2021\/07\/link.png\" alt=\"\">\n          <span>Conociendo Roble (app m\u00f3vil) (v\u00eddeo)<\/span>\n        <\/a>\n\n        <a class=\"sd-boton-documento\" href=\"https:\/\/mediateca.educa.madrid.org\/video\/kokjgepajfvxd1at?jwsource=cl\" target=\"_blank\" rel=\"noopener\">\n          <img decoding=\"async\" src=\"https:\/\/site.educa.madrid.org\/cp.cela.madrid\/\/wp-content\/uploads\/cp.cela.madrid\/2021\/07\/link.png\" alt=\"\">\n          <span>Suscribirse a los avisos del centro RA\u00cdCES (v\u00eddeo)<\/span>\n        <\/a>\n\n        <a class=\"sd-boton-documento\" href=\"https:\/\/mediateca.educa.madrid.org\/video\/49ktsi8bbp42n6v5\" target=\"_blank\" rel=\"noopener\">\n          <img decoding=\"async\" src=\"https:\/\/site.educa.madrid.org\/cp.cela.madrid\/\/wp-content\/uploads\/cp.cela.madrid\/2021\/07\/link.png\" alt=\"\">\n          <span>Gesti\u00f3n de faltas de asistencia RA\u00cdCES (v\u00eddeo)<\/span>\n        <\/a>\n\n        <a class=\"sd-boton-documento\" href=\"https:\/\/mediateca.educa.madrid.org\/video\/q38okxzr2upso5gy\" target=\"_blank\" rel=\"noopener\">\n          <img decoding=\"async\" src=\"https:\/\/site.educa.madrid.org\/cp.cela.madrid\/\/wp-content\/uploads\/cp.cela.madrid\/2021\/07\/link.png\" alt=\"\">\n          <span>Justificar y comunicar ausencias ROBLE (v\u00eddeo)<\/span>\n        <\/a>\n\n        <a class=\"sd-boton-documento\" href=\"https:\/\/mediateca.educa.madrid.org\/video\/15nffyd94mjjzmk7\" target=\"_blank\" rel=\"noopener\">\n          <img decoding=\"async\" src=\"https:\/\/site.educa.madrid.org\/cp.cela.madrid\/\/wp-content\/uploads\/cp.cela.madrid\/2021\/07\/link.png\" alt=\"\">\n          <span>Comunicaci\u00f3n con familias RA\u00cdCES (v\u00eddeo)<\/span>\n        <\/a>\n\n        <a class=\"sd-boton-documento\" href=\"https:\/\/mediateca.educa.madrid.org\/video\/nz6pjdd67rkm8jlv\" target=\"_blank\" rel=\"noopener\">\n          <img decoding=\"async\" src=\"https:\/\/site.educa.madrid.org\/cp.cela.madrid\/\/wp-content\/uploads\/cp.cela.madrid\/2021\/07\/link.png\" alt=\"\">\n          <span>Seguimiento acad\u00e9mico RA\u00cdCES (v\u00eddeo)<\/span>\n        <\/a>\n      <\/div>\n    <\/div>\n  <\/div>\n\n  <div class=\"sd-bloque-contenido\">\n    <b class=\"sd-titulo-bloque\">Portal Educamadrid<\/b>\n\n    <p align=\"justify\">El acceso se realiza a trav\u00e9s del <a class=\"sd-enlace\" href=\"https:\/\/www.educa2.madrid.org\/educamadrid\/\" target=\"_blank\" rel=\"noopener\">portal oficial<\/a>, en el apartado \u201cWeb y usuarios\u201d.<\/p>\n\n    <p align=\"justify\">Tras el primer acceso:<\/p>\n\n    <ul class=\"sd-lista\">\n      <li type=\"disc\"><span>Entrar en \u201cMi cuenta\u201d.<\/span><\/li>\n      <li type=\"disc\"><span>Actualizar datos personales.<\/span><\/li>\n      <li type=\"disc\"><span>Registrar un correo adicional para recuperaci\u00f3n de contrase\u00f1a.<\/span><\/li>\n    <\/ul>\n\n    <p align=\"justify\">El usuario de Educamadrid corresponde al alumnado.<\/p>\n\n    <p align=\"justify\"><strong style=\"color:#0aa9af;\">Servicios disponibles:<\/strong><\/p>\n\n    <div class=\"sd-rejilla-tarjetas\">\n      <div class=\"sd-tarjeta\">\n        <h4>Aula Virtual<\/h4>\n        <p align=\"justify\">Herramienta complementaria a la ense\u00f1anza presencial que favorece el proceso de ense\u00f1anza-aprendizaje.<\/p>\n        <ul class=\"sd-lista\">\n          <li type=\"disc\"><span>Publicaci\u00f3n de materiales.<\/span><\/li>\n          <li type=\"disc\"><span>Entrega de tareas.<\/span><\/li>\n          <li type=\"disc\"><span>Videoconferencias.<\/span><\/li>\n          <li type=\"disc\"><span>Seguimiento de actividades.<\/span><\/li>\n        <\/ul>\n      <\/div>\n\n      <div class=\"sd-tarjeta\">\n        <h4>Mediateca<\/h4>\n        <p align=\"justify\">Espacio seguro para almacenar y compartir v\u00eddeos, im\u00e1genes y audios.<\/p>\n        <p align=\"justify\">El acceso al material publicado en la web requiere iniciar sesi\u00f3n con usuario Educamadrid.<\/p>\n      <\/div>\n\n      <div class=\"sd-tarjeta\">\n        <h4>Cloud (Nube)<\/h4>\n        <p align=\"justify\">Espacio de almacenamiento seguro para archivos.<\/p>\n        <p align=\"justify\">Permite compartir documentos evitando el uso de dispositivos externos y favoreciendo la protecci\u00f3n de datos.<\/p>\n      <\/div>\n    <\/div>\n  <\/div>\n\n  <div class=\"sd-bloque-libre\">\n    <b class=\"sd-titulo-bloque\">Libros digitales<\/b>\n\n    <p align=\"justify\">El acceso a los libros digitales facilita el trabajo aut\u00f3nomo del alumnado en casa y complementa los materiales en papel utilizados en el centro.<\/p>\n   \n\n    <b class=\"sd-titulo-bloque\">Seguridad y responsabilidad<\/b>\n\n    <p align=\"justify\">El uso de los servicios digitales debe realizarse:<\/p>\n\n    <ul class=\"sd-lista\">\n      <li type=\"disc\"><span>Con respeto a la normativa de protecci\u00f3n de datos.<\/span><\/li>\n      <li type=\"disc\"><span>Bajo la supervisi\u00f3n de las familias o tutores legales cuando el usuario sea el alumnado.<\/span><\/li>\n      <li type=\"disc\"><span>Siguiendo las indicaciones del profesorado y del centro.<\/span><\/li>\n    <\/ul>\n\n    <p align=\"justify\">Estos servicios forman parte del compromiso del centro con la digitalizaci\u00f3n educativa, la mejora del proceso de ense\u00f1anza-aprendizaje y el fortalecimiento de la comunicaci\u00f3n con la comunidad educativa.<\/p>\n  <\/div>\n\n  <div class=\"acordeon-sd\">\n    <details>\n      <summary><span class=\"texto-summary-sd\">Normativa servicios digitales<\/span><\/summary>\n      <div class=\"contenido-acordeon-sd\">\n        <b style=\"color: #0aa9af;\">Art\u00edculo 119<\/b>\n        <p align=\"justify\">Procedimientos relacionados con los servicios digitales.<\/p>\n\n        <p align=\"justify\">Con el fin de avanzar en el proceso de digitalizaci\u00f3n del centro y optimizar el uso de los servicios y aplicaciones proporcionados por la Consejer\u00eda de Educaci\u00f3n, las familias o tutores legales colaboran mediante el cumplimiento de los siguientes procedimientos:<\/p>\n\n        <ol class=\"sd-lista\">\n          <li type=\"a\"><span>Se facilita al centro, en el proceso de matriculaci\u00f3n, una direcci\u00f3n de correo electr\u00f3nico de contacto de uso habitual.<\/span><\/li>\n          <li type=\"a\"><span>Se recomienda solicitar, en el momento de la matr\u00edcula, usuario y contrase\u00f1a para el acceso a la plataforma RA\u00cdCES (versi\u00f3n web) o a la aplicaci\u00f3n ROBLE (versi\u00f3n m\u00f3vil). Esta herramienta permite la comunicaci\u00f3n directa con la tutor\u00eda, el acceso a informaci\u00f3n acad\u00e9mica y el seguimiento del proceso educativo del alumnado.<\/span><\/li>\n          <li type=\"a\"><span>Se recomienda solicitar, a partir de Tercero de primaria, usuario y contrase\u00f1a para el acceso a los servicios del portal EDUCAMADRID. Esta plataforma ofrece acceso a servicios como espacios web, aula virtual, mediateca, nube y biblioteca digital, contribuyendo a la digitalizaci\u00f3n de la ense\u00f1anza y al cumplimiento de la normativa de protecci\u00f3n de datos mediante el acceso restringido a contenidos.<\/span><\/li>\n          <li type=\"a\"><span>Se presta especial atenci\u00f3n a la generaci\u00f3n, almacenamiento y recuperaci\u00f3n segura de las contrase\u00f1as. En la p\u00e1gina web del centro se facilita la informaci\u00f3n necesaria para realizar dichos procedimientos.<\/span><\/li>\n        <\/ol>\n      <\/div>\n    <\/details>\n  <\/div>\n\n<\/div><\/div><\/div><\/div><\/div><\/div>","protected":false},"excerpt":{"rendered":"<p>SERVICIOS DIGITALES Desde el centro se gestionan tres servicios digitales diferenciados: Plataforma Ra\u00edces y aplicaci\u00f3n Roble. Portal Educamadrid. Libros digitales del alumnado. Estos recursos contribuyen a mejorar la comunicaci\u00f3n con las familias o tutores legales, optimizar la gesti\u00f3n acad\u00e9mica y reforzar el proceso de ense\u00f1anza-aprendizaje. En el centro, los libros de texto son en formato [&hellip;]<\/p>\n","protected":false},"author":3,"featured_media":0,"parent":11733,"menu_order":2,"comment_status":"closed","ping_status":"closed","template":"","meta":{"footnotes":""},"folder":[],"class_list":["post-11032","page","type-page","status-publish","hentry"],"rttpg_featured_image_url":null,"rttpg_author":{"display_name":"cp.cela.madrid","author_link":"https:\/\/site.educa.madrid.org\/cp.cela.madrid\/index.php\/author\/cuenta_cp-cela-madrid\/"},"rttpg_comment":0,"rttpg_category":false,"rttpg_excerpt":"SERVICIOS DIGITALES Desde el centro se gestionan tres servicios digitales diferenciados: Plataforma Ra\u00edces y aplicaci\u00f3n Roble. Portal Educamadrid. Libros digitales del alumnado. Estos recursos contribuyen a mejorar la comunicaci\u00f3n con las familias o tutores legales, optimizar la gesti\u00f3n acad\u00e9mica y reforzar el proceso de ense\u00f1anza-aprendizaje. En el centro, los libros de texto son en formato&hellip;","post_mailing_queue_ids":[],"_links":{"self":[{"href":"https:\/\/site.educa.madrid.org\/cp.cela.madrid\/index.php\/wp-json\/wp\/v2\/pages\/11032","targetHints":{"allow":["GET"]}}],"collection":[{"href":"https:\/\/site.educa.madrid.org\/cp.cela.madrid\/index.php\/wp-json\/wp\/v2\/pages"}],"about":[{"href":"https:\/\/site.educa.madrid.org\/cp.cela.madrid\/index.php\/wp-json\/wp\/v2\/types\/page"}],"author":[{"embeddable":true,"href":"https:\/\/site.educa.madrid.org\/cp.cela.madrid\/index.php\/wp-json\/wp\/v2\/users\/3"}],"replies":[{"embeddable":true,"href":"https:\/\/site.educa.madrid.org\/cp.cela.madrid\/index.php\/wp-json\/wp\/v2\/comments?post=11032"}],"version-history":[{"count":6,"href":"https:\/\/site.educa.madrid.org\/cp.cela.madrid\/index.php\/wp-json\/wp\/v2\/pages\/11032\/revisions"}],"predecessor-version":[{"id":11745,"href":"https:\/\/site.educa.madrid.org\/cp.cela.madrid\/index.php\/wp-json\/wp\/v2\/pages\/11032\/revisions\/11745"}],"up":[{"embeddable":true,"href":"https:\/\/site.educa.madrid.org\/cp.cela.madrid\/index.php\/wp-json\/wp\/v2\/pages\/11733"}],"wp:attachment":[{"href":"https:\/\/site.educa.madrid.org\/cp.cela.madrid\/index.php\/wp-json\/wp\/v2\/media?parent=11032"}],"wp:term":[{"taxonomy":"folder","embeddable":true,"href":"https:\/\/site.educa.madrid.org\/cp.cela.madrid\/index.php\/wp-json\/wp\/v2\/folder?post=11032"}],"curies":[{"name":"wp","href":"https:\/\/api.w.org\/{rel}","templated":true}]}}