{"id":176,"date":"2021-07-27T13:06:55","date_gmt":"2021-07-27T13:06:55","guid":{"rendered":"https:\/\/site.educa.madrid.org\/cp.cela.madrid\/?page_id=176"},"modified":"2026-04-20T16:19:37","modified_gmt":"2026-04-20T14:19:37","slug":"secretaria","status":"publish","type":"page","link":"https:\/\/site.educa.madrid.org\/cp.cela.madrid\/index.php\/secretaria\/","title":{"rendered":"Secretar\u00eda"},"content":{"rendered":"<div id=\"pl-gb176-6a035c562ade1\"  class=\"panel-layout panel-layout\" ><div id=\"pg-gb176-6a035c562ade1-0\"  class=\"panel-grid panel-no-style\"  data-style=\"{&quot;background_image_attachment&quot;:false,&quot;background_display&quot;:&quot;tile&quot;,&quot;full_height&quot;:&quot;&quot;,&quot;cell_alignment&quot;:&quot;flex-start&quot;,&quot;link_overlay_new_window&quot;:&quot;&quot;}\" ><div id=\"pgc-gb176-6a035c562ade1-0-0\"  class=\"panel-grid-cell\"  data-weight=\"1\" ><div id=\"panel-gb176-6a035c562ade1-0-0-0\" class=\"so-panel widget widget_text panel-first-child panel-last-child\" data-index=\"0\" data-style=\"{&quot;background_image_attachment&quot;:false,&quot;background_display&quot;:&quot;tile&quot;,&quot;link_overlay_new_window&quot;:&quot;&quot;}\" >\t\t\t<div class=\"textwidget\"><h3 style=\"background: #22B573;\n    color: #fff!important;\n    padding: 5px 10px;\">SECRETAR\u00cdA<\/h3>\n<\/div>\n\t\t<\/div><\/div><\/div><div id=\"pg-gb176-6a035c562ade1-1\"  class=\"panel-grid panel-no-style\"  data-style=\"{&quot;background_image_attachment&quot;:false,&quot;background_display&quot;:&quot;tile&quot;,&quot;full_height&quot;:&quot;&quot;,&quot;cell_alignment&quot;:&quot;flex-start&quot;,&quot;link_overlay_new_window&quot;:&quot;&quot;}\" ><div id=\"pgc-gb176-6a035c562ade1-1-0\"  class=\"panel-grid-cell\"  data-weight=\"0.25\" ><div id=\"panel-gb176-6a035c562ade1-1-0-0\" class=\"so-panel widget widget_sow-image panel-first-child panel-last-child\" data-index=\"1\" data-style=\"{&quot;background_image_attachment&quot;:false,&quot;background_display&quot;:&quot;tile&quot;,&quot;background_image_size&quot;:&quot;full&quot;,&quot;background_image_opacity&quot;:&quot;100&quot;,&quot;border_thickness&quot;:&quot;1px&quot;,&quot;link_overlay_new_window&quot;:&quot;&quot;}\" ><div\n\t\t\t\n\t\t\tclass=\"so-widget-sow-image so-widget-sow-image-default-46c7616ffdb5\"\n\t\t\t\n\t\t>\n\n<div class=\"sow-image-container\">\n\t\t<img loading=\"lazy\" decoding=\"async\" src=\"https:\/\/site.educa.madrid.org\/cp.cela.madrid\/\/wp-content\/uploads\/cp.cela.madrid\/2026\/03\/solicitud.png\" width=\"1536\" height=\"1024\" srcset=\"https:\/\/site.educa.madrid.org\/cp.cela.madrid\/\/wp-content\/uploads\/cp.cela.madrid\/2026\/03\/solicitud.png 1536w, https:\/\/site.educa.madrid.org\/cp.cela.madrid\/\/wp-content\/uploads\/cp.cela.madrid\/2026\/03\/solicitud-300x200.png 300w, https:\/\/site.educa.madrid.org\/cp.cela.madrid\/\/wp-content\/uploads\/cp.cela.madrid\/2026\/03\/solicitud-1024x683.png 1024w, https:\/\/site.educa.madrid.org\/cp.cela.madrid\/\/wp-content\/uploads\/cp.cela.madrid\/2026\/03\/solicitud-768x512.png 768w, https:\/\/site.educa.madrid.org\/cp.cela.madrid\/\/wp-content\/uploads\/cp.cela.madrid\/2026\/03\/solicitud-391x260.png 391w, https:\/\/site.educa.madrid.org\/cp.cela.madrid\/\/wp-content\/uploads\/cp.cela.madrid\/2026\/03\/solicitud-272x182.png 272w, https:\/\/site.educa.madrid.org\/cp.cela.madrid\/\/wp-content\/uploads\/cp.cela.madrid\/2026\/03\/solicitud-360x240.png 360w\" sizes=\"auto, (max-width: 1536px) 100vw, 1536px\" alt=\"\" \t\tclass=\"so-widget-image\"\/>\n\t<\/div>\n\n<\/div><\/div><\/div><div id=\"pgc-gb176-6a035c562ade1-1-1\"  class=\"panel-grid-cell\"  data-weight=\"0.75\" ><div id=\"panel-gb176-6a035c562ade1-1-1-0\" class=\"so-panel widget widget_text panel-first-child\" data-index=\"2\" data-style=\"{&quot;background_image_attachment&quot;:false,&quot;background_display&quot;:&quot;tile&quot;,&quot;background_image_size&quot;:&quot;full&quot;,&quot;background_image_opacity&quot;:&quot;100&quot;,&quot;border_thickness&quot;:&quot;1px&quot;,&quot;link_overlay_new_window&quot;:&quot;&quot;}\" >\t\t\t<div class=\"textwidget\"><h4 style=\"color: #0a9a59;\">Admisi\u00f3n: Solicitud de Plaza<\/h4>\n<p align=\"justify\">Para formalizar la matr\u00edcula en nuestro centro es imprescindible tener plaza previamente asignada a trav\u00e9s del proceso oficial de admisi\u00f3n. El periodo ordinario de solicitud de plaza se desarrolla habitualmente entre la segunda quincena de marzo y la primera de abril. Fuera de este plazo, la solicitud solo podr\u00e1 realizarse en periodo extraordinario, siempre que existan vacantes disponibles en el centro.<\/p>\n<\/div>\n\t\t<\/div><div id=\"panel-gb176-6a035c562ade1-1-1-1\" class=\"so-panel widget widget_sow-button panel-last-child\" data-index=\"3\" data-style=\"{&quot;background_image_attachment&quot;:false,&quot;background_display&quot;:&quot;tile&quot;,&quot;background_image_size&quot;:&quot;full&quot;,&quot;background_image_opacity&quot;:&quot;100&quot;,&quot;border_thickness&quot;:&quot;1px&quot;,&quot;link_overlay_new_window&quot;:&quot;&quot;}\" ><div\n\t\t\t\n\t\t\tclass=\"so-widget-sow-button so-widget-sow-button-flat-eee342f5130d\"\n\t\t\t\n\t\t><div class=\"ow-button-base ow-button-align-right\">\n\t<a\n\thref=\"https:\/\/site.educa.madrid.org\/cp.cela.madrid\/index.php\/secretaria\/admision-solicitud-plaza\/\"\n\t\tclass=\"ow-icon-placement-right ow-button-hover\" \t>\n\t\t<span>\n\t\t\t\n\t\t\tLeer m\u00e1s\t\t<\/span>\n\t<\/a>\n<\/div>\n<\/div><\/div><\/div><\/div><div id=\"pg-gb176-6a035c562ade1-2\"  class=\"panel-grid panel-no-style\"  data-style=\"{&quot;background_image_attachment&quot;:false,&quot;background_display&quot;:&quot;tile&quot;,&quot;full_height&quot;:&quot;&quot;,&quot;cell_alignment&quot;:&quot;flex-start&quot;,&quot;link_overlay_new_window&quot;:&quot;&quot;}\" ><div id=\"pgc-gb176-6a035c562ade1-2-0\"  class=\"panel-grid-cell\"  data-weight=\"0.25\" ><div id=\"panel-gb176-6a035c562ade1-2-0-0\" class=\"so-panel widget widget_sow-image panel-first-child panel-last-child\" data-index=\"4\" data-style=\"{&quot;background_image_attachment&quot;:false,&quot;background_display&quot;:&quot;tile&quot;,&quot;background_image_size&quot;:&quot;full&quot;,&quot;background_image_opacity&quot;:&quot;100&quot;,&quot;border_thickness&quot;:&quot;1px&quot;,&quot;link_overlay_new_window&quot;:&quot;&quot;}\" ><div\n\t\t\t\n\t\t\tclass=\"so-widget-sow-image so-widget-sow-image-default-46c7616ffdb5\"\n\t\t\t\n\t\t>\n\n<div class=\"sow-image-container\">\n\t\t<img loading=\"lazy\" decoding=\"async\" src=\"https:\/\/site.educa.madrid.org\/cp.cela.madrid\/\/wp-content\/uploads\/cp.cela.madrid\/2026\/03\/matricula.png\" width=\"1536\" height=\"1024\" srcset=\"https:\/\/site.educa.madrid.org\/cp.cela.madrid\/\/wp-content\/uploads\/cp.cela.madrid\/2026\/03\/matricula.png 1536w, https:\/\/site.educa.madrid.org\/cp.cela.madrid\/\/wp-content\/uploads\/cp.cela.madrid\/2026\/03\/matricula-300x200.png 300w, https:\/\/site.educa.madrid.org\/cp.cela.madrid\/\/wp-content\/uploads\/cp.cela.madrid\/2026\/03\/matricula-1024x683.png 1024w, https:\/\/site.educa.madrid.org\/cp.cela.madrid\/\/wp-content\/uploads\/cp.cela.madrid\/2026\/03\/matricula-768x512.png 768w, https:\/\/site.educa.madrid.org\/cp.cela.madrid\/\/wp-content\/uploads\/cp.cela.madrid\/2026\/03\/matricula-391x260.png 391w, https:\/\/site.educa.madrid.org\/cp.cela.madrid\/\/wp-content\/uploads\/cp.cela.madrid\/2026\/03\/matricula-272x182.png 272w, https:\/\/site.educa.madrid.org\/cp.cela.madrid\/\/wp-content\/uploads\/cp.cela.madrid\/2026\/03\/matricula-360x240.png 360w\" sizes=\"auto, (max-width: 1536px) 100vw, 1536px\" alt=\"\" \t\tclass=\"so-widget-image\"\/>\n\t<\/div>\n\n<\/div><\/div><\/div><div id=\"pgc-gb176-6a035c562ade1-2-1\"  class=\"panel-grid-cell\"  data-weight=\"0.75\" ><div id=\"panel-gb176-6a035c562ade1-2-1-0\" class=\"so-panel widget widget_text panel-first-child\" data-index=\"5\" data-style=\"{&quot;background_image_attachment&quot;:false,&quot;background_display&quot;:&quot;tile&quot;,&quot;background_image_size&quot;:&quot;full&quot;,&quot;background_image_opacity&quot;:&quot;100&quot;,&quot;border_thickness&quot;:&quot;1px&quot;,&quot;link_overlay_new_window&quot;:&quot;&quot;}\" >\t\t\t<div class=\"textwidget\"><h4 style=\"color: #0a9a59;\">Admisi\u00f3n: Matr\u00edcula (impresos y documentos)<\/h4>\n<p align=\"justify\">Una vez asignada la plaza, es necesario formalizar la matr\u00edcula dentro de los plazos establecidos. Con car\u00e1cter general, este tr\u00e1mite se realiza en el mes de junio para las plazas obtenidas en el periodo ordinario. Si la plaza se ha adjudicado fuera de dicho periodo, la matr\u00edcula deber\u00e1 formalizarse en el momento de su asignaci\u00f3n, presentando los impresos y la documentaci\u00f3n requerida para completar correctamente el proceso.<\/p>\n<\/div>\n\t\t<\/div><div id=\"panel-gb176-6a035c562ade1-2-1-1\" class=\"so-panel widget widget_sow-button panel-last-child\" data-index=\"6\" data-style=\"{&quot;background_image_attachment&quot;:false,&quot;background_display&quot;:&quot;tile&quot;,&quot;link_overlay_new_window&quot;:&quot;&quot;}\" ><div\n\t\t\t\n\t\t\tclass=\"so-widget-sow-button so-widget-sow-button-flat-e470fe648d7b\"\n\t\t\t\n\t\t><div class=\"ow-button-base ow-button-align-right\">\n\t<a\n\thref=\"https:\/\/site.educa.madrid.org\/cp.cela.madrid\/index.php\/secretaria\/admision-matricula-impresos-y-documentos\/\"\n\t\tclass=\"ow-icon-placement-right ow-button-hover\" \t>\n\t\t<span>\n\t\t\t\n\t\t\tLeer m\u00e1s\t\t<\/span>\n\t<\/a>\n<\/div>\n<\/div><\/div><\/div><\/div><div id=\"pg-gb176-6a035c562ade1-3\"  class=\"panel-grid panel-no-style\"  data-style=\"{&quot;background_image_attachment&quot;:false,&quot;background_display&quot;:&quot;tile&quot;,&quot;full_height&quot;:&quot;&quot;,&quot;cell_alignment&quot;:&quot;flex-start&quot;,&quot;link_overlay_new_window&quot;:&quot;&quot;}\" ><div id=\"pgc-gb176-6a035c562ade1-3-0\"  class=\"panel-grid-cell\"  data-weight=\"0.25\" ><div id=\"panel-gb176-6a035c562ade1-3-0-0\" class=\"so-panel widget widget_sow-image panel-first-child panel-last-child\" data-index=\"7\" data-style=\"{&quot;background_image_attachment&quot;:false,&quot;background_display&quot;:&quot;tile&quot;,&quot;background_image_size&quot;:&quot;full&quot;,&quot;background_image_opacity&quot;:&quot;100&quot;,&quot;border_thickness&quot;:&quot;1px&quot;,&quot;link_overlay_new_window&quot;:&quot;&quot;}\" ><div\n\t\t\t\n\t\t\tclass=\"so-widget-sow-image so-widget-sow-image-default-46c7616ffdb5\"\n\t\t\t\n\t\t>\n\n<div class=\"sow-image-container\">\n\t\t<img loading=\"lazy\" decoding=\"async\" src=\"https:\/\/site.educa.madrid.org\/cp.cela.madrid\/\/wp-content\/uploads\/cp.cela.madrid\/2026\/03\/gestiones.png\" width=\"1536\" height=\"1024\" srcset=\"https:\/\/site.educa.madrid.org\/cp.cela.madrid\/\/wp-content\/uploads\/cp.cela.madrid\/2026\/03\/gestiones.png 1536w, https:\/\/site.educa.madrid.org\/cp.cela.madrid\/\/wp-content\/uploads\/cp.cela.madrid\/2026\/03\/gestiones-300x200.png 300w, https:\/\/site.educa.madrid.org\/cp.cela.madrid\/\/wp-content\/uploads\/cp.cela.madrid\/2026\/03\/gestiones-1024x683.png 1024w, https:\/\/site.educa.madrid.org\/cp.cela.madrid\/\/wp-content\/uploads\/cp.cela.madrid\/2026\/03\/gestiones-768x512.png 768w, https:\/\/site.educa.madrid.org\/cp.cela.madrid\/\/wp-content\/uploads\/cp.cela.madrid\/2026\/03\/gestiones-391x260.png 391w, https:\/\/site.educa.madrid.org\/cp.cela.madrid\/\/wp-content\/uploads\/cp.cela.madrid\/2026\/03\/gestiones-272x182.png 272w, https:\/\/site.educa.madrid.org\/cp.cela.madrid\/\/wp-content\/uploads\/cp.cela.madrid\/2026\/03\/gestiones-360x240.png 360w\" sizes=\"auto, (max-width: 1536px) 100vw, 1536px\" alt=\"\" \t\tclass=\"so-widget-image\"\/>\n\t<\/div>\n\n<\/div><\/div><\/div><div id=\"pgc-gb176-6a035c562ade1-3-1\"  class=\"panel-grid-cell\"  data-weight=\"0.75\" ><div id=\"panel-gb176-6a035c562ade1-3-1-0\" class=\"so-panel widget widget_text panel-first-child\" data-index=\"8\" data-style=\"{&quot;background_image_attachment&quot;:false,&quot;background_display&quot;:&quot;tile&quot;,&quot;background_image_size&quot;:&quot;full&quot;,&quot;background_image_opacity&quot;:&quot;100&quot;,&quot;border_thickness&quot;:&quot;1px&quot;,&quot;link_overlay_new_window&quot;:&quot;&quot;}\" >\t\t\t<div class=\"textwidget\"><h4 style=\"color: #0a9a59;\">Tramites Administrativos<\/h4>\n<p align=\"justify\">El colegio ofrece diferentes formas de realizar gestiones administrativas y acad\u00e9micas, para facilitar los tr\u00e1mites a las familias. Muchas solicitudes pueden hacerse de forma presencial, por correo electr\u00f3nico o mediante formularios en l\u00ednea disponibles en la web del centro. Este sistema permite una gesti\u00f3n m\u00e1s \u00e1gil, organizada y accesible para las familias.<\/p>\n<\/div>\n\t\t<\/div><div id=\"panel-gb176-6a035c562ade1-3-1-1\" class=\"so-panel widget widget_sow-button panel-last-child\" data-index=\"9\" data-style=\"{&quot;background_image_attachment&quot;:false,&quot;background_display&quot;:&quot;tile&quot;,&quot;background_image_size&quot;:&quot;full&quot;,&quot;background_image_opacity&quot;:&quot;100&quot;,&quot;border_thickness&quot;:&quot;1px&quot;,&quot;link_overlay_new_window&quot;:&quot;&quot;}\" ><div\n\t\t\t\n\t\t\tclass=\"so-widget-sow-button so-widget-sow-button-flat-eee342f5130d\"\n\t\t\t\n\t\t><div class=\"ow-button-base ow-button-align-right\">\n\t<a\n\thref=\"https:\/\/site.educa.madrid.org\/cp.cela.madrid\/index.php\/secretaria\/gestiones-formularios-en-linea-e-impresos\/\"\n\t\tclass=\"ow-icon-placement-right ow-button-hover\" \t>\n\t\t<span>\n\t\t\t\n\t\t\tLeer m\u00e1s\t\t<\/span>\n\t<\/a>\n<\/div>\n<\/div><\/div><\/div><\/div><div id=\"pg-gb176-6a035c562ade1-4\"  class=\"panel-grid panel-no-style\"  data-style=\"{&quot;background_image_attachment&quot;:false,&quot;background_display&quot;:&quot;tile&quot;,&quot;full_height&quot;:&quot;&quot;,&quot;cell_alignment&quot;:&quot;flex-start&quot;,&quot;link_overlay_new_window&quot;:&quot;&quot;}\" ><div id=\"pgc-gb176-6a035c562ade1-4-0\"  class=\"panel-grid-cell\"  data-weight=\"0.25\" ><div id=\"panel-gb176-6a035c562ade1-4-0-0\" class=\"so-panel widget widget_sow-image panel-first-child panel-last-child\" data-index=\"10\" data-style=\"{&quot;background_image_attachment&quot;:false,&quot;background_display&quot;:&quot;tile&quot;,&quot;background_image_size&quot;:&quot;full&quot;,&quot;background_image_opacity&quot;:&quot;100&quot;,&quot;border_thickness&quot;:&quot;1px&quot;,&quot;link_overlay_new_window&quot;:&quot;&quot;}\" ><div\n\t\t\t\n\t\t\tclass=\"so-widget-sow-image so-widget-sow-image-default-46c7616ffdb5\"\n\t\t\t\n\t\t>\n\n<div class=\"sow-image-container\">\n\t\t<img loading=\"lazy\" decoding=\"async\" src=\"https:\/\/site.educa.madrid.org\/cp.cela.madrid\/\/wp-content\/uploads\/cp.cela.madrid\/2026\/03\/becas-y-ayudas.png\" width=\"1536\" height=\"1024\" srcset=\"https:\/\/site.educa.madrid.org\/cp.cela.madrid\/\/wp-content\/uploads\/cp.cela.madrid\/2026\/03\/becas-y-ayudas.png 1536w, https:\/\/site.educa.madrid.org\/cp.cela.madrid\/\/wp-content\/uploads\/cp.cela.madrid\/2026\/03\/becas-y-ayudas-300x200.png 300w, https:\/\/site.educa.madrid.org\/cp.cela.madrid\/\/wp-content\/uploads\/cp.cela.madrid\/2026\/03\/becas-y-ayudas-1024x683.png 1024w, https:\/\/site.educa.madrid.org\/cp.cela.madrid\/\/wp-content\/uploads\/cp.cela.madrid\/2026\/03\/becas-y-ayudas-768x512.png 768w, https:\/\/site.educa.madrid.org\/cp.cela.madrid\/\/wp-content\/uploads\/cp.cela.madrid\/2026\/03\/becas-y-ayudas-391x260.png 391w, https:\/\/site.educa.madrid.org\/cp.cela.madrid\/\/wp-content\/uploads\/cp.cela.madrid\/2026\/03\/becas-y-ayudas-272x182.png 272w, https:\/\/site.educa.madrid.org\/cp.cela.madrid\/\/wp-content\/uploads\/cp.cela.madrid\/2026\/03\/becas-y-ayudas-360x240.png 360w\" sizes=\"auto, (max-width: 1536px) 100vw, 1536px\" title=\"becas y ayudas\" alt=\"\" \t\tclass=\"so-widget-image\"\/>\n\t<\/div>\n\n<\/div><\/div><\/div><div id=\"pgc-gb176-6a035c562ade1-4-1\"  class=\"panel-grid-cell\"  data-weight=\"0.75\" ><div id=\"panel-gb176-6a035c562ade1-4-1-0\" class=\"so-panel widget widget_text panel-first-child\" data-index=\"11\" data-style=\"{&quot;background_image_attachment&quot;:false,&quot;background_display&quot;:&quot;tile&quot;,&quot;background_image_size&quot;:&quot;full&quot;,&quot;background_image_opacity&quot;:&quot;100&quot;,&quot;border_thickness&quot;:&quot;1px&quot;,&quot;link_overlay_new_window&quot;:&quot;&quot;}\" >\t\t\t<div class=\"textwidget\"><h4 style=\"color: #0a9a59;\">Becas y Ayudas<\/h4>\n<p align=\"justify\">En este apartado podr\u00e1 consultar la informaci\u00f3n actualizada sobre las becas y ayudas convocadas por la Comunidad de Madrid y el Ministerio de Educaci\u00f3n. Aqu\u00ed encontrar\u00e1 los distintos tipos de ayudas disponibles, su estado actual, plazos de solicitud, requisitos, documentaci\u00f3n necesaria y el procedimiento de tramitaci\u00f3n, para que las familias o tutores legales puedan mantenerse informados y gestionar cada convocatoria dentro de los plazos establecidos.<\/p>\n<\/div>\n\t\t<\/div><div id=\"panel-gb176-6a035c562ade1-4-1-1\" class=\"so-panel widget widget_sow-button panel-last-child\" data-index=\"12\" data-style=\"{&quot;background_image_attachment&quot;:false,&quot;background_display&quot;:&quot;tile&quot;,&quot;background_image_size&quot;:&quot;full&quot;,&quot;background_image_opacity&quot;:&quot;100&quot;,&quot;border_thickness&quot;:&quot;1px&quot;,&quot;link_overlay_new_window&quot;:&quot;&quot;}\" ><div\n\t\t\t\n\t\t\tclass=\"so-widget-sow-button so-widget-sow-button-flat-eee342f5130d\"\n\t\t\t\n\t\t><div class=\"ow-button-base ow-button-align-right\">\n\t<a\n\thref=\"https:\/\/site.educa.madrid.org\/cp.cela.madrid\/index.php\/secretaria\/becas-y-ayudas2\/\"\n\t\tclass=\"ow-icon-placement-right ow-button-hover\" \t>\n\t\t<span>\n\t\t\t\n\t\t\tLeer m\u00e1s\t\t<\/span>\n\t<\/a>\n<\/div>\n<\/div><\/div><\/div><\/div><\/div>","protected":false},"excerpt":{"rendered":"<p>SECRETAR\u00cdA Admisi\u00f3n: Solicitud de Plaza Para formalizar la matr\u00edcula en nuestro centro es imprescindible tener plaza previamente asignada a trav\u00e9s del proceso oficial de admisi\u00f3n. El periodo ordinario de solicitud de plaza se desarrolla habitualmente entre la segunda quincena de marzo y la primera de abril. Fuera de este plazo, la solicitud solo podr\u00e1 realizarse [&hellip;]<\/p>\n","protected":false},"author":2,"featured_media":0,"parent":0,"menu_order":0,"comment_status":"closed","ping_status":"closed","template":"","meta":{"footnotes":""},"folder":[],"class_list":["post-176","page","type-page","status-publish","hentry"],"rttpg_featured_image_url":null,"rttpg_author":{"display_name":"tic.cp.cela.madrid","author_link":"https:\/\/site.educa.madrid.org\/cp.cela.madrid\/index.php\/author\/cuenta_tic-cp-cela-madrid\/"},"rttpg_comment":0,"rttpg_category":false,"rttpg_excerpt":"SECRETAR\u00cdA Admisi\u00f3n: Solicitud de Plaza Para formalizar la matr\u00edcula en nuestro centro es imprescindible tener plaza previamente asignada a trav\u00e9s del proceso oficial de admisi\u00f3n. El periodo ordinario de solicitud de plaza se desarrolla habitualmente entre la segunda quincena de marzo y la primera de abril. Fuera de este plazo, la solicitud solo podr\u00e1 realizarse&hellip;","post_mailing_queue_ids":[],"_links":{"self":[{"href":"https:\/\/site.educa.madrid.org\/cp.cela.madrid\/index.php\/wp-json\/wp\/v2\/pages\/176","targetHints":{"allow":["GET"]}}],"collection":[{"href":"https:\/\/site.educa.madrid.org\/cp.cela.madrid\/index.php\/wp-json\/wp\/v2\/pages"}],"about":[{"href":"https:\/\/site.educa.madrid.org\/cp.cela.madrid\/index.php\/wp-json\/wp\/v2\/types\/page"}],"author":[{"embeddable":true,"href":"https:\/\/site.educa.madrid.org\/cp.cela.madrid\/index.php\/wp-json\/wp\/v2\/users\/2"}],"replies":[{"embeddable":true,"href":"https:\/\/site.educa.madrid.org\/cp.cela.madrid\/index.php\/wp-json\/wp\/v2\/comments?post=176"}],"version-history":[{"count":25,"href":"https:\/\/site.educa.madrid.org\/cp.cela.madrid\/index.php\/wp-json\/wp\/v2\/pages\/176\/revisions"}],"predecessor-version":[{"id":11548,"href":"https:\/\/site.educa.madrid.org\/cp.cela.madrid\/index.php\/wp-json\/wp\/v2\/pages\/176\/revisions\/11548"}],"wp:attachment":[{"href":"https:\/\/site.educa.madrid.org\/cp.cela.madrid\/index.php\/wp-json\/wp\/v2\/media?parent=176"}],"wp:term":[{"taxonomy":"folder","embeddable":true,"href":"https:\/\/site.educa.madrid.org\/cp.cela.madrid\/index.php\/wp-json\/wp\/v2\/folder?post=176"}],"curies":[{"name":"wp","href":"https:\/\/api.w.org\/{rel}","templated":true}]}}