{"id":195,"date":"2021-07-27T13:11:47","date_gmt":"2021-07-27T13:11:47","guid":{"rendered":"https:\/\/site.educa.madrid.org\/cp.cela.madrid\/?page_id=195"},"modified":"2026-03-23T19:59:24","modified_gmt":"2026-03-23T18:59:24","slug":"ensenanza","status":"publish","type":"page","link":"https:\/\/site.educa.madrid.org\/cp.cela.madrid\/index.php\/ensenanza\/","title":{"rendered":"Ense\u00f1anza"},"content":{"rendered":"<div id=\"pl-gb195-6a035dd865ad5\"  class=\"panel-layout panel-layout\" ><div id=\"pg-gb195-6a035dd865ad5-0\"  class=\"panel-grid panel-no-style\"  data-style=\"{&quot;background_image_attachment&quot;:false,&quot;background_display&quot;:&quot;tile&quot;,&quot;full_height&quot;:&quot;&quot;,&quot;cell_alignment&quot;:&quot;flex-start&quot;,&quot;link_overlay_new_window&quot;:&quot;&quot;}\" ><div id=\"pgc-gb195-6a035dd865ad5-0-0\"  class=\"panel-grid-cell\"  data-weight=\"1\" ><div id=\"panel-gb195-6a035dd865ad5-0-0-0\" class=\"so-panel widget widget_text panel-first-child panel-last-child\" data-index=\"0\" data-style=\"{&quot;background_image_attachment&quot;:false,&quot;background_display&quot;:&quot;tile&quot;,&quot;link_overlay_new_window&quot;:&quot;&quot;}\" >\t\t\t<div class=\"textwidget\"><h3 style=\"background: #E21E79; color: #fff!important; padding: 5px 10px;\">ENSE\u00d1ANZA<\/h3>\n<\/div>\n\t\t<\/div><\/div><\/div><div id=\"pg-gb195-6a035dd865ad5-1\"  class=\"panel-grid panel-no-style\"  data-style=\"{&quot;background_image_attachment&quot;:false,&quot;background_display&quot;:&quot;tile&quot;,&quot;full_height&quot;:&quot;&quot;,&quot;cell_alignment&quot;:&quot;flex-start&quot;,&quot;link_overlay_new_window&quot;:&quot;&quot;}\" ><div id=\"pgc-gb195-6a035dd865ad5-1-0\"  class=\"panel-grid-cell\"  data-weight=\"0.25\" ><div id=\"panel-gb195-6a035dd865ad5-1-0-0\" class=\"so-panel widget widget_sow-image panel-first-child panel-last-child\" data-index=\"1\" data-style=\"{&quot;background_image_attachment&quot;:false,&quot;background_display&quot;:&quot;tile&quot;,&quot;background_image_size&quot;:&quot;full&quot;,&quot;background_image_opacity&quot;:&quot;100&quot;,&quot;border_thickness&quot;:&quot;1px&quot;,&quot;link_overlay_new_window&quot;:&quot;&quot;}\" ><div\n\t\t\t\n\t\t\tclass=\"so-widget-sow-image so-widget-sow-image-default-46c7616ffdb5\"\n\t\t\t\n\t\t>\n\n<div class=\"sow-image-container\">\n\t\t<img loading=\"lazy\" decoding=\"async\" src=\"https:\/\/site.educa.madrid.org\/cp.cela.madrid\/\/wp-content\/uploads\/cp.cela.madrid\/2026\/03\/proyecto-educativo.png\" width=\"1536\" height=\"1024\" srcset=\"https:\/\/site.educa.madrid.org\/cp.cela.madrid\/\/wp-content\/uploads\/cp.cela.madrid\/2026\/03\/proyecto-educativo.png 1536w, https:\/\/site.educa.madrid.org\/cp.cela.madrid\/\/wp-content\/uploads\/cp.cela.madrid\/2026\/03\/proyecto-educativo-300x200.png 300w, https:\/\/site.educa.madrid.org\/cp.cela.madrid\/\/wp-content\/uploads\/cp.cela.madrid\/2026\/03\/proyecto-educativo-1024x683.png 1024w, https:\/\/site.educa.madrid.org\/cp.cela.madrid\/\/wp-content\/uploads\/cp.cela.madrid\/2026\/03\/proyecto-educativo-768x512.png 768w, https:\/\/site.educa.madrid.org\/cp.cela.madrid\/\/wp-content\/uploads\/cp.cela.madrid\/2026\/03\/proyecto-educativo-391x260.png 391w, https:\/\/site.educa.madrid.org\/cp.cela.madrid\/\/wp-content\/uploads\/cp.cela.madrid\/2026\/03\/proyecto-educativo-272x182.png 272w, https:\/\/site.educa.madrid.org\/cp.cela.madrid\/\/wp-content\/uploads\/cp.cela.madrid\/2026\/03\/proyecto-educativo-360x240.png 360w\" sizes=\"auto, (max-width: 1536px) 100vw, 1536px\" title=\"proyecto educativo\" alt=\"\" \t\tclass=\"so-widget-image\"\/>\n\t<\/div>\n\n<\/div><\/div><\/div><div id=\"pgc-gb195-6a035dd865ad5-1-1\"  class=\"panel-grid-cell\"  data-weight=\"0.75\" ><div id=\"panel-gb195-6a035dd865ad5-1-1-0\" class=\"so-panel widget widget_text panel-first-child\" data-index=\"2\" data-style=\"{&quot;background_image_attachment&quot;:false,&quot;background_display&quot;:&quot;tile&quot;,&quot;background_image_size&quot;:&quot;full&quot;,&quot;background_image_opacity&quot;:&quot;100&quot;,&quot;border_thickness&quot;:&quot;1px&quot;,&quot;link_overlay_new_window&quot;:&quot;&quot;}\" >\t\t\t<div class=\"textwidget\"><h4 style=\"color: #e21e79;\">Proyecto Educativo de Centro<\/h4>\n<p align=\"justify\">Nuestro Proyecto Educativo de Centro, elaborado por el equipo directivo y el profesorado, y aprobado por el consejo escolar, recoge los principios, valores y l\u00edneas de actuaci\u00f3n que orientan la vida y el funcionamiento del colegio.<\/p>\n<\/div>\n\t\t<\/div><div id=\"panel-gb195-6a035dd865ad5-1-1-1\" class=\"so-panel widget widget_sow-button panel-last-child\" data-index=\"3\" data-style=\"{&quot;background_image_attachment&quot;:false,&quot;background_display&quot;:&quot;tile&quot;,&quot;background_image_size&quot;:&quot;full&quot;,&quot;border_thickness&quot;:&quot;1px&quot;,&quot;link_overlay_new_window&quot;:&quot;&quot;}\" ><div\n\t\t\t\n\t\t\tclass=\"so-widget-sow-button so-widget-sow-button-flat-ac220593ae0b\"\n\t\t\t\n\t\t><div class=\"ow-button-base ow-button-align-right\">\n\t<a\n\thref=\"https:\/\/site.educa.madrid.org\/cp.cela.madrid\/index.php\/ensenanza\/proyecto-educativo-del-centro\/\"\n\t\tclass=\"ow-icon-placement-left ow-button-hover\" \t>\n\t\t<span>\n\t\t\t\n\t\t\tLeer m\u00e1s\t\t<\/span>\n\t<\/a>\n<\/div>\n<\/div><\/div><\/div><\/div><div id=\"pg-gb195-6a035dd865ad5-2\"  class=\"panel-grid panel-no-style\"  data-style=\"{&quot;background_image_attachment&quot;:false,&quot;background_display&quot;:&quot;tile&quot;,&quot;full_height&quot;:&quot;&quot;,&quot;cell_alignment&quot;:&quot;flex-start&quot;,&quot;link_overlay_new_window&quot;:&quot;&quot;}\" ><div id=\"pgc-gb195-6a035dd865ad5-2-0\"  class=\"panel-grid-cell\"  data-weight=\"0.25\" ><div id=\"panel-gb195-6a035dd865ad5-2-0-0\" class=\"so-panel widget widget_sow-image panel-first-child panel-last-child\" data-index=\"4\" data-style=\"{&quot;background_image_attachment&quot;:false,&quot;background_display&quot;:&quot;tile&quot;,&quot;background_image_size&quot;:&quot;full&quot;,&quot;background_image_opacity&quot;:&quot;100&quot;,&quot;border_thickness&quot;:&quot;1px&quot;,&quot;link_overlay_new_window&quot;:&quot;&quot;}\" ><div\n\t\t\t\n\t\t\tclass=\"so-widget-sow-image so-widget-sow-image-default-46c7616ffdb5\"\n\t\t\t\n\t\t>\n\n<div class=\"sow-image-container\">\n\t\t<img loading=\"lazy\" decoding=\"async\" src=\"https:\/\/site.educa.madrid.org\/cp.cela.madrid\/\/wp-content\/uploads\/cp.cela.madrid\/2026\/03\/normativa.png\" width=\"1536\" height=\"1024\" srcset=\"https:\/\/site.educa.madrid.org\/cp.cela.madrid\/\/wp-content\/uploads\/cp.cela.madrid\/2026\/03\/normativa.png 1536w, https:\/\/site.educa.madrid.org\/cp.cela.madrid\/\/wp-content\/uploads\/cp.cela.madrid\/2026\/03\/normativa-300x200.png 300w, https:\/\/site.educa.madrid.org\/cp.cela.madrid\/\/wp-content\/uploads\/cp.cela.madrid\/2026\/03\/normativa-1024x683.png 1024w, https:\/\/site.educa.madrid.org\/cp.cela.madrid\/\/wp-content\/uploads\/cp.cela.madrid\/2026\/03\/normativa-768x512.png 768w, https:\/\/site.educa.madrid.org\/cp.cela.madrid\/\/wp-content\/uploads\/cp.cela.madrid\/2026\/03\/normativa-391x260.png 391w, https:\/\/site.educa.madrid.org\/cp.cela.madrid\/\/wp-content\/uploads\/cp.cela.madrid\/2026\/03\/normativa-272x182.png 272w, https:\/\/site.educa.madrid.org\/cp.cela.madrid\/\/wp-content\/uploads\/cp.cela.madrid\/2026\/03\/normativa-360x240.png 360w\" sizes=\"auto, (max-width: 1536px) 100vw, 1536px\" alt=\"\" \t\tclass=\"so-widget-image\"\/>\n\t<\/div>\n\n<\/div><\/div><\/div><div id=\"pgc-gb195-6a035dd865ad5-2-1\"  class=\"panel-grid-cell\"  data-weight=\"0.75\" ><div id=\"panel-gb195-6a035dd865ad5-2-1-0\" class=\"so-panel widget widget_text panel-first-child\" data-index=\"5\" data-style=\"{&quot;background_image_attachment&quot;:false,&quot;background_display&quot;:&quot;tile&quot;,&quot;background_image_size&quot;:&quot;full&quot;,&quot;background_image_opacity&quot;:&quot;100&quot;,&quot;border_thickness&quot;:&quot;1px&quot;,&quot;link_overlay_new_window&quot;:&quot;&quot;}\" >\t\t\t<div class=\"textwidget\"><h4 style=\"color: #e21e79;\">Normas de organizaci\u00f3n y funcionamiento<\/h4>\n<p align=\"justify\">Aprobadas por el consejo escolar, regulan la convivencia del centro y concretan los derechos de participaci\u00f3n y las obligaciones de todos los miembros de la comunidad educativa. Este documento establece el marco que garantiza un adecuado clima de convivencia, una organizaci\u00f3n clara y el buen desarrollo de la vida escolar.<\/p>\n<\/div>\n\t\t<\/div><div id=\"panel-gb195-6a035dd865ad5-2-1-1\" class=\"so-panel widget widget_sow-button panel-last-child\" data-index=\"6\" data-style=\"{&quot;background_image_attachment&quot;:false,&quot;background_display&quot;:&quot;tile&quot;,&quot;background_image_size&quot;:&quot;full&quot;,&quot;border_thickness&quot;:&quot;1px&quot;,&quot;link_overlay_new_window&quot;:&quot;&quot;}\" ><div\n\t\t\t\n\t\t\tclass=\"so-widget-sow-button so-widget-sow-button-flat-ac220593ae0b\"\n\t\t\t\n\t\t><div class=\"ow-button-base ow-button-align-right\">\n\t<a\n\thref=\"https:\/\/site.educa.madrid.org\/cp.cela.madrid\/index.php\/ensenanza\/normas-de-organizacion-y-funcionamiento\/\"\n\t\tclass=\"ow-icon-placement-left ow-button-hover\" \t>\n\t\t<span>\n\t\t\t\n\t\t\tLeer m\u00e1s\t\t<\/span>\n\t<\/a>\n<\/div>\n<\/div><\/div><\/div><\/div><div id=\"pg-gb195-6a035dd865ad5-3\"  class=\"panel-grid panel-no-style\"  data-style=\"{&quot;background_image_attachment&quot;:false,&quot;background_display&quot;:&quot;tile&quot;,&quot;full_height&quot;:&quot;&quot;,&quot;cell_alignment&quot;:&quot;flex-start&quot;,&quot;link_overlay_new_window&quot;:&quot;&quot;}\" ><div id=\"pgc-gb195-6a035dd865ad5-3-0\"  class=\"panel-grid-cell\"  data-weight=\"0.25\" ><div id=\"panel-gb195-6a035dd865ad5-3-0-0\" class=\"so-panel widget widget_sow-image panel-first-child panel-last-child\" data-index=\"7\" data-style=\"{&quot;background_image_attachment&quot;:false,&quot;background_display&quot;:&quot;tile&quot;,&quot;background_image_size&quot;:&quot;full&quot;,&quot;background_image_opacity&quot;:&quot;100&quot;,&quot;border_thickness&quot;:&quot;1px&quot;,&quot;link_overlay_new_window&quot;:&quot;&quot;}\" ><div\n\t\t\t\n\t\t\tclass=\"so-widget-sow-image so-widget-sow-image-default-46c7616ffdb5\"\n\t\t\t\n\t\t>\n\n<div class=\"sow-image-container\">\n\t\t<img loading=\"lazy\" decoding=\"async\" src=\"https:\/\/site.educa.madrid.org\/cp.cela.madrid\/\/wp-content\/uploads\/cp.cela.madrid\/2026\/03\/edcuacion-infantil.png\" width=\"1536\" height=\"1024\" srcset=\"https:\/\/site.educa.madrid.org\/cp.cela.madrid\/\/wp-content\/uploads\/cp.cela.madrid\/2026\/03\/edcuacion-infantil.png 1536w, https:\/\/site.educa.madrid.org\/cp.cela.madrid\/\/wp-content\/uploads\/cp.cela.madrid\/2026\/03\/edcuacion-infantil-300x200.png 300w, https:\/\/site.educa.madrid.org\/cp.cela.madrid\/\/wp-content\/uploads\/cp.cela.madrid\/2026\/03\/edcuacion-infantil-1024x683.png 1024w, https:\/\/site.educa.madrid.org\/cp.cela.madrid\/\/wp-content\/uploads\/cp.cela.madrid\/2026\/03\/edcuacion-infantil-768x512.png 768w, https:\/\/site.educa.madrid.org\/cp.cela.madrid\/\/wp-content\/uploads\/cp.cela.madrid\/2026\/03\/edcuacion-infantil-391x260.png 391w, https:\/\/site.educa.madrid.org\/cp.cela.madrid\/\/wp-content\/uploads\/cp.cela.madrid\/2026\/03\/edcuacion-infantil-272x182.png 272w, https:\/\/site.educa.madrid.org\/cp.cela.madrid\/\/wp-content\/uploads\/cp.cela.madrid\/2026\/03\/edcuacion-infantil-360x240.png 360w\" sizes=\"auto, (max-width: 1536px) 100vw, 1536px\" title=\"edcuacion infantil\" alt=\"\" \t\tclass=\"so-widget-image\"\/>\n\t<\/div>\n\n<\/div><\/div><\/div><div id=\"pgc-gb195-6a035dd865ad5-3-1\"  class=\"panel-grid-cell\"  data-weight=\"0.75\" ><div id=\"panel-gb195-6a035dd865ad5-3-1-0\" class=\"so-panel widget widget_text panel-first-child\" data-index=\"8\" data-style=\"{&quot;background_image_attachment&quot;:false,&quot;background_display&quot;:&quot;tile&quot;,&quot;background_image_size&quot;:&quot;full&quot;,&quot;background_image_opacity&quot;:&quot;100&quot;,&quot;border_thickness&quot;:&quot;1px&quot;,&quot;link_overlay_new_window&quot;:&quot;&quot;}\" >\t\t\t<div class=\"textwidget\"><h4 style=\"color: #e21e79;\">Educaci\u00f3n Infantil<\/h4>\n<p align=\"justify\">El Segundo Ciclo de Educaci\u00f3n Infantil es la etapa educativa dirigida al alumnado de 3 a 6 a\u00f1os. Aunque tiene car\u00e1cter voluntario, la matr\u00edcula en el centro implica el cumplimiento de las normas de organizaci\u00f3n y funcionamiento, garantizando una escolarizaci\u00f3n adecuada y una convivencia positiva desde los primeros a\u00f1os.<\/p>\n<\/div>\n\t\t<\/div><div id=\"panel-gb195-6a035dd865ad5-3-1-1\" class=\"so-panel widget widget_sow-button panel-last-child\" data-index=\"9\" data-style=\"{&quot;background_image_attachment&quot;:false,&quot;background_display&quot;:&quot;tile&quot;,&quot;background_image_size&quot;:&quot;full&quot;,&quot;background_image_opacity&quot;:&quot;100&quot;,&quot;border_thickness&quot;:&quot;1px&quot;,&quot;link_overlay_new_window&quot;:&quot;&quot;}\" ><div\n\t\t\t\n\t\t\tclass=\"so-widget-sow-button so-widget-sow-button-flat-a47349a26ef0\"\n\t\t\t\n\t\t><div class=\"ow-button-base ow-button-align-right\">\n\t<a\n\thref=\"https:\/\/site.educa.madrid.org\/cp.cela.madrid\/index.php\/ensenanza\/educacion-infantil\/\"\n\t\tclass=\"ow-icon-placement-left ow-button-hover\" \t>\n\t\t<span>\n\t\t\t\n\t\t\tLeer m\u00e1s\t\t<\/span>\n\t<\/a>\n<\/div>\n<\/div><\/div><\/div><\/div><div id=\"pg-gb195-6a035dd865ad5-4\"  class=\"panel-grid panel-no-style\"  data-style=\"{&quot;background_image_attachment&quot;:false,&quot;background_display&quot;:&quot;tile&quot;,&quot;full_height&quot;:&quot;&quot;,&quot;cell_alignment&quot;:&quot;flex-start&quot;,&quot;link_overlay_new_window&quot;:&quot;&quot;}\" ><div id=\"pgc-gb195-6a035dd865ad5-4-0\"  class=\"panel-grid-cell\"  data-weight=\"0.25\" ><div id=\"panel-gb195-6a035dd865ad5-4-0-0\" class=\"so-panel widget widget_sow-image panel-first-child panel-last-child\" data-index=\"10\" data-style=\"{&quot;background_image_attachment&quot;:false,&quot;background_display&quot;:&quot;tile&quot;,&quot;background_image_size&quot;:&quot;full&quot;,&quot;background_image_opacity&quot;:&quot;100&quot;,&quot;border_thickness&quot;:&quot;1px&quot;,&quot;link_overlay_new_window&quot;:&quot;&quot;}\" ><div\n\t\t\t\n\t\t\tclass=\"so-widget-sow-image so-widget-sow-image-default-46c7616ffdb5\"\n\t\t\t\n\t\t>\n\n<div class=\"sow-image-container\">\n\t\t<img loading=\"lazy\" decoding=\"async\" src=\"https:\/\/site.educa.madrid.org\/cp.cela.madrid\/\/wp-content\/uploads\/cp.cela.madrid\/2026\/03\/educacion-infantil.png\" width=\"1536\" height=\"1024\" srcset=\"https:\/\/site.educa.madrid.org\/cp.cela.madrid\/\/wp-content\/uploads\/cp.cela.madrid\/2026\/03\/educacion-infantil.png 1536w, https:\/\/site.educa.madrid.org\/cp.cela.madrid\/\/wp-content\/uploads\/cp.cela.madrid\/2026\/03\/educacion-infantil-300x200.png 300w, https:\/\/site.educa.madrid.org\/cp.cela.madrid\/\/wp-content\/uploads\/cp.cela.madrid\/2026\/03\/educacion-infantil-1024x683.png 1024w, https:\/\/site.educa.madrid.org\/cp.cela.madrid\/\/wp-content\/uploads\/cp.cela.madrid\/2026\/03\/educacion-infantil-768x512.png 768w, https:\/\/site.educa.madrid.org\/cp.cela.madrid\/\/wp-content\/uploads\/cp.cela.madrid\/2026\/03\/educacion-infantil-391x260.png 391w, https:\/\/site.educa.madrid.org\/cp.cela.madrid\/\/wp-content\/uploads\/cp.cela.madrid\/2026\/03\/educacion-infantil-272x182.png 272w, https:\/\/site.educa.madrid.org\/cp.cela.madrid\/\/wp-content\/uploads\/cp.cela.madrid\/2026\/03\/educacion-infantil-360x240.png 360w\" sizes=\"auto, (max-width: 1536px) 100vw, 1536px\" title=\"educacion infantil\" alt=\"\" \t\tclass=\"so-widget-image\"\/>\n\t<\/div>\n\n<\/div><\/div><\/div><div id=\"pgc-gb195-6a035dd865ad5-4-1\"  class=\"panel-grid-cell\"  data-weight=\"0.75\" ><div id=\"panel-gb195-6a035dd865ad5-4-1-0\" class=\"so-panel widget widget_text panel-first-child\" data-index=\"11\" data-style=\"{&quot;background_image_attachment&quot;:false,&quot;background_display&quot;:&quot;tile&quot;,&quot;background_image_size&quot;:&quot;full&quot;,&quot;background_image_opacity&quot;:&quot;100&quot;,&quot;border_thickness&quot;:&quot;1px&quot;,&quot;link_overlay_new_window&quot;:&quot;&quot;}\" >\t\t\t<div class=\"textwidget\"><h4 style=\"color: #e21e79;\">Educaci\u00f3n Primaria<\/h4>\n<p align=\"justify\">La Educaci\u00f3n Primaria es una etapa obligatoria y gratuita, organizada en seis cursos que se cursan habitualmente entre los 6 y los 12 a\u00f1os. Se estructura en diferentes \u00e1reas y tiene como finalidad consolidar los aprendizajes b\u00e1sicos, el desarrollo personal y la adquisici\u00f3n de competencias fundamentales para continuar el proceso de ense\u00f1anza-aprendizaje.<\/p>\n<\/div>\n\t\t<\/div><div id=\"panel-gb195-6a035dd865ad5-4-1-1\" class=\"so-panel widget widget_sow-button panel-last-child\" data-index=\"12\" data-style=\"{&quot;background_image_attachment&quot;:false,&quot;background_display&quot;:&quot;tile&quot;,&quot;background_image_size&quot;:&quot;full&quot;,&quot;border_thickness&quot;:&quot;1px&quot;,&quot;link_overlay_new_window&quot;:&quot;&quot;}\" ><div\n\t\t\t\n\t\t\tclass=\"so-widget-sow-button so-widget-sow-button-flat-ac220593ae0b\"\n\t\t\t\n\t\t><div class=\"ow-button-base ow-button-align-right\">\n\t<a\n\thref=\"https:\/\/site.educa.madrid.org\/cp.cela.madrid\/index.php\/ensenanza\/educacion-primaria\/\"\n\t\tclass=\"ow-icon-placement-left ow-button-hover\" \t>\n\t\t<span>\n\t\t\t\n\t\t\tLeer m\u00e1s\t\t<\/span>\n\t<\/a>\n<\/div>\n<\/div><\/div><\/div><\/div><div id=\"pg-gb195-6a035dd865ad5-5\"  class=\"panel-grid panel-no-style\"  data-style=\"{&quot;background_image_attachment&quot;:false,&quot;background_display&quot;:&quot;tile&quot;,&quot;background_image_size&quot;:&quot;full&quot;,&quot;background_image_opacity&quot;:&quot;100&quot;,&quot;border_thickness&quot;:&quot;1px&quot;,&quot;full_height&quot;:&quot;&quot;,&quot;cell_alignment&quot;:&quot;flex-start&quot;,&quot;link_overlay_new_window&quot;:&quot;&quot;}\" ><div id=\"pgc-gb195-6a035dd865ad5-5-0\"  class=\"panel-grid-cell\"  data-weight=\"0.25\" ><div id=\"panel-gb195-6a035dd865ad5-5-0-0\" class=\"so-panel widget widget_sow-image panel-first-child panel-last-child\" data-index=\"13\" data-style=\"{&quot;background_image_attachment&quot;:false,&quot;background_display&quot;:&quot;tile&quot;,&quot;background_image_size&quot;:&quot;full&quot;,&quot;background_image_opacity&quot;:&quot;100&quot;,&quot;border_thickness&quot;:&quot;1px&quot;,&quot;link_overlay_new_window&quot;:&quot;&quot;}\" ><div\n\t\t\t\n\t\t\tclass=\"so-widget-sow-image so-widget-sow-image-default-c67d20f9f743\"\n\t\t\t\n\t\t>\n\n<div class=\"sow-image-container\">\n\t\t<img loading=\"lazy\" decoding=\"async\" src=\"https:\/\/site.educa.madrid.org\/cp.cela.madrid\/\/wp-content\/uploads\/cp.cela.madrid\/2026\/03\/planes-y-proyectos.png\" width=\"1536\" height=\"1024\" srcset=\"https:\/\/site.educa.madrid.org\/cp.cela.madrid\/\/wp-content\/uploads\/cp.cela.madrid\/2026\/03\/planes-y-proyectos.png 1536w, https:\/\/site.educa.madrid.org\/cp.cela.madrid\/\/wp-content\/uploads\/cp.cela.madrid\/2026\/03\/planes-y-proyectos-300x200.png 300w, https:\/\/site.educa.madrid.org\/cp.cela.madrid\/\/wp-content\/uploads\/cp.cela.madrid\/2026\/03\/planes-y-proyectos-1024x683.png 1024w, https:\/\/site.educa.madrid.org\/cp.cela.madrid\/\/wp-content\/uploads\/cp.cela.madrid\/2026\/03\/planes-y-proyectos-768x512.png 768w, https:\/\/site.educa.madrid.org\/cp.cela.madrid\/\/wp-content\/uploads\/cp.cela.madrid\/2026\/03\/planes-y-proyectos-391x260.png 391w, https:\/\/site.educa.madrid.org\/cp.cela.madrid\/\/wp-content\/uploads\/cp.cela.madrid\/2026\/03\/planes-y-proyectos-272x182.png 272w, https:\/\/site.educa.madrid.org\/cp.cela.madrid\/\/wp-content\/uploads\/cp.cela.madrid\/2026\/03\/planes-y-proyectos-360x240.png 360w\" sizes=\"auto, (max-width: 1536px) 100vw, 1536px\" title=\"planes y proyectos\" alt=\"\" \t\tclass=\"so-widget-image\"\/>\n\t<\/div>\n\n<\/div><\/div><\/div><div id=\"pgc-gb195-6a035dd865ad5-5-1\"  class=\"panel-grid-cell\"  data-weight=\"0.75\" ><div id=\"panel-gb195-6a035dd865ad5-5-1-0\" class=\"so-panel widget widget_text panel-first-child\" data-index=\"14\" data-style=\"{&quot;background_image_attachment&quot;:false,&quot;background_display&quot;:&quot;tile&quot;,&quot;background_image_size&quot;:&quot;full&quot;,&quot;background_image_opacity&quot;:&quot;100&quot;,&quot;border_thickness&quot;:&quot;1px&quot;,&quot;link_overlay_new_window&quot;:&quot;&quot;}\" >\t\t\t<div class=\"textwidget\"><h4 style=\"color: #e21e79;\">Planes y Proyectos<\/h4>\n<p align=\"justify\">En el colegio desarrollamos diferentes planes y proyectos educativos que orientan nuestro trabajo diario y dan forma a las principales l\u00edneas de actuaci\u00f3n del centro. A trav\u00e9s de iniciativas como el Plan Incluyo, el Plan de Convivencia, el Plan Digital o proyectos como el medioambiental y el Plan de Fomento de la Lectura, buscamos mejorar continuamente la ense\u00f1anza, atender a la diversidad del alumnado y promover valores como la convivencia, la sostenibilidad, la curiosidad por aprender y el uso responsable de la tecnolog\u00eda.<\/p>\n<\/div>\n\t\t<\/div><div id=\"panel-gb195-6a035dd865ad5-5-1-1\" class=\"so-panel widget widget_sow-button panel-last-child\" data-index=\"15\" data-style=\"{&quot;background_image_attachment&quot;:false,&quot;background_display&quot;:&quot;tile&quot;,&quot;background_image_size&quot;:&quot;full&quot;,&quot;background_image_opacity&quot;:&quot;100&quot;,&quot;border_thickness&quot;:&quot;1px&quot;,&quot;link_overlay_new_window&quot;:&quot;&quot;}\" ><div\n\t\t\t\n\t\t\tclass=\"so-widget-sow-button so-widget-sow-button-flat-a47349a26ef0\"\n\t\t\t\n\t\t><div class=\"ow-button-base ow-button-align-right\">\n\t<a\n\thref=\"https:\/\/site.educa.madrid.org\/cp.cela.madrid\/index.php\/ensenanza\/educacion-ambiental\/\"\n\t\tclass=\"ow-icon-placement-left ow-button-hover\" \t>\n\t\t<span>\n\t\t\t\n\t\t\tLeer m\u00e1s\t\t<\/span>\n\t<\/a>\n<\/div>\n<\/div><\/div><\/div><\/div><\/div>","protected":false},"excerpt":{"rendered":"<p>ENSE\u00d1ANZA Proyecto Educativo de Centro Nuestro Proyecto Educativo de Centro, elaborado por el equipo directivo y el profesorado, y aprobado por el consejo escolar, recoge los principios, valores y l\u00edneas de actuaci\u00f3n que orientan la vida y el funcionamiento del colegio.<\/p>\n","protected":false},"author":2,"featured_media":0,"parent":0,"menu_order":0,"comment_status":"closed","ping_status":"closed","template":"","meta":{"footnotes":""},"folder":[],"class_list":["post-195","page","type-page","status-publish","hentry"],"rttpg_featured_image_url":null,"rttpg_author":{"display_name":"tic.cp.cela.madrid","author_link":"https:\/\/site.educa.madrid.org\/cp.cela.madrid\/index.php\/author\/cuenta_tic-cp-cela-madrid\/"},"rttpg_comment":0,"rttpg_category":false,"rttpg_excerpt":"ENSE\u00d1ANZA Proyecto Educativo de Centro Nuestro Proyecto Educativo de Centro, elaborado por el equipo directivo y el profesorado, y aprobado por el consejo escolar, recoge los principios, valores y l\u00edneas de actuaci\u00f3n que orientan la vida y el funcionamiento del colegio.","post_mailing_queue_ids":[],"_links":{"self":[{"href":"https:\/\/site.educa.madrid.org\/cp.cela.madrid\/index.php\/wp-json\/wp\/v2\/pages\/195","targetHints":{"allow":["GET"]}}],"collection":[{"href":"https:\/\/site.educa.madrid.org\/cp.cela.madrid\/index.php\/wp-json\/wp\/v2\/pages"}],"about":[{"href":"https:\/\/site.educa.madrid.org\/cp.cela.madrid\/index.php\/wp-json\/wp\/v2\/types\/page"}],"author":[{"embeddable":true,"href":"https:\/\/site.educa.madrid.org\/cp.cela.madrid\/index.php\/wp-json\/wp\/v2\/users\/2"}],"replies":[{"embeddable":true,"href":"https:\/\/site.educa.madrid.org\/cp.cela.madrid\/index.php\/wp-json\/wp\/v2\/comments?post=195"}],"version-history":[{"count":50,"href":"https:\/\/site.educa.madrid.org\/cp.cela.madrid\/index.php\/wp-json\/wp\/v2\/pages\/195\/revisions"}],"predecessor-version":[{"id":10137,"href":"https:\/\/site.educa.madrid.org\/cp.cela.madrid\/index.php\/wp-json\/wp\/v2\/pages\/195\/revisions\/10137"}],"wp:attachment":[{"href":"https:\/\/site.educa.madrid.org\/cp.cela.madrid\/index.php\/wp-json\/wp\/v2\/media?parent=195"}],"wp:term":[{"taxonomy":"folder","embeddable":true,"href":"https:\/\/site.educa.madrid.org\/cp.cela.madrid\/index.php\/wp-json\/wp\/v2\/folder?post=195"}],"curies":[{"name":"wp","href":"https:\/\/api.w.org\/{rel}","templated":true}]}}