{"id":2224,"date":"2021-11-15T13:49:54","date_gmt":"2021-11-15T12:49:54","guid":{"rendered":"https:\/\/site.educa.madrid.org\/cp.cela.madrid\/?page_id=2224"},"modified":"2026-05-11T12:35:44","modified_gmt":"2026-05-11T10:35:44","slug":"materiales-didacticos","status":"publish","type":"page","link":"https:\/\/site.educa.madrid.org\/cp.cela.madrid\/index.php\/actividades-3\/materiales-didacticos\/","title":{"rendered":"Actividades Aulas Virtuales"},"content":{"rendered":"<div id=\"pl-2224\"  class=\"panel-layout\" ><div id=\"pg-2224-0\"  class=\"panel-grid panel-no-style\" ><div id=\"pgc-2224-0-0\"  class=\"panel-grid-cell\" ><div id=\"panel-2224-0-0-0\" class=\"widget_text so-panel widget widget_custom_html panel-first-child panel-last-child\" data-index=\"0\" ><div class=\"textwidget custom-html-widget\"><h3 style=\"background: rgba(45, 129, 255, 0.88); color: #fff!important; padding: 4px 10px; font-size: 18px; font-weight: 500; border-radius: 10px; font-family: inherit; -webkit-font-smoothing: antialiased; -moz-osx-font-smoothing: grayscale;\">ACTIVIDADES AULAS VIRTUALES<\/h3>\n\n<style>\nhtml {\n  scroll-behavior: smooth;\n}\n\n\/* ---------- BASE ACTIVIDADES ---------- *\/\n.av-actividades {\n  margin: 0;\n  padding: 0;\n  color: #000;\n  line-height: 1.65;\n  font-family: inherit;\n  font-size: 16px;\n  -webkit-font-smoothing: antialiased;\n  -moz-osx-font-smoothing: grayscale;\n}\n\n.av-actividades,\n.av-actividades *,\n.av-actividades *::before,\n.av-actividades *::after {\n  box-sizing: border-box;\n}\n\n.av-actividades p {\n  margin: 0 0 14px 0;\n}\n\n.av-actividades img {\n  max-width: 100%;\n  display: block;\n}\n\n.av-actividades a {\n  word-break: break-word;\n}\n\n\/* ---------- FILA PRINCIPAL ---------- *\/\n.av-fila {\n  display: flex;\n  gap: 20px;\n  align-items: stretch;\n  margin: 0 0 18px 0;\n  padding: 14px;\n  border-radius: 18px;\n  background: linear-gradient(\n    135deg,\n    rgba(45, 129, 255, 0.14),\n    rgba(45, 129, 255, 0.05)\n  );\n  box-shadow:\n    0 8px 22px rgba(0, 0, 0, 0.08),\n    0 2px 6px rgba(0, 0, 0, 0.04);\n}\n\n.av-col-texto,\n.av-col-video {\n  width: 50%;\n}\n\n.av-col-texto {\n  display: flex;\n  align-items: center;\n}\n\n\/* ---------- TARJETA IMAGEN ---------- *\/\n.av-tarjeta-video {\n  width: 100%;\n  padding: 10px;\n  border-radius: 14px;\n  background: linear-gradient(\n    135deg,\n    rgba(45, 129, 255, 0.20),\n    rgba(45, 129, 255, 0.08)\n  );\n  box-shadow:\n    0 8px 24px rgba(0,0,0,0.10),\n    0 2px 6px rgba(0,0,0,0.06);\n  transition: transform 0.25s ease, box-shadow 0.25s ease;\n}\n\n.av-tarjeta-video:hover {\n  transform: translateY(-3px);\n  box-shadow:\n    0 12px 28px rgba(0, 0, 0, 0.14),\n    0 4px 10px rgba(0, 0, 0, 0.08);\n}\n\n.av-contenedor-video {\n  position: relative;\n  display: block;\n  overflow: hidden;\n  border-radius: 10px;\n  line-height: 0;\n  text-decoration: none;\n}\n\n.av-imagen {\n  width: 100%;\n  height: 300px;\n  object-fit: cover;\n  display: block;\n  transition: transform 0.3s ease;\n}\n\n.av-tarjeta-video:hover .av-imagen {\n  transform: scale(1.02);\n}\n\n\/* ---------- SUBT\u00cdTULOS ---------- *\/\n.av-subtitulo,\n.av-titulo-bloque {\n  color: #2D81FF;\n  font-weight: 700;\n  margin: 0 0 12px 0;\n  font-family: inherit;\n  display: block;\n}\n\n\/* ---------- LISTAS ---------- *\/\n.av-lista {\n  margin: 0 0 14px 0;\n  padding-left: 22px;\n}\n\n.av-lista li {\n  color: #2D81FF;\n  font-weight: bold;\n  margin-bottom: 8px;\n  text-align: justify;\n}\n\n.av-lista li span {\n  color: #000;\n  font-weight: 300;\n}\n\n\/* ---------- TARJETAS ---------- *\/\n.av-rejilla {\n  display: grid;\n  grid-template-columns: repeat(2, minmax(0, 1fr));\n  gap: 16px;\n  margin: 12px 0 18px 0;\n}\n\n.av-tarjeta {\n  padding: 16px 16px 14px 16px;\n  border-radius: 18px;\n  background: #fff;\n  border-top: 4px solid #2D81FF;\n  box-shadow:\n    0 8px 24px rgba(0,0,0,0.08),\n    0 2px 6px rgba(0,0,0,0.05);\n  transition: transform 0.25s ease, box-shadow 0.25s ease;\n}\n\n.av-tarjeta:hover {\n  transform: translateY(-2px);\n  box-shadow:\n    0 10px 26px rgba(45, 129, 255, 0.16),\n    0 4px 10px rgba(0,0,0,0.06);\n}\n\n.av-tarjeta p {\n  margin: 0;\n}\n\n\t.av-tarjeta strong {\n  color: #2D81FF;\n  font-weight: 700;\n}\n\t\n\t\n\/* ---------- BLOQUE DESTACADO ---------- *\/\n.av-tarjeta-suave {\n  margin: 10px 0 18px 0;\n  padding: 16px 18px;\n  border-radius: 18px;\n  background: linear-gradient(\n    135deg,\n    rgba(45, 129, 255, 0.16),\n    rgba(45, 129, 255, 0.06)\n  );\n  box-shadow:\n    0 8px 24px rgba(45, 129, 255, 0.10),\n    0 2px 6px rgba(0,0,0,0.04);\n}\n\n\/* ---------- ACORDE\u00d3N CON EFECTO BOT\u00d3N ---------- *\/\n.acordeon-av > details {\n  margin-bottom: 10px;\n  border: none;\n  border-radius: 18px;\n  overflow: hidden;\n  background: #fff;\n  box-shadow:\n    0 10px 26px rgba(0, 0, 0, 0.08),\n    0 3px 8px rgba(0, 0, 0, 0.04);\n  transition: transform 0.25s ease, box-shadow 0.25s ease;\n}\n\n.acordeon-av > details > summary {\n  list-style: none;\n  cursor: pointer;\n  position: relative;\n  padding: 16px 52px 16px 18px;\n  font-weight: 400;\n  font-family: inherit;\n  font-size: 1rem;\n  color: #fff;\n  background: linear-gradient(135deg, #4d9dff, #2D81FF);\n  transition:\n    background 0.28s ease,\n    color 0.28s ease,\n    letter-spacing 0.22s ease,\n    text-indent 0.22s ease,\n    transform 0.22s ease;\n}\n\n.acordeon-av > details > summary::-webkit-details-marker {\n  display: none;\n}\n\n.acordeon-av > details > summary::after {\n  content: \"+\";\n  position: absolute;\n  right: 18px;\n  top: 50%;\n  transform: translateY(-50%);\n  font-size: 1.4rem;\n  line-height: 1;\n  font-weight: 700;\n}\n\n.acordeon-av > details[open] > summary::after {\n  content: \"\u2013\";\n}\n\n.acordeon-av > details:hover > summary {\n  background: linear-gradient(135deg, #3b8fff, #1f6fe0);\n  text-indent: 4px;\n  letter-spacing: 0.15px;\n}\n\n.acordeon-av-contenido {\n  padding: 12px 6px 4px 6px;\n  background: #fff;\n}\n\n\/* ---------- ENLACES AULAS VIRTUALES ---------- *\/\n.av-grupo-aulas {\n  margin: 0 0 18px 0;\n}\n\n.av-grupo-aulas h4 {\n  color: #2D81FF;\n  margin: 0 0 10px 0;\n  font-size: 17px;\n  font-weight: 700;\n  line-height: 1.3;\n}\n\n.av-rejilla-enlaces {\n  display: grid;\n  grid-template-columns: repeat(2, minmax(0, 1fr));\n  gap: 14px;\n  margin: 0 0 18px 0;\n}\n\n.av-boton-aula {\n  display: flex;\n  align-items: center;\n  gap: 10px;\n  padding: 14px 16px;\n  border-radius: 14px;\n  background: linear-gradient(\n    135deg,\n    rgba(45, 129, 255, 0.18),\n    rgba(45, 129, 255, 0.07)\n  );\n  box-shadow:\n    0 6px 18px rgba(45, 129, 255, 0.12),\n    0 2px 6px rgba(0,0,0,0.05);\n  text-decoration: none;\n  transition: all 0.25s ease;\n}\n\n.av-boton-aula:hover {\n  transform: translateY(-2px);\n  box-shadow:\n    0 10px 24px rgba(45, 129, 255, 0.18),\n    0 4px 10px rgba(0,0,0,0.08);\n}\n\n.av-boton-aula img {\n  width: 15px;\n  height: auto;\n  display: block;\n  flex: 0 0 auto;\n}\n\n.av-boton-aula span {\n  color: #2a62b7;\n  font-weight: 400;\n  line-height: 1.35;\n}\n\n\/* ---------- RESPONSIVE ---------- *\/\n@media (max-width:768px) {\n  .av-fila {\n    flex-direction: column;\n  }\n\n  .av-col-texto,\n  .av-col-video {\n    width: 100%;\n  }\n\n  .av-col-texto {\n    display: block;\n  }\n\n  .av-imagen {\n    height: 230px;\n  }\n\n  .av-rejilla,\n  .av-rejilla-enlaces {\n    grid-template-columns: 1fr;\n  }\n\n  .av-fila,\n  .av-tarjeta,\n  .av-tarjeta-suave {\n    padding-left: 14px;\n    padding-right: 14px;\n  }\n\n  .acordeon-av > details > summary {\n    padding: 14px;\n  }\n\n  .acordeon-av-contenido {\n    padding: 10px 2px 2px 2px;\n  }\n}\n<\/style>\n\n<div class=\"av-actividades\">\n\n  <div class=\"av-fila\">\n\n    <div class=\"av-col-texto\">\n      <div>\n        <p align=\"justify\">\n          Las aulas virtuales constituyen un recurso complementario a la ense\u00f1anza presencial y permiten ampliar, reforzar y organizar mejor determinadas actividades educativas del alumnado. Su uso se integra dentro del trabajo del centro y se adapta a la edad del alumnado y a las necesidades de cada grupo.\n        <\/p>\n\n        <p align=\"justify\">\n          A trav\u00e9s de este entorno digital, el profesorado puede facilitar materiales, proponer tareas, organizar actividades y ofrecer al alumnado un espacio de apoyo para continuar el aprendizaje fuera del aula cuando resulte conveniente.\n        <\/p>\n      <\/div>\n    <\/div>\n\n    <div class=\"av-col-video\">\n      <div class=\"av-tarjeta-video\">\n        <div class=\"av-contenedor-video\">\n          <img decoding=\"async\" class=\"av-imagen\" src=\"https:\/\/site.educa.madrid.org\/cp.cela.madrid\/\/wp-content\/uploads\/cp.cela.madrid\/2026\/05\/menuactividades-aulavirtual.png\" alt=\"Aulas virtuales\">\n        <\/div>\n      <\/div>\n    <\/div>\n\n  <\/div>\n\n  <b class=\"av-subtitulo\">\u00bfPara qu\u00e9 se utilizan?<\/b>\n\n  <ul class=\"av-lista\">\n    <li><span>Compartir materiales de apoyo y consulta.<\/span><\/li>\n    <li><span>Organizar tareas o actividades complementarias.<\/span><\/li>\n    <li><span>Facilitar el acceso a recursos digitales educativos.<\/span><\/li>\n    <li><span>Reforzar contenidos trabajados en el aula.<\/span><\/li>\n    <li><span>Favorecer la autonom\u00eda y la organizaci\u00f3n del alumnado.<\/span><\/li>\n  <\/ul>\n\n  <b class=\"av-subtitulo\">Qu\u00e9 pueden encontrar las familias o el alumnado<\/b>\n\n  <div class=\"av-rejilla\">\n    <div class=\"av-tarjeta\">\n      <p align=\"justify\"><strong>Materiales de clase<\/strong><br>Documentos, fichas, presentaciones, enlaces o recursos seleccionados por el profesorado.<\/p>\n    <\/div>\n\n    <div class=\"av-tarjeta\">\n      <p align=\"justify\"><strong>Actividades y tareas<\/strong><br>Propuestas de refuerzo, ampliaci\u00f3n o seguimiento del trabajo escolar.<\/p>\n    <\/div>\n\n    <div class=\"av-tarjeta\">\n      <p align=\"justify\"><strong>Recursos audiovisuales<\/strong><br>V\u00eddeos, audios, materiales interactivos o actividades alojadas en Educamadrid.<\/p>\n    <\/div>\n\n    <div class=\"av-tarjeta\">\n      <p align=\"justify\"><strong>Espacios organizados por \u00e1reas o grupos<\/strong><br>Entornos adaptados al nivel y a las necesidades de cada clase.<\/p>\n    <\/div>\n  <\/div>\n\n  <b class=\"av-subtitulo\">Aspectos importantes<\/b>\n\n  <div class=\"av-tarjeta-suave\">\n    <p align=\"justify\">\n      El aula virtual no sustituye la ense\u00f1anza presencial, sino que la complementa. Su uso depender\u00e1 de la organizaci\u00f3n de cada tutor\u00eda, de cada especialista y de las actividades programadas en cada nivel.\n    <\/p>\n  <\/div>\n\n  <ul class=\"av-lista\">\n    <li><span>El acceso se realiza mediante las credenciales del portal Educamadrid.<\/span><\/li>\n    <li><span>En las etapas iniciales, el acompa\u00f1amiento de las familias o tutores legales es especialmente importante.<\/span><\/li>\n    <li><span>El uso de estos espacios debe realizarse con responsabilidad y siguiendo las indicaciones del profesorado.<\/span><\/li>\n    <li><span>Los contenidos publicados tienen finalidad educativa y forman parte del trabajo del centro.<\/span><\/li>\n  <\/ul>\n\n  <!-- ACORDE\u00d3N FINAL -->\n  <div class=\"acordeon-av\">\n\n    <details>\n      <summary>Aulas virtuales de Infantil<\/summary>\n      <div class=\"acordeon-av-contenido\">\n\n        <div class=\"av-grupo-aulas\">\n          <h4>Infantil 3 a\u00f1os Global<\/h4>\n          <div class=\"av-rejilla-enlaces\">\n            <a class=\"av-boton-aula\" href=\"https:\/\/aulavirtual33.educa.madrid.org\/cp.cela.madrid\/course\/view.php?id=95\" target=\"_blank\" rel=\"noopener\">\n              <img decoding=\"async\" src=\"http:\/\/www.educa.madrid.org\/web\/cp.cela.madrid\/img\/icon\/unlink.svg\" alt=\"\">\n              <span>Global<\/span>\n            <\/a>\n          <\/div>\n        <\/div>\n\n        <div class=\"av-grupo-aulas\">\n          <h4>Infantil 4 a\u00f1os Global<\/h4>\n          <div class=\"av-rejilla-enlaces\">\n            <a class=\"av-boton-aula\" href=\"https:\/\/aulavirtual33.educa.madrid.org\/cp.cela.madrid\/course\/view.php?id=94\" target=\"_blank\" rel=\"noopener\">\n              <img decoding=\"async\" src=\"http:\/\/www.educa.madrid.org\/web\/cp.cela.madrid\/img\/icon\/unlink.svg\" alt=\"\">\n              <span>Global<\/span>\n            <\/a>\n          <\/div>\n        <\/div>\n\n        <div class=\"av-grupo-aulas\">\n          <h4>Infantil 5 a\u00f1os Global<\/h4>\n          <div class=\"av-rejilla-enlaces\">\n            <a class=\"av-boton-aula\" href=\"https:\/\/aulavirtual33.educa.madrid.org\/cp.cela.madrid\/course\/view.php?id=93\" target=\"_blank\" rel=\"noopener\">\n              <img decoding=\"async\" src=\"http:\/\/www.educa.madrid.org\/web\/cp.cela.madrid\/img\/icon\/unlink.svg\" alt=\"\">\n              <span>Global<\/span>\n            <\/a>\n          <\/div>\n        <\/div>\n\n        <div class=\"av-grupo-aulas\">\n          <h4>Infantil Especialidades<\/h4>\n          <div class=\"av-rejilla-enlaces\">\n            <a class=\"av-boton-aula\" href=\"https:\/\/aulavirtual33.educa.madrid.org\/cp.cela.madrid\/course\/view.php?id=49\" target=\"_blank\" rel=\"noopener\">\n              <img decoding=\"async\" src=\"http:\/\/www.educa.madrid.org\/web\/cp.cela.madrid\/img\/icon\/unlink.svg\" alt=\"\">\n              <span>Ingl\u00e9s<\/span>\n            <\/a>\n\n            <a class=\"av-boton-aula\" href=\"https:\/\/aulavirtual33.educa.madrid.org\/cp.cela.madrid\/course\/view.php?id=96\" target=\"_blank\" rel=\"noopener\">\n              <img decoding=\"async\" src=\"http:\/\/www.educa.madrid.org\/web\/cp.cela.madrid\/img\/icon\/unlink.svg\" alt=\"\">\n              <span>M\u00fasica<\/span>\n            <\/a>\n\n            <a class=\"av-boton-aula\" href=\"https:\/\/aulavirtual33.educa.madrid.org\/cp.cela.madrid\/course\/view.php?id=97\" target=\"_blank\" rel=\"noopener\">\n              <img decoding=\"async\" src=\"http:\/\/www.educa.madrid.org\/web\/cp.cela.madrid\/img\/icon\/unlink.svg\" alt=\"\">\n              <span>Psicomotricidad<\/span>\n            <\/a>\n          <\/div>\n        <\/div>\n\n      <\/div>\n    <\/details>\n\n    <details>\n      <summary>Aulas virtuales de Primaria<\/summary>\n      <div class=\"acordeon-av-contenido\">\n\n        <div class=\"av-grupo-aulas\">\n          <h4>Primero de Primaria<\/h4>\n          <div class=\"av-rejilla-enlaces\">\n            <a class=\"av-boton-aula\" href=\"https:\/\/aulavirtual33.educa.madrid.org\/cp.cela.madrid\/course\/view.php?id=92\" target=\"_blank\" rel=\"noopener\">\n              <img decoding=\"async\" src=\"http:\/\/www.educa.madrid.org\/web\/cp.cela.madrid\/img\/icon\/unlink.svg\" alt=\"\">\n              <span>Global<\/span>\n            <\/a>\n          <\/div>\n        <\/div>\n\n        <div class=\"av-grupo-aulas\">\n          <h4>Segundo de Primaria<\/h4>\n          <div class=\"av-rejilla-enlaces\">\n            <a class=\"av-boton-aula\" href=\"https:\/\/aulavirtual33.educa.madrid.org\/cp.cela.madrid\/course\/view.php?id=91\" target=\"_blank\" rel=\"noopener\">\n              <img decoding=\"async\" src=\"http:\/\/www.educa.madrid.org\/web\/cp.cela.madrid\/img\/icon\/unlink.svg\" alt=\"\">\n              <span>Global<\/span>\n            <\/a>\n          <\/div>\n        <\/div>\n\n        <div class=\"av-grupo-aulas\">\n          <h4>Tercero de Primaria<\/h4>\n          <div class=\"av-rejilla-enlaces\">\n            <a class=\"av-boton-aula\" href=\"https:\/\/aulavirtual33.educa.madrid.org\/cp.cela.madrid\/course\/view.php?id=115\" target=\"_blank\" rel=\"noopener\"><img decoding=\"async\" src=\"http:\/\/www.educa.madrid.org\/web\/cp.cela.madrid\/img\/icon\/unlink.svg\" alt=\"\"><span>Lengua<\/span><\/a>\n            <a class=\"av-boton-aula\" href=\"https:\/\/aulavirtual33.educa.madrid.org\/cp.cela.madrid\/course\/view.php?id=114\" target=\"_blank\" rel=\"noopener\"><img decoding=\"async\" src=\"http:\/\/www.educa.madrid.org\/web\/cp.cela.madrid\/img\/icon\/unlink.svg\" alt=\"\"><span>Matem\u00e1ticas<\/span><\/a>\n            <a class=\"av-boton-aula\" href=\"https:\/\/aulavirtual33.educa.madrid.org\/cp.cela.madrid\/course\/view.php?id=88\" target=\"_blank\" rel=\"noopener\"><img decoding=\"async\" src=\"http:\/\/www.educa.madrid.org\/web\/cp.cela.madrid\/img\/icon\/unlink.svg\" alt=\"\"><span>Ciencias Naturales<\/span><\/a>\n            <a class=\"av-boton-aula\" href=\"https:\/\/aulavirtual33.educa.madrid.org\/cp.cela.madrid\/course\/view.php?id=87\" target=\"_blank\" rel=\"noopener\"><img decoding=\"async\" src=\"http:\/\/www.educa.madrid.org\/web\/cp.cela.madrid\/img\/icon\/unlink.svg\" alt=\"\"><span>Ciencias Sociales<\/span><\/a>\n            <a class=\"av-boton-aula\" href=\"https:\/\/aulavirtual33.educa.madrid.org\/cp.cela.madrid\/course\/view.php?id=86\" target=\"_blank\" rel=\"noopener\"><img decoding=\"async\" src=\"http:\/\/www.educa.madrid.org\/web\/cp.cela.madrid\/img\/icon\/unlink.svg\" alt=\"\"><span>Ingl\u00e9s<\/span><\/a>\n          <\/div>\n        <\/div>\n\n        <div class=\"av-grupo-aulas\">\n          <h4>Cuarto de Primaria<\/h4>\n          <div class=\"av-rejilla-enlaces\">\n            <a class=\"av-boton-aula\" href=\"https:\/\/aulavirtual33.educa.madrid.org\/cp.cela.madrid\/course\/view.php?id=85\" target=\"_blank\" rel=\"noopener\"><img decoding=\"async\" src=\"http:\/\/www.educa.madrid.org\/web\/cp.cela.madrid\/img\/icon\/unlink.svg\" alt=\"\"><span>Lengua<\/span><\/a>\n            <a class=\"av-boton-aula\" href=\"https:\/\/aulavirtual33.educa.madrid.org\/cp.cela.madrid\/course\/view.php?id=84\" target=\"_blank\" rel=\"noopener\"><img decoding=\"async\" src=\"http:\/\/www.educa.madrid.org\/web\/cp.cela.madrid\/img\/icon\/unlink.svg\" alt=\"\"><span>Matem\u00e1ticas<\/span><\/a>\n            <a class=\"av-boton-aula\" href=\"https:\/\/aulavirtual33.educa.madrid.org\/cp.cela.madrid\/course\/view.php?id=83\" target=\"_blank\" rel=\"noopener\"><img decoding=\"async\" src=\"http:\/\/www.educa.madrid.org\/web\/cp.cela.madrid\/img\/icon\/unlink.svg\" alt=\"\"><span>Ciencias Naturales<\/span><\/a>\n            <a class=\"av-boton-aula\" href=\"https:\/\/aulavirtual33.educa.madrid.org\/cp.cela.madrid\/course\/view.php?id=82\" target=\"_blank\" rel=\"noopener\"><img decoding=\"async\" src=\"http:\/\/www.educa.madrid.org\/web\/cp.cela.madrid\/img\/icon\/unlink.svg\" alt=\"\"><span>Ciencias Sociales<\/span><\/a>\n            <a class=\"av-boton-aula\" href=\"https:\/\/aulavirtual33.educa.madrid.org\/cp.cela.madrid\/course\/view.php?id=81\" target=\"_blank\" rel=\"noopener\"><img decoding=\"async\" src=\"http:\/\/www.educa.madrid.org\/web\/cp.cela.madrid\/img\/icon\/unlink.svg\" alt=\"\"><span>Ingl\u00e9s<\/span><\/a>\n          <\/div>\n        <\/div>\n\n        <div class=\"av-grupo-aulas\">\n          <h4>Quinto de Primaria<\/h4>\n          <div class=\"av-rejilla-enlaces\">\n            <a class=\"av-boton-aula\" href=\"https:\/\/aulavirtual33.educa.madrid.org\/cp.cela.madrid\/course\/view.php?id=66\" target=\"_blank\" rel=\"noopener\"><img decoding=\"async\" src=\"http:\/\/www.educa.madrid.org\/web\/cp.cela.madrid\/img\/icon\/unlink.svg\" alt=\"\"><span>Lengua<\/span><\/a>\n            <a class=\"av-boton-aula\" href=\"https:\/\/aulavirtual33.educa.madrid.org\/cp.cela.madrid\/course\/view.php?id=65\" target=\"_blank\" rel=\"noopener\"><img decoding=\"async\" src=\"http:\/\/www.educa.madrid.org\/web\/cp.cela.madrid\/img\/icon\/unlink.svg\" alt=\"\"><span>Matem\u00e1ticas<\/span><\/a>\n            <a class=\"av-boton-aula\" href=\"https:\/\/aulavirtual33.educa.madrid.org\/cp.cela.madrid\/course\/view.php?id=42\" target=\"_blank\" rel=\"noopener\"><img decoding=\"async\" src=\"http:\/\/www.educa.madrid.org\/web\/cp.cela.madrid\/img\/icon\/unlink.svg\" alt=\"\"><span>Ciencias Naturales<\/span><\/a>\n            <a class=\"av-boton-aula\" href=\"https:\/\/aulavirtual33.educa.madrid.org\/cp.cela.madrid\/course\/view.php?id=67\" target=\"_blank\" rel=\"noopener\"><img decoding=\"async\" src=\"http:\/\/www.educa.madrid.org\/web\/cp.cela.madrid\/img\/icon\/unlink.svg\" alt=\"\"><span>Ciencias Sociales<\/span><\/a>\n            <a class=\"av-boton-aula\" href=\"https:\/\/aulavirtual33.educa.madrid.org\/cp.cela.madrid\/course\/view.php?id=68\" target=\"_blank\" rel=\"noopener\"><img decoding=\"async\" src=\"http:\/\/www.educa.madrid.org\/web\/cp.cela.madrid\/img\/icon\/unlink.svg\" alt=\"\"><span>Ingl\u00e9s<\/span><\/a>\n          <\/div>\n        <\/div>\n\n        <div class=\"av-grupo-aulas\">\n          <h4>Sexto de Primaria<\/h4>\n          <div class=\"av-rejilla-enlaces\">\n            <a class=\"av-boton-aula\" href=\"https:\/\/aulavirtual33.educa.madrid.org\/cp.cela.madrid\/course\/view.php?id=72\" target=\"_blank\" rel=\"noopener\"><img decoding=\"async\" src=\"http:\/\/www.educa.madrid.org\/web\/cp.cela.madrid\/img\/icon\/unlink.svg\" alt=\"\"><span>Lengua<\/span><\/a>\n            <a class=\"av-boton-aula\" href=\"https:\/\/aulavirtual33.educa.madrid.org\/cp.cela.madrid\/course\/view.php?id=73\" target=\"_blank\" rel=\"noopener\"><img decoding=\"async\" src=\"http:\/\/www.educa.madrid.org\/web\/cp.cela.madrid\/img\/icon\/unlink.svg\" alt=\"\"><span>Matem\u00e1ticas<\/span><\/a>\n            <a class=\"av-boton-aula\" href=\"https:\/\/aulavirtual33.educa.madrid.org\/cp.cela.madrid\/course\/view.php?id=74\" target=\"_blank\" rel=\"noopener\"><img decoding=\"async\" src=\"http:\/\/www.educa.madrid.org\/web\/cp.cela.madrid\/img\/icon\/unlink.svg\" alt=\"\"><span>Ciencias Naturales<\/span><\/a>\n            <a class=\"av-boton-aula\" href=\"https:\/\/aulavirtual33.educa.madrid.org\/cp.cela.madrid\/course\/view.php?id=75\" target=\"_blank\" rel=\"noopener\"><img decoding=\"async\" src=\"http:\/\/www.educa.madrid.org\/web\/cp.cela.madrid\/img\/icon\/unlink.svg\" alt=\"\"><span>Ciencias Sociales<\/span><\/a>\n            <a class=\"av-boton-aula\" href=\"https:\/\/aulavirtual33.educa.madrid.org\/cp.cela.madrid\/course\/view.php?id=76\" target=\"_blank\" rel=\"noopener\"><img decoding=\"async\" src=\"http:\/\/www.educa.madrid.org\/web\/cp.cela.madrid\/img\/icon\/unlink.svg\" alt=\"\"><span>Ingl\u00e9s<\/span><\/a>\n          <\/div>\n        <\/div>\n\n        <div class=\"av-grupo-aulas\">\n          <h4>Primaria Especialidades<\/h4>\n          <div class=\"av-rejilla-enlaces\">\n            <a class=\"av-boton-aula\" href=\"https:\/\/aulavirtual33.educa.madrid.org\/cp.cela.madrid\/course\/view.php?id=77\" target=\"_blank\" rel=\"noopener\"><img decoding=\"async\" src=\"http:\/\/www.educa.madrid.org\/web\/cp.cela.madrid\/img\/icon\/unlink.svg\" alt=\"\"><span>Educaci\u00f3n F\u00edsica<\/span><\/a>\n            <a class=\"av-boton-aula\" href=\"https:\/\/aulavirtual33.educa.madrid.org\/cp.cela.madrid\/user\/index.php?id=122\" target=\"_blank\" rel=\"noopener\"><img decoding=\"async\" src=\"http:\/\/www.educa.madrid.org\/web\/cp.cela.madrid\/img\/icon\/unlink.svg\" alt=\"\"><span>Pl\u00e1stica<\/span><\/a>\n            <a class=\"av-boton-aula\" href=\"https:\/\/aulavirtual33.educa.madrid.org\/cp.cela.madrid\/course\/view.php?id=78\" target=\"_blank\" rel=\"noopener\"><img decoding=\"async\" src=\"http:\/\/www.educa.madrid.org\/web\/cp.cela.madrid\/img\/icon\/unlink.svg\" alt=\"\"><span>M\u00fasica<\/span><\/a>\n            <a class=\"av-boton-aula\" href=\"https:\/\/aulavirtual33.educa.madrid.org\/cp.cela.madrid\/course\/view.php?id=102\" target=\"_blank\" rel=\"noopener\"><img decoding=\"async\" src=\"http:\/\/www.educa.madrid.org\/web\/cp.cela.madrid\/img\/icon\/unlink.svg\" alt=\"\"><span>Equipo de Orientaci\u00f3n<\/span><\/a>\n            <a class=\"av-boton-aula\" href=\"https:\/\/aulavirtual33.educa.madrid.org\/cp.cela.madrid\/course\/view.php?id=80\" target=\"_blank\" rel=\"noopener\"><img decoding=\"async\" src=\"http:\/\/www.educa.madrid.org\/web\/cp.cela.madrid\/img\/icon\/unlink.svg\" alt=\"\"><span>Valores<\/span><\/a>\n            <a class=\"av-boton-aula\" href=\"https:\/\/aulavirtual33.educa.madrid.org\/cp.cela.madrid\/course\/view.php?id=79\" target=\"_blank\" rel=\"noopener\"><img decoding=\"async\" src=\"http:\/\/www.educa.madrid.org\/web\/cp.cela.madrid\/img\/icon\/unlink.svg\" alt=\"\"><span>Religi\u00f3n<\/span><\/a>\n          <\/div>\n        <\/div>\n\n      <\/div>\n    <\/details>\n\n  <\/div>\n\n<\/div><\/div><\/div><\/div><\/div><\/div>","protected":false},"excerpt":{"rendered":"<p>ACTIVIDADES AULAS VIRTUALES Las aulas virtuales constituyen un recurso complementario a la ense\u00f1anza presencial y permiten ampliar, reforzar y organizar mejor determinadas actividades educativas del alumnado. Su uso se integra dentro del trabajo del centro y se adapta a la edad del alumnado y a las necesidades de cada grupo. A trav\u00e9s de este entorno [&hellip;]<\/p>\n","protected":false},"author":2,"featured_media":0,"parent":11708,"menu_order":4,"comment_status":"closed","ping_status":"closed","template":"","meta":{"footnotes":""},"folder":[],"class_list":["post-2224","page","type-page","status-publish","hentry"],"rttpg_featured_image_url":null,"rttpg_author":{"display_name":"tic.cp.cela.madrid","author_link":"https:\/\/site.educa.madrid.org\/cp.cela.madrid\/index.php\/author\/cuenta_tic-cp-cela-madrid\/"},"rttpg_comment":0,"rttpg_category":false,"rttpg_excerpt":"ACTIVIDADES AULAS VIRTUALES Las aulas virtuales constituyen un recurso complementario a la ense\u00f1anza presencial y permiten ampliar, reforzar y organizar mejor determinadas actividades educativas del alumnado. Su uso se integra dentro del trabajo del centro y se adapta a la edad del alumnado y a las necesidades de cada grupo. A trav\u00e9s de este entorno&hellip;","post_mailing_queue_ids":[],"_links":{"self":[{"href":"https:\/\/site.educa.madrid.org\/cp.cela.madrid\/index.php\/wp-json\/wp\/v2\/pages\/2224","targetHints":{"allow":["GET"]}}],"collection":[{"href":"https:\/\/site.educa.madrid.org\/cp.cela.madrid\/index.php\/wp-json\/wp\/v2\/pages"}],"about":[{"href":"https:\/\/site.educa.madrid.org\/cp.cela.madrid\/index.php\/wp-json\/wp\/v2\/types\/page"}],"author":[{"embeddable":true,"href":"https:\/\/site.educa.madrid.org\/cp.cela.madrid\/index.php\/wp-json\/wp\/v2\/users\/2"}],"replies":[{"embeddable":true,"href":"https:\/\/site.educa.madrid.org\/cp.cela.madrid\/index.php\/wp-json\/wp\/v2\/comments?post=2224"}],"version-history":[{"count":50,"href":"https:\/\/site.educa.madrid.org\/cp.cela.madrid\/index.php\/wp-json\/wp\/v2\/pages\/2224\/revisions"}],"predecessor-version":[{"id":9690,"href":"https:\/\/site.educa.madrid.org\/cp.cela.madrid\/index.php\/wp-json\/wp\/v2\/pages\/2224\/revisions\/9690"}],"up":[{"embeddable":true,"href":"https:\/\/site.educa.madrid.org\/cp.cela.madrid\/index.php\/wp-json\/wp\/v2\/pages\/11708"}],"wp:attachment":[{"href":"https:\/\/site.educa.madrid.org\/cp.cela.madrid\/index.php\/wp-json\/wp\/v2\/media?parent=2224"}],"wp:term":[{"taxonomy":"folder","embeddable":true,"href":"https:\/\/site.educa.madrid.org\/cp.cela.madrid\/index.php\/wp-json\/wp\/v2\/folder?post=2224"}],"curies":[{"name":"wp","href":"https:\/\/api.w.org\/{rel}","templated":true}]}}