{"id":348,"date":"2021-07-27T18:38:48","date_gmt":"2021-07-27T18:38:48","guid":{"rendered":"https:\/\/site.educa.madrid.org\/cp.cela.madrid\/?page_id=348"},"modified":"2026-05-11T14:28:12","modified_gmt":"2026-05-11T12:28:12","slug":"descripcion-y-plano-de-las-instalaciones-2-2-2","status":"publish","type":"page","link":"https:\/\/site.educa.madrid.org\/cp.cela.madrid\/index.php\/nuestro-colegio\/descripcion-y-plano-de-las-instalaciones-2-2-2\/","title":{"rendered":"Espacios e instalaciones"},"content":{"rendered":"<div id=\"pl-348\"  class=\"panel-layout\" ><div id=\"pg-348-0\"  class=\"panel-grid panel-no-style\" ><div id=\"pgc-348-0-0\"  class=\"panel-grid-cell\" ><div id=\"panel-348-0-0-0\" class=\"widget_text so-panel widget widget_custom_html panel-first-child panel-last-child\" data-index=\"0\" ><div class=\"textwidget custom-html-widget\"><h3 style=\"background: rgba(147, 68, 226, 0.88); color: #fff!important; padding: 4px 10px; font-size: 18px; font-weight: 500; border-radius: 10px; font-family: inherit; -webkit-font-smoothing: antialiased; -moz-osx-font-smoothing: grayscale;\">ESPACIOS E INSTALACIONES<\/h3>\n\n<style>\nhtml {\n  scroll-behavior: smooth;\n}\n\n\/* ---------- AJUSTES GENERALES ---------- *\/\n.ceip-espacios p,\n.ceip-espacios li {\n  font-size: 16px;\n}\n\n.ceip-espacios p {\n  margin: 0 0 14px 0;\n}\n\n.ceip-titulo-bloque {\n  color: #9344e2;\n  display: inline-block;\n  margin: 0 0 10px 0;\n}\n\n\/* ---------- TARJETA SUAVE TIPO ADMISI\u00d3N ---------- *\/\n.ceip-tarjeta-suave {\n  padding: 14px 16px;\n  border-radius: 14px;\n  background: linear-gradient(\n    135deg,\n    rgba(147, 68, 226, 0.14),\n    rgba(147, 68, 226, 0.05)\n  );\n  box-shadow:\n    0 8px 24px rgba(0,0,0,0.08),\n    0 2px 6px rgba(0,0,0,0.04);\n  margin: 10px 0 18px 0;\n}\n\n\/* ---------- BLOQUE GENERAL TEXTO + IMAGEN ---------- *\/\n.ceip-fila {\n  display: flex;\n  gap: 24px;\n  align-items: stretch;\n  margin: 10px 0 14px 0;\n}\n\n.ceip-fila-sin-margen {\n  margin: 0;\n}\n\n.ceip-col-imagen,\n.ceip-col-texto {\n  width: 50%;\n  box-sizing: border-box;\n}\n\n.ceip-col-imagen {\n  display: flex;\n  align-items: center;\n  justify-content: center;\n}\n\n.ceip-col-imagen a {\n  display: block;\n  width: 100%;\n}\n\n.ceip-col-imagen img {\n  width: 100%;\n  height: auto;\n  display: block;\n  object-fit: contain;\n  cursor: zoom-in;\n  border-radius: 4px;\n}\n\n.ceip-col-texto {\n  line-height: 1.65;\n  display: flex;\n  align-items: center;\n}\n\n.ceip-col-texto > div,\n.ceip-col-texto > ul,\n.ceip-col-texto > p {\n  width: 100%;\n}\n\n.ceip-lista {\n  margin: 0;\n  padding-left: 20px;\n}\n\n.ceip-lista li {\n  margin-bottom: 10px;\n  text-align: justify;\n}\n\n\/* ---------- IM\u00c1GENES SUELTAS Y GALER\u00cdAS ---------- *\/\n.ceip-imagen-ancha {\n  width: 100%;\n  max-width: 1200px;\n  height: auto;\n  display: block;\n  margin: 10px auto 0 auto;\n  cursor: zoom-in;\n  border-radius: 4px;\n}\n\n.ceip-galeria {\n  display: flex;\n  gap: 24px;\n  margin: 10px 0 14px 0;\n}\n\n.ceip-galeria-col {\n  width: 50%;\n  box-sizing: border-box;\n}\n\n.ceip-galeria-col a {\n  display: block;\n  width: 100%;\n}\n\n.ceip-galeria-col img {\n  width: 100%;\n  display: block;\n  cursor: zoom-in;\n  border-radius: 4px;\n}\n\n\/* ---------- LIGHTBOX UNIFICADO ---------- *\/\n.ceip-lightbox {\n  position: fixed;\n  inset: 0;\n  background: rgba(0,0,0,0.88);\n  display: none;\n  z-index: 9999;\n}\n\n.ceip-lightbox:target {\n  display: block;\n}\n\n.ceip-lightbox .cerrar {\n  position: absolute;\n  inset: 0;\n  cursor: zoom-out;\n}\n\n.ceip-lightbox img {\n  position: absolute;\n  top: 50%;\n  left: 50%;\n  transform: translate(-50%, -50%);\n  max-width: 92%;\n  max-height: 92%;\n  box-shadow: 0 0 25px rgba(0,0,0,0.6);\n  pointer-events: none;\n  border-radius: 4px;\n}\n\n\/* ---------- ANCLAS ---------- *\/\n#ancla-plano,\n#ancla-fachada,\n#zona-imagenes,\n#ancla-galeria-cela,\n#ancla-galeria-aulas-cela,\n#ancla-galeria-aulas-especificas,\n#ancla-huerto,\n#ancla-video-final {\n  position: relative;\n  top: -10px;\n}\n\n\/* ---------- BLOQUE V\u00cdDEO ---------- *\/\n.ceip-video {\n  position: relative;\n  display: block;\n  width: 100%;\n  overflow: hidden;\n  border-radius: 12px;\n  line-height: 0;\n  text-decoration: none;\n}\n\n.ceip-video-img {\n  width: 100%;\n  height: auto;\n  display: block;\n}\n\n.ceip-video-overlay {\n  position: absolute;\n  inset: 0;\n  background: linear-gradient(\n    to top,\n    rgba(147, 68, 226, 0.78) 0%,\n    rgba(147, 68, 226, 0.42) 42%,\n    rgba(147, 68, 226, 0.10) 100%\n  );\n  transition: all 0.3s ease;\n}\n\n.ceip-video-play {\n  position: absolute;\n  top: 44%;\n  left: 50%;\n  transform: translate(-50%, -50%);\n  width: 0;\n  height: 0;\n  border-left: 48px solid #9344e2;\n  border-top: 30px solid transparent;\n  border-bottom: 30px solid transparent;\n  filter: drop-shadow(0 2px 6px rgba(0,0,0,0.4));\n}\n\n.ceip-video-ver {\n  position: absolute;\n  top: 58%;\n  left: 50%;\n  transform: translateX(-50%);\n  font-family: 'Montserrat', Arial, sans-serif;\n  font-size: 14px;\n  font-weight: 600;\n  color: #ffffff;\n  letter-spacing: 0.4px;\n  text-shadow: 0 2px 6px rgba(0,0,0,0.6);\n  white-space: nowrap;\n  text-align: center;\n  line-height: 1.2;\n  z-index: 3;\n}\n\n.ceip-video-texto {\n  position: absolute;\n  bottom: 12px;\n  left: 50%;\n  transform: translateX(-50%);\n  font-family: 'Montserrat', Arial, sans-serif;\n  font-weight: 800;\n  font-size: 18px;\n  line-height: 1.1;\n  color: #ffffff;\n  text-align: center;\n  text-shadow: 0 2px 10px rgba(0,0,0,0.65);\n  z-index: 2;\n  width: calc(100% - 24px);\n  white-space: nowrap;\n}\n\n.ceip-video:hover .ceip-video-overlay {\n  background: linear-gradient(\n    to top,\n    rgba(147, 68, 226, 0.92) 0%,\n    rgba(147, 68, 226, 0.54) 50%,\n    rgba(147, 68, 226, 0.16) 100%\n  );\n}\n\n\/* ---------- TARJETA DEL V\u00cdDEO ---------- *\/\n.ceip-video-tarjeta {\n  width: 100%;\n  margin: 0;\n  padding: 10px;\n  border-radius: 16px;\n  background: linear-gradient(\n    135deg,\n    rgba(147, 68, 226, 0.20),\n    rgba(147, 68, 226, 0.06)\n  );\n  box-shadow:\n    0 10px 28px rgba(147, 68, 226, 0.22),\n    0 4px 12px rgba(0,0,0,0.10);\n  position: relative;\n  box-sizing: border-box;\n}\n\n.ceip-video-tarjeta::before {\n  content: \"\";\n  position: absolute;\n  inset: 0;\n  border-radius: 16px;\n  box-shadow: 0 0 18px rgba(147, 68, 226, 0.20);\n  pointer-events: none;\n}\n\n.ceip-video-tarjeta:hover {\n  transform: translateY(-2px);\n  transition: 0.25s ease;\n}\n\n\/* ---------- BLOQUE FINAL TEXTO + V\u00cdDEO ---------- *\/\n.ceip-fila-final {\n  align-items: center;\n  margin: 0;\n}\n\n.ceip-col-texto-final {\n  display: flex;\n  align-items: center;\n}\n\n.ceip-col-texto-final p:last-child {\n  margin-bottom: 0;\n}\n\n\/* ---------- RESPONSIVE ---------- *\/\n@media (max-width: 768px) {\n  .ceip-fila,\n  .ceip-galeria {\n    flex-direction: column;\n    gap: 18px;\n  }\n\n  .ceip-col-imagen,\n  .ceip-col-texto,\n  .ceip-galeria-col {\n    width: 100%;\n  }\n\n  .ceip-video-play {\n    top: 43%;\n    border-left: 38px solid #9344e2;\n    border-top: 24px solid transparent;\n    border-bottom: 24px solid transparent;\n  }\n\n  .ceip-video-ver {\n    font-size: 13px;\n    top: 58%;\n  }\n\n  .ceip-video-texto {\n    font-size: 15px;\n    bottom: 10px;\n    width: calc(100% - 20px);\n  }\n\n  .ceip-tarjeta-suave {\n    padding: 12px 12px;\n  }\n}\n\n@media only screen and (min-width: 1200px) {\n  .ceip-video-texto {\n    font-size: 22px;\n    width: calc(100% - 32px);\n  }\n\n  .ceip-video-play {\n    top: 44%;\n    border-left: 70px solid #9344e2;\n    border-top: 40px solid transparent;\n    border-bottom: 40px solid transparent;\n  }\n\n  .ceip-video-ver {\n    font-size: 18px;\n    top: 59%;\n  }\n}\n<\/style>\n\n<div class=\"ceip-espacios\">\n\n  <b class=\"ceip-titulo-bloque\">Edificios<\/b>\n  <p align=\"justify\">Desde el punto de vista arquitect\u00f3nico, el colegio est\u00e1 constituido por tres edificios diferenciados:<\/p>\n\n  <div id=\"ancla-plano\"><\/div>\n\n  <div class=\"ceip-tarjeta-suave\">\n    <div class=\"ceip-fila ceip-fila-sin-margen\">\n      <div class=\"ceip-col-imagen\">\n        <a href=\"#img-plano\">\n          <img decoding=\"async\" src=\"https:\/\/site.educa.madrid.org\/cp.cela.madrid\/\/wp-content\/uploads\/cp.cela.madrid\/2026\/04\/vista-general2.png\" alt=\"Plano del colegio\">\n        <\/a>\n      <\/div>\n\n      <div class=\"ceip-col-texto\">\n        <ul class=\"ceip-lista\">\n          <li>Un edificio destinado a Educaci\u00f3n Infantil (3 y 4 a\u00f1os), con aulas adaptadas y acceso directo al patio.<\/li>\n          <li>El edificio principal, que acoge Infantil de 5 a\u00f1os y Educaci\u00f3n Primaria, adem\u00e1s de zonas comunes.<\/li>\n          <li>Un gimnasio o sala polivalente con vestuarios, duchas y escenario desmontable.<\/li>\n        <\/ul>\n      <\/div>\n    <\/div>\n  <\/div>\n\n  <div id=\"img-plano\" class=\"ceip-lightbox\">\n    <a href=\"#ancla-plano\" class=\"cerrar\"><\/a>\n    <img decoding=\"async\" src=\"https:\/\/site.educa.madrid.org\/cp.cela.madrid\/\/wp-content\/uploads\/cp.cela.madrid\/2026\/04\/vista-general2.png\" alt=\"Plano del colegio ampliado\">\n  <\/div>\n\n  <p align=\"justify\">Esta distribuci\u00f3n facilita una organizaci\u00f3n funcional de los espacios y una adecuada atenci\u00f3n educativa del alumnado, permitiendo compatibilizar el desarrollo ordinario de la actividad lectiva con la utilizaci\u00f3n de aulas espec\u00edficas, espacios comunes y zonas destinadas al apoyo, el refuerzo educativo y la atenci\u00f3n a la diversidad.<\/p>\n\n  <div id=\"ancla-fachada\"><\/div>\n\n  <a href=\"#img-fachada\">\n    <img decoding=\"async\" src=\"https:\/\/site.educa.madrid.org\/cp.cela.madrid\/\/wp-content\/uploads\/cp.cela.madrid\/2026\/05\/Inicio_presentacion_01fachada-2-scaled-1.jpg\" alt=\"Fachada del centro\" class=\"ceip-imagen-ancha\">\n  <\/a>\n\n  <div id=\"img-fachada\" class=\"ceip-lightbox\">\n    <a href=\"#ancla-fachada\" class=\"cerrar\"><\/a>\n    <img decoding=\"async\" src=\"https:\/\/site.educa.madrid.org\/cp.cela.madrid\/\/wp-content\/uploads\/cp.cela.madrid\/2026\/05\/Inicio_presentacion_01fachada-2-scaled-1.jpg\" alt=\"Fachada del centro ampliada\">\n  <\/div>\n\n  <br>\n\n  <b class=\"ceip-titulo-bloque\">Zonas comunes<\/b>\n  <p align=\"justify\">Entre las zonas comunes del centro destaca la biblioteca escolar, que cuenta con m\u00e1s de 5.000 vol\u00famenes de literatura infantil clasificados por edades, as\u00ed como una zona de pr\u00e9stamo para personas adultas. Adem\u00e1s, el centro dispone de comedor escolar con cocina propia, insonorizado y con capacidad para aproximadamente 200 comensales.<\/p>\n\n  <div id=\"zona-imagenes\"><\/div>\n\n  <div class=\"ceip-galeria\">\n    <div class=\"ceip-galeria-col\">\n      <a href=\"#img1\">\n        <img decoding=\"async\" src=\"https:\/\/site.educa.madrid.org\/cp.cela.madrid\/wp-content\/uploads\/cp.cela.madrid\/2026\/03\/comedor-2-scaled.jpg\" alt=\"Comedor escolar\">\n      <\/a>\n    <\/div>\n\n    <div class=\"ceip-galeria-col\">\n      <a href=\"#img2\">\n        <img decoding=\"async\" src=\"https:\/\/site.educa.madrid.org\/cp.cela.madrid\/\/wp-content\/uploads\/cp.cela.madrid\/2026\/04\/biblioteca-scaled.jpg\" alt=\"Biblioteca escolar\">\n      <\/a>\n    <\/div>\n  <\/div>\n\n  <div id=\"img1\" class=\"ceip-lightbox\">\n    <a href=\"#zona-imagenes\" class=\"cerrar\"><\/a>\n    <img decoding=\"async\" src=\"https:\/\/site.educa.madrid.org\/cp.cela.madrid\/wp-content\/uploads\/cp.cela.madrid\/2026\/03\/comedor-2-scaled.jpg\" alt=\"Comedor escolar ampliado\">\n  <\/div>\n\n  <div id=\"img2\" class=\"ceip-lightbox\">\n    <a href=\"#zona-imagenes\" class=\"cerrar\"><\/a>\n    <img decoding=\"async\" src=\"https:\/\/site.educa.madrid.org\/cp.cela.madrid\/\/wp-content\/uploads\/cp.cela.madrid\/2026\/04\/biblioteca-scaled.jpg\" alt=\"Biblioteca escolar ampliada\">\n  <\/div>\n\n  <br>\n\n  <b class=\"ceip-titulo-bloque\">Aulas espec\u00edficas<\/b>\n  <p align=\"justify\">El colegio dispone de aulas espec\u00edficas de psicomotricidad, m\u00fasica, atenci\u00f3n a la diversidad (Audici\u00f3n y Lenguaje y Pedagog\u00eda Terap\u00e9utica), lectura, inform\u00e1tica, educaci\u00f3n f\u00edsica, talleres y orientaci\u00f3n educativa, todas ellas dotadas de recursos y materiales adecuados a su finalidad pedag\u00f3gica.<\/p>\n\n  <div id=\"ancla-galeria-aulas-especificas\"><\/div>\n\n  <div class=\"ceip-galeria\">\n    <div class=\"ceip-galeria-col\">\n      <a href=\"#lightbox-aula-especifica-1\">\n        <img decoding=\"async\" src=\"https:\/\/site.educa.madrid.org\/cp.cela.madrid\/wp-content\/uploads\/cp.cela.madrid\/2026\/04\/gimnasio-scaled.jpg\" alt=\"Gimnasio del centro\">\n      <\/a>\n    <\/div>\n\n    <div class=\"ceip-galeria-col\">\n      <a href=\"#lightbox-aula-especifica-2\">\n        <img decoding=\"async\" src=\"https:\/\/site.educa.madrid.org\/cp.cela.madrid\/wp-content\/uploads\/cp.cela.madrid\/2026\/04\/aula-informatica-scaled.jpg\" alt=\"Aula de inform\u00e1tica\">\n      <\/a>\n    <\/div>\n  <\/div>\n\n  <div id=\"lightbox-aula-especifica-1\" class=\"ceip-lightbox\">\n    <a href=\"#ancla-galeria-aulas-especificas\" class=\"cerrar\"><\/a>\n    <img decoding=\"async\" src=\"https:\/\/site.educa.madrid.org\/cp.cela.madrid\/wp-content\/uploads\/cp.cela.madrid\/2026\/04\/gimnasio-scaled.jpg\" alt=\"Gimnasio del centro ampliado\">\n  <\/div>\n\n  <div id=\"lightbox-aula-especifica-2\" class=\"ceip-lightbox\">\n    <a href=\"#ancla-galeria-aulas-especificas\" class=\"cerrar\"><\/a>\n    <img decoding=\"async\" src=\"https:\/\/site.educa.madrid.org\/cp.cela.madrid\/wp-content\/uploads\/cp.cela.madrid\/2026\/04\/aula-informatica-scaled.jpg\" alt=\"Aula de inform\u00e1tica ampliada\">\n  <\/div>\n\n  <br>\n\n  <b class=\"ceip-titulo-bloque\">Patios \/ Recreos<\/b>\n\n  <p align=\"justify\">En el centro existen tres zonas diferenciadas de patio o recreo: una espec\u00edfica para Educaci\u00f3n Infantil, otra destinada al alumnado de primero y segundo de Educaci\u00f3n Primaria y un conjunto de pistas deportivas utilizadas por el alumnado de tercero a sexto durante los tiempos de recreo. Estos espacios son amplios, cuentan con buena visibilidad y facilitan una adecuada supervisi\u00f3n del alumnado, favoreciendo su integraci\u00f3n, socializaci\u00f3n y participaci\u00f3n.<\/p>\n\n  <div id=\"ancla-galeria-cela\"><\/div>\n\n  <div class=\"ceip-galeria\">\n    <div class=\"ceip-galeria-col\">\n      <a href=\"#lightbox-cela-1\">\n        <img decoding=\"async\" src=\"https:\/\/site.educa.madrid.org\/cp.cela.madrid\/wp-content\/uploads\/cp.cela.madrid\/2026\/03\/f876670e-11e4-4b78-960d-6deb38948372.png\" alt=\"Espacios exteriores del centro\">\n      <\/a>\n    <\/div>\n\n    <div class=\"ceip-galeria-col\">\n      <a href=\"#lightbox-cela-2\">\n        <img decoding=\"async\" src=\"https:\/\/site.educa.madrid.org\/cp.cela.madrid\/wp-content\/uploads\/cp.cela.madrid\/2026\/03\/5bc229aa-5127-4039-8c16-b6d66283a8a1.png\" alt=\"Patios y zonas de juego\">\n      <\/a>\n    <\/div>\n  <\/div>\n\n  <div id=\"lightbox-cela-1\" class=\"ceip-lightbox\">\n    <a href=\"#ancla-galeria-cela\" class=\"cerrar\"><\/a>\n    <img decoding=\"async\" src=\"https:\/\/site.educa.madrid.org\/cp.cela.madrid\/wp-content\/uploads\/cp.cela.madrid\/2026\/03\/f876670e-11e4-4b78-960d-6deb38948372.png\" alt=\"Espacios exteriores del centro ampliados\">\n  <\/div>\n\n  <div id=\"lightbox-cela-2\" class=\"ceip-lightbox\">\n    <a href=\"#ancla-galeria-cela\" class=\"cerrar\"><\/a>\n    <img decoding=\"async\" src=\"https:\/\/site.educa.madrid.org\/cp.cela.madrid\/wp-content\/uploads\/cp.cela.madrid\/2026\/03\/5bc229aa-5127-4039-8c16-b6d66283a8a1.png\" alt=\"Patios y zonas de juego ampliados\">\n  <\/div>\n\n  <p align=\"justify\">En las zonas de recreo y tr\u00e1nsito cuentan con espacios ajardinados, pistas deportivas, mesas de ping-pong y mesas destinadas a juegos de mesa tradicionales, fomentando el juego cooperativo, la convivencia y el uso responsable del tiempo libre. En la entrada del centro se ha habilitado un espacio para el aparcamiento de monopatines y bicicletas infantiles, promoviendo h\u00e1bitos de movilidad activa y saludable.<\/p>\n\n  <p align=\"justify\">El patio de infantil est\u00e1 dotado con un suelo acondicionado, adaptado a la edad del alumnado, as\u00ed como de estructuras de juego que favorecen el desarrollo psicomotor, la autonom\u00eda y la interacci\u00f3n social.<\/p>\n\n  <br>\n\n  <b class=\"ceip-titulo-bloque\">Huerto y Jard\u00edn bot\u00e1nico<\/b>\n\n  <div id=\"ancla-huerto\"><\/div>\n\n  <div class=\"ceip-fila\">\n    <div class=\"ceip-col-texto\">\n      <div>\n        <p align=\"justify\">Adem\u00e1s, el centro tiene un huerto escolar cercado, un invernadero y un jard\u00edn bot\u00e1nico, que permiten el desarrollo de actividades de horticultura y educaci\u00f3n ambiental integradas en el proyecto medioambiental del centro.<\/p>\n        <p align=\"justify\">Se fomenta la conciencia ecol\u00f3gica y el respeto por el entorno desde edades tempranas.<\/p>\n      <\/div>\n    <\/div>\n\n    <div class=\"ceip-col-imagen\">\n      <a href=\"#lightbox-huerto\">\n        <img decoding=\"async\" src=\"https:\/\/site.educa.madrid.org\/cp.cela.madrid\/wp-content\/uploads\/cp.cela.madrid\/2026\/04\/huerto.png\" alt=\"Huerto escolar\">\n      <\/a>\n    <\/div>\n  <\/div>\n\n  <div id=\"lightbox-huerto\" class=\"ceip-lightbox\">\n    <a href=\"#ancla-huerto\" class=\"cerrar\"><\/a>\n    <img decoding=\"async\" src=\"https:\/\/site.educa.madrid.org\/cp.cela.madrid\/wp-content\/uploads\/cp.cela.madrid\/2026\/04\/huerto.png\" alt=\"Huerto escolar ampliado\">\n  <\/div>\n\n  <br>\n\n  <b class=\"ceip-titulo-bloque\">Recursos aulas<\/b>\n\n  <p align=\"justify\">Resulta especialmente destacable la dotaci\u00f3n de recursos digitales del centro. Todas las aulas est\u00e1n dotadas con monitores interactivos, ordenadores actualizados y conexi\u00f3n a internet dentro del programa Escuelas Conectadas, as\u00ed como tabletas con carros de carga en ambas plantas del edificio principal.<\/p>\n\n  <div id=\"ancla-galeria-aulas-cela\"><\/div>\n\n  <div class=\"ceip-galeria\">\n    <div class=\"ceip-galeria-col\">\n      <a href=\"#lightbox-aula-cela-1\">\n        <img decoding=\"async\" src=\"https:\/\/site.educa.madrid.org\/cp.cela.madrid\/\/wp-content\/uploads\/cp.cela.madrid\/2026\/04\/aula-9-scaled.jpg\" alt=\"Aula de infantil\">\n      <\/a>\n    <\/div>\n\n    <div class=\"ceip-galeria-col\">\n      <a href=\"#lightbox-aula-cela-2\">\n        <img decoding=\"async\" src=\"https:\/\/site.educa.madrid.org\/cp.cela.madrid\/\/wp-content\/uploads\/cp.cela.madrid\/2026\/04\/aula-3-scaled.jpg\" alt=\"Aula del centro\">\n      <\/a>\n    <\/div>\n  <\/div>\n\n  <div id=\"lightbox-aula-cela-1\" class=\"ceip-lightbox\">\n    <a href=\"#ancla-galeria-aulas-cela\" class=\"cerrar\"><\/a>\n    <img decoding=\"async\" src=\"https:\/\/site.educa.madrid.org\/cp.cela.madrid\/\/wp-content\/uploads\/cp.cela.madrid\/2026\/04\/aula-9-scaled.jpg\" alt=\"Aula de infantil ampliada\">\n  <\/div>\n\n  <div id=\"lightbox-aula-cela-2\" class=\"ceip-lightbox\">\n    <a href=\"#ancla-galeria-aulas-cela\" class=\"cerrar\"><\/a>\n    <img decoding=\"async\" src=\"https:\/\/site.educa.madrid.org\/cp.cela.madrid\/\/wp-content\/uploads\/cp.cela.madrid\/2026\/04\/aula-3-scaled.jpg\" alt=\"Aula del centro ampliada\">\n  <\/div>\n\n  <p align=\"justify\">Esta infraestructura tecnol\u00f3gica permite al profesorado adaptar los procesos de ense\u00f1anza-aprendizaje y favorecer el uso de metodolog\u00edas activas, inclusivas e innovadoras.<\/p>\n\n  <div id=\"ancla-video-final\"><\/div>\n\n  <div class=\"ceip-tarjeta-suave\">\n    <div class=\"ceip-fila ceip-fila-final ceip-fila-sin-margen\">\n      <div class=\"ceip-col-texto ceip-col-texto-final\">\n        <div>\n          <p align=\"justify\">Junto a estos recursos digitales, el centro utiliza el libro de texto en formato f\u00edsico como soporte habitual y adquiere de manera continuada materiales manipulativos y recursos did\u00e1cticos diversos, con el fin de complementar la ense\u00f1anza, favorecer el aprendizaje significativo y atender al desarrollo integral del alumnado.<\/p>\n        <\/div>\n      <\/div>\n\n      <div class=\"ceip-col-imagen\">\n        <div class=\"ceip-video-tarjeta\">\n          <a href=\"https:\/\/mediateca.educa.madrid.org\/video\/2ahzlzidw8i9e45c\/fs\" target=\"_blank\" class=\"ceip-video\">\n            <img decoding=\"async\" src=\"https:\/\/site.educa.madrid.org\/cp.cela.madrid\/wp-content\/uploads\/cp.cela.madrid\/2026\/03\/imagen-video.png\" alt=\"Ver v\u00eddeo de espacios e instalaciones\" class=\"ceip-video-img\">\n            <div class=\"ceip-video-overlay\"><\/div>\n            <div class=\"ceip-video-play\"><\/div>\n            <div class=\"ceip-video-ver\"><\/div>\n            <div class=\"ceip-video-texto\">Espacios e Instalaciones<\/div>\n          <\/a>\n        <\/div>\n      <\/div>\n    <\/div>\n  <\/div>\n\n<\/div><\/div><\/div><\/div><\/div><\/div>","protected":false},"excerpt":{"rendered":"<p>ESPACIOS E INSTALACIONES Edificios Desde el punto de vista arquitect\u00f3nico, el colegio est\u00e1 constituido por tres edificios diferenciados: Un edificio destinado a Educaci\u00f3n Infantil (3 y 4 a\u00f1os), con aulas adaptadas y acceso directo al patio. El edificio principal, que acoge Infantil de 5 a\u00f1os y Educaci\u00f3n Primaria, adem\u00e1s de zonas comunes. Un gimnasio o [&hellip;]<\/p>\n","protected":false},"author":2,"featured_media":0,"parent":165,"menu_order":2,"comment_status":"closed","ping_status":"closed","template":"","meta":{"footnotes":""},"folder":[],"class_list":["post-348","page","type-page","status-publish","hentry"],"rttpg_featured_image_url":null,"rttpg_author":{"display_name":"tic.cp.cela.madrid","author_link":"https:\/\/site.educa.madrid.org\/cp.cela.madrid\/index.php\/author\/cuenta_tic-cp-cela-madrid\/"},"rttpg_comment":0,"rttpg_category":false,"rttpg_excerpt":"ESPACIOS E INSTALACIONES Edificios Desde el punto de vista arquitect\u00f3nico, el colegio est\u00e1 constituido por tres edificios diferenciados: Un edificio destinado a Educaci\u00f3n Infantil (3 y 4 a\u00f1os), con aulas adaptadas y acceso directo al patio. El edificio principal, que acoge Infantil de 5 a\u00f1os y Educaci\u00f3n Primaria, adem\u00e1s de zonas comunes. Un gimnasio o&hellip;","post_mailing_queue_ids":[],"_links":{"self":[{"href":"https:\/\/site.educa.madrid.org\/cp.cela.madrid\/index.php\/wp-json\/wp\/v2\/pages\/348","targetHints":{"allow":["GET"]}}],"collection":[{"href":"https:\/\/site.educa.madrid.org\/cp.cela.madrid\/index.php\/wp-json\/wp\/v2\/pages"}],"about":[{"href":"https:\/\/site.educa.madrid.org\/cp.cela.madrid\/index.php\/wp-json\/wp\/v2\/types\/page"}],"author":[{"embeddable":true,"href":"https:\/\/site.educa.madrid.org\/cp.cela.madrid\/index.php\/wp-json\/wp\/v2\/users\/2"}],"replies":[{"embeddable":true,"href":"https:\/\/site.educa.madrid.org\/cp.cela.madrid\/index.php\/wp-json\/wp\/v2\/comments?post=348"}],"version-history":[{"count":51,"href":"https:\/\/site.educa.madrid.org\/cp.cela.madrid\/index.php\/wp-json\/wp\/v2\/pages\/348\/revisions"}],"predecessor-version":[{"id":11747,"href":"https:\/\/site.educa.madrid.org\/cp.cela.madrid\/index.php\/wp-json\/wp\/v2\/pages\/348\/revisions\/11747"}],"up":[{"embeddable":true,"href":"https:\/\/site.educa.madrid.org\/cp.cela.madrid\/index.php\/wp-json\/wp\/v2\/pages\/165"}],"wp:attachment":[{"href":"https:\/\/site.educa.madrid.org\/cp.cela.madrid\/index.php\/wp-json\/wp\/v2\/media?parent=348"}],"wp:term":[{"taxonomy":"folder","embeddable":true,"href":"https:\/\/site.educa.madrid.org\/cp.cela.madrid\/index.php\/wp-json\/wp\/v2\/folder?post=348"}],"curies":[{"name":"wp","href":"https:\/\/api.w.org\/{rel}","templated":true}]}}