{"id":5475,"date":"2023-02-21T09:53:33","date_gmt":"2023-02-21T08:53:33","guid":{"rendered":"https:\/\/site.educa.madrid.org\/cp.cela.madrid\/?page_id=5475"},"modified":"2026-04-27T12:55:21","modified_gmt":"2026-04-27T10:55:21","slug":"5475-2","status":"publish","type":"page","link":"https:\/\/site.educa.madrid.org\/cp.cela.madrid\/index.php\/pie-de-inicio\/5475-2\/","title":{"rendered":"Mapa Web"},"content":{"rendered":"<div id=\"pl-5475\"  class=\"panel-layout\" ><div id=\"pg-5475-0\"  class=\"panel-grid panel-no-style\" ><div id=\"pgc-5475-0-0\"  class=\"panel-grid-cell\" ><div id=\"panel-5475-0-0-0\" class=\"widget_text so-panel widget widget_custom_html panel-first-child panel-last-child\" data-index=\"0\" ><div class=\"textwidget custom-html-widget\"><h3 style=\"background: rgba(216, 48, 222, 0.88); color: #fff!important; padding: 4px 10px; font-size: 18px; font-weight: 500; border-radius: 10px; font-family: inherit; -webkit-font-smoothing: antialiased; -moz-osx-font-smoothing: grayscale;\">\nMAPA WEB\n<\/h3>\n\n<style>\n.mapa-web-cela {\n  margin-top: 14px;\n  line-height: 1.6;\n}\n\n.mapa-web-grid {\n  display: grid;\n  grid-template-columns: repeat(2, minmax(0, 1fr));\n  gap: 14px;\n}\n\n.mapa-web-bloque {\n  padding: 16px 18px;\n  border-radius: 14px;\n  background: linear-gradient(135deg, rgba(216,48,222,0.15), rgba(216,48,222,0.05));\n  border: 1px solid rgba(216,48,222,0.22);\n  box-shadow: 0 6px 18px rgba(216,48,222,0.12), 0 2px 6px rgba(0,0,0,0.04);\n}\n\n.mapa-web-bloque h4 {\n  margin: 0 0 8px 0;\n  color: #d830de;\n  font-weight: 500;\n  font-size: 17px;\n}\n\n.mapa-web-bloque ul {\n  margin: 0;\n  padding-left: 20px;\n}\n\n.mapa-web-bloque li {\n  color: #d830de;\n  font-weight: bold;\n  margin-bottom: 6px;\n}\n\n.mapa-web-bloque li a {\n  color: #2a62b7;\n  font-weight: 400;\n  text-decoration: none;\n}\n\n.mapa-web-bloque li a:hover {\n  text-decoration: underline;\n}\n\n@media (max-width: 768px) {\n  .mapa-web-grid {\n    grid-template-columns: 1fr;\n  }\n}\n<\/style>\n\n<div class=\"mapa-web-cela\">\n\n  <p align=\"justify\">\n    En este apartado se recogen los principales accesos a las secciones de la p\u00e1gina web del centro.\n  <\/p>\n\n  <div class=\"mapa-web-grid\">\n\n    <div class=\"mapa-web-bloque\">\n      <h4>Inicio<\/h4>\n      <ul>\n        <li><a href=\"https:\/\/site.educa.madrid.org\/cp.cela.madrid\/\">P\u00e1gina de inicio<\/a><\/li>\n        <li><a href=\"https:\/\/site.educa.madrid.org\/cp.cela.madrid\/index.php\/2025\/09\/01\/contacto-profesorado\/\">Contacto profesorado<\/a><\/li>\n      <\/ul>\n    <\/div>\n\n    <div class=\"mapa-web-bloque\">\n      <h4>Nuestro colegio<\/h4>\n      <ul>\n        <li><a href=\"https:\/\/site.educa.madrid.org\/cp.cela.madrid\/index.php\/nuestro-colegio\/descripcion-y-plano-de-las-instalaciones\/\">Espacios e instalaciones<\/a><\/li>\n        <li><a href=\"https:\/\/site.educa.madrid.org\/cp.cela.madrid\/index.php\/nuestro-colegio\/horarios-y-canales-de-comunicacion\/\">Canales de comunicaci\u00f3n<\/a><\/li>\n        <li><a href=\"https:\/\/site.educa.madrid.org\/cp.cela.madrid\/index.php\/nuestro-colegio\/horarios-y-canales-de-comunicacion-2\/\">Horarios lectivos, actividades y servicios<\/a><\/li>\n        <li><a href=\"https:\/\/site.educa.madrid.org\/cp.cela.madrid\/index.php\/nuestro-colegio\/consejo-escolar\/\">Consejo Escolar<\/a><\/li>\n        <li><a href=\"https:\/\/site.educa.madrid.org\/cp.cela.madrid\/index.php\/nuestro-colegio\/asociacion-de-familias\/\">Asociaci\u00f3n de familias<\/a><\/li>\n        <li><a href=\"https:\/\/site.educa.madrid.org\/cp.cela.madrid\/index.php\/nuestro-colegio\/el-jardin-del-camilo\/\">Jard\u00edn del Cela<\/a><\/li>\n      <\/ul>\n    <\/div>\n\n    <div class=\"mapa-web-bloque\">\n      <h4>Ense\u00f1anza<\/h4>\n      <ul>\n        <li><a href=\"https:\/\/site.educa.madrid.org\/cp.cela.madrid\/index.php\/ensenanza\/educacion-infantil\/\">Educaci\u00f3n Infantil<\/a><\/li>\n        <li><a href=\"https:\/\/site.educa.madrid.org\/cp.cela.madrid\/index.php\/ensenanza\/educacion-primaria\/\">Educaci\u00f3n Primaria<\/a><\/li>\n        <li><a href=\"https:\/\/site.educa.madrid.org\/cp.cela.madrid\/index.php\/ensenanza\/proyecto-educativo-del-centro\/\">Proyecto Educativo<\/a><\/li>\n        <li><a href=\"https:\/\/site.educa.madrid.org\/cp.cela.madrid\/index.php\/ensenanza\/normas-de-organizacion-y-funcionamiento\/\">Normas de organizaci\u00f3n, funcionamiento y convivencia<\/a><\/li>\n        <li><a href=\"https:\/\/site.educa.madrid.org\/cp.cela.madrid\/index.php\/ensenanza\/educacion-ambiental\/\">Planes y proyectos<\/a><\/li>\n      <\/ul>\n    <\/div>\n\n    <div class=\"mapa-web-bloque\">\n      <h4>Secretar\u00eda<\/h4>\n      <ul>\n        <li><a href=\"https:\/\/site.educa.madrid.org\/cp.cela.madrid\/index.php\/secretaria\/gestiones-formularios-en-linea-e-impresos\/\">Gestiones, impresos y formularios<\/a><\/li>\n        <li><a href=\"https:\/\/site.educa.madrid.org\/cp.cela.madrid\/index.php\/secretaria\/admision-solicitud-plaza\/\">Admisi\u00f3n: solicitud de plaza<\/a><\/li>\n        <li><a href=\"https:\/\/site.educa.madrid.org\/cp.cela.madrid\/index.php\/secretaria\/admision-matricula-impresos-y-documentos\/\">Admisi\u00f3n: matr\u00edcula<\/a><\/li>\n        <li><a href=\"https:\/\/site.educa.madrid.org\/cp.cela.madrid\/index.php\/secretaria\/becas-y-ayudas\/\">Becas y ayudas<\/a><\/li>\n        \n      <\/ul>\n    <\/div>\n\n    <div class=\"mapa-web-bloque\">\n      <h4>Servicios<\/h4>\n      <ul>\n        <li><a href=\"https:\/\/site.educa.madrid.org\/cp.cela.madrid\/index.php\/servicios\/comedor-escolar\/\">Comedor escolar<\/a><\/li>\n        <li><a href=\"https:\/\/site.educa.madrid.org\/cp.cela.madrid\/index.php\/servicios\/servicios-digitales\/\">Servicios digitales<\/a><\/li>\n        <li><a href=\"https:\/\/site.educa.madrid.org\/cp.cela.madrid\/index.php\/servicios\/orientacion-y-apoyo\/\">Orientaci\u00f3n y apoyo<\/a><\/li>\n        <li><a href=\"https:\/\/site.educa.madrid.org\/cp.cela.madrid\/index.php\/servicios\/biblioteca-escolar\/\">Biblioteca escolar<\/a><\/li>\n        <li><a href=\"https:\/\/site.educa.madrid.org\/cp.cela.madrid\/index.php\/servicios\/estudio-asistido\/\">Estudio asistido<\/a><\/li>\n        <li><a href=\"https:\/\/site.educa.madrid.org\/cp.cela.madrid\/index.php\/servicios\/atencion-medica\/\">Atenci\u00f3n m\u00e9dica<\/a><\/li>\n        <li><a href=\"https:\/\/site.educa.madrid.org\/cp.cela.madrid\/index.php\/servicios\/cambio-de-ropa\/\">Cambio de ropa<\/a><\/li>\n      <\/ul>\n    <\/div>\n\n    <div class=\"mapa-web-bloque\">\n      <h4>Actividades<\/h4>\n      <ul>\n        <li><a href=\"https:\/\/site.educa.madrid.org\/cp.cela.madrid\/index.php\/actividades\/actividades-complementarias\/\">Actividades complementarias<\/a><\/li>\n        <li><a href=\"https:\/\/site.educa.madrid.org\/cp.cela.madrid\/index.php\/actividades\/fiestas-escolares\/\">Actividades del centro<\/a><\/li>\n        <li><a href=\"https:\/\/site.educa.madrid.org\/cp.cela.madrid\/index.php\/actividades\/actividades-extraescolares\/\">Actividades extraescolares<\/a><\/li>\n        <li><a href=\"https:\/\/site.educa.madrid.org\/cp.cela.madrid\/index.php\/actividades\/aulas-virtuales\/\">Aulas virtuales<\/a><\/li>\n      <\/ul>\n    <\/div>\n\n    <div class=\"mapa-web-bloque\">\n      <h4>Informaci\u00f3n legal<\/h4>\n      <ul>\n        <li><a href=\"https:\/\/site.educa.madrid.org\/cp.cela.madrid\/index.php\/pie-de-inicio\/aviso-legal-2\/\">Aviso legal<\/a><\/li>\n        <li><a href=\"https:\/\/site.educa.madrid.org\/cp.cela.madrid\/index.php\/pie-de-inicio\/politica-de-privacidad\/\">Pol\u00edtica de privacidad<\/a><\/li>\n        <li><a href=\"https:\/\/site.educa.madrid.org\/cp.cela.madrid\/index.php\/pie-de-inicio\/politica-de-cookies\/\">Pol\u00edtica de cookies<\/a><\/li>\n        <li><a href=\"https:\/\/site.educa.madrid.org\/cp.cela.madrid\/index.php\/pie-de-inicio\/mapa-web\/\">Mapa web<\/a><\/li>\n      <\/ul>\n    <\/div>\n\n  <\/div>\n<\/div><\/div><\/div><\/div><\/div><\/div>","protected":false},"excerpt":{"rendered":"<p>MAPA WEB En este apartado se recogen los principales accesos a las secciones de la p\u00e1gina web del centro. Inicio P\u00e1gina de inicio Contacto profesorado Nuestro colegio Espacios e instalaciones Canales de comunicaci\u00f3n Horarios lectivos, actividades y servicios Consejo Escolar Asociaci\u00f3n de familias Jard\u00edn del Cela Ense\u00f1anza Educaci\u00f3n Infantil Educaci\u00f3n Primaria Proyecto Educativo Normas de [&hellip;]<\/p>\n","protected":false},"author":2,"featured_media":0,"parent":9603,"menu_order":0,"comment_status":"closed","ping_status":"closed","template":"","meta":{"footnotes":""},"folder":[],"class_list":["post-5475","page","type-page","status-publish","hentry"],"rttpg_featured_image_url":null,"rttpg_author":{"display_name":"tic.cp.cela.madrid","author_link":"https:\/\/site.educa.madrid.org\/cp.cela.madrid\/index.php\/author\/cuenta_tic-cp-cela-madrid\/"},"rttpg_comment":0,"rttpg_category":false,"rttpg_excerpt":"MAPA WEB En este apartado se recogen los principales accesos a las secciones de la p\u00e1gina web del centro. Inicio P\u00e1gina de inicio Contacto profesorado Nuestro colegio Espacios e instalaciones Canales de comunicaci\u00f3n Horarios lectivos, actividades y servicios Consejo Escolar Asociaci\u00f3n de familias Jard\u00edn del Cela Ense\u00f1anza Educaci\u00f3n Infantil Educaci\u00f3n Primaria Proyecto Educativo Normas de&hellip;","post_mailing_queue_ids":[],"_links":{"self":[{"href":"https:\/\/site.educa.madrid.org\/cp.cela.madrid\/index.php\/wp-json\/wp\/v2\/pages\/5475","targetHints":{"allow":["GET"]}}],"collection":[{"href":"https:\/\/site.educa.madrid.org\/cp.cela.madrid\/index.php\/wp-json\/wp\/v2\/pages"}],"about":[{"href":"https:\/\/site.educa.madrid.org\/cp.cela.madrid\/index.php\/wp-json\/wp\/v2\/types\/page"}],"author":[{"embeddable":true,"href":"https:\/\/site.educa.madrid.org\/cp.cela.madrid\/index.php\/wp-json\/wp\/v2\/users\/2"}],"replies":[{"embeddable":true,"href":"https:\/\/site.educa.madrid.org\/cp.cela.madrid\/index.php\/wp-json\/wp\/v2\/comments?post=5475"}],"version-history":[{"count":14,"href":"https:\/\/site.educa.madrid.org\/cp.cela.madrid\/index.php\/wp-json\/wp\/v2\/pages\/5475\/revisions"}],"predecessor-version":[{"id":11640,"href":"https:\/\/site.educa.madrid.org\/cp.cela.madrid\/index.php\/wp-json\/wp\/v2\/pages\/5475\/revisions\/11640"}],"up":[{"embeddable":true,"href":"https:\/\/site.educa.madrid.org\/cp.cela.madrid\/index.php\/wp-json\/wp\/v2\/pages\/9603"}],"wp:attachment":[{"href":"https:\/\/site.educa.madrid.org\/cp.cela.madrid\/index.php\/wp-json\/wp\/v2\/media?parent=5475"}],"wp:term":[{"taxonomy":"folder","embeddable":true,"href":"https:\/\/site.educa.madrid.org\/cp.cela.madrid\/index.php\/wp-json\/wp\/v2\/folder?post=5475"}],"curies":[{"name":"wp","href":"https:\/\/api.w.org\/{rel}","templated":true}]}}