{"id":717,"date":"2021-07-29T12:01:02","date_gmt":"2021-07-29T12:01:02","guid":{"rendered":"https:\/\/site.educa.madrid.org\/cp.cela.madrid\/?page_id=717"},"modified":"2026-04-14T12:56:49","modified_gmt":"2026-04-14T10:56:49","slug":"admision-matricula-impresos-y-documentos","status":"publish","type":"page","link":"https:\/\/site.educa.madrid.org\/cp.cela.madrid\/index.php\/secretaria\/admision-matricula-impresos-y-documentos\/","title":{"rendered":"Admisi\u00f3n: Matr\u00edcula"},"content":{"rendered":"<div id=\"pl-717\"  class=\"panel-layout\" ><div id=\"pg-717-0\"  class=\"panel-grid panel-no-style\" ><div id=\"pgc-717-0-0\"  class=\"panel-grid-cell\" ><div id=\"panel-717-0-0-0\" class=\"widget_text so-panel widget widget_custom_html panel-first-child panel-last-child\" data-index=\"0\" ><div class=\"textwidget custom-html-widget\"><h3 style=\"background: rgba(34, 181, 115, 0.88); color: #fff!important; padding: 4px 10px; font-size: 18px; font-weight: 500; border-radius: 10px; font-family: inherit; -webkit-font-smoothing: antialiased; -moz-osx-font-smoothing: grayscale;\">ADMISI\u00d3N: MATR\u00cdCULA<\/h3>\n\n<style>\nhtml {\n  scroll-behavior: smooth;\n}\n\n.lista-secretaria {\n  margin: 0 0 14px 0;\n  padding-left: 22px;\n}\n\n.lista-secretaria li {\n  color: #22B573;\n  font-weight: bold;\n  margin-bottom: 8px;\n  text-align: justify;\n}\n\n.lista-secretaria li span {\n  color: #000;\n  font-weight: 300;\n}\n\n.secretaria-subtitulo {\n  color: #22B573;\n}\n\n.secretaria-apartado-tramite {\n  color: #22B573;\n  font-weight: 700;\n}\n\n\/* TARJETAS SUAVES *\/\n.tarjeta-suave-secretaria {\n  padding: 14px 16px;\n  border-radius: 14px;\n  background: linear-gradient(\n    135deg,\n    rgba(34, 181, 115, 0.12),\n    rgba(34, 181, 115, 0.04)\n  );\n  box-shadow:\n    0 8px 24px rgba(0,0,0,0.08),\n    0 2px 6px rgba(0,0,0,0.04);\n  margin: 10px 0 18px 0;\n}\n\n\/* ESTADO ACTUAL *\/\n.rejilla-estado-secretaria {\n  display: grid;\n  grid-template-columns: repeat(2, minmax(0, 1fr));\n  gap: 16px;\n  margin: 10px 0 18px 0;\n}\n\n.tarjeta-estado-secretaria {\n  padding: 14px 16px;\n  border-radius: 14px;\n  background: linear-gradient(\n    135deg,\n    rgba(34, 181, 115, 0.18),\n    rgba(34, 181, 115, 0.06)\n  );\n  box-shadow:\n    0 6px 18px rgba(0,0,0,0.08),\n    0 2px 6px rgba(0,0,0,0.04);\n}\n\n.tarjeta-estado-secretaria p {\n  color: #000;\n  margin: 0 0 8px 0;\n}\n\n.tarjeta-estado-secretaria p:last-child {\n  margin-bottom: 0;\n}\n\n.titulo-estado-rojo {\n  color: #c62828;\n}\n\n\/* TARJETA CONJUNTA TEXTO + VIDEO *\/\n.tarjeta-fila-matricula {\n  padding: 14px 16px;\n  border-radius: 14px;\n  background: linear-gradient(\n    135deg,\n    rgba(34, 181, 115, 0.12),\n    rgba(34, 181, 115, 0.04)\n  );\n  box-shadow:\n    0 8px 24px rgba(0,0,0,0.08),\n    0 2px 6px rgba(0,0,0,0.04);\n  margin: 10px 0 18px 0;\n}\n\n\/* FILA *\/\n.fila-matricula {\n  display: flex;\n  gap: 20px;\n  align-items: stretch;\n}\n\n.col-texto-matricula,\n.col-video-matricula {\n  width: 50%;\n  box-sizing: border-box;\n}\n\n.col-texto-matricula {\n  display: flex;\n  align-items: center;\n  line-height: 1.6;\n}\n\n\/* VIDEO *\/\n.tarjeta-video {\n  width: 100%;\n  padding: 0;\n  border-radius: 14px;\n  background: transparent;\n  box-shadow: none;\n  transition: transform 0.25s ease;\n}\n\n.contenedor-video {\n  position: relative;\n  display: block;\n  overflow: hidden;\n  border-radius: 10px;\n  line-height: 0;\n  text-decoration: none;\n}\n\n.imagen-responsiva {\n  width: 100%;\n  height: auto;\n  display: block;\n  transition: transform 0.3s ease;\n}\n\n.overlay {\n  position: absolute;\n  inset: 0;\n  background: linear-gradient(\n    to top,\n    rgba(34, 181, 115, 0.78) 0%,\n    rgba(34, 181, 115, 0.42) 45%,\n    rgba(34, 181, 115, 0.12) 100%\n  );\n  transition: background 0.3s ease;\n}\n\n.play {\n  position: absolute;\n  top: 46%;\n  left: 50%;\n  transform: translate(-50%, -50%);\n  border-left: 34px solid #ffffff;\n  border-top: 22px solid transparent;\n  border-bottom: 22px solid transparent;\n  transition: transform 0.25s ease;\n}\n\n.ver-video {\n  position: absolute;\n  top: 58%;\n  left: 50%;\n  transform: translateX(-50%);\n  color: #fff;\n  font-size: 13px;\n  font-weight: 600;\n}\n\n.bloque-texto {\n  position: absolute;\n  right: 20px;\n  bottom: 12px;\n  text-align: right;\n  line-height: 1.1;\n}\n\n.texto-video {\n  color: #fff;\n  font-weight: 700;\n  font-size: 24px;\n  margin-bottom: 3px;\n}\n\n.texto-ia {\n  font-size: 10px;\n  color: rgba(255,255,255,0.92);\n}\n\n.tarjeta-video:hover .imagen-responsiva {\n  transform: scale(1.02);\n}\n\n.tarjeta-video:hover .overlay {\n  background: linear-gradient(\n    to top,\n    rgba(34, 181, 115, 0.86) 0%,\n    rgba(34, 181, 115, 0.50) 50%,\n    rgba(34, 181, 115, 0.18) 100%\n  );\n}\n\n.tarjeta-video:hover .play {\n  transform: translate(-50%, -50%) scale(1.08);\n}\n\n\/* BOTONES DESTACADOS DE TR\u00c1MITES *\/\n.rejilla-botones-secretaria {\n  display: grid;\n  grid-template-columns: repeat(2, minmax(0, 1fr));\n  gap: 14px;\n  margin: 12px 0 10px 0;\n}\n\n.boton-tramite-secretaria {\n  display: flex;\n  align-items: center;\n  gap: 10px;\n  padding: 14px 16px;\n  border-radius: 14px;\n  background: linear-gradient(\n    135deg,\n    rgba(34, 181, 115, 0.26),\n    rgba(34, 181, 115, 0.10)\n  );\n  box-shadow:\n    0 6px 18px rgba(34, 181, 115, 0.20),\n    0 2px 6px rgba(0,0,0,0.05);\n  text-decoration: none;\n  transition: all 0.25s ease;\n  box-sizing: border-box;\n}\n\n.boton-tramite-secretaria:hover {\n  transform: translateY(-2px);\n  box-shadow:\n    0 10px 24px rgba(34, 181, 115, 0.28),\n    0 4px 10px rgba(0,0,0,0.08);\n}\n\n.boton-tramite-secretaria img {\n  width: 18px;\n  height: auto;\n  display: block;\n  flex: 0 0 auto;\n}\n\n.boton-tramite-secretaria span {\n  color: #2a62b7;\n  font-weight: 400;\n  line-height: 1.35;\n}\n\n\/* PIE ACLARATORIO *\/\n.secretaria-pie-aclaratorio {\n  margin: 0 0 18px 0;\n  font-size: 12px;\n  line-height: 1.45;\n  color: #444;\n}\n\n.secretaria-pie-aclaratorio p {\n  margin: 0 0 6px 0;\n}\n\n\/* DOCUMENTOS *\/\n.rejilla-documentos {\n  display: grid;\n  grid-template-columns: repeat(2, minmax(0, 1fr));\n  gap: 14px;\n}\n\n.tarjeta-documento {\n  padding: 14px;\n  border-radius: 14px;\n  background: linear-gradient(\n    135deg,\n    rgba(34, 181, 115, 0.12),\n    rgba(34, 181, 115, 0.04)\n  );\n  display: flex;\n  gap: 10px;\n  box-shadow:\n    0 6px 18px rgba(0,0,0,0.08),\n    0 2px 6px rgba(0,0,0,0.04);\n}\n\n.icono-documento {\n  background: #22B573;\n  color: #fff;\n  width: 28px;\n  height: 28px;\n  border-radius: 50%;\n  display: flex;\n  align-items: center;\n  justify-content: center;\n  flex: 0 0 auto;\n}\n\n@media (max-width:768px){\n  .fila-matricula {\n    flex-direction: column;\n  }\n\n  .col-texto-matricula,\n  .col-video-matricula {\n    width: 100%;\n  }\n\n  .rejilla-documentos,\n  .rejilla-botones-secretaria,\n  .rejilla-estado-secretaria {\n    grid-template-columns: 1fr;\n  }\n\n  .texto-video {\n    font-size: 22px;\n  }\n\n  .tarjeta-fila-matricula {\n    padding: 10px;\n  }\n}\n<\/style>\n\n<b class=\"secretaria-subtitulo\">Estado actual (color rojo)<\/b>\n\n<div class=\"rejilla-estado-secretaria\">\n  <div class=\"tarjeta-estado-secretaria\">\n    <p align=\"justify\"><strong class=\"titulo-estado-rojo\">Matr\u00edcula en periodo ordinario<\/strong><\/p>\n    <p align=\"justify\">Las familias que hayan obtenido plaza en el proceso de admisi\u00f3n ordinario para el curso 2026\/2027 podr\u00e1n formalizar la matr\u00edcula del 11 al 25 de junio, ambos inclusive.<\/p>\n  <\/div>\n\n  <div class=\"tarjeta-estado-secretaria\">\n    <p align=\"justify\"><strong>Matr\u00edcula en periodo extraordinario<\/strong><\/p>\n    <p align=\"justify\">Una vez adjudicada la plaza durante el periodo extraordinario de admisi\u00f3n, las familias podr\u00e1n proceder a la formalizaci\u00f3n de la matr\u00edcula de manera inmediata.<\/p>\n  <\/div>\n<\/div>\n\n<div class=\"tarjeta-fila-matricula\">\n  <div class=\"fila-matricula\">\n\n    <div class=\"col-texto-matricula\">\n      <p align=\"justify\">\n        En ambos casos deber\u00e1n cumplimentar los impresos y aportar la documentaci\u00f3n seg\u00fan se detalla a continuaci\u00f3n.<br><br>\n        En este mismo plazo, las personas interesadas que cumplan los requisitos podr\u00e1n solicitar precios reducidos de comedor y adherirse al programa de pr\u00e9stamo de libros de texto.\n      <\/p>\n    <\/div>\n\n    <div class=\"col-video-matricula\">\n      <div class=\"tarjeta-video\">\n        <a class=\"contenedor-video\" href=\"https:\/\/site.educa.madrid.org\/cp.cela.madrid\/wp-content\/uploads\/cp.cela.madrid\/2026\/04\/El_Camino_de_la_Matricula.mp4\" target=\"_blank\" rel=\"noopener\">\n\n          <img decoding=\"async\" class=\"imagen-responsiva\" src=\"https:\/\/site.educa.madrid.org\/cp.cela.madrid\/wp-content\/uploads\/cp.cela.madrid\/2026\/03\/matricula.png\" alt=\"Ver v\u00eddeo\">\n\n          <div class=\"overlay\"><\/div>\n          <div class=\"play\"><\/div>\n          <div class=\"ver-video\"><\/div>\n\n          <div class=\"bloque-texto\">\n            <div class=\"texto-video\">Gesti\u00f3n de la Matr\u00edcula<\/div>\n            <div class=\"texto-ia\">(V\u00eddeo generado por IA)<\/div>\n          <\/div>\n\n        <\/a>\n      <\/div>\n    <\/div>\n\n  <\/div>\n<\/div>\n\n<br>\n\n<b class=\"secretaria-subtitulo\">Informaci\u00f3n<\/b>\n\n<p align=\"justify\">La matr\u00edcula se formalizar\u00e1 de forma presencial en secretar\u00eda, salvo que se justifique adecuadamente la tramitaci\u00f3n telem\u00e1tica.<\/p>\n\n<p align=\"justify\">Las familias o tutores legales que dispongan de medios t\u00e9cnicos (ordenador e impresora) deber\u00e1n presentar en secretar\u00eda, en horario de 9:30 a 14:00 horas:<\/p>\n\n<ul class=\"lista-secretaria\">\n  <li><span>Todos los impresos cumplimentados.<\/span><\/li>\n  <li><span>Las firmas de ambos progenitores o tutores legales.<\/span><\/li>\n  <li><span>La documentaci\u00f3n requerida.<\/span><\/li>\n  <li><span>Las fotograf\u00edas correspondientes, si procede.<\/span><\/li>\n<\/ul>\n\n<p align=\"justify\">En caso de no disponer de medios t\u00e9cnicos, deber\u00e1n acudir previamente a secretar\u00eda, donde se les facilitar\u00e1n los impresos necesarios.<\/p>\n\n<p align=\"justify\">La correcta formalizaci\u00f3n de la matr\u00edcula permitir\u00e1, salvo modificaci\u00f3n de las circunstancias personales, evitar tr\u00e1mites posteriores durante la permanencia del alumnado en el centro y contribuir\u00e1 a una gesti\u00f3n administrativa m\u00e1s eficaz y organizada por parte de la secretar\u00eda.<\/p>\n\n<b class=\"secretaria-subtitulo\">Tr\u00e1mites<\/b>\n\n<p class=\"secretaria-apartado-tramite\">Tr\u00e1mites obligatorios generales (alta escolar)<\/p>\n\n<div class=\"rejilla-botones-secretaria\">\n\n  <a class=\"boton-tramite-secretaria\" href=\"https:\/\/site.educa.madrid.org\/cp.cela.madrid\/\/wp-content\/uploads\/cp.cela.madrid\/2021\/08\/Secretaria_impresos_tramites_matricula.pdf\" target=\"_blank\" rel=\"noopener\">\n    <img decoding=\"async\" src=\"https:\/\/site.educa.madrid.org\/cp.cela.madrid\/\/wp-content\/uploads\/cp.cela.madrid\/2021\/07\/pdf.png\" alt=\"PDF\">\n    <span>Hoja de matr\u00edcula <sup>(1)<\/sup><\/span>\n  <\/a>\n\n  <a class=\"boton-tramite-secretaria\" href=\"https:\/\/site.educa.madrid.org\/cp.cela.madrid\/\/wp-content\/uploads\/cp.cela.madrid\/2021\/08\/Secretaria_impresos_tramites_opcion-religiosa.pdf\" target=\"_blank\" rel=\"noopener\">\n    <img decoding=\"async\" src=\"https:\/\/site.educa.madrid.org\/cp.cela.madrid\/\/wp-content\/uploads\/cp.cela.madrid\/2021\/07\/pdf.png\" alt=\"PDF\">\n    <span>Opci\u00f3n entre valores o religi\u00f3n<sup>(2)<\/sup><\/span>\n  <\/a>\n\n  <a class=\"boton-tramite-secretaria\" href=\"https:\/\/site.educa.madrid.org\/cp.cela.madrid\/\/wp-content\/uploads\/cp.cela.madrid\/2026\/04\/I12-Consentimiento-informado-datos.pdf\" target=\"_blank\" rel=\"noopener\">\n    <img decoding=\"async\" src=\"https:\/\/site.educa.madrid.org\/cp.cela.madrid\/\/wp-content\/uploads\/cp.cela.madrid\/2021\/07\/pdf.png\" alt=\"PDF\">\n    <span>Consentimiento para el tratamiento de datos<\/span>\n  <\/a>\n\n  <a class=\"boton-tramite-secretaria\" href=\"https:\/\/site.educa.madrid.org\/cp.cela.madrid\/\/wp-content\/uploads\/cp.cela.madrid\/2021\/08\/Secretaria_impresos_tramites_autorizacion-actividades.pdf\" target=\"_blank\" rel=\"noopener\">\n    <img decoding=\"async\" src=\"https:\/\/site.educa.madrid.org\/cp.cela.madrid\/\/wp-content\/uploads\/cp.cela.madrid\/2021\/07\/pdf.png\" alt=\"PDF\">\n    <span>Autorizaci\u00f3n permanente de actividades complementarias<\/span>\n  <\/a>\n\n  <a class=\"boton-tramite-secretaria\" href=\"https:\/\/site.educa.madrid.org\/cp.cela.madrid\/\/wp-content\/uploads\/cp.cela.madrid\/2022\/02\/Sec-retaria_impresos_tramites_confomidad_politica_privacidad.pdf\" target=\"_blank\" rel=\"noopener\">\n    <img decoding=\"async\" src=\"https:\/\/site.educa.madrid.org\/cp.cela.madrid\/\/wp-content\/uploads\/cp.cela.madrid\/2021\/07\/pdf.png\" alt=\"PDF\">\n    <span>Documento de conformidad con la pol\u00edtica de privacidad<\/span>\n  <\/a>\n\n  <a class=\"boton-tramite-secretaria\" href=\"https:\/\/site.educa.madrid.org\/cp.cela.madrid\/\/wp-content\/uploads\/cp.cela.madrid\/2021\/10\/Secretaria_impresos_tramites_declaracionlecturareglamento.pdf\" target=\"_blank\" rel=\"noopener\">\n    <img decoding=\"async\" src=\"https:\/\/site.educa.madrid.org\/cp.cela.madrid\/\/wp-content\/uploads\/cp.cela.madrid\/2021\/07\/pdf.png\" alt=\"PDF\">\n    <span>Declaraci\u00f3n de conocimiento de la normativa interna y del Proyecto Educativo<\/span>\n  <\/a>\n\n<\/div>\n<br>\n<div class=\"secretaria-pie-aclaratorio\">\n  <p align=\"justify\"><sup>(1)<\/sup> Hoja de Matr\u00edcula con datos completos de ambos progenitores o tutores legales. Es obligatorio facilitar tel\u00e9fono y correo electr\u00f3nico de cada uno. En el caso de familias monoparentales, deber\u00e1 indicarse adem\u00e1s una segunda persona de contacto.<\/p>\n  <p align=\"justify\"><sup>(2)<\/sup> El impreso de opci\u00f3n entre valores o religi\u00f3n debe cumplimentarse en todos los casos.<\/p>\n<\/div>\n\n<p align=\"justify\"><strong>Otros tr\u00e1mites obligatorios en Infantil 3 a\u00f1os:<\/strong><\/p>\n\n<div class=\"rejilla-botones-secretaria\">\n\n  <a class=\"boton-tramite-secretaria\" href=\"https:\/\/site.educa.madrid.org\/cp.cela.madrid\/\/wp-content\/uploads\/cp.cela.madrid\/2021\/08\/Secretaria_impresos_tramites_ficha-datos-matriculacion-Infantil.pdf\" target=\"_blank\" rel=\"noopener\">\n    <img decoding=\"async\" src=\"https:\/\/site.educa.madrid.org\/cp.cela.madrid\/\/wp-content\/uploads\/cp.cela.madrid\/2021\/07\/pdf.png\" alt=\"PDF\">\n    <span>Ficha de recogida de datos <sup>(1)<\/sup><\/span>\n  <\/a>\n\n  <a class=\"boton-tramite-secretaria\" href=\"https:\/\/site.educa.madrid.org\/cp.cela.madrid\/\/wp-content\/uploads\/cp.cela.madrid\/2021\/08\/Secretaria_impresos_tramites_ficha-identificacion-Infantil-3-anos.pdf\" target=\"_blank\" rel=\"noopener\">\n    <img decoding=\"async\" src=\"https:\/\/site.educa.madrid.org\/cp.cela.madrid\/\/wp-content\/uploads\/cp.cela.madrid\/2021\/07\/pdf.png\" alt=\"PDF\">\n    <span>Ficha identificativa para los primeros d\u00edas de clase <sup>(2)<\/sup><\/span>\n  <\/a>\n\n<\/div>\n<br>\n<div class=\"secretaria-pie-aclaratorio\">\n  <p align=\"justify\"><sup>(1)<\/sup> Documento espec\u00edfico para recoger informaci\u00f3n b\u00e1sica del alumnado de Infantil 3 a\u00f1os y facilitar su incorporaci\u00f3n al centro.<\/p>\n  <p align=\"justify\"><sup>(2)<\/sup> No se entrega en secretar\u00eda, el primer d\u00eda, deber\u00e1 llevarla el alumno o alumna visible en la ropa.<\/p>\n<\/div>\n\n<p align=\"justify\"><strong>Firma de ambos progenitores o tutores legales<\/strong><\/p>\n<p align=\"justify\">Todos los impresos obligatorios deben estar firmados por ambos progenitores o tutores legales.<\/p>\n<p align=\"justify\">Si no fuera posible:<\/p>\n\n<ul class=\"lista-secretaria\">\n  <li><span>Se deber\u00e1 presentar sentencia judicial o documento legal que lo justifique, si existiera.<\/span><\/li>\n  <li><span>En otros casos (ausencia, desacuerdo o imposibilidad justificada), el progenitor solicitante deber\u00e1 aportar una <a style=\"color: #2a62b7;\" href=\"https:\/\/site.educa.madrid.org\/cp.cela.madrid\/\/wp-content\/uploads\/cp.cela.madrid\/2021\/08\/Secretaria_impresos_tramites_declaracion-padres-separados.pdf\">declaraci\u00f3n responsable<\/a> explicando las razones y comprometi\u00e9ndose a informar al progenitor ausente.<\/span><\/li>\n<\/ul>\n\n<p align=\"justify\">Se puede consultar la <a style=\"color: #2a62b7;\" href=\"https:\/\/site.educa.madrid.org\/cp.cela.madrid\/\/wp-content\/uploads\/cp.cela.madrid\/2021\/08\/Secretaria_guia_tramites_padres-separados.pdf\">Gu\u00eda para progenitores separados<\/a>.<\/p>\n\n<p class=\"secretaria-apartado-tramite\">Tr\u00e1mites obligatorios espec\u00edficos (si se da la circunstancia)<\/p>\n\n<ul class=\"lista-secretaria\">\n  <li><span>Autorizaci\u00f3n a terceras personas para la recogida del alumnado.<\/span><\/li>\n  <li><span>Comunicaci\u00f3n de problemas m\u00e9dicos o alimentarios.<\/span><\/li>\n  <li><span>Solicitud de administraci\u00f3n de medicaci\u00f3n en horario escolar.<\/span><\/li>\n  <li><span>Otras situaciones relevantes para el bienestar del alumnado.<\/span><\/li>\n<\/ul>\n\n<p align=\"justify\">A los impresos necesarios se puede accederse a trav\u00e9s de <a style=\"color: #2a62b7;\" href=\"https:\/\/site.educa.madrid.org\/cp.cela.madrid\/index.php\/secretaria\/gestiones-formularios-en-linea-e-impresos\/\">Secretar\u00eda \/ Gestiones<\/a> y deber\u00e1n entregarse junto con los impresos obligatoriow.<\/p>\n\n<p class=\"secretaria-apartado-tramite\">Tr\u00e1mites para la contrataci\u00f3n de servicios (si se desean)<\/p>\n\n<p align=\"justify\"><strong>Servicio de comedor escolar<\/strong><\/p>\n<p align=\"justify\">Accediendo a <a style=\"color: #2a62b7;\" href=\"https:\/\/site.educa.madrid.org\/cp.cela.madrid\/index.php\/servicios\/comedor-escolar\/\">Comedor escolar \/ Gesti\u00f3n<\/a> se pueden consultar:<\/p>\n\n<ul class=\"lista-secretaria\">\n  <li><span>Modalidades de uso (fijo, fijo discontinuo o eventual).<\/span><\/li>\n  <li><span>Normas de funcionamiento.<\/span><\/li>\n  <li><span>Precios y procedimiento de gesti\u00f3n.<\/span><\/li>\n<\/ul>\n\n<p align=\"justify\">El <a style=\"color: #2a62b7;\" href=\"https:\/\/site.educa.madrid.org\/cp.cela.madrid\/\/wp-content\/uploads\/cp.cela.madrid\/2023\/06\/I30-Solicitud-alta-servicios-comedor.pdf\">impreso de alta<\/a> en comedor deber\u00e1 entregarse junto con la documentaci\u00f3n de matr\u00edcula.<\/p>\n\n<p align=\"justify\"><strong>Servicios digitales<\/strong><\/p>\n<p align=\"justify\">Las claves de acceso a Ra\u00edces\/Roble se enviar\u00e1n a las familias de nueva matriculaci\u00f3n durante el mes de septiembre.<\/p>\n<p align=\"justify\">Si no se reciben, podr\u00e1n solicitarse mediante <a style=\"color: #2a62b7;\" href=\"https:\/\/site.educa.madrid.org\/cp.cela.madrid\/index.php\/secretaria\/gestiones-en-linea\/formulario-para-pedir-nueva-contrasena-en-las-aplicaciones-raices-roble-y-educamadrid\/\">este formulario<\/a>.<\/p>\n<p align=\"justify\">El acceso a EducaMadrid se proporciona a partir de Tercero de Educaci\u00f3n Primaria. Las credenciales se solicitan mediante el mismo formulario.<\/p>\n\n<p align=\"justify\"><strong>Servicio de cambio de ropa y actividades extraescolares<\/strong><\/p>\n<p align=\"justify\">Podr\u00e1n contratarse en septiembre a trav\u00e9s de la <a style=\"color: #2a62b7;\" href=\"https:\/\/ampadigital.es\/web-camilo-jose-cela\">p\u00e1gina web del AMPA<\/a>.<\/p>\n\n<p class=\"secretaria-apartado-tramite\">Tr\u00e1mites para la gesti\u00f3n de becas y ayudas (si se re\u00fanen los requisitos)<\/p>\n<p align=\"justify\">Accediendo a <a style=\"color: #2a62b7;\" href=\"https:\/\/site.educa.madrid.org\/cp.cela.madrid\/index.php\/secretaria\/becas-y-ayudas\/\">Becas y ayudas<\/a> se podr\u00e1 consultar informaci\u00f3n actualizada sobre convocatorias de distintas administraciones.<\/p>\n<p align=\"justify\">Las familias o tutores legales que cumplan los requisitos podr\u00e1n tramitar las solicitudes utilizando los impresos o enlaces oficiales disponibles.<\/p>\n\n<br>\n\n<b class=\"secretaria-subtitulo\">Documentos a presentar<\/b>\n\n<p align=\"justify\">Toda la documentaci\u00f3n fotocopiada se presentar\u00e1 junto al original para su comprobaci\u00f3n.<\/p>\n\n<div class=\"rejilla-documentos\">\n  <div class=\"tarjeta-documento\"><div class=\"icono-documento\">\u2713<\/div><div><p align=\"justify\">Fotocopia del libro de familia o certificado de nacimiento.<\/p><\/div><\/div>\n  <div class=\"tarjeta-documento\"><div class=\"icono-documento\">\u2713<\/div><div><p align=\"justify\">Fotocopia del DNI\/NIE\/pasaporte de los progenitores o tutores legales.<\/p><\/div><\/div>\n  <div class=\"tarjeta-documento\"><div class=\"icono-documento\">\u2713<\/div><div><p align=\"justify\">En caso de alumnado procedente del extranjero, fotocopia del pasaporte.<\/p><\/div><\/div>\n  <div class=\"tarjeta-documento\"><div class=\"icono-documento\">\u2713<\/div><div><p align=\"justify\">Certificado de traslado del centro anterior (si ha estado escolarizado previamente).<\/p><\/div><\/div>\n  <div class=\"tarjeta-documento\"><div class=\"icono-documento\">\u2713<\/div><div><p align=\"justify\">Documentaci\u00f3n relativa al programa ACCEDE, becas de comedor o situaci\u00f3n de pago del servicio, si procede.<\/p><\/div><\/div>\n  <div class=\"tarjeta-documento\"><div class=\"icono-documento\">\u2713<\/div><div><p align=\"justify\">En caso de separaci\u00f3n o divorcio, sentencia judicial o convenio regulador.<\/p><\/div><\/div>\n  <div class=\"tarjeta-documento\"><div class=\"icono-documento\">\u2713<\/div><div><p align=\"justify\">En Educaci\u00f3n Infantil (3, 4 y 5 a\u00f1os): ocho fotograf\u00edas tama\u00f1o carn\u00e9 (nombre escrito en el reverso).<\/p><\/div><\/div>\n  <div class=\"tarjeta-documento\"><div class=\"icono-documento\">\u2713<\/div><div><p align=\"justify\">En periodo extraordinario: certificado de empadronamiento familiar actualizado.<\/p><\/div><\/div>\n<\/div>\n\n<br>\n\n<b class=\"secretaria-subtitulo\">Reuni\u00f3n inicial Infantil 3 a\u00f1os<\/b>\n\n<p align=\"justify\">A comienzos de septiembre, antes del inicio del curso, se convocar\u00e1 a las familias o tutores legales a una reuni\u00f3n informativa en la que se abordar\u00e1n aspectos relacionados con:<\/p>\n\n<ul class=\"lista-secretaria\">\n  <li><span>La incorporaci\u00f3n al centro.<\/span><\/li>\n  <li><span>La organizaci\u00f3n de horarios.<\/span><\/li>\n  <li><span>Los materiales necesarios.<\/span><\/li>\n  <li><span>El periodo de adaptaci\u00f3n.<\/span><\/li>\n  <li><span>Las normas b\u00e1sicas de funcionamiento.<\/span><\/li>\n<\/ul>\n\n<p align=\"justify\">La convocatoria se publicar\u00e1 en el apartado de novedades de la web del centro.<\/p><\/div><\/div><\/div><\/div><\/div>","protected":false},"excerpt":{"rendered":"<p>ADMISI\u00d3N: MATR\u00cdCULA Estado actual (color rojo) Matr\u00edcula en periodo ordinario Las familias que hayan obtenido plaza en el proceso de admisi\u00f3n ordinario para el curso 2026\/2027 podr\u00e1n formalizar la matr\u00edcula del 11 al 25 de junio, ambos inclusive. Matr\u00edcula en periodo extraordinario Una vez adjudicada la plaza durante el periodo extraordinario de admisi\u00f3n, las familias [&hellip;]<\/p>\n","protected":false},"author":2,"featured_media":0,"parent":176,"menu_order":2,"comment_status":"closed","ping_status":"closed","template":"","meta":{"footnotes":""},"folder":[],"class_list":["post-717","page","type-page","status-publish","hentry"],"rttpg_featured_image_url":null,"rttpg_author":{"display_name":"tic.cp.cela.madrid","author_link":"https:\/\/site.educa.madrid.org\/cp.cela.madrid\/index.php\/author\/cuenta_tic-cp-cela-madrid\/"},"rttpg_comment":0,"rttpg_category":false,"rttpg_excerpt":"ADMISI\u00d3N: MATR\u00cdCULA Estado actual (color rojo) Matr\u00edcula en periodo ordinario Las familias que hayan obtenido plaza en el proceso de admisi\u00f3n ordinario para el curso 2026\/2027 podr\u00e1n formalizar la matr\u00edcula del 11 al 25 de junio, ambos inclusive. Matr\u00edcula en periodo extraordinario Una vez adjudicada la plaza durante el periodo extraordinario de admisi\u00f3n, las familias&hellip;","post_mailing_queue_ids":[],"_links":{"self":[{"href":"https:\/\/site.educa.madrid.org\/cp.cela.madrid\/index.php\/wp-json\/wp\/v2\/pages\/717","targetHints":{"allow":["GET"]}}],"collection":[{"href":"https:\/\/site.educa.madrid.org\/cp.cela.madrid\/index.php\/wp-json\/wp\/v2\/pages"}],"about":[{"href":"https:\/\/site.educa.madrid.org\/cp.cela.madrid\/index.php\/wp-json\/wp\/v2\/types\/page"}],"author":[{"embeddable":true,"href":"https:\/\/site.educa.madrid.org\/cp.cela.madrid\/index.php\/wp-json\/wp\/v2\/users\/2"}],"replies":[{"embeddable":true,"href":"https:\/\/site.educa.madrid.org\/cp.cela.madrid\/index.php\/wp-json\/wp\/v2\/comments?post=717"}],"version-history":[{"count":51,"href":"https:\/\/site.educa.madrid.org\/cp.cela.madrid\/index.php\/wp-json\/wp\/v2\/pages\/717\/revisions"}],"predecessor-version":[{"id":11349,"href":"https:\/\/site.educa.madrid.org\/cp.cela.madrid\/index.php\/wp-json\/wp\/v2\/pages\/717\/revisions\/11349"}],"up":[{"embeddable":true,"href":"https:\/\/site.educa.madrid.org\/cp.cela.madrid\/index.php\/wp-json\/wp\/v2\/pages\/176"}],"wp:attachment":[{"href":"https:\/\/site.educa.madrid.org\/cp.cela.madrid\/index.php\/wp-json\/wp\/v2\/media?parent=717"}],"wp:term":[{"taxonomy":"folder","embeddable":true,"href":"https:\/\/site.educa.madrid.org\/cp.cela.madrid\/index.php\/wp-json\/wp\/v2\/folder?post=717"}],"curies":[{"name":"wp","href":"https:\/\/api.w.org\/{rel}","templated":true}]}}