{"id":7616,"date":"2024-10-16T10:43:58","date_gmt":"2024-10-16T08:43:58","guid":{"rendered":"https:\/\/site.educa.madrid.org\/cp.cela.madrid\/?page_id=7616"},"modified":"2026-04-17T11:22:03","modified_gmt":"2026-04-17T09:22:03","slug":"formulario-para-citas-previas-de-entrevistas-equipo-directivo-tutores","status":"publish","type":"page","link":"https:\/\/site.educa.madrid.org\/cp.cela.madrid\/index.php\/secretaria\/formularios\/formulario-para-citas-previas-de-entrevistas-equipo-directivo-tutores\/","title":{"rendered":"Formulario Solicitar entrevistas"},"content":{"rendered":"<div id=\"pl-7616\"  class=\"panel-layout\" ><div id=\"pg-7616-0\"  class=\"panel-grid panel-no-style\" ><div id=\"pgc-7616-0-0\"  class=\"panel-grid-cell\" ><div id=\"panel-7616-0-0-0\" class=\"widget_text so-panel widget widget_custom_html panel-first-child panel-last-child\" data-index=\"0\" ><div class=\"textwidget custom-html-widget\">\n<div class=\"wpcf7 no-js\" id=\"wpcf7-f1061-o1\" lang=\"es-ES\" dir=\"ltr\">\n<div class=\"screen-reader-response\"><p role=\"status\" aria-live=\"polite\" aria-atomic=\"true\"><\/p> <ul><\/ul><\/div>\n<form action=\"\/cp.cela.madrid\/index.php\/wp-json\/wp\/v2\/pages\/7616#wpcf7-f1061-o1\" method=\"post\" class=\"wpcf7-form init\" aria-label=\"Formulario de contacto\" novalidate=\"novalidate\" data-status=\"init\">\n<div style=\"display: none;\">\n<input type=\"hidden\" name=\"_wpcf7\" value=\"1061\" \/>\n<input type=\"hidden\" name=\"_wpcf7_version\" value=\"5.9.7\" \/>\n<input type=\"hidden\" name=\"_wpcf7_locale\" value=\"es_ES\" \/>\n<input type=\"hidden\" name=\"_wpcf7_unit_tag\" value=\"wpcf7-f1061-o1\" \/>\n<input type=\"hidden\" name=\"_wpcf7_container_post\" value=\"0\" \/>\n<input type=\"hidden\" name=\"_wpcf7_posted_data_hash\" value=\"\" \/>\n<\/div>\n<h3 style=\"background: rgba(34, 181, 115, 0.88); color: #fff!important; padding: 4px 10px; font-size: 18px; font-weight: 500; border-radius: 10px; font-family: inherit; -webkit-font-smoothing: antialiased; -moz-osx-font-smoothing: grayscale;\">SOLICITAR ENTREVISTAS\n<\/h3>\n<style>\n.cela-form-wrap,\n.cela-form-wrap *{\n font-family: inherit !important;\n}\n\n.cela-form-wrap{\n max-width: 980px;\n margin: 18px auto 0;\n color: #000;\n -webkit-font-smoothing: antialiased;\n -moz-osx-font-smoothing: grayscale;\n}\n\n.cela-form-intro{\n margin-bottom: 18px;\n padding: 18px 20px;\n background: linear-gradient(135deg, rgba(34,181,115,0.10), rgba(34,181,115,0.18));\n border: 1px solid rgba(34,181,115,0.18);\n border-radius: 18px;\n}\n\n.cela-form-intro p{\n margin: 0 0 10px 0;\n line-height: 1.65;\n font-size: 15.5px;\n}\n\n.cela-form-intro strong{\n color:#22B573;\n}\n\n.cela-aviso-urgencia{\n padding: 10px 12px;\n border-radius: 12px;\n background: rgba(34,181,115,0.10);\n border-left: 4px solid #22B573;\n font-size: 14px;\n}\n\n.cela-form-bloque{\n background:#fff;\n border:1px solid rgba(34,181,115,0.16);\n border-radius:18px;\n padding:20px;\n margin-bottom:18px;\n}\n\n.cela-form-bloque h4{\n background: rgba(34,181,115,0.92);\n color:#fff !important;\n padding:6px 12px;\n border-radius:10px;\n display:inline-block;\n margin:0 0 12px 0;\n font-size: 16px;\n font-weight: 600;\n}\n\n.cela-form-wrap label{\n display:block;\n margin-bottom:6px;\n font-weight:600;\n}\n\n.cela-nota-campo{\n margin: -4px 0 12px 0;\n font-size: 13px;\n color: #555;\n}\n\n.cela-form-wrap input,\n.cela-form-wrap select,\n.cela-form-wrap textarea{\n width:100%;\n padding:11px 12px;\n margin-bottom:14px;\n border-radius:10px;\n border:1.5px solid rgba(34,181,115,0.25);\n font-size:15px;\n}\n\n.cela-form-wrap textarea{\n min-height:160px;\n resize: vertical;\n}\n\n.cela-form-wrap input:focus,\n.cela-form-wrap select:focus,\n.cela-form-wrap textarea:focus{\n border-color:#22B573;\n outline:none;\n box-shadow:0 0 0 3px rgba(34,181,115,0.12);\n}\n\n.cela-form-grid{\n display:grid;\n grid-template-columns:2fr 1fr;\n gap:14px;\n}\n\n.hp-field{\n position:absolute !important;\n left:-9999px !important;\n}\n\n.cela-acceptance label{\n display:flex;\n gap:10px;\n align-items:flex-start;\n font-weight:400;\n}\n\n.cela-acceptance input{\n width:auto !important;\n margin-top:4px;\n accent-color:#22B573;\n}\n\n.cela-form-boton{\n text-align:center;\n margin-top:10px;\n}\n\n.cela-form-boton input{\n background: linear-gradient(135deg,#22B573,#4CB585);\n color:#fff;\n border:none;\n padding:12px 30px;\n border-radius:999px;\n font-weight:600;\n cursor:pointer;\n}\n\n@media (max-width:768px){\n .cela-form-grid{\n grid-template-columns:1fr;\n }\n}\n<\/style>\n<div class=\"cela-form-wrap\">\n\t<div class=\"cela-form-intro\">\n\t\t<p align=\"justify\"><br \/>\nUtilice este formulario si se necesita concertar una entrevista con alguna de las personas con responsabilidades en el centro (tutor\u00edas, jefatura de estudios, coordinaci\u00f3n de comedor, etc.), se recomienda consultar previamente <a style=\"color: #2a62b7;\" href=\"https:\/\/site.educa.madrid.org\/cp.cela.madrid\/index.php\/nuestro-colegio\/horarios-y-canales-de-comunicacion\/\">los canales de comunicaci\u00f3n y los horarios de atenci\u00f3n<\/a>, para asegurarse de que la cita se solicita con la persona adecuada en relaci\u00f3n con el asunto que se quiere tratar.\n\t\t<\/p>\n\t\t<p align=\"justify\">Las citas se solicitar\u00e1n exclusivamente a trav\u00e9s de este formulario. La descripci\u00f3n del motivo de la cita es obligatoria y debe ser lo m\u00e1s clara y concreta posible, de manera que permita:\n\t\t<\/p>\n\t\t<ul class=\"lista-secretaria\">\n\t\t\t<li>\n\t\t\t\t<p><span>Preparar la reuni\u00f3n con antelaci\u00f3n.<\/span>\n\t\t\t\t<\/p>\n\t\t\t<\/li>\n\t\t\t<li>\n\t\t\t\t<p><span>Recabar la informaci\u00f3n necesaria.<\/span>\n\t\t\t\t<\/p>\n\t\t\t<\/li>\n\t\t\t<li>\n\t\t\t\t<p><span>Ofrecer una respuesta m\u00e1s eficaz al tema planteado.<\/span>\n\t\t\t\t<\/p>\n\t\t\t<\/li>\n\t\t<\/ul>\n\t<\/div>\n\t<div class=\"cela-form-bloque\">\n\t\t<h4>Datos del familiar o tutor\/a legal\n\t\t<\/h4>\n\t\t<p><label>Nombre y apellidos *<\/label><br \/>\n<span class=\"wpcf7-form-control-wrap\" data-name=\"familiares\"><input size=\"40\" maxlength=\"400\" class=\"wpcf7-form-control wpcf7-text wpcf7-validates-as-required\" aria-required=\"true\" aria-invalid=\"false\" value=\"\" type=\"text\" name=\"familiares\" \/><\/span>\n\t\t<\/p>\n\t\t<p><label>DNI\/NIE\/Pasaporte<\/label><br \/>\n<span class=\"wpcf7-form-control-wrap\" data-name=\"dni\"><input size=\"40\" maxlength=\"400\" class=\"wpcf7-form-control wpcf7-text\" aria-invalid=\"false\" value=\"\" type=\"text\" name=\"dni\" \/><\/span>\n\t\t<\/p>\n\t\t<p><label>Correo electr\u00f3nico *<\/label><br \/>\n<span class=\"wpcf7-form-control-wrap\" data-name=\"email\"><input size=\"40\" maxlength=\"400\" class=\"wpcf7-form-control wpcf7-email wpcf7-validates-as-required wpcf7-text wpcf7-validates-as-email\" aria-required=\"true\" aria-invalid=\"false\" value=\"\" type=\"email\" name=\"email\" \/><\/span>\n\t\t<\/p>\n\t\t<p><label>Tel\u00e9fono *<\/label><br \/>\n<span class=\"wpcf7-form-control-wrap\" data-name=\"phone\"><input size=\"40\" maxlength=\"400\" class=\"wpcf7-form-control wpcf7-tel wpcf7-validates-as-required wpcf7-text wpcf7-validates-as-tel\" aria-required=\"true\" aria-invalid=\"false\" value=\"\" type=\"tel\" name=\"phone\" \/><\/span>\n\t\t<\/p>\n\t<\/div>\n\t<div class=\"cela-form-bloque\">\n\t\t<h4>Datos del alumno\/a\n\t\t<\/h4>\n\t\t<p><label>Nombre y apellidos *<\/label><br \/>\n<span class=\"wpcf7-form-control-wrap\" data-name=\"alumno\"><input size=\"40\" maxlength=\"400\" class=\"wpcf7-form-control wpcf7-text wpcf7-validates-as-required\" aria-required=\"true\" aria-invalid=\"false\" value=\"\" type=\"text\" name=\"alumno\" \/><\/span>\n\t\t<\/p>\n\t\t<p class=\"cela-nota-campo\">Indique tutor\/a o curso\n\t\t<\/p>\n\t\t<p><label>Tutor\/a<\/label><br \/>\n<span class=\"wpcf7-form-control-wrap\" data-name=\"tutor\"><input size=\"40\" maxlength=\"400\" class=\"wpcf7-form-control wpcf7-text\" aria-invalid=\"false\" value=\"\" type=\"text\" name=\"tutor\" \/><\/span>\n\t\t<\/p>\n\t\t<div class=\"cela-form-grid\">\n\t\t\t<div>\n\t\t\t\t<p><label>Curso<\/label><br \/>\n<span class=\"wpcf7-form-control-wrap\" data-name=\"curso\"><select class=\"wpcf7-form-control wpcf7-select\" aria-invalid=\"false\" name=\"curso\"><option value=\"\">&#8212;Por favor, elige una opci\u00f3n&#8212;<\/option><option value=\"3 a\u00f1os\">3 a\u00f1os<\/option><option value=\"4 a\u00f1os\">4 a\u00f1os<\/option><option value=\"5 a\u00f1os\">5 a\u00f1os<\/option><option value=\"1\u00ba Primaria\">1\u00ba Primaria<\/option><option value=\"2\u00ba Primaria\">2\u00ba Primaria<\/option><option value=\"3\u00ba Primaria\">3\u00ba Primaria<\/option><option value=\"4\u00ba Primaria\">4\u00ba Primaria<\/option><option value=\"5\u00ba Primaria\">5\u00ba Primaria<\/option><option value=\"6\u00ba Primaria\">6\u00ba Primaria<\/option><\/select><\/span>\n\t\t\t\t<\/p>\n\t\t\t<\/div>\n\t\t\t<div>\n\t\t\t\t<p><label>Letra<\/label><br \/>\n<span class=\"wpcf7-form-control-wrap\" data-name=\"letra\"><select class=\"wpcf7-form-control wpcf7-select\" aria-invalid=\"false\" name=\"letra\"><option value=\"\">&#8212;Por favor, elige una opci\u00f3n&#8212;<\/option><option value=\"A\">A<\/option><option value=\"B\">B<\/option><\/select><\/span>\n\t\t\t\t<\/p>\n\t\t\t<\/div>\n\t\t<\/div>\n\t<\/div>\n\t<div class=\"cela-form-bloque\">\n\t\t<h4>Solicitud de entrevista\n\t\t<\/h4>\n\t\t<p><label>Entrevista con *<\/label><br \/>\n<span class=\"wpcf7-form-control-wrap\" data-name=\"entrevista\"><select class=\"wpcf7-form-control wpcf7-select wpcf7-validates-as-required\" aria-required=\"true\" aria-invalid=\"false\" name=\"entrevista\"><option value=\"\">&#8212;Por favor, elige una opci\u00f3n&#8212;<\/option><option value=\"Tutor\/a\">Tutor\/a<\/option><option value=\"Profesor\/a de Ingl\u00e9s\">Profesor\/a de Ingl\u00e9s<\/option><option value=\"Profesor\/a de M\u00fasica\">Profesor\/a de M\u00fasica<\/option><option value=\"Profesor\/a de EF\">Profesor\/a de EF<\/option><option value=\"Director\/a\">Director\/a<\/option><option value=\"Jefe\/a de Estudios\">Jefe\/a de Estudios<\/option><option value=\"Secretario\/a\">Secretario\/a<\/option><option value=\"Coordinador\/a comedor\">Coordinador\/a comedor<\/option><option value=\"Pedagog\u00eda Terap\u00e9utica\">Pedagog\u00eda Terap\u00e9utica<\/option><option value=\"Audici\u00f3n y Lenguaje\">Audici\u00f3n y Lenguaje<\/option><option value=\"Orientadora\">Orientadora<\/option><\/select><\/span>\n\t\t<\/p>\n\t\t<p><label>Fecha propuesta o deseada<\/label><br \/>\n<span class=\"wpcf7-form-control-wrap\" data-name=\"fechapropuesta\"><input size=\"40\" maxlength=\"400\" class=\"wpcf7-form-control wpcf7-text\" aria-invalid=\"false\" placeholder=\"Ej.: jueves por la ma\u00f1ana \/ pr\u00f3xima semana \/ horario de tutor\u00eda\" value=\"\" type=\"text\" name=\"fechapropuesta\" \/><\/span>\n\t\t<\/p>\n\t\t<p><label>Indicar asunto *<\/label><br \/>\n<span class=\"wpcf7-form-control-wrap\" data-name=\"indicarasunto\"><select class=\"wpcf7-form-control wpcf7-select wpcf7-validates-as-required\" aria-required=\"true\" aria-invalid=\"false\" name=\"indicarasunto\"><option value=\"\">&#8212;Por favor, elige una opci\u00f3n&#8212;<\/option><option value=\"Relacionado con la ense\u00f1anza de mi hijo\/a (controles, trabajos, normas de aula, actividades\u2026)\">Relacionado con la ense\u00f1anza de mi hijo\/a (controles, trabajos, normas de aula, actividades\u2026)<\/option><option value=\"Relacionado con problemas de convivencia en el aula o en el recreo lectivo\">Relacionado con problemas de convivencia en el aula o en el recreo lectivo<\/option><option value=\"Relacionado con problemas en la relaci\u00f3n profesor-alumno\">Relacionado con problemas en la relaci\u00f3n profesor-alumno<\/option><option value=\"Relacionado con problemas de convivencia en el comedor o en el recreo de comedor\">Relacionado con problemas de convivencia en el comedor o en el recreo de comedor<\/option><option value=\"Relacionado con la alimentaci\u00f3n de comedor (problemas con el men\u00fa, cantidades\u2026)\">Relacionado con la alimentaci\u00f3n de comedor (problemas con el men\u00fa, cantidades\u2026)<\/option><option value=\"Relacionado con la alimentaci\u00f3n de mi hijo\/a (informaci\u00f3n sobre lo que come)\">Relacionado con la alimentaci\u00f3n de mi hijo\/a (informaci\u00f3n sobre lo que come)<\/option><option value=\"Relacionado con posibles incumplimientos o dudas sobre la normativa del centro\">Relacionado con posibles incumplimientos o dudas sobre la normativa del centro<\/option><option value=\"Relacionado con problemas en las gestiones administrativas y de servicios\">Relacionado con problemas en las gestiones administrativas y de servicios<\/option><option value=\"Otros\">Otros<\/option><\/select><\/span>\n\t\t<\/p>\n\t\t<p><label>Informaci\u00f3n relevante *<\/label>\n\t\t<\/p>\n\t\t<p class=\"cela-nota-campo\">Describa los hechos, las personas implicadas y las circunstancias sobre lugar, fecha u hora. Cuanto m\u00e1s precisa sea la informaci\u00f3n, m\u00e1s eficaz y operativa ser\u00e1 la entrevista.\n\t\t<\/p>\n\t\t<p><span class=\"wpcf7-form-control-wrap\" data-name=\"informacion\"><textarea cols=\"40\" rows=\"10\" maxlength=\"2000\" class=\"wpcf7-form-control wpcf7-textarea wpcf7-validates-as-required\" aria-required=\"true\" aria-invalid=\"false\" name=\"informacion\"><\/textarea><\/span>\n\t\t<\/p>\n\t<\/div>\n\t<div class=\"cela-form-bloque\">\n\t\t<p><span class=\"cela-acceptance\"><br \/>\n<span class=\"wpcf7-form-control-wrap\" data-name=\"aceptar\"><span class=\"wpcf7-form-control wpcf7-checkbox wpcf7-validates-as-required\"><span class=\"wpcf7-list-item first last\"><label><input type=\"checkbox\" name=\"aceptar[]\" value=\"He le\u00eddo y acepto la pol\u00edtica de privacidad del centro\" \/><span class=\"wpcf7-list-item-label\">He le\u00eddo y acepto la pol\u00edtica de privacidad del centro<\/span><\/label><\/span><\/span><\/span><br \/>\n<\/span>\n\t\t<\/p>\n\t\t<p class=\"cela-nota-campo\"><br \/>\n<a href=\"https:\/\/site.educa.madrid.org\/cp.cela.madrid\/index.php\/pie-de-inicio\/aviso-legal-2\/\" target=\"_blank\" rel=\"noopener\"><br \/>\nConsultar la pol\u00edtica de privacidad<br \/>\n<\/a>\n\t\t<\/p>\n\t<\/div>\n\t<div class=\"cela-form-boton\">\n\t\t<p class=\"aiowps-captcha hide-when-displaying-tfa-input\"><label for=\"aiowps-captcha-answer\">Por favor, introduce una respuesta en d\u00edgitos:<\/label>\n\t\t<\/p>\n\t\t<div class=\"aiowps-captcha-equation hide-when-displaying-tfa-input\">\n\t\t\t<p><strong>14 &#43; seis = <input type=\"hidden\" name=\"aiowps-captcha-string-info\" class=\"aiowps-captcha-string-info\" value=\"f6aunxbu2s\" \/><input type=\"hidden\" name=\"aiowps-captcha-temp-string\" class=\"aiowps-captcha-temp-string\" value=\"1778608182\" \/><input type=\"text\" size=\"2\" class=\"aiowps-captcha-answer\" name=\"aiowps-captcha-answer\" value=\"\" autocomplete=\"off\" \/><\/strong>\n\t\t\t<\/p>\n\t\t<\/div>\n\t\t<p><span class='wpcf7-form-control-wrap' data-name='aiowps-captcha'><\/span><input class=\"wpcf7-form-control wpcf7-submit has-spinner\" type=\"submit\" value=\"Enviar formulario\" \/>\n\t\t<\/p>\n\t<\/div>\n<\/div><p style=\"display: none !important;\" class=\"akismet-fields-container\" data-prefix=\"_wpcf7_ak_\"><label>&#916;<textarea name=\"_wpcf7_ak_hp_textarea\" cols=\"45\" rows=\"8\" maxlength=\"100\"><\/textarea><\/label><input type=\"hidden\" id=\"ak_js_1\" name=\"_wpcf7_ak_js\" value=\"52\"\/><script>document.getElementById( \"ak_js_1\" ).setAttribute( \"value\", ( new Date() ).getTime() );<\/script><\/p><div class=\"wpcf7-response-output\" aria-hidden=\"true\"><\/div>\n<\/form>\n<\/div>\n<\/div><\/div><\/div><\/div><\/div>","protected":false},"excerpt":{"rendered":"<p>SOLICITAR ENTREVISTAS Utilice este formulario si se necesita concertar una entrevista con alguna de las personas con responsabilidades en el centro (tutor\u00edas, jefatura de estudios, coordinaci\u00f3n de comedor, etc.), se recomienda consultar previamente los canales de comunicaci\u00f3n y los horarios de atenci\u00f3n, para asegurarse de que la cita se solicita con la persona adecuada en [&hellip;]<\/p>\n","protected":false},"author":2,"featured_media":0,"parent":11501,"menu_order":2,"comment_status":"closed","ping_status":"closed","template":"","meta":{"footnotes":""},"folder":[],"class_list":["post-7616","page","type-page","status-publish","hentry"],"rttpg_featured_image_url":null,"rttpg_author":{"display_name":"tic.cp.cela.madrid","author_link":"https:\/\/site.educa.madrid.org\/cp.cela.madrid\/index.php\/author\/cuenta_tic-cp-cela-madrid\/"},"rttpg_comment":0,"rttpg_category":false,"rttpg_excerpt":"SOLICITAR ENTREVISTAS Utilice este formulario si se necesita concertar una entrevista con alguna de las personas con responsabilidades en el centro (tutor\u00edas, jefatura de estudios, coordinaci\u00f3n de comedor, etc.), se recomienda consultar previamente los canales de comunicaci\u00f3n y los horarios de atenci\u00f3n, para asegurarse de que la cita se solicita con la persona adecuada en&hellip;","post_mailing_queue_ids":[],"_links":{"self":[{"href":"https:\/\/site.educa.madrid.org\/cp.cela.madrid\/index.php\/wp-json\/wp\/v2\/pages\/7616","targetHints":{"allow":["GET"]}}],"collection":[{"href":"https:\/\/site.educa.madrid.org\/cp.cela.madrid\/index.php\/wp-json\/wp\/v2\/pages"}],"about":[{"href":"https:\/\/site.educa.madrid.org\/cp.cela.madrid\/index.php\/wp-json\/wp\/v2\/types\/page"}],"author":[{"embeddable":true,"href":"https:\/\/site.educa.madrid.org\/cp.cela.madrid\/index.php\/wp-json\/wp\/v2\/users\/2"}],"replies":[{"embeddable":true,"href":"https:\/\/site.educa.madrid.org\/cp.cela.madrid\/index.php\/wp-json\/wp\/v2\/comments?post=7616"}],"version-history":[{"count":5,"href":"https:\/\/site.educa.madrid.org\/cp.cela.madrid\/index.php\/wp-json\/wp\/v2\/pages\/7616\/revisions"}],"predecessor-version":[{"id":11484,"href":"https:\/\/site.educa.madrid.org\/cp.cela.madrid\/index.php\/wp-json\/wp\/v2\/pages\/7616\/revisions\/11484"}],"up":[{"embeddable":true,"href":"https:\/\/site.educa.madrid.org\/cp.cela.madrid\/index.php\/wp-json\/wp\/v2\/pages\/11501"}],"wp:attachment":[{"href":"https:\/\/site.educa.madrid.org\/cp.cela.madrid\/index.php\/wp-json\/wp\/v2\/media?parent=7616"}],"wp:term":[{"taxonomy":"folder","embeddable":true,"href":"https:\/\/site.educa.madrid.org\/cp.cela.madrid\/index.php\/wp-json\/wp\/v2\/folder?post=7616"}],"curies":[{"name":"wp","href":"https:\/\/api.w.org\/{rel}","templated":true}]}}