{"id":7935,"date":"2025-03-19T13:17:33","date_gmt":"2025-03-19T12:17:33","guid":{"rendered":"https:\/\/site.educa.madrid.org\/cp.cela.madrid\/?page_id=7935"},"modified":"2026-04-19T14:20:50","modified_gmt":"2026-04-19T12:20:50","slug":"formulario-para-la-peticion-de-certificaciones-matricula-comedor-etc-y-justificantes-de-ausencias-para-el-trabajo-2-2","status":"publish","type":"page","link":"https:\/\/site.educa.madrid.org\/cp.cela.madrid\/index.php\/secretaria\/formularios\/formulario-para-la-peticion-de-certificaciones-matricula-comedor-etc-y-justificantes-de-ausencias-para-el-trabajo-2-2\/","title":{"rendered":"Formulario Autorizar recogida del alumnado (puntual)"},"content":{"rendered":"<div id=\"pl-7935\"  class=\"panel-layout\" ><div id=\"pg-7935-0\"  class=\"panel-grid panel-no-style\" ><div id=\"pgc-7935-0-0\"  class=\"panel-grid-cell\" ><div id=\"panel-7935-0-0-0\" class=\"widget_text so-panel widget widget_custom_html panel-first-child panel-last-child\" data-index=\"0\" ><div class=\"textwidget custom-html-widget\">\n<div class=\"wpcf7 no-js\" id=\"wpcf7-f11522-o1\" lang=\"es-ES\" dir=\"ltr\">\n<div class=\"screen-reader-response\"><p role=\"status\" aria-live=\"polite\" aria-atomic=\"true\"><\/p> <ul><\/ul><\/div>\n<form action=\"\/cp.cela.madrid\/index.php\/wp-json\/wp\/v2\/pages\/7935#wpcf7-f11522-o1\" method=\"post\" class=\"wpcf7-form init\" aria-label=\"Formulario de contacto\" enctype=\"multipart\/form-data\" novalidate=\"novalidate\" data-status=\"init\">\n<div style=\"display: none;\">\n<input type=\"hidden\" name=\"_wpcf7\" value=\"11522\" \/>\n<input type=\"hidden\" name=\"_wpcf7_version\" value=\"5.9.7\" \/>\n<input type=\"hidden\" name=\"_wpcf7_locale\" value=\"es_ES\" \/>\n<input type=\"hidden\" name=\"_wpcf7_unit_tag\" value=\"wpcf7-f11522-o1\" \/>\n<input type=\"hidden\" name=\"_wpcf7_container_post\" value=\"0\" \/>\n<input type=\"hidden\" name=\"_wpcf7_posted_data_hash\" value=\"\" \/>\n<\/div>\n<h3 style=\"background: rgba(34, 181, 115, 0.88); color: #fff!important; padding: 4px 10px; font-size: 18px; font-weight: 500; border-radius: 10px; font-family: inherit; -webkit-font-smoothing: antialiased; -moz-osx-font-smoothing: grayscale;\"><br \/>\nSOLICITAR Y AUTORIZAR LA RECOGIDA PUNTUAL DEL ALUMNO O DE LA ALUMNA\n<\/h3>\n<style>\n.cela-form-wrap,\n.cela-form-wrap *{\n font-family: inherit !important;\n}\n\n.cela-form-wrap{\n max-width:980px;\n margin:18px auto 0;\n color:#000;\n}\n\n.cela-form-intro{\n margin-bottom:18px;\n padding:18px 20px;\n background: linear-gradient(135deg, rgba(34,181,115,0.10), rgba(34,181,115,0.18));\n border:1px solid rgba(34,181,115,0.18);\n border-radius:18px;\n}\n\n.cela-form-intro p{\n margin:0 0 10px 0;\n line-height:1.65;\n font-size:15.5px;\n}\n\n.cela-form-bloque{\n background:#fff;\n border:1px solid rgba(34,181,115,0.16);\n border-radius:18px;\n padding:20px;\n margin-bottom:18px;\n}\n\n.cela-form-bloque h4{\n background: rgba(34,181,115,0.92);\n color:#fff !important;\n padding:6px 12px;\n border-radius:10px;\n display:inline-block;\n margin:0 0 12px 0;\n font-size:16px;\n}\n\n.cela-form-wrap label{\n display:block;\n margin-bottom:6px;\n font-weight:600;\n line-height:1.45;\n}\n\n.cela-nota-campo{\n margin:-4px 0 12px 0;\n font-size:13px;\n color:#555;\n line-height:1.45;\n}\n\n.cela-form-wrap input,\n.cela-form-wrap select,\n.cela-form-wrap textarea{\n width:100%;\n padding:11px 12px;\n margin-bottom:14px;\n border-radius:10px;\n border:1.5px solid rgba(34,181,115,0.25);\n}\n\n.cela-form-grid{\n display:grid;\n grid-template-columns:2fr 1fr;\n gap:14px;\n}\n\n.cela-form-grid-doble{\n display:grid;\n grid-template-columns:1fr 1fr;\n gap:14px;\n}\n\n.cela-acceptance label{\n display:flex;\n gap:10px;\n align-items:flex-start;\n font-weight:400;\n}\n\n.cela-acceptance input{\n width:auto !important;\n margin-top:4px;\n accent-color:#22B573;\n}\n\n.hp-field{\n position:absolute !important;\n left:-9999px !important;\n}\n\n.cela-form-boton{\n text-align:center;\n}\n\n.cela-form-boton input{\n background: linear-gradient(135deg,#22B573,#4CB585);\n color:#fff;\n border:none;\n padding:12px 30px;\n border-radius:999px;\n font-weight:600;\n}\n\n@media(max-width:768px){\n .cela-form-grid,\n .cela-form-grid-doble{\n grid-template-columns:1fr;\n }\n}\n<\/style>\n<div class=\"cela-form-wrap\">\n\t<div class=\"cela-form-intro\">\n\t\t<p align=\"justify\"><br \/>\nUtilice este formulario para autorizar puntualmente la recogida por terceras personas de su hijo o hija, en situaciones de emergencia o cambios de \u00faltima hora.\n\t\t<\/p>\n\t\t<p align=\"justify\"><br \/>\nLa autorizaci\u00f3n solo es v\u00e1lida para el d\u00eda indicado. Es imprescindible adjuntar la imagen del anverso (parte delantera) del documento de identidad de la persona autorizada.\n\t\t<\/p>\n\t<\/div>\n\t<div class=\"cela-form-bloque\">\n\t\t<h4>Datos del familiar o tutor\/a legal\n\t\t<\/h4>\n\t\t<p><label>Nombre y apellidos *<\/label><br \/>\n<span class=\"wpcf7-form-control-wrap\" data-name=\"familiar\"><input size=\"40\" maxlength=\"400\" class=\"wpcf7-form-control wpcf7-text wpcf7-validates-as-required\" aria-required=\"true\" aria-invalid=\"false\" value=\"\" type=\"text\" name=\"familiar\" \/><\/span>\n\t\t<\/p>\n\t\t<p><label>N\u00ba documento *<\/label><br \/>\n<span class=\"wpcf7-form-control-wrap\" data-name=\"dni\"><input size=\"40\" maxlength=\"400\" class=\"wpcf7-form-control wpcf7-text wpcf7-validates-as-required\" aria-required=\"true\" aria-invalid=\"false\" value=\"\" type=\"text\" name=\"dni\" \/><\/span>\n\t\t<\/p>\n\t\t<p><label>Tel\u00e9fono de contacto *<\/label><br \/>\n<span class=\"wpcf7-form-control-wrap\" data-name=\"telefono\"><input size=\"40\" maxlength=\"400\" class=\"wpcf7-form-control wpcf7-tel wpcf7-validates-as-required wpcf7-text wpcf7-validates-as-tel\" aria-required=\"true\" aria-invalid=\"false\" value=\"\" type=\"tel\" name=\"telefono\" \/><\/span>\n\t\t<\/p>\n\t<\/div>\n\t<div class=\"cela-form-bloque\">\n\t\t<h4>Datos del alumno\/a\n\t\t<\/h4>\n\t\t<p><label>Nombre y apellidos *<\/label><br \/>\n<span class=\"wpcf7-form-control-wrap\" data-name=\"alumno\"><input size=\"40\" maxlength=\"400\" class=\"wpcf7-form-control wpcf7-text wpcf7-validates-as-required\" aria-required=\"true\" aria-invalid=\"false\" value=\"\" type=\"text\" name=\"alumno\" \/><\/span>\n\t\t<\/p>\n\t\t<p class=\"cela-nota-campo\">Indique tutor\/a o curso\n\t\t<\/p>\n\t\t<p><label>Tutor\/a<\/label><br \/>\n<span class=\"wpcf7-form-control-wrap\" data-name=\"tutor\"><input size=\"40\" maxlength=\"400\" class=\"wpcf7-form-control wpcf7-text\" aria-invalid=\"false\" value=\"\" type=\"text\" name=\"tutor\" \/><\/span>\n\t\t<\/p>\n\t\t<div class=\"cela-form-grid\">\n\t\t\t<div>\n\t\t\t\t<p><label>Curso<\/label><br \/>\n<span class=\"wpcf7-form-control-wrap\" data-name=\"curso\"><select class=\"wpcf7-form-control wpcf7-select\" aria-invalid=\"false\" name=\"curso\"><option value=\"\">&#8212;Por favor, elige una opci\u00f3n&#8212;<\/option><option value=\"3 a\u00f1os\">3 a\u00f1os<\/option><option value=\"4 a\u00f1os\">4 a\u00f1os<\/option><option value=\"5 a\u00f1os\">5 a\u00f1os<\/option><option value=\"1\u00ba Primaria\">1\u00ba Primaria<\/option><option value=\"2\u00ba Primaria\">2\u00ba Primaria<\/option><option value=\"3\u00ba Primaria\">3\u00ba Primaria<\/option><option value=\"4\u00ba Primaria\">4\u00ba Primaria<\/option><option value=\"5\u00ba Primaria\">5\u00ba Primaria<\/option><option value=\"6\u00ba Primaria\">6\u00ba Primaria<\/option><\/select><\/span>\n\t\t\t\t<\/p>\n\t\t\t<\/div>\n\t\t\t<div>\n\t\t\t\t<p><label>Letra<\/label><br \/>\n<span class=\"wpcf7-form-control-wrap\" data-name=\"letra\"><select class=\"wpcf7-form-control wpcf7-select\" aria-invalid=\"false\" name=\"letra\"><option value=\"\">&#8212;Por favor, elige una opci\u00f3n&#8212;<\/option><option value=\"A\">A<\/option><option value=\"B\">B<\/option><\/select><\/span>\n\t\t\t\t<\/p>\n\t\t\t<\/div>\n\t\t<\/div>\n\t<\/div>\n\t<div class=\"cela-form-bloque\">\n\t\t<h4>Solicitud puntual\n\t\t<\/h4>\n\t\t<p><label>Fecha concreta de recogida *<\/label><br \/>\n<span class=\"wpcf7-form-control-wrap\" data-name=\"fecha_recogida\"><input class=\"wpcf7-form-control wpcf7-date wpcf7-validates-as-required wpcf7-validates-as-date\" aria-required=\"true\" aria-invalid=\"false\" value=\"\" type=\"date\" name=\"fecha_recogida\" \/><\/span>\n\t\t<\/p>\n\t\t<p class=\"cela-nota-campo\"><br \/>\nLa autorizaci\u00f3n tendr\u00e1 validez exclusivamente para la fecha indicada.\n\t\t<\/p>\n\t<\/div>\n\t<div class=\"cela-form-bloque\">\n\t\t<h4>Persona autorizada\n\t\t<\/h4>\n\t\t<p><label>Nombre y apellidos *<\/label><br \/>\n<span class=\"wpcf7-form-control-wrap\" data-name=\"autorizado1\"><input size=\"40\" maxlength=\"400\" class=\"wpcf7-form-control wpcf7-text wpcf7-validates-as-required\" aria-required=\"true\" aria-invalid=\"false\" value=\"\" type=\"text\" name=\"autorizado1\" \/><\/span>\n\t\t<\/p>\n\t\t<div class=\"cela-form-grid-doble\">\n\t\t\t<div>\n\t\t\t\t<p><label>DNI \/ NIE *<\/label><br \/>\n<span class=\"wpcf7-form-control-wrap\" data-name=\"dni_autorizado1\"><input size=\"40\" maxlength=\"400\" class=\"wpcf7-form-control wpcf7-text wpcf7-validates-as-required\" aria-required=\"true\" aria-invalid=\"false\" value=\"\" type=\"text\" name=\"dni_autorizado1\" \/><\/span>\n\t\t\t\t<\/p>\n\t\t\t<\/div>\n\t\t\t<div>\n\t\t\t\t<p><label>V\u00ednculo *<\/label><br \/>\n<span class=\"wpcf7-form-control-wrap\" data-name=\"vinculo1\"><input size=\"40\" maxlength=\"400\" class=\"wpcf7-form-control wpcf7-text wpcf7-validates-as-required\" aria-required=\"true\" aria-invalid=\"false\" value=\"\" type=\"text\" name=\"vinculo1\" \/><\/span>\n\t\t\t\t<\/p>\n\t\t\t<\/div>\n\t\t<\/div>\n\t<\/div>\n\t<div class=\"cela-form-bloque\">\n\t\t<h4>Documentaci\u00f3n\n\t\t<\/h4>\n\t\t<p><label>Adjuntar documento de identidad *<\/label><br \/>\n<span class=\"wpcf7-form-control-wrap\" data-name=\"documentos_identidad\"><input size=\"40\" class=\"wpcf7-form-control wpcf7-file wpcf7-validates-as-required\" accept=\".jpg,.jpeg,.png,.pdf\" aria-required=\"true\" aria-invalid=\"false\" type=\"file\" name=\"documentos_identidad\" \/><\/span>\n\t\t<\/p>\n\t<\/div>\n\t<div class=\"cela-form-bloque\">\n\t\t<h4>Observaciones\n\t\t<\/h4>\n\t\t<p><label>Observaciones<\/label><br \/>\n<span class=\"wpcf7-form-control-wrap\" data-name=\"observaciones\"><textarea cols=\"40\" rows=\"10\" maxlength=\"2000\" class=\"wpcf7-form-control wpcf7-textarea\" aria-invalid=\"false\" name=\"observaciones\"><\/textarea><\/span>\n\t\t<\/p>\n\t<\/div>\n\t<div class=\"cela-form-bloque\">\n\t\t<p><span class=\"cela-acceptance\"><br \/>\n<span class=\"wpcf7-form-control-wrap\" data-name=\"aceptar\"><span class=\"wpcf7-form-control wpcf7-checkbox wpcf7-validates-as-required\"><span class=\"wpcf7-list-item first last\"><label><input type=\"checkbox\" name=\"aceptar[]\" value=\"He le\u00eddo y acepto la pol\u00edtica de privacidad del centro\" \/><span class=\"wpcf7-list-item-label\">He le\u00eddo y acepto la pol\u00edtica de privacidad del centro<\/span><\/label><\/span><\/span><\/span><br \/>\n<\/span>\n\t\t<\/p>\n\t\t<p class=\"cela-nota-campo\"><br \/>\n<a href=\"https:\/\/site.educa.madrid.org\/cp.cela.madrid\/index.php\/pie-de-inicio\/aviso-legal-2\/\" target=\"_blank\" rel=\"noopener\">Consultar la pol\u00edtica de privacidad<\/a>\n\t\t<\/p>\n\t<\/div>\n\t<div class=\"cela-form-boton\">\n\t\t<p class=\"aiowps-captcha hide-when-displaying-tfa-input\"><label for=\"aiowps-captcha-answer\">Por favor, introduce una respuesta en d\u00edgitos:<\/label>\n\t\t<\/p>\n\t\t<div class=\"aiowps-captcha-equation hide-when-displaying-tfa-input\">\n\t\t\t<p><strong>9 &#8722; 4 = <input type=\"hidden\" name=\"aiowps-captcha-string-info\" class=\"aiowps-captcha-string-info\" value=\"67umn2olb9\" \/><input type=\"hidden\" name=\"aiowps-captcha-temp-string\" class=\"aiowps-captcha-temp-string\" value=\"1778608337\" \/><input type=\"text\" size=\"2\" class=\"aiowps-captcha-answer\" name=\"aiowps-captcha-answer\" value=\"\" autocomplete=\"off\" \/><\/strong>\n\t\t\t<\/p>\n\t\t<\/div>\n\t\t<p><span class='wpcf7-form-control-wrap' data-name='aiowps-captcha'><\/span><input class=\"wpcf7-form-control wpcf7-submit has-spinner\" type=\"submit\" value=\"Enviar formulario\" \/>\n\t\t<\/p>\n\t<\/div>\n<\/div><p style=\"display: none !important;\" class=\"akismet-fields-container\" data-prefix=\"_wpcf7_ak_\"><label>&#916;<textarea name=\"_wpcf7_ak_hp_textarea\" cols=\"45\" rows=\"8\" maxlength=\"100\"><\/textarea><\/label><input type=\"hidden\" id=\"ak_js_1\" name=\"_wpcf7_ak_js\" value=\"99\"\/><script>document.getElementById( \"ak_js_1\" ).setAttribute( \"value\", ( new Date() ).getTime() );<\/script><\/p><div class=\"wpcf7-response-output\" aria-hidden=\"true\"><\/div>\n<\/form>\n<\/div>\n<\/div><\/div><\/div><\/div><\/div>","protected":false},"excerpt":{"rendered":"<p>SOLICITAR Y AUTORIZAR LA RECOGIDA PUNTUAL DEL ALUMNO O DE LA ALUMNA Utilice este formulario para autorizar puntualmente la recogida por terceras personas de su hijo o hija, en situaciones de emergencia o cambios de \u00faltima hora. La autorizaci\u00f3n solo es v\u00e1lida para el d\u00eda indicado. Es imprescindible adjuntar la imagen del anverso (parte delantera) [&hellip;]<\/p>\n","protected":false},"author":2,"featured_media":0,"parent":11501,"menu_order":6,"comment_status":"closed","ping_status":"closed","template":"","meta":{"footnotes":""},"folder":[],"class_list":["post-7935","page","type-page","status-publish","hentry"],"rttpg_featured_image_url":null,"rttpg_author":{"display_name":"tic.cp.cela.madrid","author_link":"https:\/\/site.educa.madrid.org\/cp.cela.madrid\/index.php\/author\/cuenta_tic-cp-cela-madrid\/"},"rttpg_comment":0,"rttpg_category":false,"rttpg_excerpt":"SOLICITAR Y AUTORIZAR LA RECOGIDA PUNTUAL DEL ALUMNO O DE LA ALUMNA Utilice este formulario para autorizar puntualmente la recogida por terceras personas de su hijo o hija, en situaciones de emergencia o cambios de \u00faltima hora. La autorizaci\u00f3n solo es v\u00e1lida para el d\u00eda indicado. Es imprescindible adjuntar la imagen del anverso (parte delantera)&hellip;","post_mailing_queue_ids":[],"_links":{"self":[{"href":"https:\/\/site.educa.madrid.org\/cp.cela.madrid\/index.php\/wp-json\/wp\/v2\/pages\/7935","targetHints":{"allow":["GET"]}}],"collection":[{"href":"https:\/\/site.educa.madrid.org\/cp.cela.madrid\/index.php\/wp-json\/wp\/v2\/pages"}],"about":[{"href":"https:\/\/site.educa.madrid.org\/cp.cela.madrid\/index.php\/wp-json\/wp\/v2\/types\/page"}],"author":[{"embeddable":true,"href":"https:\/\/site.educa.madrid.org\/cp.cela.madrid\/index.php\/wp-json\/wp\/v2\/users\/2"}],"replies":[{"embeddable":true,"href":"https:\/\/site.educa.madrid.org\/cp.cela.madrid\/index.php\/wp-json\/wp\/v2\/comments?post=7935"}],"version-history":[{"count":7,"href":"https:\/\/site.educa.madrid.org\/cp.cela.madrid\/index.php\/wp-json\/wp\/v2\/pages\/7935\/revisions"}],"predecessor-version":[{"id":11532,"href":"https:\/\/site.educa.madrid.org\/cp.cela.madrid\/index.php\/wp-json\/wp\/v2\/pages\/7935\/revisions\/11532"}],"up":[{"embeddable":true,"href":"https:\/\/site.educa.madrid.org\/cp.cela.madrid\/index.php\/wp-json\/wp\/v2\/pages\/11501"}],"wp:attachment":[{"href":"https:\/\/site.educa.madrid.org\/cp.cela.madrid\/index.php\/wp-json\/wp\/v2\/media?parent=7935"}],"wp:term":[{"taxonomy":"folder","embeddable":true,"href":"https:\/\/site.educa.madrid.org\/cp.cela.madrid\/index.php\/wp-json\/wp\/v2\/folder?post=7935"}],"curies":[{"name":"wp","href":"https:\/\/api.w.org\/{rel}","templated":true}]}}