{"id":101,"date":"2020-06-24T17:28:37","date_gmt":"2020-06-24T17:28:37","guid":{"rendered":"https:\/\/site.educa.madrid.org\/cp.cristobalcolon.madrid\/?page_id=101"},"modified":"2025-06-30T10:28:31","modified_gmt":"2025-06-30T08:28:31","slug":"secretaria","status":"publish","type":"page","link":"https:\/\/site.educa.madrid.org\/cp.cristobalcolon.madrid\/index.php\/secretaria\/","title":{"rendered":"Secretar\u00eda"},"content":{"rendered":"\n<h2 class=\"wp-block-heading\" id=\"horario\"><img loading=\"lazy\" decoding=\"async\" width=\"90\" height=\"90\" class=\"wp-image-1742\" style=\"width: 90px;\" src=\"https:\/\/site.educa.madrid.org\/cp.cristobalcolon.madrid\/\/wp-content\/uploads\/cp.cristobalcolon.madrid\/2021\/03\/reloj.png\" alt=\"horario\" srcset=\"https:\/\/site.educa.madrid.org\/cp.cristobalcolon.madrid\/\/wp-content\/uploads\/cp.cristobalcolon.madrid\/2021\/03\/reloj.png 500w, https:\/\/site.educa.madrid.org\/cp.cristobalcolon.madrid\/\/wp-content\/uploads\/cp.cristobalcolon.madrid\/2021\/03\/reloj-300x300.png 300w, https:\/\/site.educa.madrid.org\/cp.cristobalcolon.madrid\/\/wp-content\/uploads\/cp.cristobalcolon.madrid\/2021\/03\/reloj-150x150.png 150w\" sizes=\"auto, (max-width: 90px) 100vw, 90px\" \/>  Horario<\/h2>\n\n\n\n<p class=\"has-normal-font-size\">La atenci\u00f3n se realizar\u00e1 por tres v\u00edas:<\/p>\n\n\n\n<ul class=\"wp-block-list\">\n<li>Telef\u00f3nicamente: 91 797 33 12.<\/li>\n\n\n\n<li>Por correo electr\u00f3nico a <a rel=\"noreferrer noopener\" href=\"mailto:secretaria.cp.cristobalcolon.madrid@educa.madrid.org\" target=\"_blank\">secretaria.cp.cristobalcolon.madrid@educa.madrid.org<\/a><\/li>\n\n\n\n<li>De forma presencial solo en caso necesario <strong>en horario de 9.15 a 10.00h<\/strong>, <strong>previa cita<\/strong>.<\/li>\n<\/ul>\n\n\n\n<div style=\"height:33px\" aria-hidden=\"true\" class=\"wp-block-spacer\"><\/div>\n\n\n\n<h2 class=\"wp-block-heading\" id=\"calendario\"><img loading=\"lazy\" decoding=\"async\" width=\"90\" height=\"90\" class=\"wp-image-1745\" style=\"width: 90px;\" src=\"https:\/\/site.educa.madrid.org\/cp.cristobalcolon.madrid\/\/wp-content\/uploads\/cp.cristobalcolon.madrid\/2021\/03\/calendario-1.png\" alt=\"calendario escolar\" srcset=\"https:\/\/site.educa.madrid.org\/cp.cristobalcolon.madrid\/\/wp-content\/uploads\/cp.cristobalcolon.madrid\/2021\/03\/calendario-1.png 500w, https:\/\/site.educa.madrid.org\/cp.cristobalcolon.madrid\/\/wp-content\/uploads\/cp.cristobalcolon.madrid\/2021\/03\/calendario-1-300x300.png 300w, https:\/\/site.educa.madrid.org\/cp.cristobalcolon.madrid\/\/wp-content\/uploads\/cp.cristobalcolon.madrid\/2021\/03\/calendario-1-150x150.png 150w\" sizes=\"auto, (max-width: 90px) 100vw, 90px\" \/> Calendario escolar 2025-2026<\/h2>\n\n\n\n<p class=\"has-normal-font-size\">Haz clic en&nbsp;<a href=\"https:\/\/cloud.educa.madrid.org\/s\/yQ4L6gWF4AmZ6aT\" target=\"_blank\" rel=\"noreferrer noopener\">este enlace<\/a>&nbsp;para descargar el calendario del curso escolar 25-26.<\/p>\n\n\n\n<div style=\"height:33px\" aria-hidden=\"true\" class=\"wp-block-spacer\"><\/div>\n\n\n\n<h2 class=\"wp-block-heading\" id=\"librosdetexto\"><img loading=\"lazy\" decoding=\"async\" width=\"90\" height=\"90\" class=\"wp-image-1749\" style=\"width: 90px;\" src=\"https:\/\/site.educa.madrid.org\/cp.cristobalcolon.madrid\/\/wp-content\/uploads\/cp.cristobalcolon.madrid\/2021\/03\/libro-1.png\" alt=\"libros de texto\" srcset=\"https:\/\/site.educa.madrid.org\/cp.cristobalcolon.madrid\/\/wp-content\/uploads\/cp.cristobalcolon.madrid\/2021\/03\/libro-1.png 500w, https:\/\/site.educa.madrid.org\/cp.cristobalcolon.madrid\/\/wp-content\/uploads\/cp.cristobalcolon.madrid\/2021\/03\/libro-1-300x300.png 300w, https:\/\/site.educa.madrid.org\/cp.cristobalcolon.madrid\/\/wp-content\/uploads\/cp.cristobalcolon.madrid\/2021\/03\/libro-1-150x150.png 150w\" sizes=\"auto, (max-width: 90px) 100vw, 90px\" \/>Libros de texto 2025-26<\/h2>\n\n\n\n<p class=\"has-normal-font-size\">Haz clic en&nbsp;el siguiente enlace para descargar el listado de libros de texto del presente curso escolar.<\/p>\n\n\n\n<p><a href=\"https:\/\/cloud.educa.madrid.org\/s\/mG9qDLb8M9st2Ka\" target=\"_blank\" rel=\"noreferrer noopener\">LIBROS DE TEXTO Y MATERIAL ESCOLAR 25-26<\/a><\/p>\n\n\n\n<div style=\"height:33px\" aria-hidden=\"true\" class=\"wp-block-spacer\"><\/div>\n\n\n\n<h2 class=\"wp-block-heading\" id=\"documentos\"><img loading=\"lazy\" decoding=\"async\" width=\"90\" height=\"90\" class=\"wp-image-1805\" style=\"width: 90px;\" src=\"https:\/\/site.educa.madrid.org\/cp.cristobalcolon.madrid\/\/wp-content\/uploads\/cp.cristobalcolon.madrid\/2021\/03\/datos-personales.png\" alt=\"Matr\u00edcula\" srcset=\"https:\/\/site.educa.madrid.org\/cp.cristobalcolon.madrid\/\/wp-content\/uploads\/cp.cristobalcolon.madrid\/2021\/03\/datos-personales.png 500w, https:\/\/site.educa.madrid.org\/cp.cristobalcolon.madrid\/\/wp-content\/uploads\/cp.cristobalcolon.madrid\/2021\/03\/datos-personales-300x300.png 300w, https:\/\/site.educa.madrid.org\/cp.cristobalcolon.madrid\/\/wp-content\/uploads\/cp.cristobalcolon.madrid\/2021\/03\/datos-personales-150x150.png 150w\" sizes=\"auto, (max-width: 90px) 100vw, 90px\" \/>Documentos para descargar<\/h2>\n\n\n\n<div class=\"wp-block-file\"><a id=\"wp-block-file--media-fb06a3c6-ef30-44e1-940e-ce0331c23e1a\" href=\"https:\/\/site.educa.madrid.org\/cp.cristobalcolon.madrid\/\/wp-content\/uploads\/cp.cristobalcolon.madrid\/2020\/10\/1-FICHA-RECOGIDA-DE-DATOS-1.pdf\" target=\"_blank\" rel=\"noreferrer noopener\">1-FICHA-RECOGIDA-DE-DATOS<\/a><a href=\"https:\/\/site.educa.madrid.org\/cp.cristobalcolon.madrid\/\/wp-content\/uploads\/cp.cristobalcolon.madrid\/2020\/10\/1-FICHA-RECOGIDA-DE-DATOS-1.pdf\" class=\"wp-block-file__button wp-element-button\" download aria-describedby=\"wp-block-file--media-fb06a3c6-ef30-44e1-940e-ce0331c23e1a\">Descarga<\/a><\/div>\n\n\n\n<div class=\"wp-block-file\"><a id=\"wp-block-file--media-4603d7a4-5d85-4690-8645-225b533de2b4\" href=\"https:\/\/site.educa.madrid.org\/cp.cristobalcolon.madrid\/\/wp-content\/uploads\/cp.cristobalcolon.madrid\/2020\/10\/2.-FICHA-DE-SALUD-ESCOLAR.-1.pdf\" target=\"_blank\" rel=\"noreferrer noopener\">2.-FICHA-DE-SALUD-ESCOLAR.<\/a><a href=\"https:\/\/site.educa.madrid.org\/cp.cristobalcolon.madrid\/\/wp-content\/uploads\/cp.cristobalcolon.madrid\/2020\/10\/2.-FICHA-DE-SALUD-ESCOLAR.-1.pdf\" class=\"wp-block-file__button wp-element-button\" download aria-describedby=\"wp-block-file--media-4603d7a4-5d85-4690-8645-225b533de2b4\">Descarga<\/a><\/div>\n\n\n\n<div class=\"wp-block-file\"><a id=\"wp-block-file--media-57f81c0f-adff-46f9-a2a6-6598644dfe4e\" href=\"https:\/\/site.educa.madrid.org\/cp.cristobalcolon.madrid\/\/wp-content\/uploads\/cp.cristobalcolon.madrid\/2020\/10\/3.-AUTORIZACI\u00d3N-USO-DE-IM\u00c1GENES-1.pdf\" target=\"_blank\" rel=\"noreferrer noopener\">3.-AUTORIZACI\u00d3N-USO-DE-IM\u00c1GENES<\/a><a href=\"https:\/\/site.educa.madrid.org\/cp.cristobalcolon.madrid\/\/wp-content\/uploads\/cp.cristobalcolon.madrid\/2020\/10\/3.-AUTORIZACI\u00d3N-USO-DE-IM\u00c1GENES-1.pdf\" class=\"wp-block-file__button wp-element-button\" download aria-describedby=\"wp-block-file--media-57f81c0f-adff-46f9-a2a6-6598644dfe4e\">Descarga<\/a><\/div>\n\n\n\n<div class=\"wp-block-file\"><a id=\"wp-block-file--media-ff2990b7-9ef3-4fd2-95da-428c1825dea9\" href=\"https:\/\/site.educa.madrid.org\/cp.cristobalcolon.madrid\/\/wp-content\/uploads\/cp.cristobalcolon.madrid\/2022\/10\/4-OPCION-DE-ENSENANZA-RELIGIOSA.pdf\" target=\"_blank\" rel=\"noreferrer noopener\">4- OPCI\u00d3N DE ENSE\u00d1ANZA RELIGIOSA<\/a><a href=\"https:\/\/site.educa.madrid.org\/cp.cristobalcolon.madrid\/\/wp-content\/uploads\/cp.cristobalcolon.madrid\/2022\/10\/4-OPCION-DE-ENSENANZA-RELIGIOSA.pdf\" class=\"wp-block-file__button wp-element-button\" download aria-describedby=\"wp-block-file--media-ff2990b7-9ef3-4fd2-95da-428c1825dea9\">Descarga<\/a><\/div>\n\n\n\n<div class=\"wp-block-file\"><a id=\"wp-block-file--media-af76c79c-c088-4214-b929-dcec75028501\" href=\"https:\/\/site.educa.madrid.org\/cp.cristobalcolon.madrid\/\/wp-content\/uploads\/cp.cristobalcolon.madrid\/2020\/10\/5.-SOLICITUD-DE-SERVICIOS-1.pdf\" target=\"_blank\" rel=\"noreferrer noopener\">5.-SOLICITUD-DE-SERVICIOS<\/a><a href=\"https:\/\/site.educa.madrid.org\/cp.cristobalcolon.madrid\/\/wp-content\/uploads\/cp.cristobalcolon.madrid\/2020\/10\/5.-SOLICITUD-DE-SERVICIOS-1.pdf\" class=\"wp-block-file__button wp-element-button\" download aria-describedby=\"wp-block-file--media-af76c79c-c088-4214-b929-dcec75028501\">Descarga<\/a><\/div>\n\n\n\n<div class=\"wp-block-file\"><a id=\"wp-block-file--media-3857bc93-0e78-4e1c-aa9d-812bee06430b\" href=\"https:\/\/site.educa.madrid.org\/cp.cristobalcolon.madrid\/\/wp-content\/uploads\/cp.cristobalcolon.madrid\/2020\/10\/6.-ADEUDO-SEPA-2.pdf\" target=\"_blank\" rel=\"noreferrer noopener\">6.-ADEUDO-SEPA<\/a><a href=\"https:\/\/site.educa.madrid.org\/cp.cristobalcolon.madrid\/\/wp-content\/uploads\/cp.cristobalcolon.madrid\/2020\/10\/6.-ADEUDO-SEPA-2.pdf\" class=\"wp-block-file__button wp-element-button\" download aria-describedby=\"wp-block-file--media-3857bc93-0e78-4e1c-aa9d-812bee06430b\">Descarga<\/a><\/div>\n\n\n\n<div class=\"wp-block-file\"><a id=\"wp-block-file--media-517db82f-8dea-486c-9a50-c678a9832da8\" href=\"https:\/\/site.educa.madrid.org\/cp.cristobalcolon.madrid\/\/wp-content\/uploads\/cp.cristobalcolon.madrid\/2021\/09\/03_ANEXO-III-AUTORIZACION-PADRES.pdf\" target=\"_blank\" rel=\"noreferrer noopener\">7.-TRANSPORTE ESCOLAR<\/a><a href=\"https:\/\/site.educa.madrid.org\/cp.cristobalcolon.madrid\/\/wp-content\/uploads\/cp.cristobalcolon.madrid\/2021\/09\/03_ANEXO-III-AUTORIZACION-PADRES.pdf\" class=\"wp-block-file__button wp-element-button\" download aria-describedby=\"wp-block-file--media-517db82f-8dea-486c-9a50-c678a9832da8\">Descarga<\/a><\/div>\n\n\n\n<div class=\"wp-block-file\"><a id=\"wp-block-file--media-0a30c68c-cf3a-4a2a-89f8-d85528ae58af\" href=\"https:\/\/site.educa.madrid.org\/cp.cristobalcolon.madrid\/\/wp-content\/uploads\/cp.cristobalcolon.madrid\/2020\/10\/7.-NORMAS-1.pdf\" target=\"_blank\" rel=\"noreferrer noopener\">8.-NORMAS<\/a><a href=\"https:\/\/site.educa.madrid.org\/cp.cristobalcolon.madrid\/\/wp-content\/uploads\/cp.cristobalcolon.madrid\/2020\/10\/7.-NORMAS-1.pdf\" class=\"wp-block-file__button wp-element-button\" download aria-describedby=\"wp-block-file--media-0a30c68c-cf3a-4a2a-89f8-d85528ae58af\">Descarga<\/a><\/div>\n\n\n\n<div class=\"wp-block-file\"><a id=\"wp-block-file--media-dbd3f67e-7fda-4956-ae67-8589bd33f150\" href=\"https:\/\/site.educa.madrid.org\/cp.cristobalcolon.madrid\/\/wp-content\/uploads\/cp.cristobalcolon.madrid\/2022\/09\/AYUDA-COMEDOR-2022-2023-3.pdf\">9.-AYUDA-COMEDOR-2022-2023<\/a><a href=\"https:\/\/site.educa.madrid.org\/cp.cristobalcolon.madrid\/\/wp-content\/uploads\/cp.cristobalcolon.madrid\/2022\/09\/AYUDA-COMEDOR-2022-2023-3.pdf\" class=\"wp-block-file__button wp-element-button\" download aria-describedby=\"wp-block-file--media-dbd3f67e-7fda-4956-ae67-8589bd33f150\">Descarga<\/a><\/div>\n\n\n\n<div class=\"wp-block-file\"><a id=\"wp-block-file--media-7eb14470-72fc-4af6-9300-1484a302bb48\" href=\"https:\/\/site.educa.madrid.org\/cp.cristobalcolon.madrid\/\/wp-content\/uploads\/cp.cristobalcolon.madrid\/2024\/09\/Hoja-inscripcion-2425.pdf\" target=\"_blank\" rel=\"noreferrer noopener\">10.- HOJA INSCRIPCCI\u00d3N AMPA 24-25<\/a><a href=\"https:\/\/site.educa.madrid.org\/cp.cristobalcolon.madrid\/\/wp-content\/uploads\/cp.cristobalcolon.madrid\/2024\/09\/Hoja-inscripcion-2425.pdf\" class=\"wp-block-file__button wp-element-button\" download aria-describedby=\"wp-block-file--media-7eb14470-72fc-4af6-9300-1484a302bb48\">Descarga<\/a><\/div>\n\n\n\n<p class=\"has-normal-font-size\">M\u00e1s informaci\u00f3n: <a href=\"http:\/\/apacristobalcolon.blogspot.com\/p\/hazte-socio.html\" target=\"_blank\" rel=\"noreferrer noopener\">visita su blog<\/a>.<\/p>\n\n\n\n<div style=\"height:43px\" aria-hidden=\"true\" class=\"wp-block-spacer\"><\/div>\n\n\n\n<div class=\"wp-block-file\"><a id=\"wp-block-file--media-df93edb4-fecb-4f91-8faa-ccad99229a2e\" href=\"https:\/\/site.educa.madrid.org\/cp.cristobalcolon.madrid\/\/wp-content\/uploads\/cp.cristobalcolon.madrid\/2020\/10\/8.-Normas-uso-del-comedor-1.pdf\" target=\"_blank\" rel=\"noreferrer noopener\">11.-NORMAS DE USO DEL COMEDOR<\/a><a href=\"https:\/\/site.educa.madrid.org\/cp.cristobalcolon.madrid\/\/wp-content\/uploads\/cp.cristobalcolon.madrid\/2020\/10\/8.-Normas-uso-del-comedor-1.pdf\" class=\"wp-block-file__button wp-element-button\" download aria-describedby=\"wp-block-file--media-df93edb4-fecb-4f91-8faa-ccad99229a2e\">Descarga<\/a><\/div>\n\n\n\n<div class=\"wp-block-file\"><a id=\"wp-block-file--media-a83fc08c-5e21-41c1-965e-0f21a09e5f00\" href=\"https:\/\/site.educa.madrid.org\/cp.cristobalcolon.madrid\/\/wp-content\/uploads\/cp.cristobalcolon.madrid\/2020\/10\/9.-uniformidad-1.pdf\" target=\"_blank\" rel=\"noreferrer noopener\">12.-UNIFORMIDAD<\/a><a href=\"https:\/\/site.educa.madrid.org\/cp.cristobalcolon.madrid\/\/wp-content\/uploads\/cp.cristobalcolon.madrid\/2020\/10\/9.-uniformidad-1.pdf\" class=\"wp-block-file__button wp-element-button\" download aria-describedby=\"wp-block-file--media-a83fc08c-5e21-41c1-965e-0f21a09e5f00\">Descarga<\/a><\/div>\n\n\n\n<div class=\"wp-block-file\"><a id=\"wp-block-file--media-9b1931f7-0147-4f9a-aaa6-4ac8c835b70a\" href=\"https:\/\/site.educa.madrid.org\/cp.cristobalcolon.madrid\/\/wp-content\/uploads\/cp.cristobalcolon.madrid\/2020\/10\/10-AUTORIZACI\u00d3N-DE-CAMBIO-solo-3-a\u00f1os-1.pdf\" target=\"_blank\" rel=\"noreferrer noopener\">13-AUTORIZACI\u00d3N-DE-CAMBIO-solo-3-a\u00f1os<\/a><a href=\"https:\/\/site.educa.madrid.org\/cp.cristobalcolon.madrid\/\/wp-content\/uploads\/cp.cristobalcolon.madrid\/2020\/10\/10-AUTORIZACI\u00d3N-DE-CAMBIO-solo-3-a\u00f1os-1.pdf\" class=\"wp-block-file__button wp-element-button\" download aria-describedby=\"wp-block-file--media-9b1931f7-0147-4f9a-aaa6-4ac8c835b70a\">Descarga<\/a><\/div>\n\n\n\n<div class=\"wp-block-file\"><a id=\"wp-block-file--media-590b395c-1d4f-402a-8ef3-0da35491ca96\" href=\"https:\/\/site.educa.madrid.org\/cp.cristobalcolon.madrid\/\/wp-content\/uploads\/cp.cristobalcolon.madrid\/2020\/10\/11.-PR\u00c9STAMO-DE-LIBROS-PROGRAMA-ACCEDE-1.pdf\" target=\"_blank\" rel=\"noreferrer noopener\">14.-PR\u00c9STAMO-DE-LIBROS-PROGRAMA-ACCEDE<\/a><a href=\"https:\/\/site.educa.madrid.org\/cp.cristobalcolon.madrid\/\/wp-content\/uploads\/cp.cristobalcolon.madrid\/2020\/10\/11.-PR\u00c9STAMO-DE-LIBROS-PROGRAMA-ACCEDE-1.pdf\" class=\"wp-block-file__button wp-element-button\" download aria-describedby=\"wp-block-file--media-590b395c-1d4f-402a-8ef3-0da35491ca96\">Descarga<\/a><\/div>\n\n\n\n<div class=\"wp-block-file\"><a id=\"wp-block-file--media-260c155e-0a39-4c2e-ad9f-44a300716b77\" href=\"https:\/\/site.educa.madrid.org\/cp.cristobalcolon.madrid\/\/wp-content\/uploads\/cp.cristobalcolon.madrid\/2020\/10\/AUTORIZACI\u00d3N-RECOGIDA-INFANTIL.pdf\" target=\"_blank\" rel=\"noreferrer noopener\">AUTORIZACI\u00d3N-RECOGIDA-INFANTIL<\/a><a href=\"https:\/\/site.educa.madrid.org\/cp.cristobalcolon.madrid\/\/wp-content\/uploads\/cp.cristobalcolon.madrid\/2020\/10\/AUTORIZACI\u00d3N-RECOGIDA-INFANTIL.pdf\" class=\"wp-block-file__button wp-element-button\" download aria-describedby=\"wp-block-file--media-260c155e-0a39-4c2e-ad9f-44a300716b77\">Descarga<\/a><\/div>\n\n\n\n<div class=\"wp-block-file\"><a id=\"wp-block-file--media-0fa4339a-886d-42a1-b2fd-eed2389ae699\" href=\"https:\/\/site.educa.madrid.org\/cp.cristobalcolon.madrid\/\/wp-content\/uploads\/cp.cristobalcolon.madrid\/2020\/10\/AUTORIZACI\u00d3N-RECOGIDA-PRIMARIA.pdf\" target=\"_blank\" rel=\"noreferrer noopener\">AUTORIZACI\u00d3N-RECOGIDA-PRIMARIA<\/a><a href=\"https:\/\/site.educa.madrid.org\/cp.cristobalcolon.madrid\/\/wp-content\/uploads\/cp.cristobalcolon.madrid\/2020\/10\/AUTORIZACI\u00d3N-RECOGIDA-PRIMARIA.pdf\" class=\"wp-block-file__button wp-element-button\" download aria-describedby=\"wp-block-file--media-0fa4339a-886d-42a1-b2fd-eed2389ae699\">Descarga<\/a><\/div>\n\n\n\n<div style=\"height:25px\" aria-hidden=\"true\" class=\"wp-block-spacer\"><\/div>\n\n\n\n<div style=\"height:33px\" aria-hidden=\"true\" class=\"wp-block-spacer\"><\/div>\n\n\n\n<h2 class=\"wp-block-heading\" id=\"roble\"><img loading=\"lazy\" decoding=\"async\" width=\"90\" height=\"84\" class=\"wp-image-2807\" style=\"width: 90px;\" src=\"https:\/\/site.educa.madrid.org\/cp.cristobalcolon.madrid\/\/wp-content\/uploads\/cp.cristobalcolon.madrid\/2022\/03\/ROBLE.jpeg\" alt=\"roble\">Roble<\/h2>\n\n\n\n<p><strong>\u00bfQu\u00e9 es ROBLE?<\/strong><\/p>\n\n\n\n<p>ROBLE es un portal destinado a las familias con una doble finalidad:<\/p>\n\n\n\n<p>Facilitar el acceso a la informaci\u00f3n de sus hijos en RA\u00cdCES (raices.madrid.org)<\/p>\n\n\n\n<p>Servir como plataforma de comunicaci\u00f3n e interacci\u00f3n entre el centro y las familias. <\/p>\n\n\n\n<p>Constituye una herramienta adecuada para realizar el seguimiento educativo del alumnado, obtener informaci\u00f3n del centro y establecer un canal de comunicaci\u00f3n con \u00e9ste.<\/p>\n\n\n\n<p>ROBLE est\u00e1 plenamente integrado en RA\u00cdCES, el Sistema de Gesti\u00f3n Educativa de la Comunidad de Madrid, y sus funcionalidades son accesibles desde cualquier navegador o desde un tel\u00e9fono m\u00f3vil a trav\u00e9s de la aplicaci\u00f3n de movilidad ROBLE.<\/p>\n\n\n\n<p><strong>Funcionalidades<\/strong><\/p>\n\n\n\n<p>Informaci\u00f3n accesible y acciones que pueden realizarse con ROBLE:<\/p>\n\n\n\n<p>Datos relativos al centro (direcci\u00f3n, tel\u00e9fono, fax, ubicaci\u00f3n).<br>Calendario escolar.<br>Datos de mi hijo\/a.<br>Horario escolar de mi hijo\/a.<br>Convocatoria de una reuni\u00f3n por el profesor.<br>Consultar la notas de mi hijo\/a.<br>Observaciones del profesor sobre mi hijo\/a.<br>Recibir notificaci\u00f3n y consultar las faltas de asistencia.<br>Justificar las faltas de asistencia.<br>Comunicar faltas de asistencia previstas<br>Recibir mensajes\/avisos del centro y del profesor.<br>Enviar mensajes al profesor.<br>Consultar el tabl\u00f3n de anuncios del centro<br>Etc.<\/p>\n\n\n\n<p><strong>Acceso<\/strong><\/p>\n\n\n\n<div class=\"wp-block-columns is-layout-flex wp-container-core-columns-is-layout-9d6595d7 wp-block-columns-is-layout-flex\">\n<div class=\"wp-block-column is-layout-flow wp-block-column-is-layout-flow\">\n<figure class=\"wp-block-image size-large\"><a href=\"https:\/\/raices.madrid.org\/raiz_app\/jsp\/portal\/portalraices.html\" target=\"_blank\" rel=\"noopener\"><img decoding=\"async\" src=\"https:\/\/www.comunidad.madrid\/sites\/default\/files\/styles\/block_teaser_image_horizontal\/public\/img\/entrada_raices.png?itok=ZInNMjyU&amp;c=49791973359fa2191ece24808c12bf70\" alt=\"\"\/><\/a><figcaption class=\"wp-element-caption\">Acceso a Roble por navegador<\/figcaption><\/figure>\n<\/div>\n\n\n\n<div class=\"wp-block-column is-layout-flow wp-block-column-is-layout-flow\">\n<figure class=\"wp-block-image size-large\"><a href=\"https:\/\/play.google.com\/store\/apps\/details?id=org.madrid.raiz.roble\" target=\"_blank\" rel=\"noopener\"><img decoding=\"async\" src=\"https:\/\/www.comunidad.madrid\/sites\/default\/files\/styles\/block_teaser_image_horizontal\/public\/img\/roble-google-play.png?itok=2SgudL8i&amp;c=f983a7f9b9659778bb61eeb4bb73a242\" alt=\"\"\/><\/a><figcaption class=\"wp-element-caption\">Roble en Google Play<\/figcaption><\/figure>\n<\/div>\n\n\n\n<div class=\"wp-block-column is-layout-flow wp-block-column-is-layout-flow\">\n<figure class=\"wp-block-image size-large\"><a href=\"https:\/\/apps.apple.com\/es\/app\/roble\/id1458472789\" target=\"_blank\" rel=\"noopener\"><img decoding=\"async\" src=\"https:\/\/www.comunidad.madrid\/sites\/default\/files\/styles\/block_teaser_image_horizontal\/public\/img\/roble-app-store.png?itok=JpVnQf3_&amp;c=f68f69263655fe2572d8c6e37b06ca03\" alt=\"\"\/><\/a><figcaption class=\"wp-element-caption\">Roble en App Store<\/figcaption><\/figure>\n<\/div>\n<\/div>\n\n\n\n<p>Ante cualquier problema de acceso con las credenciales, de instalaci\u00f3n o uso pueden ponerse en contacto con la Secretar\u00eda del centro.<\/p>\n","protected":false},"excerpt":{"rendered":"<p>Horario La atenci\u00f3n se realizar\u00e1 por tres v\u00edas: Calendario escolar 2025-2026 Haz clic en&nbsp;este enlace&nbsp;para descargar el calendario del curso escolar 25-26. Libros de texto 2025-26 Haz clic en&nbsp;el siguiente &#8230;<\/p>\n","protected":false},"author":4,"featured_media":0,"parent":0,"menu_order":5,"comment_status":"closed","ping_status":"closed","template":"template-fullwidth.php","meta":{"footnotes":""},"folder":[],"class_list":["post-101","page","type-page","status-publish","hentry"],"rttpg_featured_image_url":null,"rttpg_author":{"display_name":"Juan Jos\u00e9 Bueso Bello","author_link":"https:\/\/site.educa.madrid.org\/cp.cristobalcolon.madrid\/index.php\/author\/juan-jose_bueso-bello\/"},"rttpg_comment":0,"rttpg_category":false,"rttpg_excerpt":"Horario La atenci\u00f3n se realizar\u00e1 por tres v\u00edas: Calendario escolar 2025-2026 Haz clic en&nbsp;este enlace&nbsp;para descargar el calendario del curso escolar 25-26. Libros de texto 2025-26 Haz clic en&nbsp;el siguiente ...","post_mailing_queue_ids":[],"_links":{"self":[{"href":"https:\/\/site.educa.madrid.org\/cp.cristobalcolon.madrid\/index.php\/wp-json\/wp\/v2\/pages\/101","targetHints":{"allow":["GET"]}}],"collection":[{"href":"https:\/\/site.educa.madrid.org\/cp.cristobalcolon.madrid\/index.php\/wp-json\/wp\/v2\/pages"}],"about":[{"href":"https:\/\/site.educa.madrid.org\/cp.cristobalcolon.madrid\/index.php\/wp-json\/wp\/v2\/types\/page"}],"author":[{"embeddable":true,"href":"https:\/\/site.educa.madrid.org\/cp.cristobalcolon.madrid\/index.php\/wp-json\/wp\/v2\/users\/4"}],"replies":[{"embeddable":true,"href":"https:\/\/site.educa.madrid.org\/cp.cristobalcolon.madrid\/index.php\/wp-json\/wp\/v2\/comments?post=101"}],"version-history":[{"count":50,"href":"https:\/\/site.educa.madrid.org\/cp.cristobalcolon.madrid\/index.php\/wp-json\/wp\/v2\/pages\/101\/revisions"}],"predecessor-version":[{"id":6406,"href":"https:\/\/site.educa.madrid.org\/cp.cristobalcolon.madrid\/index.php\/wp-json\/wp\/v2\/pages\/101\/revisions\/6406"}],"wp:attachment":[{"href":"https:\/\/site.educa.madrid.org\/cp.cristobalcolon.madrid\/index.php\/wp-json\/wp\/v2\/media?parent=101"}],"wp:term":[{"taxonomy":"folder","embeddable":true,"href":"https:\/\/site.educa.madrid.org\/cp.cristobalcolon.madrid\/index.php\/wp-json\/wp\/v2\/folder?post=101"}],"curies":[{"name":"wp","href":"https:\/\/api.w.org\/{rel}","templated":true}]}}