{"id":116,"date":"2020-06-24T21:28:10","date_gmt":"2020-06-24T21:28:10","guid":{"rendered":"https:\/\/site.educa.madrid.org\/cp.cristobalcolon.madrid\/?page_id=116"},"modified":"2022-03-03T22:35:16","modified_gmt":"2022-03-03T21:35:16","slug":"donde-estamos","status":"publish","type":"page","link":"https:\/\/site.educa.madrid.org\/cp.cristobalcolon.madrid\/index.php\/el-centro\/donde-estamos\/","title":{"rendered":"\u00bfD\u00f3nde estamos?"},"content":{"rendered":"\n<p class=\"has-normal-font-size\">En la Carretera de Carabanchel a Villaverde, n\u00ba 109. 28041. Madrid (Espa\u00f1a).<\/p>\n\n\n\n<h3 class=\"wp-block-heading\"><img loading=\"lazy\" decoding=\"async\" width=\"150\" height=\"150\" class=\"wp-image-1736\" style=\"width: 150px;\" src=\"https:\/\/site.educa.madrid.org\/cp.cristobalcolon.madrid\/\/wp-content\/uploads\/cp.cristobalcolon.madrid\/2021\/03\/parada.png\" alt=\"\" srcset=\"https:\/\/site.educa.madrid.org\/cp.cristobalcolon.madrid\/\/wp-content\/uploads\/cp.cristobalcolon.madrid\/2021\/03\/parada.png 500w, https:\/\/site.educa.madrid.org\/cp.cristobalcolon.madrid\/\/wp-content\/uploads\/cp.cristobalcolon.madrid\/2021\/03\/parada-300x300.png 300w, https:\/\/site.educa.madrid.org\/cp.cristobalcolon.madrid\/\/wp-content\/uploads\/cp.cristobalcolon.madrid\/2021\/03\/parada-150x150.png 150w\" sizes=\"auto, (max-width: 150px) 100vw, 150px\" \/>Transporte p\u00fablico<\/h3>\n\n\n\n<p class=\"has-normal-font-size\"><img loading=\"lazy\" decoding=\"async\" width=\"75\" height=\"75\" class=\"wp-image-2827\" style=\"width: 75px;\" src=\"https:\/\/site.educa.madrid.org\/cp.cristobalcolon.madrid\/\/wp-content\/uploads\/cp.cristobalcolon.madrid\/2022\/03\/tren.png\" alt=\"tren\" srcset=\"https:\/\/site.educa.madrid.org\/cp.cristobalcolon.madrid\/\/wp-content\/uploads\/cp.cristobalcolon.madrid\/2022\/03\/tren.png 500w, https:\/\/site.educa.madrid.org\/cp.cristobalcolon.madrid\/\/wp-content\/uploads\/cp.cristobalcolon.madrid\/2022\/03\/tren-300x300.png 300w, https:\/\/site.educa.madrid.org\/cp.cristobalcolon.madrid\/\/wp-content\/uploads\/cp.cristobalcolon.madrid\/2022\/03\/tren-150x150.png 150w\" sizes=\"auto, (max-width: 75px) 100vw, 75px\" \/>   Cercan\u00edas RENFE, l\u00ednea 5 (estaci\u00f3n de Puente Alcocer).<\/p>\n\n\n\n<p class=\"has-normal-font-size\"><img loading=\"lazy\" decoding=\"async\" width=\"75\" height=\"75\" class=\"wp-image-2830\" style=\"width: 75px;\" src=\"https:\/\/site.educa.madrid.org\/cp.cristobalcolon.madrid\/\/wp-content\/uploads\/cp.cristobalcolon.madrid\/2022\/03\/autobus-1.png\" alt=\"\" srcset=\"https:\/\/site.educa.madrid.org\/cp.cristobalcolon.madrid\/\/wp-content\/uploads\/cp.cristobalcolon.madrid\/2022\/03\/autobus-1.png 500w, https:\/\/site.educa.madrid.org\/cp.cristobalcolon.madrid\/\/wp-content\/uploads\/cp.cristobalcolon.madrid\/2022\/03\/autobus-1-300x300.png 300w, https:\/\/site.educa.madrid.org\/cp.cristobalcolon.madrid\/\/wp-content\/uploads\/cp.cristobalcolon.madrid\/2022\/03\/autobus-1-150x150.png 150w\" sizes=\"auto, (max-width: 75px) 100vw, 75px\" \/> Autobuses EMT: l\u00edneas <a rel=\"noreferrer noopener\" href=\"https:\/\/moovitapp.com\/madrid-21\/lines\/22\/347453\/1121189\/es\" target=\"_blank\">22<\/a>, <a rel=\"noreferrer noopener\" href=\"https:\/\/moovitapp.com\/madrid-21\/lines\/76\/347505\/1121293?t=1\" target=\"_blank\">76<\/a>, <a rel=\"noreferrer noopener\" href=\"https:\/\/moovitapp.com\/madrid-21\/lines\/86\/347513\/1121309?t=1\" target=\"_blank\">86<\/a>, <a rel=\"noreferrer noopener\" href=\"https:\/\/moovitapp.com\/madrid-21\/lines\/130\/347562\/1121407?t=1\" target=\"_blank\">130<\/a> y <a rel=\"noreferrer noopener\" href=\"https:\/\/moovitapp.com\/madrid-21\/lines\/131\/347563\/1121409?t=1\" target=\"_blank\">131<\/a>.<\/p>\n\n\n\n<p class=\"has-normal-font-size\"><img loading=\"lazy\" decoding=\"async\" width=\"75\" height=\"75\" class=\"wp-image-2829\" style=\"width: 75px;\" src=\"https:\/\/site.educa.madrid.org\/cp.cristobalcolon.madrid\/\/wp-content\/uploads\/cp.cristobalcolon.madrid\/2022\/03\/autobus.png\" alt=\"autobus\" srcset=\"https:\/\/site.educa.madrid.org\/cp.cristobalcolon.madrid\/\/wp-content\/uploads\/cp.cristobalcolon.madrid\/2022\/03\/autobus.png 500w, https:\/\/site.educa.madrid.org\/cp.cristobalcolon.madrid\/\/wp-content\/uploads\/cp.cristobalcolon.madrid\/2022\/03\/autobus-300x300.png 300w, https:\/\/site.educa.madrid.org\/cp.cristobalcolon.madrid\/\/wp-content\/uploads\/cp.cristobalcolon.madrid\/2022\/03\/autobus-150x150.png 150w\" sizes=\"auto, (max-width: 75px) 100vw, 75px\" \/> Autobuses del Consorcio Regional de Transportes : 432 (Villaverde Bajo &#8211; Legan\u00e9s) 448 (Legazpi &#8211; Getafe).<\/p>\n\n\n\n<figure><iframe loading=\"lazy\" src=\"https:\/\/www.google.com\/maps\/embed?pb=!1m18!1m12!1m3!1d3040.638787550849!2d-3.708232385163828!3d40.35035826759841!2m3!1f0!2f0!3f0!3m2!1i1024!2i768!4f13.1!3m3!1m2!1s0xd422721b7f1724b%3A0x6f07afa4d9a777b8!2sCarr.+de+Carabanchel+a+Villaverde%2C+109%2C+28041+Madrid!5e0!3m2!1ses!2ses!4v1446764932479\" width=\"100%\" height=\"450\" allowfullscreen=\"\"><\/iframe><\/figure>\n\n\n\n<p><\/p>\n","protected":false},"excerpt":{"rendered":"<p>En la Carretera de Carabanchel a Villaverde, n\u00ba 109. 28041. Madrid (Espa\u00f1a). Transporte p\u00fablico Cercan\u00edas RENFE, l\u00ednea 5 (estaci\u00f3n de Puente Alcocer). Autobuses EMT: l\u00edneas 22, 76, 86, 130 y &#8230;<\/p>\n","protected":false},"author":2,"featured_media":0,"parent":125,"menu_order":1,"comment_status":"closed","ping_status":"closed","template":"template-fullwidth.php","meta":{"footnotes":""},"folder":[],"class_list":["post-116","page","type-page","status-publish","hentry"],"rttpg_featured_image_url":null,"rttpg_author":{"display_name":"Coordinador TIC CEIP Crist\u00f3bal Col\u00f3n","author_link":"https:\/\/site.educa.madrid.org\/cp.cristobalcolon.madrid\/index.php\/author\/cuenta_tic-cp-cristobalcolon-madrid\/"},"rttpg_comment":0,"rttpg_category":false,"rttpg_excerpt":"En la Carretera de Carabanchel a Villaverde, n\u00ba 109. 28041. Madrid (Espa\u00f1a). Transporte p\u00fablico Cercan\u00edas RENFE, l\u00ednea 5 (estaci\u00f3n de Puente Alcocer). Autobuses EMT: l\u00edneas 22, 76, 86, 130 y ...","post_mailing_queue_ids":[],"_links":{"self":[{"href":"https:\/\/site.educa.madrid.org\/cp.cristobalcolon.madrid\/index.php\/wp-json\/wp\/v2\/pages\/116","targetHints":{"allow":["GET"]}}],"collection":[{"href":"https:\/\/site.educa.madrid.org\/cp.cristobalcolon.madrid\/index.php\/wp-json\/wp\/v2\/pages"}],"about":[{"href":"https:\/\/site.educa.madrid.org\/cp.cristobalcolon.madrid\/index.php\/wp-json\/wp\/v2\/types\/page"}],"author":[{"embeddable":true,"href":"https:\/\/site.educa.madrid.org\/cp.cristobalcolon.madrid\/index.php\/wp-json\/wp\/v2\/users\/2"}],"replies":[{"embeddable":true,"href":"https:\/\/site.educa.madrid.org\/cp.cristobalcolon.madrid\/index.php\/wp-json\/wp\/v2\/comments?post=116"}],"version-history":[{"count":10,"href":"https:\/\/site.educa.madrid.org\/cp.cristobalcolon.madrid\/index.php\/wp-json\/wp\/v2\/pages\/116\/revisions"}],"predecessor-version":[{"id":2834,"href":"https:\/\/site.educa.madrid.org\/cp.cristobalcolon.madrid\/index.php\/wp-json\/wp\/v2\/pages\/116\/revisions\/2834"}],"up":[{"embeddable":true,"href":"https:\/\/site.educa.madrid.org\/cp.cristobalcolon.madrid\/index.php\/wp-json\/wp\/v2\/pages\/125"}],"wp:attachment":[{"href":"https:\/\/site.educa.madrid.org\/cp.cristobalcolon.madrid\/index.php\/wp-json\/wp\/v2\/media?parent=116"}],"wp:term":[{"taxonomy":"folder","embeddable":true,"href":"https:\/\/site.educa.madrid.org\/cp.cristobalcolon.madrid\/index.php\/wp-json\/wp\/v2\/folder?post=116"}],"curies":[{"name":"wp","href":"https:\/\/api.w.org\/{rel}","templated":true}]}}