{"id":129,"date":"2020-06-24T21:42:57","date_gmt":"2020-06-24T21:42:57","guid":{"rendered":"https:\/\/site.educa.madrid.org\/cp.cristobalcolon.madrid\/?page_id=129"},"modified":"2025-10-20T22:06:17","modified_gmt":"2025-10-20T20:06:17","slug":"servicios","status":"publish","type":"page","link":"https:\/\/site.educa.madrid.org\/cp.cristobalcolon.madrid\/index.php\/el-centro\/servicios\/","title":{"rendered":"Servicios"},"content":{"rendered":"\n<h2 class=\"wp-block-heading\" id=\"comedor\"><img loading=\"lazy\" decoding=\"async\" width=\"90\" height=\"90\" class=\"wp-image-1737\" style=\"width: 90px;\" src=\"https:\/\/site.educa.madrid.org\/cp.cristobalcolon.madrid\/\/wp-content\/uploads\/cp.cristobalcolon.madrid\/2021\/03\/comedor.png\" alt=\"comedor\" srcset=\"https:\/\/site.educa.madrid.org\/cp.cristobalcolon.madrid\/\/wp-content\/uploads\/cp.cristobalcolon.madrid\/2021\/03\/comedor.png 500w, https:\/\/site.educa.madrid.org\/cp.cristobalcolon.madrid\/\/wp-content\/uploads\/cp.cristobalcolon.madrid\/2021\/03\/comedor-300x300.png 300w, https:\/\/site.educa.madrid.org\/cp.cristobalcolon.madrid\/\/wp-content\/uploads\/cp.cristobalcolon.madrid\/2021\/03\/comedor-150x150.png 150w\" sizes=\"auto, (max-width: 90px) 100vw, 90px\" \/>Comedor<\/h2>\n\n\n\n<p class=\"has-normal-font-size\">Hay que destacar que contamos con COCINA PROPIA. Todo se sirve reci\u00e9n elaborado y es de gran calidad, utilizando productos de primeras marcas. En nuestro comedor comen diariamente m\u00e1s de 400 alumnos\/as repartidos en&nbsp;<strong>dos turnos<\/strong>. En el primer turno se atiende al alumnado de Educaci\u00f3n Infantil y los primeros cursos de Educaci\u00f3n Primaria. En el segundo turno atendemos al resto del alumnado hasta 6\u00ba de Educaci\u00f3n Primaria. Durante el periodo en el que no est\u00e1n comiendo hay<strong>&nbsp;actividades extraescolares<\/strong>&nbsp;a cargo de las monitoras de comedor. Adem\u00e1s, funciona una&nbsp;<strong>Escuela de Balonmano y una Escuela de Tenis de Mesa<\/strong>, organizadas por la Federaci\u00f3n y el Ayuntamiento de Madrid, como parte del programa de extensi\u00f3n de actividades, con el fin de facilitar la conciliaci\u00f3n laboral y familiar.<\/p>\n\n\n\n<p class=\"has-normal-font-size\">El&nbsp;<strong>precio<\/strong>&nbsp;del men\u00fa es el establecido por la Comunidad de Madrid para cada curso escolar.<\/p>\n\n\n\n<p class=\"has-normal-font-size\">La empresa encargada del servicio es&nbsp;<a rel=\"noreferrer noopener\" href=\"http:\/\/www.serunion.es\/servicios\/serunion-educa\" target=\"_blank\">SERUNI\u00d3N<\/a>, Esta empresa proporciona un men\u00fa mensual con informaci\u00f3n sobre las posibles alegias y revisado por una nutricionista, la cual tiene, adem\u00e1s un tel\u00e9fono directo de atenci\u00f3n a las familias.<\/p>\n\n\n\n<p>Puedes consultar el <strong>men\u00fa mensual <\/strong>haciendo clic en la imagen. <a href=\"https:\/\/site.educa.madrid.org\/cp.cristobalcolon.madrid\/index.php\/tag\/menu\/\" target=\"_blank\" rel=\"noreferrer noopener\"><img loading=\"lazy\" decoding=\"async\" width=\"150\" height=\"150\" class=\"wp-image-2878\" style=\"width: 150px;\" src=\"https:\/\/site.educa.madrid.org\/cp.cristobalcolon.madrid\/\/wp-content\/uploads\/cp.cristobalcolon.madrid\/2022\/03\/menu.png\" alt=\"men\u00fa\" srcset=\"https:\/\/site.educa.madrid.org\/cp.cristobalcolon.madrid\/\/wp-content\/uploads\/cp.cristobalcolon.madrid\/2022\/03\/menu.png 500w, https:\/\/site.educa.madrid.org\/cp.cristobalcolon.madrid\/\/wp-content\/uploads\/cp.cristobalcolon.madrid\/2022\/03\/menu-300x300.png 300w, https:\/\/site.educa.madrid.org\/cp.cristobalcolon.madrid\/\/wp-content\/uploads\/cp.cristobalcolon.madrid\/2022\/03\/menu-150x150.png 150w\" sizes=\"auto, (max-width: 150px) 100vw, 150px\" \/><\/a><\/p>\n\n\n\n<h2 class=\"wp-block-heading\" id=\"primeros-cole\"><img loading=\"lazy\" decoding=\"async\" width=\"90\" height=\"90\" class=\"wp-image-2098\" style=\"width: 90px;\" src=\"https:\/\/site.educa.madrid.org\/cp.cristobalcolon.madrid\/\/wp-content\/uploads\/cp.cristobalcolon.madrid\/2021\/06\/reloj-despertador.png\" alt=\"reloj\" srcset=\"https:\/\/site.educa.madrid.org\/cp.cristobalcolon.madrid\/\/wp-content\/uploads\/cp.cristobalcolon.madrid\/2021\/06\/reloj-despertador.png 500w, https:\/\/site.educa.madrid.org\/cp.cristobalcolon.madrid\/\/wp-content\/uploads\/cp.cristobalcolon.madrid\/2021\/06\/reloj-despertador-300x300.png 300w, https:\/\/site.educa.madrid.org\/cp.cristobalcolon.madrid\/\/wp-content\/uploads\/cp.cristobalcolon.madrid\/2021\/06\/reloj-despertador-150x150.png 150w\" sizes=\"auto, (max-width: 90px) 100vw, 90px\" \/>Ampliaci\u00f3n matinal y desayuno<\/h2>\n\n\n\n<p class=\"has-normal-font-size\">Este servicio funciona desde las 7.00 de la ma\u00f1ana y el alumnado puede venir desayunado de casa o hacerlo en el colegio.<\/p>\n\n\n\n<p class=\"has-normal-font-size\">El precio del servicio est\u00e1 en funci\u00f3n de la hora aproximada de entrada y si desayuna o no en el Centro. Los desayunos se sirven hasta las 8.20 horas.<\/p>\n\n\n\n<p class=\"has-normal-font-size\">Durante el resto del tiempo el alumnado juega libremente y\/o estudia con la vigilancia de las monitoras.<\/p>\n\n\n\n<h2 class=\"wp-block-heading\" id=\"ruta\"><img loading=\"lazy\" decoding=\"async\" width=\"150\" height=\"150\" class=\"wp-image-1758\" style=\"width: 150px;\" src=\"https:\/\/site.educa.madrid.org\/cp.cristobalcolon.madrid\/\/wp-content\/uploads\/cp.cristobalcolon.madrid\/2021\/03\/autob\u00fas.png\" alt=\"ruta escolar\" srcset=\"https:\/\/site.educa.madrid.org\/cp.cristobalcolon.madrid\/\/wp-content\/uploads\/cp.cristobalcolon.madrid\/2021\/03\/autob\u00fas.png 500w, https:\/\/site.educa.madrid.org\/cp.cristobalcolon.madrid\/\/wp-content\/uploads\/cp.cristobalcolon.madrid\/2021\/03\/autob\u00fas-300x300.png 300w, https:\/\/site.educa.madrid.org\/cp.cristobalcolon.madrid\/\/wp-content\/uploads\/cp.cristobalcolon.madrid\/2021\/03\/autob\u00fas-150x150.png 150w\" sizes=\"auto, (max-width: 150px) 100vw, 150px\" \/> Ruta<\/h2>\n\n\n\n<p class=\"has-normal-font-size\">Gratuita gracias a la Comunidad de Madrid <strong>exclusivamente para el alumnado residente en la Colonia Marconi<\/strong>, aunque compartida con otros cuatro centros. Actualmente funciona un autob\u00fas que les recoge de la c\/Intermedia Norte a las 8.20 y les devuelve a las 16.20 al mismo lugar.<\/p>\n\n\n\n<h2 class=\"wp-block-heading\" id=\"extraescolares\"><img loading=\"lazy\" decoding=\"async\" width=\"90\" height=\"90\" class=\"wp-image-2100\" style=\"width: 90px;\" src=\"https:\/\/site.educa.madrid.org\/cp.cristobalcolon.madrid\/\/wp-content\/uploads\/cp.cristobalcolon.madrid\/2021\/06\/actividad.png\" alt=\"extraescolares\" srcset=\"https:\/\/site.educa.madrid.org\/cp.cristobalcolon.madrid\/\/wp-content\/uploads\/cp.cristobalcolon.madrid\/2021\/06\/actividad.png 500w, https:\/\/site.educa.madrid.org\/cp.cristobalcolon.madrid\/\/wp-content\/uploads\/cp.cristobalcolon.madrid\/2021\/06\/actividad-300x300.png 300w, https:\/\/site.educa.madrid.org\/cp.cristobalcolon.madrid\/\/wp-content\/uploads\/cp.cristobalcolon.madrid\/2021\/06\/actividad-150x150.png 150w\" sizes=\"auto, (max-width: 90px) 100vw, 90px\" \/>Actividades extraescolares<\/h2>\n\n\n\n<p class=\"has-normal-font-size\">Seleccionadas y ofertadas ANUALMENTE por la AMPA del centro.<\/p>\n\n\n\n<figure class=\"wp-block-image size-large\"><img loading=\"lazy\" decoding=\"async\" width=\"1024\" height=\"576\" src=\"https:\/\/site.educa.madrid.org\/cp.cristobalcolon.madrid\/\/wp-content\/uploads\/cp.cristobalcolon.madrid\/2025\/10\/photo_2025-10-20_22-04-27-1024x576.jpg\" alt=\"\" class=\"wp-image-6474\" srcset=\"https:\/\/site.educa.madrid.org\/cp.cristobalcolon.madrid\/\/wp-content\/uploads\/cp.cristobalcolon.madrid\/2025\/10\/photo_2025-10-20_22-04-27-1024x576.jpg 1024w, https:\/\/site.educa.madrid.org\/cp.cristobalcolon.madrid\/\/wp-content\/uploads\/cp.cristobalcolon.madrid\/2025\/10\/photo_2025-10-20_22-04-27-300x169.jpg 300w, https:\/\/site.educa.madrid.org\/cp.cristobalcolon.madrid\/\/wp-content\/uploads\/cp.cristobalcolon.madrid\/2025\/10\/photo_2025-10-20_22-04-27-768x432.jpg 768w, https:\/\/site.educa.madrid.org\/cp.cristobalcolon.madrid\/\/wp-content\/uploads\/cp.cristobalcolon.madrid\/2025\/10\/photo_2025-10-20_22-04-27.jpg 1280w\" sizes=\"auto, (max-width: 1024px) 100vw, 1024px\" \/><\/figure>\n\n\n\n<div style=\"height:100px\" aria-hidden=\"true\" class=\"wp-block-spacer\"><\/div>\n\n\n\n<figure class=\"wp-block-image size-large\"><img loading=\"lazy\" decoding=\"async\" width=\"1024\" height=\"576\" src=\"https:\/\/site.educa.madrid.org\/cp.cristobalcolon.madrid\/\/wp-content\/uploads\/cp.cristobalcolon.madrid\/2025\/10\/photo_2025-10-20_22-04-29-1024x576.jpg\" alt=\"\" class=\"wp-image-6476\" srcset=\"https:\/\/site.educa.madrid.org\/cp.cristobalcolon.madrid\/\/wp-content\/uploads\/cp.cristobalcolon.madrid\/2025\/10\/photo_2025-10-20_22-04-29-1024x576.jpg 1024w, https:\/\/site.educa.madrid.org\/cp.cristobalcolon.madrid\/\/wp-content\/uploads\/cp.cristobalcolon.madrid\/2025\/10\/photo_2025-10-20_22-04-29-300x169.jpg 300w, https:\/\/site.educa.madrid.org\/cp.cristobalcolon.madrid\/\/wp-content\/uploads\/cp.cristobalcolon.madrid\/2025\/10\/photo_2025-10-20_22-04-29-768x432.jpg 768w, https:\/\/site.educa.madrid.org\/cp.cristobalcolon.madrid\/\/wp-content\/uploads\/cp.cristobalcolon.madrid\/2025\/10\/photo_2025-10-20_22-04-29.jpg 1280w\" sizes=\"auto, (max-width: 1024px) 100vw, 1024px\" \/><\/figure>\n\n\n\n<div style=\"height:100px\" aria-hidden=\"true\" class=\"wp-block-spacer\"><\/div>\n\n\n\n<figure class=\"wp-block-image size-large\"><img loading=\"lazy\" decoding=\"async\" width=\"1024\" height=\"576\" src=\"https:\/\/site.educa.madrid.org\/cp.cristobalcolon.madrid\/\/wp-content\/uploads\/cp.cristobalcolon.madrid\/2025\/10\/photo_2025-10-20_22-04-30-1024x576.jpg\" alt=\"\" class=\"wp-image-6477\" srcset=\"https:\/\/site.educa.madrid.org\/cp.cristobalcolon.madrid\/\/wp-content\/uploads\/cp.cristobalcolon.madrid\/2025\/10\/photo_2025-10-20_22-04-30-1024x576.jpg 1024w, https:\/\/site.educa.madrid.org\/cp.cristobalcolon.madrid\/\/wp-content\/uploads\/cp.cristobalcolon.madrid\/2025\/10\/photo_2025-10-20_22-04-30-300x169.jpg 300w, https:\/\/site.educa.madrid.org\/cp.cristobalcolon.madrid\/\/wp-content\/uploads\/cp.cristobalcolon.madrid\/2025\/10\/photo_2025-10-20_22-04-30-768x432.jpg 768w, https:\/\/site.educa.madrid.org\/cp.cristobalcolon.madrid\/\/wp-content\/uploads\/cp.cristobalcolon.madrid\/2025\/10\/photo_2025-10-20_22-04-30.jpg 1280w\" sizes=\"auto, (max-width: 1024px) 100vw, 1024px\" \/><\/figure>\n\n\n\n<div style=\"height:100px\" aria-hidden=\"true\" class=\"wp-block-spacer\"><\/div>\n\n\n\n<figure class=\"wp-block-image size-large\"><img loading=\"lazy\" decoding=\"async\" width=\"1024\" height=\"576\" src=\"https:\/\/site.educa.madrid.org\/cp.cristobalcolon.madrid\/\/wp-content\/uploads\/cp.cristobalcolon.madrid\/2025\/10\/photo_2025-10-20_22-04-31-1024x576.jpg\" alt=\"\" class=\"wp-image-6478\" srcset=\"https:\/\/site.educa.madrid.org\/cp.cristobalcolon.madrid\/\/wp-content\/uploads\/cp.cristobalcolon.madrid\/2025\/10\/photo_2025-10-20_22-04-31-1024x576.jpg 1024w, https:\/\/site.educa.madrid.org\/cp.cristobalcolon.madrid\/\/wp-content\/uploads\/cp.cristobalcolon.madrid\/2025\/10\/photo_2025-10-20_22-04-31-300x169.jpg 300w, https:\/\/site.educa.madrid.org\/cp.cristobalcolon.madrid\/\/wp-content\/uploads\/cp.cristobalcolon.madrid\/2025\/10\/photo_2025-10-20_22-04-31-768x432.jpg 768w, https:\/\/site.educa.madrid.org\/cp.cristobalcolon.madrid\/\/wp-content\/uploads\/cp.cristobalcolon.madrid\/2025\/10\/photo_2025-10-20_22-04-31.jpg 1280w\" sizes=\"auto, (max-width: 1024px) 100vw, 1024px\" \/><\/figure>\n\n\n\n<div style=\"height:69px\" aria-hidden=\"true\" class=\"wp-block-spacer\"><\/div>\n\n\n\n<h2 class=\"wp-block-heading\" id=\"psicopedagogico\"><img loading=\"lazy\" decoding=\"async\" width=\"90\" height=\"90\" class=\"wp-image-2101\" style=\"width: 90px;\" src=\"https:\/\/site.educa.madrid.org\/cp.cristobalcolon.madrid\/\/wp-content\/uploads\/cp.cristobalcolon.madrid\/2021\/06\/psic\u00f3logo.png\" alt=\"Servicio psicopedag\u00f3gico\" srcset=\"https:\/\/site.educa.madrid.org\/cp.cristobalcolon.madrid\/\/wp-content\/uploads\/cp.cristobalcolon.madrid\/2021\/06\/psic\u00f3logo.png 500w, https:\/\/site.educa.madrid.org\/cp.cristobalcolon.madrid\/\/wp-content\/uploads\/cp.cristobalcolon.madrid\/2021\/06\/psic\u00f3logo-300x300.png 300w, https:\/\/site.educa.madrid.org\/cp.cristobalcolon.madrid\/\/wp-content\/uploads\/cp.cristobalcolon.madrid\/2021\/06\/psic\u00f3logo-150x150.png 150w\" sizes=\"auto, (max-width: 90px) 100vw, 90px\" \/>Equipo de Educaci\u00f3n Educativa y Psicopedag\u00f3gica<\/h2>\n\n\n\n<p class=\"has-normal-font-size\">Contamos con una orientadora y una Profesora de Servicios a la Comunidad. Las tutoras solicitan sus servicios en caso de ser necesario. Adem\u00e1s, pod\u00e9is visitar&nbsp;<a href=\"http:\/\/www.educa2.madrid.org\/web\/eoepvillaverdeusera\">su p\u00e1gina web<\/a>, que el Equipo de Orientaci\u00f3n Educativa y Psicopedag\u00f3gica de Villaverde pone a disposici\u00f3n de familias, profesorado y alumnado. Os recomendamos conocerla y visitarla.<\/p>\n","protected":false},"excerpt":{"rendered":"<p>Comedor Hay que destacar que contamos con COCINA PROPIA. Todo se sirve reci\u00e9n elaborado y es de gran calidad, utilizando productos de primeras marcas. En nuestro comedor comen diariamente m\u00e1s &#8230;<\/p>\n","protected":false},"author":2,"featured_media":0,"parent":125,"menu_order":2,"comment_status":"closed","ping_status":"closed","template":"template-fullwidth.php","meta":{"footnotes":""},"folder":[],"class_list":["post-129","page","type-page","status-publish","hentry"],"rttpg_featured_image_url":null,"rttpg_author":{"display_name":"Coordinador TIC CEIP Crist\u00f3bal Col\u00f3n","author_link":"https:\/\/site.educa.madrid.org\/cp.cristobalcolon.madrid\/index.php\/author\/cuenta_tic-cp-cristobalcolon-madrid\/"},"rttpg_comment":0,"rttpg_category":false,"rttpg_excerpt":"Comedor Hay que destacar que contamos con COCINA PROPIA. Todo se sirve reci\u00e9n elaborado y es de gran calidad, utilizando productos de primeras marcas. En nuestro comedor comen diariamente m\u00e1s ...","post_mailing_queue_ids":[],"_links":{"self":[{"href":"https:\/\/site.educa.madrid.org\/cp.cristobalcolon.madrid\/index.php\/wp-json\/wp\/v2\/pages\/129","targetHints":{"allow":["GET"]}}],"collection":[{"href":"https:\/\/site.educa.madrid.org\/cp.cristobalcolon.madrid\/index.php\/wp-json\/wp\/v2\/pages"}],"about":[{"href":"https:\/\/site.educa.madrid.org\/cp.cristobalcolon.madrid\/index.php\/wp-json\/wp\/v2\/types\/page"}],"author":[{"embeddable":true,"href":"https:\/\/site.educa.madrid.org\/cp.cristobalcolon.madrid\/index.php\/wp-json\/wp\/v2\/users\/2"}],"replies":[{"embeddable":true,"href":"https:\/\/site.educa.madrid.org\/cp.cristobalcolon.madrid\/index.php\/wp-json\/wp\/v2\/comments?post=129"}],"version-history":[{"count":38,"href":"https:\/\/site.educa.madrid.org\/cp.cristobalcolon.madrid\/index.php\/wp-json\/wp\/v2\/pages\/129\/revisions"}],"predecessor-version":[{"id":6481,"href":"https:\/\/site.educa.madrid.org\/cp.cristobalcolon.madrid\/index.php\/wp-json\/wp\/v2\/pages\/129\/revisions\/6481"}],"up":[{"embeddable":true,"href":"https:\/\/site.educa.madrid.org\/cp.cristobalcolon.madrid\/index.php\/wp-json\/wp\/v2\/pages\/125"}],"wp:attachment":[{"href":"https:\/\/site.educa.madrid.org\/cp.cristobalcolon.madrid\/index.php\/wp-json\/wp\/v2\/media?parent=129"}],"wp:term":[{"taxonomy":"folder","embeddable":true,"href":"https:\/\/site.educa.madrid.org\/cp.cristobalcolon.madrid\/index.php\/wp-json\/wp\/v2\/folder?post=129"}],"curies":[{"name":"wp","href":"https:\/\/api.w.org\/{rel}","templated":true}]}}