{"id":242,"date":"2020-06-26T06:16:34","date_gmt":"2020-06-26T06:16:34","guid":{"rendered":"https:\/\/site.educa.madrid.org\/cp.cristobalcolon.madrid\/?page_id=242"},"modified":"2025-09-01T23:18:58","modified_gmt":"2025-09-01T21:18:58","slug":"planes-basicos","status":"publish","type":"page","link":"https:\/\/site.educa.madrid.org\/cp.cristobalcolon.madrid\/index.php\/proyectos\/planes-basicos\/","title":{"rendered":"Planes b\u00e1sicos de trabajo"},"content":{"rendered":"\n<p>Los planes b\u00e1sicos de trabajo son los&nbsp;<strong>acuerdos metodol\u00f3gicos alcanzados por el profesorado de cada etapa para seguir una l\u00ednea com\u00fan<\/strong>&nbsp;en todos los cursos y \u00e1reas:<\/p>\n\n\n\n<h2 class=\"wp-block-heading\">Educaci\u00f3n infantil<\/h2>\n\n\n\n<div data-wp-interactive=\"core\/file\" class=\"wp-block-file\"><object data-wp-bind--hidden=\"!state.hasPdfPreview\" hidden class=\"wp-block-file__embed\" data=\"https:\/\/site.educa.madrid.org\/cp.cristobalcolon.madrid\/\/wp-content\/uploads\/cp.cristobalcolon.madrid\/2025\/09\/PLAN-BASICO-DE-TRABAJO-ED.-INFANTIL.pdf\" type=\"application\/pdf\" style=\"width:100%;height:600px\" aria-label=\"Incrustado de PLAN B\u00c1SICO DE TRABAJO - ED. INFANTIL.\"><\/object><a id=\"wp-block-file--media-f2e874f1-8e73-4842-9788-125fde920944\" href=\"https:\/\/site.educa.madrid.org\/cp.cristobalcolon.madrid\/\/wp-content\/uploads\/cp.cristobalcolon.madrid\/2025\/09\/PLAN-BASICO-DE-TRABAJO-ED.-INFANTIL.pdf\">PLAN B\u00c1SICO DE TRABAJO &#8211; ED. INFANTIL<\/a><a href=\"https:\/\/site.educa.madrid.org\/cp.cristobalcolon.madrid\/\/wp-content\/uploads\/cp.cristobalcolon.madrid\/2025\/09\/PLAN-BASICO-DE-TRABAJO-ED.-INFANTIL.pdf\" class=\"wp-block-file__button wp-element-button\" download aria-describedby=\"wp-block-file--media-f2e874f1-8e73-4842-9788-125fde920944\">Descarga<\/a><\/div>\n\n\n\n<hr class=\"wp-block-separator has-css-opacity\"\/>\n\n\n\n<h2 class=\"wp-block-heading\">Educaci\u00f3n Primaria<\/h2>\n\n\n\n<div data-wp-interactive=\"core\/file\" class=\"wp-block-file\"><object data-wp-bind--hidden=\"!state.hasPdfPreview\" hidden class=\"wp-block-file__embed\" data=\"https:\/\/site.educa.madrid.org\/cp.cristobalcolon.madrid\/\/wp-content\/uploads\/cp.cristobalcolon.madrid\/2025\/09\/PLAN-BASICO-DE-TRABAJO-ED.-PRIMARIA.pdf\" type=\"application\/pdf\" style=\"width:100%;height:600px\" aria-label=\"Incrustado de PLAN B\u00c1SICO DE TRABAJO - ED. PRIMARIA.\"><\/object><a id=\"wp-block-file--media-bb10e623-a0c0-4434-9648-7efbd337df2a\" href=\"https:\/\/site.educa.madrid.org\/cp.cristobalcolon.madrid\/\/wp-content\/uploads\/cp.cristobalcolon.madrid\/2025\/09\/PLAN-BASICO-DE-TRABAJO-ED.-PRIMARIA.pdf\">PLAN B\u00c1SICO DE TRABAJO &#8211; ED. PRIMARIA<\/a><a href=\"https:\/\/site.educa.madrid.org\/cp.cristobalcolon.madrid\/\/wp-content\/uploads\/cp.cristobalcolon.madrid\/2025\/09\/PLAN-BASICO-DE-TRABAJO-ED.-PRIMARIA.pdf\" class=\"wp-block-file__button wp-element-button\" download aria-describedby=\"wp-block-file--media-bb10e623-a0c0-4434-9648-7efbd337df2a\">Descarga<\/a><\/div>\n\n\n\n<p><\/p>\n","protected":false},"excerpt":{"rendered":"<p>Los planes b\u00e1sicos de trabajo son los&nbsp;acuerdos metodol\u00f3gicos alcanzados por el profesorado de cada etapa para seguir una l\u00ednea com\u00fan&nbsp;en todos los cursos y \u00e1reas: Educaci\u00f3n infantil Educaci\u00f3n Primaria<\/p>\n","protected":false},"author":4,"featured_media":0,"parent":154,"menu_order":1,"comment_status":"closed","ping_status":"closed","template":"template-fullwidth.php","meta":{"footnotes":""},"folder":[],"class_list":["post-242","page","type-page","status-publish","hentry"],"rttpg_featured_image_url":null,"rttpg_author":{"display_name":"Juan Jos\u00e9 Bueso Bello","author_link":"https:\/\/site.educa.madrid.org\/cp.cristobalcolon.madrid\/index.php\/author\/juan-jose_bueso-bello\/"},"rttpg_comment":0,"rttpg_category":false,"rttpg_excerpt":"Los planes b\u00e1sicos de trabajo son los&nbsp;acuerdos metodol\u00f3gicos alcanzados por el profesorado de cada etapa para seguir una l\u00ednea com\u00fan&nbsp;en todos los cursos y \u00e1reas: Educaci\u00f3n infantil Educaci\u00f3n Primaria","post_mailing_queue_ids":[],"_links":{"self":[{"href":"https:\/\/site.educa.madrid.org\/cp.cristobalcolon.madrid\/index.php\/wp-json\/wp\/v2\/pages\/242","targetHints":{"allow":["GET"]}}],"collection":[{"href":"https:\/\/site.educa.madrid.org\/cp.cristobalcolon.madrid\/index.php\/wp-json\/wp\/v2\/pages"}],"about":[{"href":"https:\/\/site.educa.madrid.org\/cp.cristobalcolon.madrid\/index.php\/wp-json\/wp\/v2\/types\/page"}],"author":[{"embeddable":true,"href":"https:\/\/site.educa.madrid.org\/cp.cristobalcolon.madrid\/index.php\/wp-json\/wp\/v2\/users\/4"}],"replies":[{"embeddable":true,"href":"https:\/\/site.educa.madrid.org\/cp.cristobalcolon.madrid\/index.php\/wp-json\/wp\/v2\/comments?post=242"}],"version-history":[{"count":10,"href":"https:\/\/site.educa.madrid.org\/cp.cristobalcolon.madrid\/index.php\/wp-json\/wp\/v2\/pages\/242\/revisions"}],"predecessor-version":[{"id":6416,"href":"https:\/\/site.educa.madrid.org\/cp.cristobalcolon.madrid\/index.php\/wp-json\/wp\/v2\/pages\/242\/revisions\/6416"}],"up":[{"embeddable":true,"href":"https:\/\/site.educa.madrid.org\/cp.cristobalcolon.madrid\/index.php\/wp-json\/wp\/v2\/pages\/154"}],"wp:attachment":[{"href":"https:\/\/site.educa.madrid.org\/cp.cristobalcolon.madrid\/index.php\/wp-json\/wp\/v2\/media?parent=242"}],"wp:term":[{"taxonomy":"folder","embeddable":true,"href":"https:\/\/site.educa.madrid.org\/cp.cristobalcolon.madrid\/index.php\/wp-json\/wp\/v2\/folder?post=242"}],"curies":[{"name":"wp","href":"https:\/\/api.w.org\/{rel}","templated":true}]}}