{"id":348,"date":"2020-07-09T21:15:59","date_gmt":"2020-07-09T21:15:59","guid":{"rendered":"https:\/\/site.educa.madrid.org\/cp.cristobalcolon.madrid\/?page_id=348"},"modified":"2022-10-21T10:47:13","modified_gmt":"2022-10-21T08:47:13","slug":"tic","status":"publish","type":"page","link":"https:\/\/site.educa.madrid.org\/cp.cristobalcolon.madrid\/index.php\/proyectos\/tic\/","title":{"rendered":"Tecnolog\u00edas de la Informaci\u00f3n y la Comunicaci\u00f3n"},"content":{"rendered":"\n<p>Hoy en d\u00eda, para saber desenvolvernos en el mundo en el que vivimos es necesario dominar las nuevas tecnolog\u00edas relacionadas con la comunicaci\u00f3n y la informaci\u00f3n. El uso de la tecnolog\u00eda favorece una serie de capacidades que modifican la manera en la que actuamos sobre nuestro entorno y producen cambios en la manera de trabajar d\u00eda a d\u00eda de maestr@s y alumnado. Nuestro centro es consciente de este hecho y asume su papel relevante en el aprendizaje escolar.<\/p>\n\n\n\n<p>Dentro de este marco, el objetivo general de este proyecto es:<\/p>\n\n\n\n<h5 class=\"wp-block-heading\">Fomentar la inclusi\u00f3n de las nuevas tecnolog\u00edas dentro de los aprendizajes escolares, aumentando su uso, para convertirlas en un elemento esencial de la motivaci\u00f3n del alumnado y el profesorado.<\/h5>\n\n\n\n<p>\u00bfC\u00f3mo lo llevamos a cabo?<\/p>\n\n\n\n<ul class=\"wp-block-list\"><li><strong>Optimizando peri\u00f3dicamente los recursos inform\u00e1ticos<\/strong>:  En los dos \u00faltimos a\u00f1os, hemos implantado fibra \u00f3ptica y conectividad WIFI en todo el centro, lo que nos permite acceder a Internet a una velocidad \u00f3ptima tanto en ordenadores de sobremesa como en dispositivos m\u00f3viles. Adem\u00e1s todas las clases disponen de ordenador con PDI. Tambi\u00e9n los espacios comunes cuentan con una adecuada dotaci\u00f3n inform\u00e1tica.<\/li><\/ul>\n\n\n\n<ul class=\"wp-block-list\"><li><strong>Realizando formaci\u00f3n en nuevas tecnolog\u00edas<\/strong>: En el curso 2014\/15 llevamos a cabo un&nbsp;<a href=\"http:\/\/colontic.blogspot.com.es\/search\/label\/seminario%20blog%20educativo\">seminario sobre blog educativo<\/a>, en el curso 2015\/16 realizamos \u00ab<a href=\"http:\/\/colontic.blogspot.com.es\/search\/label\/microtalleres\">microtalleres<\/a>\u00bb mensuales donde aprendemos sobre las necesidades que el profesorado tiene para integrar las TIC en el aula, y en el curso 2016\/17 el coordinador TIC realiz\u00f3 una&nbsp;<a href=\"https:\/\/www.emaze.com\/@ATOFTWIR\/herramientas-tic-para-el-abp\">ponencia de herramientas TIC para al Aprendizaje Basado en Proyectos<\/a>.<\/li><li><strong>Proporcionando al alumnado y profesorado recursos de apoyo en formato digital sobre \u00e1reas y temas<\/strong>: Cada vez estamos m\u00e1s convencidos de la idea de que el aprendizaje no termina al sonar el timbre que anuncia el fin de la clase, sino que el alumnado sigue aprendiendo y descubriendo durante el resto del d\u00eda. Es en este punto donde se hace necesario que el alumnado disponga de una&nbsp;<a href=\"http:\/\/colontic.blogspot.com.es\/search\/label\/recursos%20PDI\">bater\u00eda de juegos, actividades y recursos seleccionados por el profesorado<\/a>&nbsp;que le gu\u00eden y le permitan continuar su aprendizaje gracias al uso del ordenador o cualquier otro dispositivo.<\/li><li><strong>Abriendo ventanas a nuestras aulas<\/strong>: Especialmente desde la realizaci\u00f3n del seminario de blog educativo, nuestro centro cuenta con unos blogs que pretenden acercar el d\u00eda a d\u00eda de nuestro alumnado en el centro a las familias, para hacerlas m\u00e1s part\u00edcipes de nuestras actividades. Son: <a href=\"http:\/\/creciendoconvosotros.blogspot.com.es\/\">Creciendo con vosotros<\/a>&nbsp;y&nbsp;<a href=\"https:\/\/wombatscristobalcolon.blogspot.com.es\/\">Wombats<\/a>&nbsp;(Nivel: 3 a\u00f1os),&nbsp;<a href=\"http:\/\/clasederocioviccolon.blogspot.com.es\/\">Los Colonitos<\/a>&nbsp;y&nbsp;<a href=\"http:\/\/laclasedeteresad.blogspot.com.es\/\">La clase de Teresa<\/a>&nbsp;(Nivel: 4 a\u00f1os) y&nbsp;<a href=\"http:\/\/mochueloselefantescamaleones.blogspot.com.es\/\">Mochuelos, elefantes y camaleones<\/a>&nbsp;(Nivel: 5 a\u00f1os). <a href=\"http:\/\/elblogdelciclo1.blogspot.com\/\">El blog del ciclo 1<\/a>,&nbsp;<a href=\"http:\/\/elblogdelciclo2.blogspot.com\/\">El blog del ciclo 2<\/a>,&nbsp;<a href=\"http:\/\/elauladelosarboles.blogspot.com\/\">El aula de los \u00e1rboles<\/a>,&nbsp;<a href=\"http:\/\/bibliotecaeljardindeloscuentos.blogspot.com\/\">Biblioteca \u00abEl jard\u00edn de los Cuentos\u00bb<\/a>&nbsp;y&nbsp;<a href=\"http:\/\/elhuertodemicole.blogspot.com\/\">El huerto de mi cole<\/a>.<\/li><\/ul>\n\n\n\n<h5 class=\"wp-block-heading\">M\u00e1s informaci\u00f3n acerca de las TIC en el blog del Coordinador:\u00a0<a href=\"http:\/\/colontic.blogspot.com\/\">Las TIC en el Col\u00f3n<\/a>. Tambi\u00e9n en\u00a0<a href=\"https:\/\/www.facebook.com\/elticdelcolon\/\">Facebook<\/a>,\u00a0<a href=\"https:\/\/twitter.com\/elticdelcolon\">Twitter<\/a>\u00a0y\u00a0<a href=\"https:\/\/es.pinterest.com\/juanjobueso\/\">Pinterest<\/a>.<\/h5>\n\n\n\n<div class=\"wp-block-image\"><figure class=\"aligncenter size-full\"><a href=\"https:\/\/emlab.educa.madrid.org\/\"><img decoding=\"async\" src=\"https:\/\/site.educa.madrid.org\/centro.nuevadinamicas08\/\/wp-content\/uploads\/centro.nuevadinamicas08\/2022\/10\/INSIGNIA_EMLAB_5.png\" alt=\"Insignia del centro EMLab 500+\" class=\"wp-image-3866\"\/><\/a><\/figure><\/div>\n\n\n\n<h5 class=\"wp-block-heading\">Tambi\u00e9n puedes consultar el Proyecto TIC del Centro en&nbsp;<a href=\"https:\/\/www.scribd.com\/document\/329211658\/PLAN-TIC\">este enlace.<\/a><\/h5>\n\n\n\n<figure class=\"wp-block-gallery has-nested-images columns-2 is-cropped wp-block-gallery-1 is-layout-flex wp-block-gallery-is-layout-flex\">\n<figure class=\"wp-block-image size-large\"><img loading=\"lazy\" decoding=\"async\" width=\"1024\" height=\"768\" data-id=\"1048\" src=\"https:\/\/site.educa.madrid.org\/cp.cristobalcolon.madrid\/\/wp-content\/uploads\/cp.cristobalcolon.madrid\/2020\/09\/aulatic-1024x768.jpg\" alt=\"\" class=\"wp-image-1048\" srcset=\"https:\/\/site.educa.madrid.org\/cp.cristobalcolon.madrid\/\/wp-content\/uploads\/cp.cristobalcolon.madrid\/2020\/09\/aulatic-1024x768.jpg 1024w, https:\/\/site.educa.madrid.org\/cp.cristobalcolon.madrid\/\/wp-content\/uploads\/cp.cristobalcolon.madrid\/2020\/09\/aulatic-300x225.jpg 300w, https:\/\/site.educa.madrid.org\/cp.cristobalcolon.madrid\/\/wp-content\/uploads\/cp.cristobalcolon.madrid\/2020\/09\/aulatic-768x576.jpg 768w, https:\/\/site.educa.madrid.org\/cp.cristobalcolon.madrid\/\/wp-content\/uploads\/cp.cristobalcolon.madrid\/2020\/09\/aulatic-1536x1152.jpg 1536w, https:\/\/site.educa.madrid.org\/cp.cristobalcolon.madrid\/\/wp-content\/uploads\/cp.cristobalcolon.madrid\/2020\/09\/aulatic-2048x1536.jpg 2048w\" sizes=\"auto, (max-width: 1024px) 100vw, 1024px\" \/><figcaption>Aula de Inform\u00e1tica: dotada de 14 puestos para el trabajo individual o en parejas.<\/figcaption><\/figure>\n\n\n\n<figure class=\"wp-block-image size-large\"><img loading=\"lazy\" decoding=\"async\" width=\"800\" height=\"600\" data-id=\"1049\" src=\"https:\/\/site.educa.madrid.org\/cp.cristobalcolon.madrid\/\/wp-content\/uploads\/cp.cristobalcolon.madrid\/2020\/09\/max.jpg\" alt=\"\" class=\"wp-image-1049\" srcset=\"https:\/\/site.educa.madrid.org\/cp.cristobalcolon.madrid\/\/wp-content\/uploads\/cp.cristobalcolon.madrid\/2020\/09\/max.jpg 800w, https:\/\/site.educa.madrid.org\/cp.cristobalcolon.madrid\/\/wp-content\/uploads\/cp.cristobalcolon.madrid\/2020\/09\/max-300x225.jpg 300w, https:\/\/site.educa.madrid.org\/cp.cristobalcolon.madrid\/\/wp-content\/uploads\/cp.cristobalcolon.madrid\/2020\/09\/max-768x576.jpg 768w\" sizes=\"auto, (max-width: 800px) 100vw, 800px\" \/><figcaption> Usamos software libre proporcionado por la Consejer\u00eda de Educaci\u00f3n.<\/figcaption><\/figure>\n\n\n\n<figure class=\"wp-block-image size-large\"><img loading=\"lazy\" decoding=\"async\" width=\"960\" height=\"720\" data-id=\"1050\" src=\"https:\/\/site.educa.madrid.org\/cp.cristobalcolon.madrid\/\/wp-content\/uploads\/cp.cristobalcolon.madrid\/2020\/09\/11009149_377814662405688_2266000174759055511_n.jpg\" alt=\"\" class=\"wp-image-1050\" srcset=\"https:\/\/site.educa.madrid.org\/cp.cristobalcolon.madrid\/\/wp-content\/uploads\/cp.cristobalcolon.madrid\/2020\/09\/11009149_377814662405688_2266000174759055511_n.jpg 960w, https:\/\/site.educa.madrid.org\/cp.cristobalcolon.madrid\/\/wp-content\/uploads\/cp.cristobalcolon.madrid\/2020\/09\/11009149_377814662405688_2266000174759055511_n-300x225.jpg 300w, https:\/\/site.educa.madrid.org\/cp.cristobalcolon.madrid\/\/wp-content\/uploads\/cp.cristobalcolon.madrid\/2020\/09\/11009149_377814662405688_2266000174759055511_n-768x576.jpg 768w\" sizes=\"auto, (max-width: 960px) 100vw, 960px\" \/><figcaption>Investigaci\u00f3n y formaci\u00f3n: el profesorado se forma e investiga en nuevas tecnolog\u00edas.<\/figcaption><\/figure>\n\n\n\n<figure class=\"wp-block-image size-large\"><img loading=\"lazy\" decoding=\"async\" width=\"776\" height=\"960\" data-id=\"1051\" src=\"https:\/\/site.educa.madrid.org\/cp.cristobalcolon.madrid\/\/wp-content\/uploads\/cp.cristobalcolon.madrid\/2020\/09\/1392548_307181652802323_125648554847676729_n.jpg\" alt=\"\" class=\"wp-image-1051\" srcset=\"https:\/\/site.educa.madrid.org\/cp.cristobalcolon.madrid\/\/wp-content\/uploads\/cp.cristobalcolon.madrid\/2020\/09\/1392548_307181652802323_125648554847676729_n.jpg 776w, https:\/\/site.educa.madrid.org\/cp.cristobalcolon.madrid\/\/wp-content\/uploads\/cp.cristobalcolon.madrid\/2020\/09\/1392548_307181652802323_125648554847676729_n-243x300.jpg 243w, https:\/\/site.educa.madrid.org\/cp.cristobalcolon.madrid\/\/wp-content\/uploads\/cp.cristobalcolon.madrid\/2020\/09\/1392548_307181652802323_125648554847676729_n-768x950.jpg 768w\" sizes=\"auto, (max-width: 776px) 100vw, 776px\" \/><figcaption>El blog del coordinador TIC.<\/figcaption><\/figure>\n<\/figure>\n\n\n\n<p><\/p>\n","protected":false},"excerpt":{"rendered":"<p>Hoy en d\u00eda, para saber desenvolvernos en el mundo en el que vivimos es necesario dominar las nuevas tecnolog\u00edas relacionadas con la comunicaci\u00f3n y la informaci\u00f3n. El uso de la &#8230;<\/p>\n","protected":false},"author":2,"featured_media":0,"parent":154,"menu_order":3,"comment_status":"closed","ping_status":"closed","template":"template-fullwidth.php","meta":{"footnotes":""},"folder":[],"class_list":["post-348","page","type-page","status-publish","hentry"],"rttpg_featured_image_url":null,"rttpg_author":{"display_name":"Coordinador TIC CEIP Crist\u00f3bal Col\u00f3n","author_link":"https:\/\/site.educa.madrid.org\/cp.cristobalcolon.madrid\/index.php\/author\/cuenta_tic-cp-cristobalcolon-madrid\/"},"rttpg_comment":0,"rttpg_category":false,"rttpg_excerpt":"Hoy en d\u00eda, para saber desenvolvernos en el mundo en el que vivimos es necesario dominar las nuevas tecnolog\u00edas relacionadas con la comunicaci\u00f3n y la informaci\u00f3n. El uso de la ...","post_mailing_queue_ids":[],"_links":{"self":[{"href":"https:\/\/site.educa.madrid.org\/cp.cristobalcolon.madrid\/index.php\/wp-json\/wp\/v2\/pages\/348","targetHints":{"allow":["GET"]}}],"collection":[{"href":"https:\/\/site.educa.madrid.org\/cp.cristobalcolon.madrid\/index.php\/wp-json\/wp\/v2\/pages"}],"about":[{"href":"https:\/\/site.educa.madrid.org\/cp.cristobalcolon.madrid\/index.php\/wp-json\/wp\/v2\/types\/page"}],"author":[{"embeddable":true,"href":"https:\/\/site.educa.madrid.org\/cp.cristobalcolon.madrid\/index.php\/wp-json\/wp\/v2\/users\/2"}],"replies":[{"embeddable":true,"href":"https:\/\/site.educa.madrid.org\/cp.cristobalcolon.madrid\/index.php\/wp-json\/wp\/v2\/comments?post=348"}],"version-history":[{"count":7,"href":"https:\/\/site.educa.madrid.org\/cp.cristobalcolon.madrid\/index.php\/wp-json\/wp\/v2\/pages\/348\/revisions"}],"predecessor-version":[{"id":3592,"href":"https:\/\/site.educa.madrid.org\/cp.cristobalcolon.madrid\/index.php\/wp-json\/wp\/v2\/pages\/348\/revisions\/3592"}],"up":[{"embeddable":true,"href":"https:\/\/site.educa.madrid.org\/cp.cristobalcolon.madrid\/index.php\/wp-json\/wp\/v2\/pages\/154"}],"wp:attachment":[{"href":"https:\/\/site.educa.madrid.org\/cp.cristobalcolon.madrid\/index.php\/wp-json\/wp\/v2\/media?parent=348"}],"wp:term":[{"taxonomy":"folder","embeddable":true,"href":"https:\/\/site.educa.madrid.org\/cp.cristobalcolon.madrid\/index.php\/wp-json\/wp\/v2\/folder?post=348"}],"curies":[{"name":"wp","href":"https:\/\/api.w.org\/{rel}","templated":true}]}}