{"id":349,"date":"2020-07-09T21:15:59","date_gmt":"2020-07-09T21:15:59","guid":{"rendered":"https:\/\/site.educa.madrid.org\/cp.cristobalcolon.madrid\/?page_id=349"},"modified":"2022-05-25T22:46:53","modified_gmt":"2022-05-25T20:46:53","slug":"educar-hoy","status":"publish","type":"page","link":"https:\/\/site.educa.madrid.org\/cp.cristobalcolon.madrid\/index.php\/proyectos\/educar-hoy\/","title":{"rendered":"Educar Hoy por un Madrid m\u00e1s Sostenible"},"content":{"rendered":"\n<p>El Colegio participa en el programa&nbsp;<a rel=\"noreferrer noopener\" href=\"http:\/\/www.educarmadridsostenible.es\/\" target=\"_blank\">Educar hoy por un Madrid m\u00e1s sostenible<\/a>, que es una&nbsp;<strong>actividad de educaci\u00f3n ambiental del Ayuntamiento de Madrid<\/strong>, cuyo objeto es&nbsp;<strong>mejorar el medio ambiente escolar, local y global<\/strong>, a fin de hacer de Madrid un ecosistema urbano sostenible y una ciudad con calidad de vida.<\/p>\n\n\n\n<div style=\"width: 100%;\"><div style=\"position: relative; padding-bottom: 56.25%; padding-top: 0; height: 0;\"><iframe loading=\"lazy\" frameborder=\"0\" width=\"1200\" height=\"675\" style=\"position: absolute; top: 0; left: 0; width: 100%; height: 100%;\" src=\"https:\/\/view.genial.ly\/6261bb50e28ae100166797f4\" type=\"text\/html\" allowscriptaccess=\"always\" allowfullscreen=\"true\" scrolling=\"yes\" allownetworking=\"all\"><\/iframe> <\/div> <\/div>\n\n\n\n<p><br>El centro trabaja desde el&nbsp;<strong>M\u00f3dulo \u00abConsumo y recursos naturales\u00bb<\/strong>&nbsp;para promover en la comunidad escolar actitudes y actuaciones positivas tanto en el desarrollo del Huerto Escolar ecol\u00f3gico, como en la mejora de los espacios verdes. En 2012 se puso en marcha la&nbsp;<a rel=\"noreferrer noopener\" href=\"http:\/\/www.educarmadridsostenible.es\/red\" target=\"_blank\">Red de Centros Ambientalmente Sostenibles<\/a>, con un portal web, herramienta para la b\u00fasqueda de informaci\u00f3n, conocimientos, recursos did\u00e1cticos y materiales, servicios de apoyo, etc., permitiendo la creaci\u00f3n de espacios virtuales para la comunicaci\u00f3n, interacci\u00f3n e intercambio de experiencias entre los centros docentes. El a\u00f1o 2014, nos concedieron el&nbsp;<strong>Certificado de \u00abCentro Ambientalmente Sostenible\u00bb<\/strong>&nbsp;como reconocimiento a nuestra participaci\u00f3n en el programa y a nuestra labor educativa. En el curso 2021\/22 hemos sido reacreditados como centro sostenible.<\/p>\n\n\n\n<div class=\"wp-block-image\"><figure class=\"aligncenter size-full\"><img loading=\"lazy\" decoding=\"async\" width=\"945\" height=\"657\" src=\"https:\/\/site.educa.madrid.org\/cp.cristobalcolon.madrid\/\/wp-content\/uploads\/cp.cristobalcolon.madrid\/2022\/05\/Captura-de-pantalla-390.png\" alt=\"\" class=\"wp-image-3229\" srcset=\"https:\/\/site.educa.madrid.org\/cp.cristobalcolon.madrid\/\/wp-content\/uploads\/cp.cristobalcolon.madrid\/2022\/05\/Captura-de-pantalla-390.png 945w, https:\/\/site.educa.madrid.org\/cp.cristobalcolon.madrid\/\/wp-content\/uploads\/cp.cristobalcolon.madrid\/2022\/05\/Captura-de-pantalla-390-300x209.png 300w, https:\/\/site.educa.madrid.org\/cp.cristobalcolon.madrid\/\/wp-content\/uploads\/cp.cristobalcolon.madrid\/2022\/05\/Captura-de-pantalla-390-768x534.png 768w\" sizes=\"auto, (max-width: 945px) 100vw, 945px\" \/><\/figure><\/div>\n\n\n\n<p>M\u00e1s informaci\u00f3n del proyecto en el blog:&nbsp;<a href=\"http:\/\/elhuertodemicole.blogspot.com\/\" target=\"_blank\" rel=\"noreferrer noopener\">elhuertodemicole.blogspot.com<\/a><\/p>\n\n\n\n<figure class=\"wp-block-image size-large is-resized\"><img loading=\"lazy\" decoding=\"async\" src=\"https:\/\/site.educa.madrid.org\/cp.cristobalcolon.madrid\/\/wp-content\/uploads\/cp.cristobalcolon.madrid\/2020\/07\/IMG_5902-1024x768.jpg\" alt=\"Huerto del centro\" class=\"wp-image-325\" width=\"1024\" height=\"768\" srcset=\"https:\/\/site.educa.madrid.org\/cp.cristobalcolon.madrid\/\/wp-content\/uploads\/cp.cristobalcolon.madrid\/2020\/07\/IMG_5902-1024x768.jpg 1024w, https:\/\/site.educa.madrid.org\/cp.cristobalcolon.madrid\/\/wp-content\/uploads\/cp.cristobalcolon.madrid\/2020\/07\/IMG_5902-300x225.jpg 300w, https:\/\/site.educa.madrid.org\/cp.cristobalcolon.madrid\/\/wp-content\/uploads\/cp.cristobalcolon.madrid\/2020\/07\/IMG_5902-768x576.jpg 768w, https:\/\/site.educa.madrid.org\/cp.cristobalcolon.madrid\/\/wp-content\/uploads\/cp.cristobalcolon.madrid\/2020\/07\/IMG_5902-1536x1152.jpg 1536w, https:\/\/site.educa.madrid.org\/cp.cristobalcolon.madrid\/\/wp-content\/uploads\/cp.cristobalcolon.madrid\/2020\/07\/IMG_5902-2048x1536.jpg 2048w\" sizes=\"auto, (max-width: 1024px) 100vw, 1024px\" \/><figcaption>En el huerto escolar, el alumnado participa en actividades del programa.<\/figcaption><\/figure>\n","protected":false},"excerpt":{"rendered":"<p>El Colegio participa en el programa&nbsp;Educar hoy por un Madrid m\u00e1s sostenible, que es una&nbsp;actividad de educaci\u00f3n ambiental del Ayuntamiento de Madrid, cuyo objeto es&nbsp;mejorar el medio ambiente escolar, local &#8230;<\/p>\n","protected":false},"author":2,"featured_media":0,"parent":154,"menu_order":4,"comment_status":"closed","ping_status":"closed","template":"template-fullwidth.php","meta":{"footnotes":""},"folder":[],"class_list":["post-349","page","type-page","status-publish","hentry"],"rttpg_featured_image_url":null,"rttpg_author":{"display_name":"Coordinador TIC CEIP Crist\u00f3bal Col\u00f3n","author_link":"https:\/\/site.educa.madrid.org\/cp.cristobalcolon.madrid\/index.php\/author\/cuenta_tic-cp-cristobalcolon-madrid\/"},"rttpg_comment":0,"rttpg_category":false,"rttpg_excerpt":"El Colegio participa en el programa&nbsp;Educar hoy por un Madrid m\u00e1s sostenible, que es una&nbsp;actividad de educaci\u00f3n ambiental del Ayuntamiento de Madrid, cuyo objeto es&nbsp;mejorar el medio ambiente escolar, local ...","post_mailing_queue_ids":[],"_links":{"self":[{"href":"https:\/\/site.educa.madrid.org\/cp.cristobalcolon.madrid\/index.php\/wp-json\/wp\/v2\/pages\/349","targetHints":{"allow":["GET"]}}],"collection":[{"href":"https:\/\/site.educa.madrid.org\/cp.cristobalcolon.madrid\/index.php\/wp-json\/wp\/v2\/pages"}],"about":[{"href":"https:\/\/site.educa.madrid.org\/cp.cristobalcolon.madrid\/index.php\/wp-json\/wp\/v2\/types\/page"}],"author":[{"embeddable":true,"href":"https:\/\/site.educa.madrid.org\/cp.cristobalcolon.madrid\/index.php\/wp-json\/wp\/v2\/users\/2"}],"replies":[{"embeddable":true,"href":"https:\/\/site.educa.madrid.org\/cp.cristobalcolon.madrid\/index.php\/wp-json\/wp\/v2\/comments?post=349"}],"version-history":[{"count":8,"href":"https:\/\/site.educa.madrid.org\/cp.cristobalcolon.madrid\/index.php\/wp-json\/wp\/v2\/pages\/349\/revisions"}],"predecessor-version":[{"id":3230,"href":"https:\/\/site.educa.madrid.org\/cp.cristobalcolon.madrid\/index.php\/wp-json\/wp\/v2\/pages\/349\/revisions\/3230"}],"up":[{"embeddable":true,"href":"https:\/\/site.educa.madrid.org\/cp.cristobalcolon.madrid\/index.php\/wp-json\/wp\/v2\/pages\/154"}],"wp:attachment":[{"href":"https:\/\/site.educa.madrid.org\/cp.cristobalcolon.madrid\/index.php\/wp-json\/wp\/v2\/media?parent=349"}],"wp:term":[{"taxonomy":"folder","embeddable":true,"href":"https:\/\/site.educa.madrid.org\/cp.cristobalcolon.madrid\/index.php\/wp-json\/wp\/v2\/folder?post=349"}],"curies":[{"name":"wp","href":"https:\/\/api.w.org\/{rel}","templated":true}]}}