{"id":351,"date":"2020-07-09T21:15:59","date_gmt":"2020-07-09T21:15:59","guid":{"rendered":"https:\/\/site.educa.madrid.org\/cp.cristobalcolon.madrid\/?page_id=351"},"modified":"2020-09-09T21:04:48","modified_gmt":"2020-09-09T21:04:48","slug":"ef","status":"publish","type":"page","link":"https:\/\/site.educa.madrid.org\/cp.cristobalcolon.madrid\/index.php\/proyectos\/ef\/","title":{"rendered":"Educaci\u00f3n F\u00edsica"},"content":{"rendered":"\n<p>La E.F pretende que los alumn@s consigan aprendizajes para su desarrollo integral. Desarrollo&nbsp;<strong>COGNITIVO<\/strong>&nbsp;(mental), desarrollo&nbsp;<strong>SOCIOAFECTIVO<\/strong>&nbsp;(relaciones sociales) y desarrollo&nbsp;<strong>MOTOR<\/strong>&nbsp;(posibilidades de movimiento).<\/p>\n\n\n\n<p>En definitiva, la E.F intenta desarrollar las potencialidades de cada alumn@: que conozca sus posibilidades y limitaciones, que se acepte como es, y que acepte y respete a los dem\u00e1s.<\/p>\n\n\n\n<h2 class=\"wp-block-heading\">\u00bfQu\u00e9 se ense\u00f1a?<\/h2>\n\n\n\n<ul class=\"wp-block-list\"><li><strong>Contenidos conceptuales:<\/strong> Son los conceptos y teor\u00eda ense\u00f1ados a trav\u00e9s de la pr\u00e1ctica y los juegos. Gran parte de estos conceptos se contemplar\u00e1n en el cuaderno de Educaci\u00f3n F\u00edsica: h\u00e1bitos saludables, reglas de los juegos, partes del cuerpo implicadas en la actividad f\u00edsica, medidas de seguridad, c\u00f3mo ponernos en forma y mejorar&#8230;<\/li><li><strong>Pr\u00e1ctica motriz:<\/strong> Es la pr\u00e1ctica a trav\u00e9s del movimiento: esquema corporal, habilidades, expresi\u00f3n, las habilidades y capacidades, juegos y predeportes, relajaci\u00f3n, &#8230;<\/li><li><strong>Actitudes y normas:<\/strong> Es el comportamiento: el respeto por s\u00ed mismo y por los dem\u00e1s, la colaboraci\u00f3n, el esfuerzo, el compromiso \u2026<\/li><\/ul>\n\n\n\n<h2 class=\"wp-block-heading\">\u00bfQu\u00e9 y c\u00f3mo se eval\u00faa?<\/h2>\n\n\n\n<ul class=\"wp-block-list\"><li><strong>Contenidos conceptuales:<\/strong> El&nbsp;<strong>\u201cSABER\u201d<\/strong>: a trav\u00e9s de pruebas orales y con la elaboraci\u00f3n de fichas de Educaci\u00f3n F\u00edsica.<\/li><li><strong>Pr\u00e1ctica motriz:<\/strong> El&nbsp;<strong>\u201cSABER MOVERSE\u201d<\/strong>: el movimiento se eval\u00faa a trav\u00e9s de la observaci\u00f3n de las tareas pr\u00e1cticas.<\/li><li><strong>Actitudes y normas:<\/strong> El&nbsp;<strong>\u201cSABER ACTUAR\u201d<\/strong>: evaluamos tanto los profesores como los alumn@s el comportamiento en funci\u00f3n del respeto, la participaci\u00f3n y el inter\u00e9s de los alumn@s para que se responsabilicen con sus actos.<\/li><\/ul>\n\n\n\n<p>Y tambi\u00e9n desde la Educaci\u00f3n F\u00edsica: Pretendemos crear h\u00e1bitos saludables para trasladarlos a la vida cotidiana, es decir, no s\u00f3lo \u201cmoverse\u201d en Educaci\u00f3n F\u00edsica. Para ello es muy importante:<\/p>\n\n\n\n<ul class=\"wp-block-list\"><li>El papel de la familia: Para seguir fomentando el ejercicio y las buenas actitudes motrices, de alimentaci\u00f3n, evitando el sedentarismo, etc.<\/li><li>Las actividades complementarias y extraescolares: Intentaremos participar en alguna actividad fuera del \u201ccole\u201d relacionada con la actividad f\u00edsica y la salud.<\/li><\/ul>\n\n\n\n<p><strong>Recomendamos hacer actividades f\u00edsico-deportivas despu\u00e9s de las clases.<\/strong><\/p>\n\n\n\n<p>Los\u00a0<strong>profesores de Educaci\u00f3n F\u00edsica (Laura, Carmen, Eduardo, Satur y Carlos)<\/strong>\u00a0estaremos a vuestra disposici\u00f3n para cualquier duda, sugerencia, comentario o informaci\u00f3n acerca de las clases y de la marcha de vuestr@s hij@s. (Es importante hacernos llegar sus enfermedades e incompatibilidades con la actividad f\u00edsica).<br>La atenci\u00f3n a padres y madres son los\u00a0<strong>martes de 14h a 15h<\/strong>\u00a0previa cita.<br>Y recordad vosotr@s tambi\u00e9n:<\/p>\n\n\n\n<ul class=\"wp-block-list\"><li><strong>En EDUCACI\u00d3N F\u00cdSICA gana quien aprende y se divierte.<\/strong><\/li><li><strong>Los ni\u00f1@s son un reflejo de lo que ven en vosotr@s.<\/strong><\/li><\/ul>\n\n\n\n<figure class=\"wp-block-gallery columns-2 is-cropped wp-block-gallery-1 is-layout-flex wp-block-gallery-is-layout-flex\"><ul class=\"blocks-gallery-grid\"><li class=\"blocks-gallery-item\"><figure><img loading=\"lazy\" decoding=\"async\" width=\"800\" height=\"600\" src=\"https:\/\/site.educa.madrid.org\/cp.cristobalcolon.madrid\/\/wp-content\/uploads\/cp.cristobalcolon.madrid\/2020\/09\/ef1.jpg\" alt=\"\" data-id=\"1062\" data-link=\"https:\/\/site.educa.madrid.org\/cp.cristobalcolon.madrid\/index.php\/inicio\/proyectos\/ef\/ef1\/\" class=\"wp-image-1062\" srcset=\"https:\/\/site.educa.madrid.org\/cp.cristobalcolon.madrid\/\/wp-content\/uploads\/cp.cristobalcolon.madrid\/2020\/09\/ef1.jpg 800w, https:\/\/site.educa.madrid.org\/cp.cristobalcolon.madrid\/\/wp-content\/uploads\/cp.cristobalcolon.madrid\/2020\/09\/ef1-300x225.jpg 300w, https:\/\/site.educa.madrid.org\/cp.cristobalcolon.madrid\/\/wp-content\/uploads\/cp.cristobalcolon.madrid\/2020\/09\/ef1-768x576.jpg 768w\" sizes=\"auto, (max-width: 800px) 100vw, 800px\" \/><figcaption class=\"blocks-gallery-item__caption\">Actividades en el medio natural.<\/figcaption><\/figure><\/li><li class=\"blocks-gallery-item\"><figure><img loading=\"lazy\" decoding=\"async\" width=\"800\" height=\"597\" src=\"https:\/\/site.educa.madrid.org\/cp.cristobalcolon.madrid\/\/wp-content\/uploads\/cp.cristobalcolon.madrid\/2020\/09\/ef2.jpg\" alt=\"\" data-id=\"1063\" data-link=\"https:\/\/site.educa.madrid.org\/cp.cristobalcolon.madrid\/index.php\/inicio\/proyectos\/ef\/ef2\/\" class=\"wp-image-1063\" srcset=\"https:\/\/site.educa.madrid.org\/cp.cristobalcolon.madrid\/\/wp-content\/uploads\/cp.cristobalcolon.madrid\/2020\/09\/ef2.jpg 800w, https:\/\/site.educa.madrid.org\/cp.cristobalcolon.madrid\/\/wp-content\/uploads\/cp.cristobalcolon.madrid\/2020\/09\/ef2-300x224.jpg 300w, https:\/\/site.educa.madrid.org\/cp.cristobalcolon.madrid\/\/wp-content\/uploads\/cp.cristobalcolon.madrid\/2020\/09\/ef2-768x573.jpg 768w\" sizes=\"auto, (max-width: 800px) 100vw, 800px\" \/><figcaption class=\"blocks-gallery-item__caption\">Contenidos nuevos y divertidos: stacking, slackline. etc.<\/figcaption><\/figure><\/li><li class=\"blocks-gallery-item\"><figure><img loading=\"lazy\" decoding=\"async\" width=\"526\" height=\"600\" src=\"https:\/\/site.educa.madrid.org\/cp.cristobalcolon.madrid\/\/wp-content\/uploads\/cp.cristobalcolon.madrid\/2020\/09\/ef3.jpg\" alt=\"\" data-id=\"1064\" data-link=\"https:\/\/site.educa.madrid.org\/cp.cristobalcolon.madrid\/index.php\/inicio\/proyectos\/ef\/ef3\/\" class=\"wp-image-1064\" srcset=\"https:\/\/site.educa.madrid.org\/cp.cristobalcolon.madrid\/\/wp-content\/uploads\/cp.cristobalcolon.madrid\/2020\/09\/ef3.jpg 526w, https:\/\/site.educa.madrid.org\/cp.cristobalcolon.madrid\/\/wp-content\/uploads\/cp.cristobalcolon.madrid\/2020\/09\/ef3-263x300.jpg 263w\" sizes=\"auto, (max-width: 526px) 100vw, 526px\" \/><figcaption class=\"blocks-gallery-item__caption\">Nuestra mascota y sus valores.<\/figcaption><\/figure><\/li><li class=\"blocks-gallery-item\"><figure><img loading=\"lazy\" decoding=\"async\" width=\"800\" height=\"597\" src=\"https:\/\/site.educa.madrid.org\/cp.cristobalcolon.madrid\/\/wp-content\/uploads\/cp.cristobalcolon.madrid\/2020\/09\/ef4.jpg\" alt=\"\" data-id=\"1065\" data-full-url=\"https:\/\/site.educa.madrid.org\/cp.cristobalcolon.madrid\/\/wp-content\/uploads\/cp.cristobalcolon.madrid\/2020\/09\/ef4.jpg\" data-link=\"https:\/\/site.educa.madrid.org\/cp.cristobalcolon.madrid\/index.php\/inicio\/proyectos\/ef\/ef4\/\" class=\"wp-image-1065\" srcset=\"https:\/\/site.educa.madrid.org\/cp.cristobalcolon.madrid\/\/wp-content\/uploads\/cp.cristobalcolon.madrid\/2020\/09\/ef4.jpg 800w, https:\/\/site.educa.madrid.org\/cp.cristobalcolon.madrid\/\/wp-content\/uploads\/cp.cristobalcolon.madrid\/2020\/09\/ef4-300x224.jpg 300w, https:\/\/site.educa.madrid.org\/cp.cristobalcolon.madrid\/\/wp-content\/uploads\/cp.cristobalcolon.madrid\/2020\/09\/ef4-768x573.jpg 768w\" sizes=\"auto, (max-width: 800px) 100vw, 800px\" \/><figcaption class=\"blocks-gallery-item__caption\">Superamos retos.<\/figcaption><\/figure><\/li><\/ul><\/figure>\n","protected":false},"excerpt":{"rendered":"<p>La E.F pretende que los alumn@s consigan aprendizajes para su desarrollo integral. Desarrollo&nbsp;COGNITIVO&nbsp;(mental), desarrollo&nbsp;SOCIOAFECTIVO&nbsp;(relaciones sociales) y desarrollo&nbsp;MOTOR&nbsp;(posibilidades de movimiento). En definitiva, la E.F intenta desarrollar las potencialidades de cada alumn@: &#8230;<\/p>\n","protected":false},"author":2,"featured_media":0,"parent":154,"menu_order":6,"comment_status":"closed","ping_status":"closed","template":"template-fullwidth.php","meta":{"footnotes":""},"folder":[],"class_list":["post-351","page","type-page","status-publish","hentry"],"rttpg_featured_image_url":null,"rttpg_author":{"display_name":"Coordinador TIC CEIP Crist\u00f3bal Col\u00f3n","author_link":"https:\/\/site.educa.madrid.org\/cp.cristobalcolon.madrid\/index.php\/author\/cuenta_tic-cp-cristobalcolon-madrid\/"},"rttpg_comment":0,"rttpg_category":false,"rttpg_excerpt":"La E.F pretende que los alumn@s consigan aprendizajes para su desarrollo integral. Desarrollo&nbsp;COGNITIVO&nbsp;(mental), desarrollo&nbsp;SOCIOAFECTIVO&nbsp;(relaciones sociales) y desarrollo&nbsp;MOTOR&nbsp;(posibilidades de movimiento). En definitiva, la E.F intenta desarrollar las potencialidades de cada alumn@: ...","post_mailing_queue_ids":[],"_links":{"self":[{"href":"https:\/\/site.educa.madrid.org\/cp.cristobalcolon.madrid\/index.php\/wp-json\/wp\/v2\/pages\/351","targetHints":{"allow":["GET"]}}],"collection":[{"href":"https:\/\/site.educa.madrid.org\/cp.cristobalcolon.madrid\/index.php\/wp-json\/wp\/v2\/pages"}],"about":[{"href":"https:\/\/site.educa.madrid.org\/cp.cristobalcolon.madrid\/index.php\/wp-json\/wp\/v2\/types\/page"}],"author":[{"embeddable":true,"href":"https:\/\/site.educa.madrid.org\/cp.cristobalcolon.madrid\/index.php\/wp-json\/wp\/v2\/users\/2"}],"replies":[{"embeddable":true,"href":"https:\/\/site.educa.madrid.org\/cp.cristobalcolon.madrid\/index.php\/wp-json\/wp\/v2\/comments?post=351"}],"version-history":[{"count":5,"href":"https:\/\/site.educa.madrid.org\/cp.cristobalcolon.madrid\/index.php\/wp-json\/wp\/v2\/pages\/351\/revisions"}],"predecessor-version":[{"id":1098,"href":"https:\/\/site.educa.madrid.org\/cp.cristobalcolon.madrid\/index.php\/wp-json\/wp\/v2\/pages\/351\/revisions\/1098"}],"up":[{"embeddable":true,"href":"https:\/\/site.educa.madrid.org\/cp.cristobalcolon.madrid\/index.php\/wp-json\/wp\/v2\/pages\/154"}],"wp:attachment":[{"href":"https:\/\/site.educa.madrid.org\/cp.cristobalcolon.madrid\/index.php\/wp-json\/wp\/v2\/media?parent=351"}],"wp:term":[{"taxonomy":"folder","embeddable":true,"href":"https:\/\/site.educa.madrid.org\/cp.cristobalcolon.madrid\/index.php\/wp-json\/wp\/v2\/folder?post=351"}],"curies":[{"name":"wp","href":"https:\/\/api.w.org\/{rel}","templated":true}]}}