{"id":352,"date":"2020-07-09T21:15:59","date_gmt":"2020-07-09T21:15:59","guid":{"rendered":"https:\/\/site.educa.madrid.org\/cp.cristobalcolon.madrid\/?page_id=352"},"modified":"2021-10-26T15:19:52","modified_gmt":"2021-10-26T13:19:52","slug":"biblioteca","status":"publish","type":"page","link":"https:\/\/site.educa.madrid.org\/cp.cristobalcolon.madrid\/index.php\/proyectos\/biblioteca\/","title":{"rendered":"Biblioteca \u00abEl jard\u00edn de los cuentos\u00bb"},"content":{"rendered":"\n<p>\u00abEl jard\u00edn de los cuentos\u00bb est\u00e1 situada en la segunda planta del edificio de Ed. Primaria. Su finalidad es promover el fomento de la lectura y de la escritura, para mejorar la competencia lectora de los alumn@s, desde todas las \u00e1reas del curr\u00edculo.<br>Entendemos la Biblioteca como un punto de encuentro, de comunicaci\u00f3n y de aprendizaje, en el que el fomento de los valores ser\u00e1 constante en todas nuestras actividades.<\/p>\n\n\n\n<p>Destacamos: <\/p>\n\n\n\n<ul class=\"wp-block-list\"><li><strong>Rinc\u00f3n de lectura:<\/strong>&nbsp;Situado en la segunda planta y en el que se colocan los libros destacados seg\u00fan las \u00e9pocas del a\u00f1o, efem\u00e9rides, o necesidades del centro.<\/li><li><strong>La puerta y el corcho de la entrada:<\/strong>&nbsp;La puerta nos introducir\u00e1 en el mundo m\u00e1gico de los libros, con ese espectacular drag\u00f3n. Se trata de nuestra mascota, el se\u00f1or Tob\u00edas, el guardi\u00e1n de la fantas\u00eda. El corcho nos informa de las actividades que se realizan en nuestro centro y en la Biblioteca P\u00fablica Mar\u00eda Moliner. Tambi\u00e9n lo utilizamos para exponer trabajos de los alumnos relacionados con distintas tem\u00e1ticas (d\u00eda de las bibliotecas, d\u00eda del libro, etc.).<\/li><li><strong>Sala de la Biblioteca:<\/strong>&nbsp;La mayor\u00eda de las actividades de la biblioteca est\u00e1n encaminadas a satisfacer las necesidades de los lectores, mediante la b\u00fasqueda y localizaci\u00f3n de documentos.<br>Nuestra sala es de libre acceso, las primeras b\u00fasquedas de los ni\u00f1os se hacen directamente en las estanter\u00edas. Esta b\u00fasqueda es la m\u00e1s primaria y directa y solamente requiere una buena ordenaci\u00f3n de los libros y una clara se\u00f1alizaci\u00f3n de todos los espacios. El contacto f\u00edsico de los ni\u00f1os con los libros propicia el descubrimiento y el desarrollo del gusto por la lectura.<br>Nuestro Jard\u00edn de los cuentos permanece abierto todos los recreos y los mi\u00e9rcoles de 12:30 a 13:30. All\u00ed se puede ir a disfrutar con nuestros amigos los libros.<\/li><\/ul>\n\n\n\n<figure class=\"wp-block-gallery columns-3 is-cropped wp-block-gallery-1 is-layout-flex wp-block-gallery-is-layout-flex\"><ul class=\"blocks-gallery-grid\"><li class=\"blocks-gallery-item\"><figure><img loading=\"lazy\" decoding=\"async\" width=\"1024\" height=\"372\" src=\"https:\/\/site.educa.madrid.org\/cp.cristobalcolon.madrid\/\/wp-content\/uploads\/cp.cristobalcolon.madrid\/2021\/10\/photo_2021-10-26_15-06-55-1024x372.jpg\" alt=\"biblioteca\" data-id=\"2306\" data-full-url=\"https:\/\/site.educa.madrid.org\/cp.cristobalcolon.madrid\/\/wp-content\/uploads\/cp.cristobalcolon.madrid\/2021\/10\/photo_2021-10-26_15-06-55.jpg\" data-link=\"https:\/\/site.educa.madrid.org\/cp.cristobalcolon.madrid\/index.php\/2021\/10\/26\/dia-de-las-bibliotecas-2021\/photo_2021-10-26_15-06-55\/\" class=\"wp-image-2306\" srcset=\"https:\/\/site.educa.madrid.org\/cp.cristobalcolon.madrid\/\/wp-content\/uploads\/cp.cristobalcolon.madrid\/2021\/10\/photo_2021-10-26_15-06-55-1024x372.jpg 1024w, https:\/\/site.educa.madrid.org\/cp.cristobalcolon.madrid\/\/wp-content\/uploads\/cp.cristobalcolon.madrid\/2021\/10\/photo_2021-10-26_15-06-55-300x109.jpg 300w, https:\/\/site.educa.madrid.org\/cp.cristobalcolon.madrid\/\/wp-content\/uploads\/cp.cristobalcolon.madrid\/2021\/10\/photo_2021-10-26_15-06-55-768x279.jpg 768w, https:\/\/site.educa.madrid.org\/cp.cristobalcolon.madrid\/\/wp-content\/uploads\/cp.cristobalcolon.madrid\/2021\/10\/photo_2021-10-26_15-06-55.jpg 1280w\" sizes=\"auto, (max-width: 1024px) 100vw, 1024px\" \/><\/figure><\/li><li class=\"blocks-gallery-item\"><figure><img loading=\"lazy\" decoding=\"async\" width=\"1024\" height=\"768\" src=\"https:\/\/site.educa.madrid.org\/cp.cristobalcolon.madrid\/\/wp-content\/uploads\/cp.cristobalcolon.madrid\/2021\/10\/photo_2021-10-26_15-07-03-1024x768.jpg\" alt=\"\" data-id=\"2305\" data-full-url=\"https:\/\/site.educa.madrid.org\/cp.cristobalcolon.madrid\/\/wp-content\/uploads\/cp.cristobalcolon.madrid\/2021\/10\/photo_2021-10-26_15-07-03.jpg\" data-link=\"https:\/\/site.educa.madrid.org\/cp.cristobalcolon.madrid\/index.php\/2021\/10\/26\/dia-de-las-bibliotecas-2021\/photo_2021-10-26_15-07-03\/\" class=\"wp-image-2305\" srcset=\"https:\/\/site.educa.madrid.org\/cp.cristobalcolon.madrid\/\/wp-content\/uploads\/cp.cristobalcolon.madrid\/2021\/10\/photo_2021-10-26_15-07-03-1024x768.jpg 1024w, https:\/\/site.educa.madrid.org\/cp.cristobalcolon.madrid\/\/wp-content\/uploads\/cp.cristobalcolon.madrid\/2021\/10\/photo_2021-10-26_15-07-03-300x225.jpg 300w, https:\/\/site.educa.madrid.org\/cp.cristobalcolon.madrid\/\/wp-content\/uploads\/cp.cristobalcolon.madrid\/2021\/10\/photo_2021-10-26_15-07-03-768x576.jpg 768w, https:\/\/site.educa.madrid.org\/cp.cristobalcolon.madrid\/\/wp-content\/uploads\/cp.cristobalcolon.madrid\/2021\/10\/photo_2021-10-26_15-07-03.jpg 1280w\" sizes=\"auto, (max-width: 1024px) 100vw, 1024px\" \/><\/figure><\/li><li class=\"blocks-gallery-item\"><figure><img loading=\"lazy\" decoding=\"async\" width=\"1024\" height=\"768\" src=\"https:\/\/site.educa.madrid.org\/cp.cristobalcolon.madrid\/\/wp-content\/uploads\/cp.cristobalcolon.madrid\/2021\/10\/photo_2021-10-26_15-06-59-1024x768.jpg\" alt=\"\" data-id=\"2304\" data-full-url=\"https:\/\/site.educa.madrid.org\/cp.cristobalcolon.madrid\/\/wp-content\/uploads\/cp.cristobalcolon.madrid\/2021\/10\/photo_2021-10-26_15-06-59.jpg\" data-link=\"https:\/\/site.educa.madrid.org\/cp.cristobalcolon.madrid\/index.php\/2021\/10\/26\/dia-de-las-bibliotecas-2021\/photo_2021-10-26_15-06-59\/\" class=\"wp-image-2304\" srcset=\"https:\/\/site.educa.madrid.org\/cp.cristobalcolon.madrid\/\/wp-content\/uploads\/cp.cristobalcolon.madrid\/2021\/10\/photo_2021-10-26_15-06-59-1024x768.jpg 1024w, https:\/\/site.educa.madrid.org\/cp.cristobalcolon.madrid\/\/wp-content\/uploads\/cp.cristobalcolon.madrid\/2021\/10\/photo_2021-10-26_15-06-59-300x225.jpg 300w, https:\/\/site.educa.madrid.org\/cp.cristobalcolon.madrid\/\/wp-content\/uploads\/cp.cristobalcolon.madrid\/2021\/10\/photo_2021-10-26_15-06-59-768x576.jpg 768w, https:\/\/site.educa.madrid.org\/cp.cristobalcolon.madrid\/\/wp-content\/uploads\/cp.cristobalcolon.madrid\/2021\/10\/photo_2021-10-26_15-06-59.jpg 1280w\" sizes=\"auto, (max-width: 1024px) 100vw, 1024px\" \/><\/figure><\/li><\/ul><\/figure>\n\n\n\n<p>Tambi\u00e9n contamos con dos ordenadores donde el alumnado pueden buscar informaci\u00f3n sobre temas que les interesen o realizar trabajos, proyectos, etc.<\/p>\n\n\n\n<p>Adem\u00e1s de todo esto, utilizamos la biblioteca para realizar animaciones a la lectura tras una breve explicaci\u00f3n de las normas de uso de los libros, pr\u00e9stamo y colocaci\u00f3n.<\/p>\n\n\n\n<p>Puedes consultar el cat\u00e1logo de la biblioteca en la web&nbsp;<a rel=\"noreferrer noopener\" href=\"http:\/\/abiesweb.educa.madrid.org\/catalogo\/index?codigo=Catalogo_Fondo\" target=\"_blank\">Abies<\/a>.<\/p>\n\n\n\n<figure class=\"wp-block-gallery columns-2 is-cropped wp-block-gallery-2 is-layout-flex wp-block-gallery-is-layout-flex\"><ul class=\"blocks-gallery-grid\"><li class=\"blocks-gallery-item\"><figure><img loading=\"lazy\" decoding=\"async\" width=\"1024\" height=\"576\" src=\"https:\/\/site.educa.madrid.org\/cp.cristobalcolon.madrid\/\/wp-content\/uploads\/cp.cristobalcolon.madrid\/2020\/09\/animacion-lectora-1-1024x576.jpg\" alt=\"\" data-id=\"1144\" data-full-url=\"https:\/\/site.educa.madrid.org\/cp.cristobalcolon.madrid\/\/wp-content\/uploads\/cp.cristobalcolon.madrid\/2020\/09\/animacion-lectora-1.jpg\" data-link=\"https:\/\/site.educa.madrid.org\/cp.cristobalcolon.madrid\/index.php\/inicio\/proyectos\/biblioteca\/animacion-lectora-1\/\" class=\"wp-image-1144\" srcset=\"https:\/\/site.educa.madrid.org\/cp.cristobalcolon.madrid\/\/wp-content\/uploads\/cp.cristobalcolon.madrid\/2020\/09\/animacion-lectora-1-1024x576.jpg 1024w, https:\/\/site.educa.madrid.org\/cp.cristobalcolon.madrid\/\/wp-content\/uploads\/cp.cristobalcolon.madrid\/2020\/09\/animacion-lectora-1-300x169.jpg 300w, https:\/\/site.educa.madrid.org\/cp.cristobalcolon.madrid\/\/wp-content\/uploads\/cp.cristobalcolon.madrid\/2020\/09\/animacion-lectora-1-768x432.jpg 768w, https:\/\/site.educa.madrid.org\/cp.cristobalcolon.madrid\/\/wp-content\/uploads\/cp.cristobalcolon.madrid\/2020\/09\/animacion-lectora-1.jpg 1328w\" sizes=\"auto, (max-width: 1024px) 100vw, 1024px\" \/><\/figure><\/li><li class=\"blocks-gallery-item\"><figure><img loading=\"lazy\" decoding=\"async\" width=\"1024\" height=\"576\" src=\"https:\/\/site.educa.madrid.org\/cp.cristobalcolon.madrid\/\/wp-content\/uploads\/cp.cristobalcolon.madrid\/2020\/09\/animaci\u00f3n-lectora-2-1024x576.jpg\" alt=\"\" data-id=\"1146\" data-full-url=\"https:\/\/site.educa.madrid.org\/cp.cristobalcolon.madrid\/\/wp-content\/uploads\/cp.cristobalcolon.madrid\/2020\/09\/animaci\u00f3n-lectora-2.jpg\" data-link=\"https:\/\/site.educa.madrid.org\/cp.cristobalcolon.madrid\/index.php\/inicio\/proyectos\/biblioteca\/animacion-lectora-2\/\" class=\"wp-image-1146\" srcset=\"https:\/\/site.educa.madrid.org\/cp.cristobalcolon.madrid\/\/wp-content\/uploads\/cp.cristobalcolon.madrid\/2020\/09\/animaci\u00f3n-lectora-2-1024x576.jpg 1024w, https:\/\/site.educa.madrid.org\/cp.cristobalcolon.madrid\/\/wp-content\/uploads\/cp.cristobalcolon.madrid\/2020\/09\/animaci\u00f3n-lectora-2-300x169.jpg 300w, https:\/\/site.educa.madrid.org\/cp.cristobalcolon.madrid\/\/wp-content\/uploads\/cp.cristobalcolon.madrid\/2020\/09\/animaci\u00f3n-lectora-2-768x432.jpg 768w, https:\/\/site.educa.madrid.org\/cp.cristobalcolon.madrid\/\/wp-content\/uploads\/cp.cristobalcolon.madrid\/2020\/09\/animaci\u00f3n-lectora-2-1536x864.jpg 1536w, https:\/\/site.educa.madrid.org\/cp.cristobalcolon.madrid\/\/wp-content\/uploads\/cp.cristobalcolon.madrid\/2020\/09\/animaci\u00f3n-lectora-2.jpg 1600w\" sizes=\"auto, (max-width: 1024px) 100vw, 1024px\" \/><\/figure><\/li><li class=\"blocks-gallery-item\"><figure><img loading=\"lazy\" decoding=\"async\" width=\"1024\" height=\"768\" src=\"https:\/\/site.educa.madrid.org\/cp.cristobalcolon.madrid\/\/wp-content\/uploads\/cp.cristobalcolon.madrid\/2020\/09\/animacion-lectora-3-1024x768.jpg\" alt=\"\" data-id=\"1145\" data-full-url=\"https:\/\/site.educa.madrid.org\/cp.cristobalcolon.madrid\/\/wp-content\/uploads\/cp.cristobalcolon.madrid\/2020\/09\/animacion-lectora-3.jpg\" data-link=\"https:\/\/site.educa.madrid.org\/cp.cristobalcolon.madrid\/index.php\/inicio\/proyectos\/biblioteca\/animacion-lectora-3\/\" class=\"wp-image-1145\" srcset=\"https:\/\/site.educa.madrid.org\/cp.cristobalcolon.madrid\/\/wp-content\/uploads\/cp.cristobalcolon.madrid\/2020\/09\/animacion-lectora-3-1024x768.jpg 1024w, https:\/\/site.educa.madrid.org\/cp.cristobalcolon.madrid\/\/wp-content\/uploads\/cp.cristobalcolon.madrid\/2020\/09\/animacion-lectora-3-300x225.jpg 300w, https:\/\/site.educa.madrid.org\/cp.cristobalcolon.madrid\/\/wp-content\/uploads\/cp.cristobalcolon.madrid\/2020\/09\/animacion-lectora-3-768x576.jpg 768w, https:\/\/site.educa.madrid.org\/cp.cristobalcolon.madrid\/\/wp-content\/uploads\/cp.cristobalcolon.madrid\/2020\/09\/animacion-lectora-3.jpg 1080w\" sizes=\"auto, (max-width: 1024px) 100vw, 1024px\" \/><\/figure><\/li><\/ul><\/figure>\n","protected":false},"excerpt":{"rendered":"<p>\u00abEl jard\u00edn de los cuentos\u00bb est\u00e1 situada en la segunda planta del edificio de Ed. Primaria. Su finalidad es promover el fomento de la lectura y de la escritura, para &#8230;<\/p>\n","protected":false},"author":2,"featured_media":0,"parent":154,"menu_order":7,"comment_status":"closed","ping_status":"closed","template":"template-fullwidth.php","meta":{"footnotes":""},"folder":[],"class_list":["post-352","page","type-page","status-publish","hentry"],"rttpg_featured_image_url":null,"rttpg_author":{"display_name":"Coordinador TIC CEIP Crist\u00f3bal Col\u00f3n","author_link":"https:\/\/site.educa.madrid.org\/cp.cristobalcolon.madrid\/index.php\/author\/cuenta_tic-cp-cristobalcolon-madrid\/"},"rttpg_comment":0,"rttpg_category":false,"rttpg_excerpt":"\u00abEl jard\u00edn de los cuentos\u00bb est\u00e1 situada en la segunda planta del edificio de Ed. Primaria. Su finalidad es promover el fomento de la lectura y de la escritura, para ...","post_mailing_queue_ids":[],"_links":{"self":[{"href":"https:\/\/site.educa.madrid.org\/cp.cristobalcolon.madrid\/index.php\/wp-json\/wp\/v2\/pages\/352","targetHints":{"allow":["GET"]}}],"collection":[{"href":"https:\/\/site.educa.madrid.org\/cp.cristobalcolon.madrid\/index.php\/wp-json\/wp\/v2\/pages"}],"about":[{"href":"https:\/\/site.educa.madrid.org\/cp.cristobalcolon.madrid\/index.php\/wp-json\/wp\/v2\/types\/page"}],"author":[{"embeddable":true,"href":"https:\/\/site.educa.madrid.org\/cp.cristobalcolon.madrid\/index.php\/wp-json\/wp\/v2\/users\/2"}],"replies":[{"embeddable":true,"href":"https:\/\/site.educa.madrid.org\/cp.cristobalcolon.madrid\/index.php\/wp-json\/wp\/v2\/comments?post=352"}],"version-history":[{"count":5,"href":"https:\/\/site.educa.madrid.org\/cp.cristobalcolon.madrid\/index.php\/wp-json\/wp\/v2\/pages\/352\/revisions"}],"predecessor-version":[{"id":2311,"href":"https:\/\/site.educa.madrid.org\/cp.cristobalcolon.madrid\/index.php\/wp-json\/wp\/v2\/pages\/352\/revisions\/2311"}],"up":[{"embeddable":true,"href":"https:\/\/site.educa.madrid.org\/cp.cristobalcolon.madrid\/index.php\/wp-json\/wp\/v2\/pages\/154"}],"wp:attachment":[{"href":"https:\/\/site.educa.madrid.org\/cp.cristobalcolon.madrid\/index.php\/wp-json\/wp\/v2\/media?parent=352"}],"wp:term":[{"taxonomy":"folder","embeddable":true,"href":"https:\/\/site.educa.madrid.org\/cp.cristobalcolon.madrid\/index.php\/wp-json\/wp\/v2\/folder?post=352"}],"curies":[{"name":"wp","href":"https:\/\/api.w.org\/{rel}","templated":true}]}}