{"id":354,"date":"2020-07-09T21:15:59","date_gmt":"2020-07-09T21:15:59","guid":{"rendered":"https:\/\/site.educa.madrid.org\/cp.cristobalcolon.madrid\/?page_id=354"},"modified":"2020-07-13T19:15:29","modified_gmt":"2020-07-13T19:15:29","slug":"religion","status":"publish","type":"page","link":"https:\/\/site.educa.madrid.org\/cp.cristobalcolon.madrid\/index.php\/proyectos\/religion\/","title":{"rendered":"Religi\u00f3n"},"content":{"rendered":"\n<p>Desde el departamento de religi\u00f3n queremos hacer algunas consideraciones a nuestras familias, que creemos pueden ayudar a la hora de escoger libremente la clase de Religi\u00f3n:<\/p>\n\n\n\n<ul class=\"wp-block-list\"><li><strong>Libertad de elecci\u00f3n<\/strong>: Eligiendo esta asignatura puedes conocer mejor el sentido de la vida, el origen del arte y la cultura, el valor de cada ser humano.<\/li><li><strong>Una visi\u00f3n plural de la sociedad<\/strong>: Es una asignatura para debatir, dialogar sobre nuestra sociedad y sus valores, sobre las grandes preguntas de la persona humana, sobre c\u00f3mo construir un mundo mejor. Tiempo para comprender y dialogar con todos y ofrecer respuestas.<\/li><li><strong>No mide tu fe sino tus conocimientos<\/strong>: En religi\u00f3n no se te pregunta por tus creencias, sino sobre el contenido de la asignatura impartida. El respeto a la libertad de cada alumno es total, porque la fe es un acto de la libertad de la persona.<\/li><li><strong>Fomenta el respeto y la tolerancia<\/strong>: La clase de religi\u00f3n te ayuda a conocer la persona, su valor y dignidad. Por eso fomenta la solidaridad, la tolerancia, el respeto, el compromiso, la opci\u00f3n por los m\u00e1s necesitados, la lucha por la justicia&#8230;<\/li><li><strong>Aporta valores humanos esenciales:<\/strong> Jes\u00fas de Nazaret nos dej\u00f3 un estilo de vida que merece la pena conocer. Nos ense\u00f1\u00f3 a ser personas que buscan el bien, la verdad y la belleza a trav\u00e9s de las relaciones con los dem\u00e1s.<\/li><li><strong>Ayuda a comprender el mundo en el que vivimos<\/strong>: Las tensiones en Oriente Medio, el liderazgo del Papa Francisco, la necesidad del cuidado de la naturaleza, la preocupaci\u00f3n por los m\u00e1s d\u00e9biles, &#8230;<\/li><\/ul>\n\n\n\n<p>El\u00a0<strong>plazo de inscripci\u00f3n<\/strong>\u00a0es durante todo el mes de septiembre.<\/p>\n","protected":false},"excerpt":{"rendered":"<p>Desde el departamento de religi\u00f3n queremos hacer algunas consideraciones a nuestras familias, que creemos pueden ayudar a la hora de escoger libremente la clase de Religi\u00f3n: Libertad de elecci\u00f3n: Eligiendo &#8230;<\/p>\n","protected":false},"author":2,"featured_media":0,"parent":154,"menu_order":9,"comment_status":"closed","ping_status":"closed","template":"template-fullwidth.php","meta":{"footnotes":""},"folder":[],"class_list":["post-354","page","type-page","status-publish","hentry"],"rttpg_featured_image_url":null,"rttpg_author":{"display_name":"Coordinador TIC CEIP Crist\u00f3bal Col\u00f3n","author_link":"https:\/\/site.educa.madrid.org\/cp.cristobalcolon.madrid\/index.php\/author\/cuenta_tic-cp-cristobalcolon-madrid\/"},"rttpg_comment":0,"rttpg_category":false,"rttpg_excerpt":"Desde el departamento de religi\u00f3n queremos hacer algunas consideraciones a nuestras familias, que creemos pueden ayudar a la hora de escoger libremente la clase de Religi\u00f3n: Libertad de elecci\u00f3n: Eligiendo ...","post_mailing_queue_ids":[],"_links":{"self":[{"href":"https:\/\/site.educa.madrid.org\/cp.cristobalcolon.madrid\/index.php\/wp-json\/wp\/v2\/pages\/354","targetHints":{"allow":["GET"]}}],"collection":[{"href":"https:\/\/site.educa.madrid.org\/cp.cristobalcolon.madrid\/index.php\/wp-json\/wp\/v2\/pages"}],"about":[{"href":"https:\/\/site.educa.madrid.org\/cp.cristobalcolon.madrid\/index.php\/wp-json\/wp\/v2\/types\/page"}],"author":[{"embeddable":true,"href":"https:\/\/site.educa.madrid.org\/cp.cristobalcolon.madrid\/index.php\/wp-json\/wp\/v2\/users\/2"}],"replies":[{"embeddable":true,"href":"https:\/\/site.educa.madrid.org\/cp.cristobalcolon.madrid\/index.php\/wp-json\/wp\/v2\/comments?post=354"}],"version-history":[{"count":2,"href":"https:\/\/site.educa.madrid.org\/cp.cristobalcolon.madrid\/index.php\/wp-json\/wp\/v2\/pages\/354\/revisions"}],"predecessor-version":[{"id":510,"href":"https:\/\/site.educa.madrid.org\/cp.cristobalcolon.madrid\/index.php\/wp-json\/wp\/v2\/pages\/354\/revisions\/510"}],"up":[{"embeddable":true,"href":"https:\/\/site.educa.madrid.org\/cp.cristobalcolon.madrid\/index.php\/wp-json\/wp\/v2\/pages\/154"}],"wp:attachment":[{"href":"https:\/\/site.educa.madrid.org\/cp.cristobalcolon.madrid\/index.php\/wp-json\/wp\/v2\/media?parent=354"}],"wp:term":[{"taxonomy":"folder","embeddable":true,"href":"https:\/\/site.educa.madrid.org\/cp.cristobalcolon.madrid\/index.php\/wp-json\/wp\/v2\/folder?post=354"}],"curies":[{"name":"wp","href":"https:\/\/api.w.org\/{rel}","templated":true}]}}