{"id":4882,"date":"2024-01-26T11:21:11","date_gmt":"2024-01-26T10:21:11","guid":{"rendered":"https:\/\/site.educa.madrid.org\/cp.cristobalcolon.madrid\/?page_id=4882"},"modified":"2024-01-28T22:30:46","modified_gmt":"2024-01-28T21:30:46","slug":"educacion-infantil","status":"publish","type":"page","link":"https:\/\/site.educa.madrid.org\/cp.cristobalcolon.madrid\/index.php\/educacion-infantil\/","title":{"rendered":"Educaci\u00f3n Infantil"},"content":{"rendered":"\n<p><strong>Objetivos generales de la etapa<\/strong><\/p>\n\n\n\n<p>La Educaci\u00f3n Infantil contribuir\u00e1 a desarrollar en los ni\u00f1os las capacidades que les permitan:<br>a) Conocer su propio cuerpo y el de los otros, as\u00ed como sus posibilidades de acci\u00f3n, y aprender a respetar las diferencias. Adquirir una imagen ajustada de s\u00ed mismos.<br>b) Observar y explorar su entorno familiar, natural y social.<br>c) Iniciarse en el conocimiento de las ciencias.<br>d) Adquirir progresivamente autonom\u00eda en sus actividades habituales.<br>e) Desarrollar capacidades relacionadas con emociones y afectos.<br>f) Relacionarse con los dem\u00e1s en igualdad y adquirir pautas de convivencia y de relaci\u00f3n, as\u00ed como aprender a ponerse en el lugar del otro y la resoluci\u00f3n de conflictos, evitando cualquier tipo de violencia.<br>g) Desarrollar habilidades comunicativas en diferentes lenguajes y formas de expresi\u00f3n.<br>h) Aproximarse e iniciar el aprendizaje de una lengua extranjera.<br>i) Iniciarse en las habilidades l\u00f3gico-matem\u00e1ticas, en la lectura y la escritura, y en el<br>movimiento, el gesto y el ritmo.<br>j) Promover y desarrollar las normas sociales que fomentan la igualdad entre hombres y mujeres.<\/p>\n\n\n\n<figure class=\"wp-block-image size-large\"><img loading=\"lazy\" decoding=\"async\" width=\"1024\" height=\"768\" src=\"https:\/\/site.educa.madrid.org\/cp.cristobalcolon.madrid\/\/wp-content\/uploads\/cp.cristobalcolon.madrid\/2024\/01\/photo_2024-01-26_11-15-59-1024x768.jpg\" alt=\"\" class=\"wp-image-4884\" srcset=\"https:\/\/site.educa.madrid.org\/cp.cristobalcolon.madrid\/\/wp-content\/uploads\/cp.cristobalcolon.madrid\/2024\/01\/photo_2024-01-26_11-15-59-1024x768.jpg 1024w, https:\/\/site.educa.madrid.org\/cp.cristobalcolon.madrid\/\/wp-content\/uploads\/cp.cristobalcolon.madrid\/2024\/01\/photo_2024-01-26_11-15-59-300x225.jpg 300w, https:\/\/site.educa.madrid.org\/cp.cristobalcolon.madrid\/\/wp-content\/uploads\/cp.cristobalcolon.madrid\/2024\/01\/photo_2024-01-26_11-15-59-768x576.jpg 768w, https:\/\/site.educa.madrid.org\/cp.cristobalcolon.madrid\/\/wp-content\/uploads\/cp.cristobalcolon.madrid\/2024\/01\/photo_2024-01-26_11-15-59.jpg 1280w\" sizes=\"auto, (max-width: 1024px) 100vw, 1024px\" \/><\/figure>\n\n\n\n<p><\/p>\n\n\n\n<p><strong>Competencias clave:<\/strong><\/p>\n\n\n\n<p>Las competencias clave, a los efectos de este decreto, son las siguientes:<br>a) Competencia en comunicaci\u00f3n ling\u00fc\u00edstica.<br>b) Competencia pluriling\u00fce.<br>c) Competencia matem\u00e1tica y competencia en ciencia y tecnolog\u00eda.<br>d) Competencia digital.<br>e) Competencia personal, social y de aprender a aprender.<br>f) Competencia ciudadana.<br>g) Competencia creativa.<br>h) Competencia cultural.<\/p>\n\n\n\n<p><strong>\u00c1reas<\/strong><\/p>\n\n\n\n<p>Los contenidos educativos de la Educaci\u00f3n Infantil se organizan en \u00e1reas correspondientes a \u00e1mbitos de la experiencia intr\u00ednsecamente relacionados entre s\u00ed. Se abordar\u00e1n por medio de propuestas de aprendizaje que tengan inter\u00e9s y significado para el alumnado y ayuden a establecer relaciones entre todos los elementos que las conforman.<\/p>\n\n\n\n<p>Las \u00e1reas de Educaci\u00f3n Infantil son las siguientes:<br>a) Crecimiento en armon\u00eda.<br>b) Descubrimiento y exploraci\u00f3n del entorno.<br>c) Comunicaci\u00f3n y representaci\u00f3n de la realidad.<\/p>\n\n\n\n<p><strong>Contenidos transversales<\/strong><\/p>\n\n\n\n<ol class=\"wp-block-list\">\n<li>Con el objetivo de sentar las bases del ejercicio de la democracia, se integrar\u00e1n de manera transversal y de acuerdo a su desarrollo madurativo, contenidos que favorezcan la educaci\u00f3n en valores, respeto mutuo, la empat\u00eda, la igualdad, la libertad y el rechazo a cualquier tipo de violencia.<\/li>\n\n\n\n<li>De igual modo, se favorecer\u00e1 la identificaci\u00f3n de hechos sociales relativos a la propia cultura, a las costumbres de la Comunidad de Madrid, as\u00ed como la adquisici\u00f3n de valores y pr\u00e1cticas relacionadas con el cuidado del medio ambiente.<\/li>\n\n\n\n<li>Se propondr\u00e1n experiencias que favorezcan reconocer y gestionar las emociones.<\/li>\n\n\n\n<li>De igual manera, y como medio para incentivar el pensamiento estrat\u00e9gico, valiente, cr\u00edtico y constructivo, se fomentar\u00e1 la curiosidad, la fantas\u00eda, la iniciativa, la imaginaci\u00f3n, la creatividad y la indagaci\u00f3n.<\/li>\n\n\n\n<li>En este marco, se incrementar\u00e1 la iniciativa del alumnado para incorporar en sus pr\u00e1cticas cotidianas los h\u00e1bitos saludables que contribuyan al cuidado de su propio cuerpo, la prevenci\u00f3n de accidentes y la educaci\u00f3n vial.<\/li>\n<\/ol>\n\n\n\n<p><strong>Atenci\u00f3n a las diferencias individuales<\/strong><\/p>\n\n\n\n<p>La intervenci\u00f3n educativa en esta etapa contemplar\u00e1 la atenci\u00f3n individualizada y la atenci\u00f3n a la diversidad del alumnado, con el objetivo de garantizar la equidad y la inclusi\u00f3n. Para ello, se adaptar\u00e1 la pr\u00e1ctica educativa a las caracter\u00edsticas personales, ritmo, proceso de maduraci\u00f3n, intereses y estilo de aprendizaje de los alumnos.<\/p>\n\n\n\n<p>El equipo docente identificar\u00e1 aquellos indicadores que puedan tener incidencia en la evoluci\u00f3n escolar, al objeto de una detecci\u00f3n precoz de necesidades educativas espec\u00edficas y se tomar\u00e1n las decisiones que correspondan.<\/p>\n\n\n\n<p>Los centros docentes adoptar\u00e1n las medidas de apoyo educativo, organizativas y curriculares, que mejor se adapten a este alumnado y que favorezcan una intervenci\u00f3n precoz con el objeto de contribuir al desarrollo de la personalidad.<\/p>\n\n\n\n<p>Se favorecer\u00e1 la flexibilizaci\u00f3n de diferentes metodolog\u00edas en la ense\u00f1anza en lengua extranjera, especialmente con aquel alumnado que presente dificultades en su comprensi\u00f3n y expresi\u00f3n.<\/p>\n\n\n\n<p><strong>Nuestra metodolog\u00eda<\/strong><\/p>\n\n\n\n<div style=\"width: 100%;\"><div style=\"position: relative; padding-bottom: 50%; padding-top: 0; height: 0;\"><iframe loading=\"lazy\" title=\"Metodolog\u00eda Ed. Infantil\" frameborder=\"0\" width=\"1600px\" height=\"800px\" style=\"position: absolute; top: 0; left: 0; width: 100%; height: 100%;\" src=\"https:\/\/view.genial.ly\/6218af52d8b72400110ea575\" type=\"text\/html\" allowscriptaccess=\"always\" allowfullscreen=\"true\" scrolling=\"yes\" allownetworking=\"all\"><\/iframe> <\/div> <\/div>\n","protected":false},"excerpt":{"rendered":"<p>Objetivos generales de la etapa La Educaci\u00f3n Infantil contribuir\u00e1 a desarrollar en los ni\u00f1os las capacidades que les permitan:a) Conocer su propio cuerpo y el de los otros, as\u00ed como &#8230;<\/p>\n","protected":false},"author":3,"featured_media":0,"parent":0,"menu_order":0,"comment_status":"closed","ping_status":"closed","template":"template-fullwidth.php","meta":{"footnotes":""},"folder":[],"class_list":["post-4882","page","type-page","status-publish","hentry"],"rttpg_featured_image_url":null,"rttpg_author":{"display_name":"cp.cristobalcolon.madrid","author_link":"https:\/\/site.educa.madrid.org\/cp.cristobalcolon.madrid\/index.php\/author\/cuenta_cp-cristobalcolon-madrid\/"},"rttpg_comment":0,"rttpg_category":false,"rttpg_excerpt":"Objetivos generales de la etapa La Educaci\u00f3n Infantil contribuir\u00e1 a desarrollar en los ni\u00f1os las capacidades que les permitan:a) Conocer su propio cuerpo y el de los otros, as\u00ed como ...","post_mailing_queue_ids":[],"_links":{"self":[{"href":"https:\/\/site.educa.madrid.org\/cp.cristobalcolon.madrid\/index.php\/wp-json\/wp\/v2\/pages\/4882","targetHints":{"allow":["GET"]}}],"collection":[{"href":"https:\/\/site.educa.madrid.org\/cp.cristobalcolon.madrid\/index.php\/wp-json\/wp\/v2\/pages"}],"about":[{"href":"https:\/\/site.educa.madrid.org\/cp.cristobalcolon.madrid\/index.php\/wp-json\/wp\/v2\/types\/page"}],"author":[{"embeddable":true,"href":"https:\/\/site.educa.madrid.org\/cp.cristobalcolon.madrid\/index.php\/wp-json\/wp\/v2\/users\/3"}],"replies":[{"embeddable":true,"href":"https:\/\/site.educa.madrid.org\/cp.cristobalcolon.madrid\/index.php\/wp-json\/wp\/v2\/comments?post=4882"}],"version-history":[{"count":3,"href":"https:\/\/site.educa.madrid.org\/cp.cristobalcolon.madrid\/index.php\/wp-json\/wp\/v2\/pages\/4882\/revisions"}],"predecessor-version":[{"id":4911,"href":"https:\/\/site.educa.madrid.org\/cp.cristobalcolon.madrid\/index.php\/wp-json\/wp\/v2\/pages\/4882\/revisions\/4911"}],"wp:attachment":[{"href":"https:\/\/site.educa.madrid.org\/cp.cristobalcolon.madrid\/index.php\/wp-json\/wp\/v2\/media?parent=4882"}],"wp:term":[{"taxonomy":"folder","embeddable":true,"href":"https:\/\/site.educa.madrid.org\/cp.cristobalcolon.madrid\/index.php\/wp-json\/wp\/v2\/folder?post=4882"}],"curies":[{"name":"wp","href":"https:\/\/api.w.org\/{rel}","templated":true}]}}