{"id":512,"date":"2020-07-13T19:35:58","date_gmt":"2020-07-13T19:35:58","guid":{"rendered":"https:\/\/site.educa.madrid.org\/cp.cristobalcolon.madrid\/?page_id=512"},"modified":"2025-02-11T12:48:20","modified_gmt":"2025-02-11T11:48:20","slug":"centro-referente-unicef","status":"publish","type":"page","link":"https:\/\/site.educa.madrid.org\/cp.cristobalcolon.madrid\/index.php\/centro-referente-unicef\/","title":{"rendered":"Centro Referente en Educaci\u00f3n en Derechos de la Infancia y Ciudadan\u00eda Global"},"content":{"rendered":"\n<h2 class=\"wp-block-heading\">Renovamos nuestra acreditaci\u00f3n hasta 2026<\/h2>\n\n\n\n<p>Estamos muy satisfechos porque renovamos nuestra acreditaci\u00f3n hasta 2026, fruto del trabajo que realizamos cada d\u00eda con nuestro alumnado. A continuaci\u00f3n pod\u00e9is ver el diploma acreditativo.<\/p>\n\n\n\n<figure class=\"wp-block-image size-large\"><a href=\"https:\/\/www.unicef.es\/educa\/centros-referentes-listado\"><img loading=\"lazy\" decoding=\"async\" width=\"1024\" height=\"724\" src=\"https:\/\/site.educa.madrid.org\/cp.cristobalcolon.madrid\/\/wp-content\/uploads\/cp.cristobalcolon.madrid\/2024\/12\/Diploma-1024x724.png\" alt=\"\" class=\"wp-image-5657\" srcset=\"https:\/\/site.educa.madrid.org\/cp.cristobalcolon.madrid\/\/wp-content\/uploads\/cp.cristobalcolon.madrid\/2024\/12\/Diploma-1024x724.png 1024w, https:\/\/site.educa.madrid.org\/cp.cristobalcolon.madrid\/\/wp-content\/uploads\/cp.cristobalcolon.madrid\/2024\/12\/Diploma-300x212.png 300w, https:\/\/site.educa.madrid.org\/cp.cristobalcolon.madrid\/\/wp-content\/uploads\/cp.cristobalcolon.madrid\/2024\/12\/Diploma-768x543.png 768w, https:\/\/site.educa.madrid.org\/cp.cristobalcolon.madrid\/\/wp-content\/uploads\/cp.cristobalcolon.madrid\/2024\/12\/Diploma-1536x1086.png 1536w, https:\/\/site.educa.madrid.org\/cp.cristobalcolon.madrid\/\/wp-content\/uploads\/cp.cristobalcolon.madrid\/2024\/12\/Diploma-2048x1448.png 2048w\" sizes=\"auto, (max-width: 1024px) 100vw, 1024px\" \/><\/a><\/figure>\n\n\n\n<figure class=\"wp-block-gallery has-nested-images columns-default is-cropped wp-block-gallery-1 is-layout-flex wp-block-gallery-is-layout-flex\">\n<figure class=\"wp-block-image size-large\"><img loading=\"lazy\" decoding=\"async\" width=\"1024\" height=\"683\" data-id=\"5660\" src=\"https:\/\/site.educa.madrid.org\/cp.cristobalcolon.madrid\/\/wp-content\/uploads\/cp.cristobalcolon.madrid\/2024\/12\/MG_5292-1024x683.jpg\" alt=\"\" class=\"wp-image-5660\" srcset=\"https:\/\/site.educa.madrid.org\/cp.cristobalcolon.madrid\/\/wp-content\/uploads\/cp.cristobalcolon.madrid\/2024\/12\/MG_5292-1024x683.jpg 1024w, https:\/\/site.educa.madrid.org\/cp.cristobalcolon.madrid\/\/wp-content\/uploads\/cp.cristobalcolon.madrid\/2024\/12\/MG_5292-300x200.jpg 300w, https:\/\/site.educa.madrid.org\/cp.cristobalcolon.madrid\/\/wp-content\/uploads\/cp.cristobalcolon.madrid\/2024\/12\/MG_5292-768x512.jpg 768w, https:\/\/site.educa.madrid.org\/cp.cristobalcolon.madrid\/\/wp-content\/uploads\/cp.cristobalcolon.madrid\/2024\/12\/MG_5292-391x260.jpg 391w, https:\/\/site.educa.madrid.org\/cp.cristobalcolon.madrid\/\/wp-content\/uploads\/cp.cristobalcolon.madrid\/2024\/12\/MG_5292-1536x1024.jpg 1536w, https:\/\/site.educa.madrid.org\/cp.cristobalcolon.madrid\/\/wp-content\/uploads\/cp.cristobalcolon.madrid\/2024\/12\/MG_5292-2048x1365.jpg 2048w, https:\/\/site.educa.madrid.org\/cp.cristobalcolon.madrid\/\/wp-content\/uploads\/cp.cristobalcolon.madrid\/2024\/12\/MG_5292-272x182.jpg 272w\" sizes=\"auto, (max-width: 1024px) 100vw, 1024px\" \/><\/figure>\n\n\n\n<figure class=\"wp-block-image size-large\"><img loading=\"lazy\" decoding=\"async\" width=\"1024\" height=\"683\" data-id=\"5661\" src=\"https:\/\/site.educa.madrid.org\/cp.cristobalcolon.madrid\/\/wp-content\/uploads\/cp.cristobalcolon.madrid\/2024\/12\/Fotografia-grupal-1024x683.jpg\" alt=\"\" class=\"wp-image-5661\" srcset=\"https:\/\/site.educa.madrid.org\/cp.cristobalcolon.madrid\/\/wp-content\/uploads\/cp.cristobalcolon.madrid\/2024\/12\/Fotografia-grupal-1024x683.jpg 1024w, https:\/\/site.educa.madrid.org\/cp.cristobalcolon.madrid\/\/wp-content\/uploads\/cp.cristobalcolon.madrid\/2024\/12\/Fotografia-grupal-300x200.jpg 300w, https:\/\/site.educa.madrid.org\/cp.cristobalcolon.madrid\/\/wp-content\/uploads\/cp.cristobalcolon.madrid\/2024\/12\/Fotografia-grupal-768x512.jpg 768w, https:\/\/site.educa.madrid.org\/cp.cristobalcolon.madrid\/\/wp-content\/uploads\/cp.cristobalcolon.madrid\/2024\/12\/Fotografia-grupal-391x260.jpg 391w, https:\/\/site.educa.madrid.org\/cp.cristobalcolon.madrid\/\/wp-content\/uploads\/cp.cristobalcolon.madrid\/2024\/12\/Fotografia-grupal-1536x1024.jpg 1536w, https:\/\/site.educa.madrid.org\/cp.cristobalcolon.madrid\/\/wp-content\/uploads\/cp.cristobalcolon.madrid\/2024\/12\/Fotografia-grupal-2048x1365.jpg 2048w, https:\/\/site.educa.madrid.org\/cp.cristobalcolon.madrid\/\/wp-content\/uploads\/cp.cristobalcolon.madrid\/2024\/12\/Fotografia-grupal-272x182.jpg 272w\" sizes=\"auto, (max-width: 1024px) 100vw, 1024px\" \/><\/figure>\n<\/figure>\n\n\n\n<p>Fotos del acto de entrega, el 3\/12\/2024<\/p>\n\n\n\n<h2 class=\"wp-block-heading\">\u00a1Lo logramos! UNICEF nos acredita como centro referente nivel EXCELENTE.<\/h2>\n\n\n\n<p>Tal y como venimos <a rel=\"noreferrer noopener\" href=\"https:\/\/site.educa.madrid.org\/cp.cristobalcolon.madrid\/index.php\/2021\/10\/20\/actualizamos-proyecto-educativo\/\" target=\"_blank\">anunciando desde finales del curso pasado<\/a>, el colegio ha estado trabajando para obtener e<strong>l reconocimiento de UNICEF como centro referente en Derechos de la Infancia y ciudadan\u00eda global<\/strong>. Para ello, hemos puesto en marcha una serie de actuaciones que buscan: <strong>integrar los derechos de la infancia en nuestras aulas<\/strong>, promoviendo, adem\u00e1s del conocimiento de estos, la<strong>&nbsp;participaci\u00f3n infantil<\/strong>, la&nbsp;<strong>protecci\u00f3n de los menores<\/strong>&nbsp;y la&nbsp;<strong>mejora del clima escolar<\/strong>.<\/p>\n\n\n\n<figure class=\"wp-block-image size-large\"><img loading=\"lazy\" decoding=\"async\" width=\"1024\" height=\"724\" src=\"https:\/\/site.educa.madrid.org\/cp.cristobalcolon.madrid\/\/wp-content\/uploads\/cp.cristobalcolon.madrid\/2022\/10\/MAD_DIP_CEIP-Cristo\u2560ubal-Colo\u2560un_1-1024x724.jpg\" alt=\"Acreditaci\u00f3n como centro referente\" class=\"wp-image-3576\" srcset=\"https:\/\/site.educa.madrid.org\/cp.cristobalcolon.madrid\/\/wp-content\/uploads\/cp.cristobalcolon.madrid\/2022\/10\/MAD_DIP_CEIP-Cristo\u2560ubal-Colo\u2560un_1-1024x724.jpg 1024w, https:\/\/site.educa.madrid.org\/cp.cristobalcolon.madrid\/\/wp-content\/uploads\/cp.cristobalcolon.madrid\/2022\/10\/MAD_DIP_CEIP-Cristo\u2560ubal-Colo\u2560un_1-300x212.jpg 300w, https:\/\/site.educa.madrid.org\/cp.cristobalcolon.madrid\/\/wp-content\/uploads\/cp.cristobalcolon.madrid\/2022\/10\/MAD_DIP_CEIP-Cristo\u2560ubal-Colo\u2560un_1-768x543.jpg 768w, https:\/\/site.educa.madrid.org\/cp.cristobalcolon.madrid\/\/wp-content\/uploads\/cp.cristobalcolon.madrid\/2022\/10\/MAD_DIP_CEIP-Cristo\u2560ubal-Colo\u2560un_1.jpg 1123w\" sizes=\"auto, (max-width: 1024px) 100vw, 1024px\" \/><\/figure>\n\n\n\n<p>Tras un enorme esfuerzo, podemos darnos por satisfechos, puesto que<strong> lo hemos conseguido<\/strong>. <strong>UNICEF <\/strong><a rel=\"noreferrer noopener\" href=\"https:\/\/www.unicef.es\/educa\/ideas\/reconocimiento-185-centros-referentes\" target=\"_blank\">nos ha reconocido<\/a> con <strong>nivel EXCELENTE en la Convocatoria 2021-2022<\/strong>. Este reconocimiento ser\u00e1 v\u00e1lido durante dos cursos escolares y nos compromete a seguir trabajando para involucrando con toda la comunidad educativa en una transformaci\u00f3n real que busca <strong>mejorar la vida de la infancia<\/strong>.<\/p>\n\n\n\n<figure class=\"wp-block-gallery has-nested-images columns-default is-cropped wp-block-gallery-2 is-layout-flex wp-block-gallery-is-layout-flex\">\n<figure class=\"wp-block-image size-large\"><img loading=\"lazy\" decoding=\"async\" width=\"1024\" height=\"683\" data-id=\"3796\" src=\"https:\/\/site.educa.madrid.org\/cp.cristobalcolon.madrid\/\/wp-content\/uploads\/cp.cristobalcolon.madrid\/2022\/12\/MG_3620-1024x683.jpg\" alt=\"\" class=\"wp-image-3796\" srcset=\"https:\/\/site.educa.madrid.org\/cp.cristobalcolon.madrid\/\/wp-content\/uploads\/cp.cristobalcolon.madrid\/2022\/12\/MG_3620-1024x683.jpg 1024w, https:\/\/site.educa.madrid.org\/cp.cristobalcolon.madrid\/\/wp-content\/uploads\/cp.cristobalcolon.madrid\/2022\/12\/MG_3620-300x200.jpg 300w, https:\/\/site.educa.madrid.org\/cp.cristobalcolon.madrid\/\/wp-content\/uploads\/cp.cristobalcolon.madrid\/2022\/12\/MG_3620-768x512.jpg 768w, https:\/\/site.educa.madrid.org\/cp.cristobalcolon.madrid\/\/wp-content\/uploads\/cp.cristobalcolon.madrid\/2022\/12\/MG_3620-391x260.jpg 391w, https:\/\/site.educa.madrid.org\/cp.cristobalcolon.madrid\/\/wp-content\/uploads\/cp.cristobalcolon.madrid\/2022\/12\/MG_3620-1536x1024.jpg 1536w, https:\/\/site.educa.madrid.org\/cp.cristobalcolon.madrid\/\/wp-content\/uploads\/cp.cristobalcolon.madrid\/2022\/12\/MG_3620-2048x1365.jpg 2048w, https:\/\/site.educa.madrid.org\/cp.cristobalcolon.madrid\/\/wp-content\/uploads\/cp.cristobalcolon.madrid\/2022\/12\/MG_3620-272x182.jpg 272w\" sizes=\"auto, (max-width: 1024px) 100vw, 1024px\" \/><\/figure>\n\n\n\n<figure class=\"wp-block-image size-large\"><img loading=\"lazy\" decoding=\"async\" width=\"1024\" height=\"683\" data-id=\"3797\" src=\"https:\/\/site.educa.madrid.org\/cp.cristobalcolon.madrid\/\/wp-content\/uploads\/cp.cristobalcolon.madrid\/2022\/12\/IMG_3729-1024x683.jpg\" alt=\"\" class=\"wp-image-3797\" srcset=\"https:\/\/site.educa.madrid.org\/cp.cristobalcolon.madrid\/\/wp-content\/uploads\/cp.cristobalcolon.madrid\/2022\/12\/IMG_3729-1024x683.jpg 1024w, https:\/\/site.educa.madrid.org\/cp.cristobalcolon.madrid\/\/wp-content\/uploads\/cp.cristobalcolon.madrid\/2022\/12\/IMG_3729-300x200.jpg 300w, https:\/\/site.educa.madrid.org\/cp.cristobalcolon.madrid\/\/wp-content\/uploads\/cp.cristobalcolon.madrid\/2022\/12\/IMG_3729-768x512.jpg 768w, https:\/\/site.educa.madrid.org\/cp.cristobalcolon.madrid\/\/wp-content\/uploads\/cp.cristobalcolon.madrid\/2022\/12\/IMG_3729-391x260.jpg 391w, https:\/\/site.educa.madrid.org\/cp.cristobalcolon.madrid\/\/wp-content\/uploads\/cp.cristobalcolon.madrid\/2022\/12\/IMG_3729-1536x1024.jpg 1536w, https:\/\/site.educa.madrid.org\/cp.cristobalcolon.madrid\/\/wp-content\/uploads\/cp.cristobalcolon.madrid\/2022\/12\/IMG_3729-2048x1365.jpg 2048w, https:\/\/site.educa.madrid.org\/cp.cristobalcolon.madrid\/\/wp-content\/uploads\/cp.cristobalcolon.madrid\/2022\/12\/IMG_3729-272x182.jpg 272w\" sizes=\"auto, (max-width: 1024px) 100vw, 1024px\" \/><\/figure>\n<figcaption class=\"blocks-gallery-caption wp-element-caption\">Entrega del reconocimiento al CEIP Crist\u00f3bal Col\u00f3n a cargo de Ignacio Mart\u00edn, Director General de Educaci\u00f3n Infantil, Primaria y Especial de la Consejer\u00eda de Educaci\u00f3n de la Comunidad de Madrid.  <\/figcaption><\/figure>\n\n\n\n<figure class=\"wp-block-image size-large\"><a href=\"https:\/\/www.unicef.es\/educa\/centros-referentes\" target=\"_blank\" rel=\"noopener\"><img loading=\"lazy\" decoding=\"async\" width=\"1024\" height=\"536\" src=\"https:\/\/site.educa.madrid.org\/cp.cristobalcolon.madrid\/\/wp-content\/uploads\/cp.cristobalcolon.madrid\/2021\/12\/image-1024x536.png\" alt=\"\" class=\"wp-image-2446\" srcset=\"https:\/\/site.educa.madrid.org\/cp.cristobalcolon.madrid\/\/wp-content\/uploads\/cp.cristobalcolon.madrid\/2021\/12\/image-1024x536.png 1024w, https:\/\/site.educa.madrid.org\/cp.cristobalcolon.madrid\/\/wp-content\/uploads\/cp.cristobalcolon.madrid\/2021\/12\/image-300x157.png 300w, https:\/\/site.educa.madrid.org\/cp.cristobalcolon.madrid\/\/wp-content\/uploads\/cp.cristobalcolon.madrid\/2021\/12\/image-768x402.png 768w, https:\/\/site.educa.madrid.org\/cp.cristobalcolon.madrid\/\/wp-content\/uploads\/cp.cristobalcolon.madrid\/2021\/12\/image.png 1245w\" sizes=\"auto, (max-width: 1024px) 100vw, 1024px\" \/><\/a><\/figure>\n\n\n\n<div style=\"height:40px\" aria-hidden=\"true\" class=\"wp-block-spacer\"><\/div>\n\n\n\n<h2 class=\"wp-block-heading\">Pero antes de este reconocimiento fuimos Escuela Amiga.<br>\u00bfQu\u00e9 significa ser Escuela Amiga de UNICEF?<\/h2>\n\n\n\n<p>Seg\u00fan la&nbsp;<a href=\"https:\/\/www.unicef.es\/educa\/centros-educativos\/escuelas-amigas\" target=\"_blank\" rel=\"noreferrer noopener\">propia web de UNICEF<\/a>,&nbsp;<em>\u00abDesde 2006, las Escuelas Amigas de UNICEF se han volcado en el apoyo a diversos proyectos de UNICEF, ya fueran emergencias, como los terremotos de Hait\u00ed o Nepal, o programas de cooperaci\u00f3n, como el que UNICEF desarrolla en N\u00edger. Gracias al compromiso de estos centros educativos, miles de ni\u00f1os y ni\u00f1as han visto garantizados su derechos fundamentales en situaciones especialmente complicadas.\u00bb<\/em><\/p>\n\n\n\n<p>En nuestro caso,&nbsp;<strong>hemos colaborado y colaboramos<\/strong>&nbsp;con la campa\u00f1a&nbsp;<strong>\u00abGotas para N\u00edger\u00bb<\/strong>&nbsp;con las 5 ediciones que hemos celebrado de nuestra carrera solidaria:<\/p>\n\n\n\n<figure class=\"wp-block-image size-large is-resized\"><img loading=\"lazy\" decoding=\"async\" width=\"1024\" height=\"724\" src=\"https:\/\/site.educa.madrid.org\/cp.cristobalcolon.madrid\/\/wp-content\/uploads\/cp.cristobalcolon.madrid\/2021\/07\/diploma-2018-2019-EAU-CEIP-Cristobal-Colon-1_pages-to-jpg-0001-1024x724.jpg\" alt=\"\" class=\"wp-image-2140\" style=\"width:1024px;height:724px\" srcset=\"https:\/\/site.educa.madrid.org\/cp.cristobalcolon.madrid\/\/wp-content\/uploads\/cp.cristobalcolon.madrid\/2021\/07\/diploma-2018-2019-EAU-CEIP-Cristobal-Colon-1_pages-to-jpg-0001-1024x724.jpg 1024w, https:\/\/site.educa.madrid.org\/cp.cristobalcolon.madrid\/\/wp-content\/uploads\/cp.cristobalcolon.madrid\/2021\/07\/diploma-2018-2019-EAU-CEIP-Cristobal-Colon-1_pages-to-jpg-0001-300x212.jpg 300w, https:\/\/site.educa.madrid.org\/cp.cristobalcolon.madrid\/\/wp-content\/uploads\/cp.cristobalcolon.madrid\/2021\/07\/diploma-2018-2019-EAU-CEIP-Cristobal-Colon-1_pages-to-jpg-0001-768x543.jpg 768w, https:\/\/site.educa.madrid.org\/cp.cristobalcolon.madrid\/\/wp-content\/uploads\/cp.cristobalcolon.madrid\/2021\/07\/diploma-2018-2019-EAU-CEIP-Cristobal-Colon-1_pages-to-jpg-0001-1536x1087.jpg 1536w, https:\/\/site.educa.madrid.org\/cp.cristobalcolon.madrid\/\/wp-content\/uploads\/cp.cristobalcolon.madrid\/2021\/07\/diploma-2018-2019-EAU-CEIP-Cristobal-Colon-1_pages-to-jpg-0001-rotated.jpg 1753w\" sizes=\"auto, (max-width: 1024px) 100vw, 1024px\" \/><\/figure>\n\n\n\n<ul class=\"wp-block-list\">\n<li><strong>X edici\u00f3n: curso 2023\/24<\/strong>: <a rel=\"noreferrer noopener\" href=\"https:\/\/site.educa.madrid.org\/cp.cristobalcolon.madrid\/index.php\/2023\/12\/20\/celebramos-la-x-carrera-solidaria\/\" target=\"_blank\">https:\/\/site.educa.madrid.org\/cp.cristobalcolon.madrid\/index.php\/2023\/12\/20\/celebramos-la-x-carrera-solidaria\/<\/a><\/li>\n<\/ul>\n\n\n\n<figure class=\"wp-block-image size-large\"><img loading=\"lazy\" decoding=\"async\" width=\"1024\" height=\"768\" src=\"https:\/\/site.educa.madrid.org\/cp.cristobalcolon.madrid\/\/wp-content\/uploads\/cp.cristobalcolon.madrid\/2023\/12\/IMG_8357-1024x768.jpg\" alt=\"\" class=\"wp-image-4737\" srcset=\"https:\/\/site.educa.madrid.org\/cp.cristobalcolon.madrid\/\/wp-content\/uploads\/cp.cristobalcolon.madrid\/2023\/12\/IMG_8357-1024x768.jpg 1024w, https:\/\/site.educa.madrid.org\/cp.cristobalcolon.madrid\/\/wp-content\/uploads\/cp.cristobalcolon.madrid\/2023\/12\/IMG_8357-300x225.jpg 300w, https:\/\/site.educa.madrid.org\/cp.cristobalcolon.madrid\/\/wp-content\/uploads\/cp.cristobalcolon.madrid\/2023\/12\/IMG_8357-768x576.jpg 768w, https:\/\/site.educa.madrid.org\/cp.cristobalcolon.madrid\/\/wp-content\/uploads\/cp.cristobalcolon.madrid\/2023\/12\/IMG_8357-1536x1152.jpg 1536w, https:\/\/site.educa.madrid.org\/cp.cristobalcolon.madrid\/\/wp-content\/uploads\/cp.cristobalcolon.madrid\/2023\/12\/IMG_8357-2048x1536.jpg 2048w\" sizes=\"auto, (max-width: 1024px) 100vw, 1024px\" \/><\/figure>\n\n\n\n<div style=\"height:40px\" aria-hidden=\"true\" class=\"wp-block-spacer\"><\/div>\n\n\n\n<figure class=\"wp-block-image size-large\"><img loading=\"lazy\" decoding=\"async\" width=\"1024\" height=\"768\" src=\"https:\/\/site.educa.madrid.org\/cp.cristobalcolon.madrid\/\/wp-content\/uploads\/cp.cristobalcolon.madrid\/2023\/12\/Diploma-CARRERAS-2023-2024-CEIP-Cristobal-Colon-1024x768.png\" alt=\"\" class=\"wp-image-4758\" srcset=\"https:\/\/site.educa.madrid.org\/cp.cristobalcolon.madrid\/\/wp-content\/uploads\/cp.cristobalcolon.madrid\/2023\/12\/Diploma-CARRERAS-2023-2024-CEIP-Cristobal-Colon-1024x768.png 1024w, https:\/\/site.educa.madrid.org\/cp.cristobalcolon.madrid\/\/wp-content\/uploads\/cp.cristobalcolon.madrid\/2023\/12\/Diploma-CARRERAS-2023-2024-CEIP-Cristobal-Colon-300x225.png 300w, https:\/\/site.educa.madrid.org\/cp.cristobalcolon.madrid\/\/wp-content\/uploads\/cp.cristobalcolon.madrid\/2023\/12\/Diploma-CARRERAS-2023-2024-CEIP-Cristobal-Colon-768x576.png 768w, https:\/\/site.educa.madrid.org\/cp.cristobalcolon.madrid\/\/wp-content\/uploads\/cp.cristobalcolon.madrid\/2023\/12\/Diploma-CARRERAS-2023-2024-CEIP-Cristobal-Colon.png 1190w\" sizes=\"auto, (max-width: 1024px) 100vw, 1024px\" \/><\/figure>\n\n\n\n<ul class=\"wp-block-list\">\n<li><strong>VI edici\u00f3n: curso 2018\/19.<\/strong><\/li>\n<\/ul>\n\n\n\n<div class=\"wp-block-mediateca-bloque-mediateca align wide\"><iframe loading=\"lazy\" src=\"https:\/\/mediateca.educa.madrid.org\/video\/l7g32uxpl5fraa2d\/fs\" width=\"100%\" height=\"315\" frameborder=\"0\" scrolling=\"no\" style=\"border:0;overflow:hidden\" allowfullscreen=\"\"><\/iframe><\/div>\n\n\n\n<div class=\"wp-block-mediateca-bloque-mediateca align wide\"><iframe loading=\"lazy\" src=\"https:\/\/mediateca.educa.madrid.org\/video\/wvt1254sk6r36664\/fs\" width=\"100%\" height=\"315\" frameborder=\"0\" scrolling=\"no\" style=\"border:0;overflow:hidden\" allowfullscreen=\"\"><\/iframe><\/div>\n\n\n\n<p>Aqu\u00ed pod\u00e9is leer una rese\u00f1a en el&nbsp;<a rel=\"noreferrer noopener\" href=\"https:\/\/www.unicef.es\/educa\/blog\/ceip-cristobal-colon-madrid-carrera\" target=\"_blank\">blog de UNICEF<\/a>.<\/p>\n\n\n\n<hr class=\"wp-block-separator has-css-opacity\"\/>\n\n\n\n<ul class=\"wp-block-list\">\n<li><strong>V edici\u00f3n: curso 2017\/18.<\/strong><\/li>\n<\/ul>\n\n\n\n<div class=\"wp-block-mediateca-bloque-mediateca align wide\"><iframe loading=\"lazy\" src=\"https:\/\/mediateca.educa.madrid.org\/video\/4kjipnkvtxywn5wf\/fs\" width=\"100%\" height=\"315\" frameborder=\"0\" scrolling=\"no\" style=\"border:0;overflow:hidden\" allowfullscreen=\"\"><\/iframe><\/div>\n\n\n\n<figure class=\"wp-block-image size-large is-resized\"><img loading=\"lazy\" decoding=\"async\" width=\"1024\" height=\"724\" src=\"https:\/\/site.educa.madrid.org\/cp.cristobalcolon.madrid\/\/wp-content\/uploads\/cp.cristobalcolon.madrid\/2020\/07\/diplomaunicef-1024x724.png\" alt=\"Diploma de UNICEF que nos acredita como Escuela Amiga\" class=\"wp-image-513\" style=\"width:1024px;height:724px\" srcset=\"https:\/\/site.educa.madrid.org\/cp.cristobalcolon.madrid\/\/wp-content\/uploads\/cp.cristobalcolon.madrid\/2020\/07\/diplomaunicef-1024x724.png 1024w, https:\/\/site.educa.madrid.org\/cp.cristobalcolon.madrid\/\/wp-content\/uploads\/cp.cristobalcolon.madrid\/2020\/07\/diplomaunicef-300x212.png 300w, https:\/\/site.educa.madrid.org\/cp.cristobalcolon.madrid\/\/wp-content\/uploads\/cp.cristobalcolon.madrid\/2020\/07\/diplomaunicef-768x543.png 768w, https:\/\/site.educa.madrid.org\/cp.cristobalcolon.madrid\/\/wp-content\/uploads\/cp.cristobalcolon.madrid\/2020\/07\/diplomaunicef-1536x1086.png 1536w, https:\/\/site.educa.madrid.org\/cp.cristobalcolon.madrid\/\/wp-content\/uploads\/cp.cristobalcolon.madrid\/2020\/07\/diplomaunicef-2048x1448.png 2048w\" sizes=\"auto, (max-width: 1024px) 100vw, 1024px\" \/><\/figure>\n\n\n\n<hr class=\"wp-block-separator has-css-opacity\"\/>\n\n\n\n<ul class=\"wp-block-list\">\n<li><strong>IV edici\u00f3n: curso 2016\/17.<\/strong><\/li>\n<\/ul>\n\n\n\n<div class=\"wp-block-mediateca-bloque-mediateca align wide\"><iframe loading=\"lazy\" src=\"https:\/\/mediateca.educa.madrid.org\/video\/ep42o9dlajhgry3w\/fs\" width=\"100%\" height=\"315\" frameborder=\"0\" scrolling=\"no\" style=\"border:0;overflow:hidden\" allowfullscreen=\"\"><\/iframe><\/div>\n\n\n\n<hr class=\"wp-block-separator has-css-opacity\"\/>\n\n\n\n<ul class=\"wp-block-list\">\n<li><strong>III edici\u00f3n: curso 2015\/16.<\/strong><\/li>\n<\/ul>\n\n\n\n<div class=\"wp-block-mediateca-bloque-mediateca align wide\"><iframe loading=\"lazy\" src=\"https:\/\/mediateca.educa.madrid.org\/video\/esuahhcpvquy1bpq\/fs\" width=\"100%\" height=\"315\" frameborder=\"0\" scrolling=\"no\" style=\"border:0;overflow:hidden\" allowfullscreen=\"\"><\/iframe><\/div>\n\n\n\n<hr class=\"wp-block-separator has-css-opacity\"\/>\n\n\n\n<ul class=\"wp-block-list\">\n<li><strong>II edici\u00f3n: curso 2014\/15.<\/strong><\/li>\n<\/ul>\n\n\n<div class=\"wp-block-image\">\n<figure class=\"aligncenter size-large is-resized\"><img loading=\"lazy\" decoding=\"async\" width=\"1024\" height=\"765\" src=\"https:\/\/site.educa.madrid.org\/cp.cristobalcolon.madrid\/\/wp-content\/uploads\/cp.cristobalcolon.madrid\/2021\/06\/IMG_2411-1024x765.jpg\" alt=\"Carrera solidaria curso 2014\/15\" class=\"wp-image-2110\" style=\"width:1024px;height:765px\" srcset=\"https:\/\/site.educa.madrid.org\/cp.cristobalcolon.madrid\/\/wp-content\/uploads\/cp.cristobalcolon.madrid\/2021\/06\/IMG_2411-1024x765.jpg 1024w, https:\/\/site.educa.madrid.org\/cp.cristobalcolon.madrid\/\/wp-content\/uploads\/cp.cristobalcolon.madrid\/2021\/06\/IMG_2411-300x224.jpg 300w, https:\/\/site.educa.madrid.org\/cp.cristobalcolon.madrid\/\/wp-content\/uploads\/cp.cristobalcolon.madrid\/2021\/06\/IMG_2411-768x574.jpg 768w, https:\/\/site.educa.madrid.org\/cp.cristobalcolon.madrid\/\/wp-content\/uploads\/cp.cristobalcolon.madrid\/2021\/06\/IMG_2411-1536x1148.jpg 1536w, https:\/\/site.educa.madrid.org\/cp.cristobalcolon.madrid\/\/wp-content\/uploads\/cp.cristobalcolon.madrid\/2021\/06\/IMG_2411-2048x1530.jpg 2048w\" sizes=\"auto, (max-width: 1024px) 100vw, 1024px\" \/><\/figure>\n<\/div>\n\n\n<hr class=\"wp-block-separator has-css-opacity\"\/>\n\n\n\n<ul class=\"wp-block-list\">\n<li><strong>I edici\u00f3n: curso 2013\/14.<\/strong><\/li>\n<\/ul>\n\n\n<div class=\"wp-block-image\">\n<figure class=\"aligncenter size-large is-resized\"><a href=\"https:\/\/elhuertodemicole.wordpress.com\/2014\/03\/24\/carrera-solidaria-gotas-para-niger\/\"><img loading=\"lazy\" decoding=\"async\" width=\"1024\" height=\"768\" src=\"https:\/\/site.educa.madrid.org\/cp.cristobalcolon.madrid\/\/wp-content\/uploads\/cp.cristobalcolon.madrid\/2020\/07\/carrera-solidaria-I-edici\u00f3n-1024x768.jpg\" alt=\"\" class=\"wp-image-597\" style=\"width:1024px;height:768px\" srcset=\"https:\/\/site.educa.madrid.org\/cp.cristobalcolon.madrid\/\/wp-content\/uploads\/cp.cristobalcolon.madrid\/2020\/07\/carrera-solidaria-I-edici\u00f3n-1024x768.jpg 1024w, https:\/\/site.educa.madrid.org\/cp.cristobalcolon.madrid\/\/wp-content\/uploads\/cp.cristobalcolon.madrid\/2020\/07\/carrera-solidaria-I-edici\u00f3n-300x225.jpg 300w, https:\/\/site.educa.madrid.org\/cp.cristobalcolon.madrid\/\/wp-content\/uploads\/cp.cristobalcolon.madrid\/2020\/07\/carrera-solidaria-I-edici\u00f3n-768x576.jpg 768w, https:\/\/site.educa.madrid.org\/cp.cristobalcolon.madrid\/\/wp-content\/uploads\/cp.cristobalcolon.madrid\/2020\/07\/carrera-solidaria-I-edici\u00f3n-1536x1152.jpg 1536w, https:\/\/site.educa.madrid.org\/cp.cristobalcolon.madrid\/\/wp-content\/uploads\/cp.cristobalcolon.madrid\/2020\/07\/carrera-solidaria-I-edici\u00f3n-2048x1536.jpg 2048w\" sizes=\"auto, (max-width: 1024px) 100vw, 1024px\" \/><\/a><\/figure>\n<\/div>\n\n\n<p><\/p>\n","protected":false},"excerpt":{"rendered":"<p>Renovamos nuestra acreditaci\u00f3n hasta 2026 Estamos muy satisfechos porque renovamos nuestra acreditaci\u00f3n hasta 2026, fruto del trabajo que realizamos cada d\u00eda con nuestro alumnado. A continuaci\u00f3n pod\u00e9is ver el diploma &#8230;<\/p>\n","protected":false},"author":4,"featured_media":0,"parent":0,"menu_order":0,"comment_status":"closed","ping_status":"closed","template":"template-fullwidth.php","meta":{"footnotes":""},"folder":[],"class_list":["post-512","page","type-page","status-publish","hentry"],"rttpg_featured_image_url":null,"rttpg_author":{"display_name":"Juan Jos\u00e9 Bueso Bello","author_link":"https:\/\/site.educa.madrid.org\/cp.cristobalcolon.madrid\/index.php\/author\/juan-jose_bueso-bello\/"},"rttpg_comment":0,"rttpg_category":false,"rttpg_excerpt":"Renovamos nuestra acreditaci\u00f3n hasta 2026 Estamos muy satisfechos porque renovamos nuestra acreditaci\u00f3n hasta 2026, fruto del trabajo que realizamos cada d\u00eda con nuestro alumnado. A continuaci\u00f3n pod\u00e9is ver el diploma ...","post_mailing_queue_ids":[],"_links":{"self":[{"href":"https:\/\/site.educa.madrid.org\/cp.cristobalcolon.madrid\/index.php\/wp-json\/wp\/v2\/pages\/512","targetHints":{"allow":["GET"]}}],"collection":[{"href":"https:\/\/site.educa.madrid.org\/cp.cristobalcolon.madrid\/index.php\/wp-json\/wp\/v2\/pages"}],"about":[{"href":"https:\/\/site.educa.madrid.org\/cp.cristobalcolon.madrid\/index.php\/wp-json\/wp\/v2\/types\/page"}],"author":[{"embeddable":true,"href":"https:\/\/site.educa.madrid.org\/cp.cristobalcolon.madrid\/index.php\/wp-json\/wp\/v2\/users\/4"}],"replies":[{"embeddable":true,"href":"https:\/\/site.educa.madrid.org\/cp.cristobalcolon.madrid\/index.php\/wp-json\/wp\/v2\/comments?post=512"}],"version-history":[{"count":28,"href":"https:\/\/site.educa.madrid.org\/cp.cristobalcolon.madrid\/index.php\/wp-json\/wp\/v2\/pages\/512\/revisions"}],"predecessor-version":[{"id":5784,"href":"https:\/\/site.educa.madrid.org\/cp.cristobalcolon.madrid\/index.php\/wp-json\/wp\/v2\/pages\/512\/revisions\/5784"}],"wp:attachment":[{"href":"https:\/\/site.educa.madrid.org\/cp.cristobalcolon.madrid\/index.php\/wp-json\/wp\/v2\/media?parent=512"}],"wp:term":[{"taxonomy":"folder","embeddable":true,"href":"https:\/\/site.educa.madrid.org\/cp.cristobalcolon.madrid\/index.php\/wp-json\/wp\/v2\/folder?post=512"}],"curies":[{"name":"wp","href":"https:\/\/api.w.org\/{rel}","templated":true}]}}