{"id":628,"date":"2020-07-21T21:07:30","date_gmt":"2020-07-21T21:07:30","guid":{"rendered":"https:\/\/site.educa.madrid.org\/cp.cristobalcolon.madrid\/?page_id=628"},"modified":"2023-02-08T10:24:08","modified_gmt":"2023-02-08T09:24:08","slug":"jornadas-culturales","status":"publish","type":"page","link":"https:\/\/site.educa.madrid.org\/cp.cristobalcolon.madrid\/index.php\/jornadas-culturales\/","title":{"rendered":"Jornadas Culturales"},"content":{"rendered":"\n<h2 class=\"wp-block-heading\">2019: Tod@s diferentes, tod@s \u00fanicas<\/h2>\n\n\n\n<figure class=\"wp-block-image size-large is-resized\"><img loading=\"lazy\" decoding=\"async\" src=\"https:\/\/site.educa.madrid.org\/cp.cristobalcolon.madrid\/\/wp-content\/uploads\/cp.cristobalcolon.madrid\/2023\/02\/photo_2023-02-08_10-23-39-1024x810.jpg\" alt=\"\" class=\"wp-image-4050\" width=\"1026\" height=\"811\" srcset=\"https:\/\/site.educa.madrid.org\/cp.cristobalcolon.madrid\/\/wp-content\/uploads\/cp.cristobalcolon.madrid\/2023\/02\/photo_2023-02-08_10-23-39-1024x810.jpg 1024w, https:\/\/site.educa.madrid.org\/cp.cristobalcolon.madrid\/\/wp-content\/uploads\/cp.cristobalcolon.madrid\/2023\/02\/photo_2023-02-08_10-23-39-300x237.jpg 300w, https:\/\/site.educa.madrid.org\/cp.cristobalcolon.madrid\/\/wp-content\/uploads\/cp.cristobalcolon.madrid\/2023\/02\/photo_2023-02-08_10-23-39-768x607.jpg 768w, https:\/\/site.educa.madrid.org\/cp.cristobalcolon.madrid\/\/wp-content\/uploads\/cp.cristobalcolon.madrid\/2023\/02\/photo_2023-02-08_10-23-39.jpg 1280w\" sizes=\"auto, (max-width: 1026px) 100vw, 1026px\" \/><\/figure>\n\n\n\n<h2 class=\"wp-block-heading\">2018: Fantas\u00eda en el Col\u00f3n, seres y mitos a mogoll\u00f3n<\/h2>\n\n\n\n<figure class=\"wp-block-image size-large is-resized\"><img loading=\"lazy\" decoding=\"async\" src=\"https:\/\/site.educa.madrid.org\/cp.cristobalcolon.madrid\/\/wp-content\/uploads\/cp.cristobalcolon.madrid\/2020\/07\/Fantas\u00eda-en-el-Col\u00f3n.jpg\" alt=\"Fantas\u00eda en el Col\u00f3n\" class=\"wp-image-725\" width=\"1024\" height=\"768\" srcset=\"https:\/\/site.educa.madrid.org\/cp.cristobalcolon.madrid\/\/wp-content\/uploads\/cp.cristobalcolon.madrid\/2020\/07\/Fantas\u00eda-en-el-Col\u00f3n.jpg 1024w, https:\/\/site.educa.madrid.org\/cp.cristobalcolon.madrid\/\/wp-content\/uploads\/cp.cristobalcolon.madrid\/2020\/07\/Fantas\u00eda-en-el-Col\u00f3n-300x225.jpg 300w, https:\/\/site.educa.madrid.org\/cp.cristobalcolon.madrid\/\/wp-content\/uploads\/cp.cristobalcolon.madrid\/2020\/07\/Fantas\u00eda-en-el-Col\u00f3n-768x576.jpg 768w\" sizes=\"auto, (max-width: 1024px) 100vw, 1024px\" \/><\/figure>\n\n\n\n<div class=\"wp-block-mediateca-bloque-mediateca align wide\"><iframe loading=\"lazy\" src=\"https:\/\/mediateca.educa.madrid.org\/lista\/Lxmpd1jlznv4nmhfw\/fs\" width=\"100%\" height=\"315\" frameborder=\"0\" scrolling=\"no\" style=\"border:0;overflow:hidden\" allowfullscreen=\"\"><\/iframe><\/div>\n\n\n\n<hr class=\"wp-block-separator\"\/>\n\n\n\n<h2 class=\"wp-block-heading\">2017: Sin fronteras<\/h2>\n\n\n\n<div class=\"wp-block-image\"><figure class=\"aligncenter size-large is-resized\"><img loading=\"lazy\" decoding=\"async\" src=\"https:\/\/site.educa.madrid.org\/cp.cristobalcolon.madrid\/\/wp-content\/uploads\/cp.cristobalcolon.madrid\/2020\/07\/Sinfronteras.jpg\" alt=\"Sin fronteras\" class=\"wp-image-728\" width=\"500\" height=\"707\" srcset=\"https:\/\/site.educa.madrid.org\/cp.cristobalcolon.madrid\/\/wp-content\/uploads\/cp.cristobalcolon.madrid\/2020\/07\/Sinfronteras.jpg 500w, https:\/\/site.educa.madrid.org\/cp.cristobalcolon.madrid\/\/wp-content\/uploads\/cp.cristobalcolon.madrid\/2020\/07\/Sinfronteras-212x300.jpg 212w\" sizes=\"auto, (max-width: 500px) 100vw, 500px\" \/><\/figure><\/div>\n\n\n\n<hr class=\"wp-block-separator\"\/>\n\n\n\n<h2 class=\"wp-block-heading\">2016: H2O Col\u00f3n<\/h2>\n\n\n\n<div class=\"wp-block-image\"><figure class=\"aligncenter size-large is-resized\"><img loading=\"lazy\" decoding=\"async\" src=\"https:\/\/site.educa.madrid.org\/cp.cristobalcolon.madrid\/\/wp-content\/uploads\/cp.cristobalcolon.madrid\/2020\/06\/h20.jpg\" alt=\"Cartel de las XVI Jornadas Culturales &quot;H2O&quot; Col\u00f3n\" class=\"wp-image-180\" width=\"283\" height=\"400\" srcset=\"https:\/\/site.educa.madrid.org\/cp.cristobalcolon.madrid\/\/wp-content\/uploads\/cp.cristobalcolon.madrid\/2020\/06\/h20.jpg 283w, https:\/\/site.educa.madrid.org\/cp.cristobalcolon.madrid\/\/wp-content\/uploads\/cp.cristobalcolon.madrid\/2020\/06\/h20-212x300.jpg 212w\" sizes=\"auto, (max-width: 283px) 100vw, 283px\" \/><\/figure><\/div>\n\n\n\n<h3 class=\"wp-block-heading\">Teatro de sombras \u00abLa ni\u00f1a que no cuidaba el mar\u00bb, de Ed. Infantil<\/h3>\n\n\n\n<div class=\"wp-block-mediateca-bloque-mediateca align wide\"><iframe loading=\"lazy\" src=\"https:\/\/mediateca.educa.madrid.org\/video\/q5mt42gmegnhvnso\/fs\" width=\"100%\" height=\"315\" frameborder=\"0\" scrolling=\"no\" style=\"border:0;overflow:hidden\" allowfullscreen=\"\"><\/iframe><\/div>\n\n\n\n<h3 class=\"wp-block-heading\">Ciclo 2<\/h3>\n\n\n\n<hr class=\"wp-block-separator\"\/>\n\n\n\n<h2 class=\"wp-block-heading\">2015: Un enfoque muy musical<\/h2>\n\n\n\n<hr class=\"wp-block-separator\"\/>\n\n\n\n<h2 class=\"wp-block-heading\">2013: Navegando por el arte<\/h2>\n\n\n\n<h3 class=\"wp-block-heading\">Educaci\u00f3n Infantil<\/h3>\n\n\n\n<h3 class=\"wp-block-heading\">Educaci\u00f3n Primaria<\/h3>\n\n\n\n<h3 class=\"wp-block-heading\">Exposici\u00f3n en las aulas<\/h3>\n","protected":false},"excerpt":{"rendered":"<p>2019: Tod@s diferentes, tod@s \u00fanicas 2018: Fantas\u00eda en el Col\u00f3n, seres y mitos a mogoll\u00f3n 2017: Sin fronteras 2016: H2O Col\u00f3n Teatro de sombras \u00abLa ni\u00f1a que no cuidaba el &#8230;<\/p>\n","protected":false},"author":4,"featured_media":0,"parent":0,"menu_order":0,"comment_status":"closed","ping_status":"closed","template":"template-fullwidth.php","meta":{"footnotes":""},"folder":[],"class_list":["post-628","page","type-page","status-publish","hentry"],"rttpg_featured_image_url":null,"rttpg_author":{"display_name":"Juan Jos\u00e9 Bueso Bello","author_link":"https:\/\/site.educa.madrid.org\/cp.cristobalcolon.madrid\/index.php\/author\/juan-jose_bueso-bello\/"},"rttpg_comment":0,"rttpg_category":false,"rttpg_excerpt":"2019: Tod@s diferentes, tod@s \u00fanicas 2018: Fantas\u00eda en el Col\u00f3n, seres y mitos a mogoll\u00f3n 2017: Sin fronteras 2016: H2O Col\u00f3n Teatro de sombras \u00abLa ni\u00f1a que no cuidaba el ...","post_mailing_queue_ids":[],"_links":{"self":[{"href":"https:\/\/site.educa.madrid.org\/cp.cristobalcolon.madrid\/index.php\/wp-json\/wp\/v2\/pages\/628","targetHints":{"allow":["GET"]}}],"collection":[{"href":"https:\/\/site.educa.madrid.org\/cp.cristobalcolon.madrid\/index.php\/wp-json\/wp\/v2\/pages"}],"about":[{"href":"https:\/\/site.educa.madrid.org\/cp.cristobalcolon.madrid\/index.php\/wp-json\/wp\/v2\/types\/page"}],"author":[{"embeddable":true,"href":"https:\/\/site.educa.madrid.org\/cp.cristobalcolon.madrid\/index.php\/wp-json\/wp\/v2\/users\/4"}],"replies":[{"embeddable":true,"href":"https:\/\/site.educa.madrid.org\/cp.cristobalcolon.madrid\/index.php\/wp-json\/wp\/v2\/comments?post=628"}],"version-history":[{"count":7,"href":"https:\/\/site.educa.madrid.org\/cp.cristobalcolon.madrid\/index.php\/wp-json\/wp\/v2\/pages\/628\/revisions"}],"predecessor-version":[{"id":4051,"href":"https:\/\/site.educa.madrid.org\/cp.cristobalcolon.madrid\/index.php\/wp-json\/wp\/v2\/pages\/628\/revisions\/4051"}],"wp:attachment":[{"href":"https:\/\/site.educa.madrid.org\/cp.cristobalcolon.madrid\/index.php\/wp-json\/wp\/v2\/media?parent=628"}],"wp:term":[{"taxonomy":"folder","embeddable":true,"href":"https:\/\/site.educa.madrid.org\/cp.cristobalcolon.madrid\/index.php\/wp-json\/wp\/v2\/folder?post=628"}],"curies":[{"name":"wp","href":"https:\/\/api.w.org\/{rel}","templated":true}]}}