{"id":115,"date":"2022-05-30T16:22:35","date_gmt":"2022-05-30T14:22:35","guid":{"rendered":"https:\/\/site.educa.madrid.org\/cp.eltejar.majadahonda\/?page_id=115"},"modified":"2025-09-09T19:17:36","modified_gmt":"2025-09-09T17:17:36","slug":"consejo-escolar","status":"publish","type":"page","link":"https:\/\/site.educa.madrid.org\/cp.eltejar.majadahonda\/index.php\/nuestro_centro\/comunidad-educativa\/consejo-escolar\/","title":{"rendered":"Consejo Escolar"},"content":{"rendered":"\n<p>El Consejo Escolar es el \u00f3rgano representativo de los diferentes sectores de la comunidad educativa y se fundamenta en el art\u00edculo 27.7 de nuestra Constituci\u00f3n, en el cual se establece que<strong> \u00ablos profesores, los padres y, en su caso, los alumnos intervendr\u00e1n en el control y gesti\u00f3n de todos los centros sostenidos por la Administraci\u00f3n con fondos p\u00fablicos, en los t\u00e9rminos que la ley establezca\u00bb<\/strong>.<\/p>\n\n\n\n<p>La renovaci\u00f3n de los distintos sectores de la comunidad educativa que lo integran se realiza por mitades cada dos a\u00f1os.<\/p>\n\n\n\n<p>Se encarga entre otros temas de validar los procesos de admisi\u00f3n de alumnos, aprobar la gesti\u00f3n econ\u00f3mica del Centro, aprobar la PGA o informar de la Memoria de fin de curso.<\/p>\n\n\n\n<p>Miembros que componen el Consejo Escolar renovado el 21 de noviembre de 2024<\/p>\n\n\n\n<h2 class=\"wp-block-heading has-vivid-red-color has-text-color has-large-font-size\">Equipo Directivo<\/h2>\n\n\n\n<ul class=\"wp-block-list\">\n<li>Direcci\u00f3n: Paula P\u00e9rez Garc\u00eda (Comisi\u00f3n Permanente y Econ\u00f3mica)<\/li>\n\n\n\n<li>Jefatura de Estudios: Silvia Cebollada Soriano (Comisi\u00f3n Permanente y de Convivencia)<\/li>\n\n\n\n<li>Secretar\u00eda: David Chena Rico (Comisi\u00f3n Econ\u00f3mica)<\/li>\n<\/ul>\n\n\n\n<h2 class=\"wp-block-heading has-vivid-red-color has-text-color has-large-font-size\">Sector Profesores<\/h2>\n\n\n\n<ul class=\"wp-block-list\">\n<li>Mercedes Manzano Fern\u00e1ndez (Comisi\u00f3n Permanente)<\/li>\n\n\n\n<li>Natalia Garrido Reyes (Comisi\u00f3n de Convivencia)<\/li>\n\n\n\n<li>Mar\u00eda V\u00e1zquez Alfaro (Comisi\u00f3n Econ\u00f3mica)<\/li>\n\n\n\n<li>Estrella V\u00e1zquez Alfaro (Comisi\u00f3n Econ\u00f3mica)<\/li>\n\n\n\n<li>Nuria Alcayna Mateu (Comisi\u00f3n de Convivencia)<\/li>\n<\/ul>\n\n\n\n<h2 class=\"wp-block-heading has-vivid-red-color has-text-color has-large-font-size\">Sector Familias<\/h2>\n\n\n\n<ul class=\"wp-block-list\">\n<li>Diana Gonzalo Esteban (Comisi\u00f3n de Convivencia)<\/li>\n\n\n\n<li>Elena Sanz Famoso (Comisi\u00f3n de Convivencia)<\/li>\n\n\n\n<li>Tania Alegre Rold\u00e1n (Comisi\u00f3n Econ\u00f3mica)<\/li>\n\n\n\n<li>Cristina Baquero Ore\u00f1a (Comisi\u00f3n Permanente)<\/li>\n\n\n\n<li>Teresa Marina Escorial Alonso (Comisi\u00f3n Permanente)<\/li>\n<\/ul>\n\n\n\n<h2 class=\"wp-block-heading has-vivid-red-color has-text-color has-large-font-size\">Administraci\u00f3n<\/h2>\n\n\n\n<ul class=\"wp-block-list\">\n<li>Representante Personal de Administraci\u00f3n y Servicios: <\/li>\n\n\n\n<li>Representante Concejal\u00eda de Educaci\u00f3n: Raquel Monedero<\/li>\n<\/ul>\n\n\n\n<p><\/p>\n\n\n\n<p>El Consejo Escolar del centro tendr\u00e1 las siguientes competencias (art\u00edculo 127 LOMCE)<\/p>\n\n\n\n<ol class=\"wp-block-list\">\n<li>Evaluar el Proyecto Educativo, un proyecto de gesti\u00f3n, as\u00ed como las normas de organizaci\u00f3n y funcionamiento del centro.<\/li>\n\n\n\n<li>Evaluar la programaci\u00f3n general anual del centro sin perjuicio de las competencias del claustro de profesores, en relaci\u00f3n con la planificaci\u00f3n y organizaci\u00f3n docente.<\/li>\n\n\n\n<li>Conocer las candidaturas a la direcci\u00f3n y los proyectos de direcci\u00f3n presentados por los candidatos.<\/li>\n\n\n\n<li>Participar en la selecci\u00f3n del director del centro en los t\u00e9rminos que la presente ley org\u00e1nica establece. Ser informado del nombramiento y cese de los dem\u00e1s miembros del equipo directivo. En su caso, previo acuerdo de sus miembros, adoptado por mayor\u00eda de dos tercios, proponer la revocaci\u00f3n del nombramiento del director.<\/li>\n\n\n\n<li>Informar sobre la admisi\u00f3n de alumnos con sujeci\u00f3n a lo establecido en esta ley org\u00e1nica y disposiciones que la desarrollen.<\/li>\n\n\n\n<li>Conocer la resoluci\u00f3n de conflcitos disciplinarios y velar por que se atengan a la normativa vigente. Cuando las medidas disciplinarias adoptadas por el director correspondan a conductas del alumnado que perjudiquen gravemente la convivencia del centro, el Consejo Escolar, a instancia de padres o tutores, podr\u00e1 revisar la decisi\u00f3n adoptada y proponer, en su caso, las medidas oportunas.<\/li>\n\n\n\n<li>Proponer medidas e iniciativas que favorezcan la convivencia en el centro, la igualdad entre hombre y mujeres y la resoluci\u00f3n pac\u00edfica de conflictos en todos los \u00e1mbitos de la vida personal, familiar y social.<\/li>\n\n\n\n<li>Promover la conservaci\u00f3n y renovaci\u00f3n de las instalaciones y del equipo escolar e informar la obtenci\u00f3n de recursos complementarios.<\/li>\n\n\n\n<li>Informar las directrices para la colaboraci\u00f3n, con fines educativos y culturales, con las Administraciones locales, con otros centros, entidades y organismos.<\/li>\n\n\n\n<li>Analizar y valorar el funcionamiento general del centro, la evoluci\u00f3n del rendimiento escolar y los resultados de las evaluaciones internas y externas en las que participe el centro.<\/li>\n\n\n\n<li>Elaborar propuestas e informes, a iniciativa propia o a petici\u00f3n de la Administraci\u00f3n competente, sobre el funcionamiento del centro y la mejora de la calidad de la gesti\u00f3n, as\u00ed como sobre aquellos otros aspectos relacionados con la calidad de la misma.<\/li>\n\n\n\n<li>Otras que le sean atribuidas por la Administraci\u00f3n educativa.<\/li>\n<\/ol>\n","protected":false},"excerpt":{"rendered":"<p>El Consejo Escolar es el \u00f3rgano representativo de los diferentes sectores de la comunidad educativa y se fundamenta en el art\u00edculo 27.7 de nuestra Constituci\u00f3n, en el cual se establece que \u00ablos profesores, los padres y, en su caso, los alumnos intervendr\u00e1n en el control y gesti\u00f3n de todos los centros sostenidos por la Administraci\u00f3n [&hellip;]<\/p>\n","protected":false},"author":6,"featured_media":0,"parent":893,"menu_order":0,"comment_status":"closed","ping_status":"closed","template":"","meta":{"footnotes":""},"folder":[],"class_list":["post-115","page","type-page","status-publish","hentry"],"rttpg_featured_image_url":null,"rttpg_author":{"display_name":"Cuenta Admin-educamadrid","author_link":"https:\/\/site.educa.madrid.org\/cp.eltejar.majadahonda\/index.php\/author\/cuenta_admin-educamadrid\/"},"rttpg_comment":0,"rttpg_category":false,"rttpg_excerpt":"El Consejo Escolar es el \u00f3rgano representativo de los diferentes sectores de la comunidad educativa y se fundamenta en el art\u00edculo 27.7 de nuestra Constituci\u00f3n, en el cual se establece que \u00ablos profesores, los padres y, en su caso, los alumnos intervendr\u00e1n en el control y gesti\u00f3n de todos los centros sostenidos por la Administraci\u00f3n&hellip;","post_mailing_queue_ids":[],"_links":{"self":[{"href":"https:\/\/site.educa.madrid.org\/cp.eltejar.majadahonda\/index.php\/wp-json\/wp\/v2\/pages\/115","targetHints":{"allow":["GET"]}}],"collection":[{"href":"https:\/\/site.educa.madrid.org\/cp.eltejar.majadahonda\/index.php\/wp-json\/wp\/v2\/pages"}],"about":[{"href":"https:\/\/site.educa.madrid.org\/cp.eltejar.majadahonda\/index.php\/wp-json\/wp\/v2\/types\/page"}],"author":[{"embeddable":true,"href":"https:\/\/site.educa.madrid.org\/cp.eltejar.majadahonda\/index.php\/wp-json\/wp\/v2\/users\/6"}],"replies":[{"embeddable":true,"href":"https:\/\/site.educa.madrid.org\/cp.eltejar.majadahonda\/index.php\/wp-json\/wp\/v2\/comments?post=115"}],"version-history":[{"count":16,"href":"https:\/\/site.educa.madrid.org\/cp.eltejar.majadahonda\/index.php\/wp-json\/wp\/v2\/pages\/115\/revisions"}],"predecessor-version":[{"id":4226,"href":"https:\/\/site.educa.madrid.org\/cp.eltejar.majadahonda\/index.php\/wp-json\/wp\/v2\/pages\/115\/revisions\/4226"}],"up":[{"embeddable":true,"href":"https:\/\/site.educa.madrid.org\/cp.eltejar.majadahonda\/index.php\/wp-json\/wp\/v2\/pages\/893"}],"wp:attachment":[{"href":"https:\/\/site.educa.madrid.org\/cp.eltejar.majadahonda\/index.php\/wp-json\/wp\/v2\/media?parent=115"}],"wp:term":[{"taxonomy":"folder","embeddable":true,"href":"https:\/\/site.educa.madrid.org\/cp.eltejar.majadahonda\/index.php\/wp-json\/wp\/v2\/folder?post=115"}],"curies":[{"name":"wp","href":"https:\/\/api.w.org\/{rel}","templated":true}]}}