{"id":116,"date":"2022-05-30T16:22:35","date_gmt":"2022-05-30T14:22:35","guid":{"rendered":"https:\/\/site.educa.madrid.org\/cp.eltejar.majadahonda\/?page_id=116"},"modified":"2023-03-25T19:28:45","modified_gmt":"2023-03-25T18:28:45","slug":"ampa","status":"publish","type":"page","link":"https:\/\/site.educa.madrid.org\/cp.eltejar.majadahonda\/index.php\/nuestro_centro\/ampa\/","title":{"rendered":"AMPA"},"content":{"rendered":"\n<p>La Asociaci\u00f3n de Madres y Padres es el mejor y <strong>m\u00e1s eficiente \u00f3rgano de representaci\u00f3n de las familias en el centro educativo y de participaci\u00f3n activa en la gesti\u00f3n y el modelo educativo del mismo <\/strong>y su importancia es reconocida por todo el mundo. Y es que, igual que nos preocupamos por educar a nuestros hijos e hijas, los padres y madres tambi\u00e9n debemos participar desde la Asociaci\u00f3n para colaborar con el centro educativo en dicha educaci\u00f3n.<\/p>\n\n\n\n<div class=\"wp-block-image is-style-default\"><figure class=\"aligncenter size-large is-resized\"><a href=\"https:\/\/ampaceipeltejar.es\" target=\"_blank\" rel=\"noopener\"><img loading=\"lazy\" decoding=\"async\" src=\"https:\/\/site.educa.madrid.org\/cp.eltejar.majadahonda\/\/wp-content\/uploads\/cp.eltejar.majadahonda\/2023\/02\/WhatsApp-Image-2021-12-16-at-20.49.05-1024x881.jpeg\" alt=\"\" class=\"wp-image-904\" width=\"232\" height=\"199\" srcset=\"https:\/\/site.educa.madrid.org\/cp.eltejar.majadahonda\/\/wp-content\/uploads\/cp.eltejar.majadahonda\/2023\/02\/WhatsApp-Image-2021-12-16-at-20.49.05-1024x881.jpeg 1024w, https:\/\/site.educa.madrid.org\/cp.eltejar.majadahonda\/\/wp-content\/uploads\/cp.eltejar.majadahonda\/2023\/02\/WhatsApp-Image-2021-12-16-at-20.49.05-300x258.jpeg 300w, https:\/\/site.educa.madrid.org\/cp.eltejar.majadahonda\/\/wp-content\/uploads\/cp.eltejar.majadahonda\/2023\/02\/WhatsApp-Image-2021-12-16-at-20.49.05-768x661.jpeg 768w, https:\/\/site.educa.madrid.org\/cp.eltejar.majadahonda\/\/wp-content\/uploads\/cp.eltejar.majadahonda\/2023\/02\/WhatsApp-Image-2021-12-16-at-20.49.05-1536x1322.jpeg 1536w, https:\/\/site.educa.madrid.org\/cp.eltejar.majadahonda\/\/wp-content\/uploads\/cp.eltejar.majadahonda\/2023\/02\/WhatsApp-Image-2021-12-16-at-20.49.05.jpeg 1600w\" sizes=\"auto, (max-width: 232px) 100vw, 232px\" \/><\/a><figcaption><em>Haz click para visitar su web<\/em><\/figcaption><\/figure><\/div>\n\n\n\n<p><\/p>\n","protected":false},"excerpt":{"rendered":"<p>La Asociaci\u00f3n de Madres y Padres es el mejor y m\u00e1s eficiente \u00f3rgano de representaci\u00f3n de las familias en el centro educativo y de participaci\u00f3n activa en la gesti\u00f3n y el modelo educativo del mismo y su importancia es reconocida por todo el mundo. Y es que, igual que nos preocupamos por educar a nuestros [&hellip;]<\/p>\n","protected":false},"author":6,"featured_media":0,"parent":957,"menu_order":4,"comment_status":"closed","ping_status":"closed","template":"","meta":{"footnotes":""},"folder":[],"class_list":["post-116","page","type-page","status-publish","hentry"],"rttpg_featured_image_url":null,"rttpg_author":{"display_name":"Cuenta Admin-educamadrid","author_link":"https:\/\/site.educa.madrid.org\/cp.eltejar.majadahonda\/index.php\/author\/cuenta_admin-educamadrid\/"},"rttpg_comment":0,"rttpg_category":false,"rttpg_excerpt":"La Asociaci\u00f3n de Madres y Padres es el mejor y m\u00e1s eficiente \u00f3rgano de representaci\u00f3n de las familias en el centro educativo y de participaci\u00f3n activa en la gesti\u00f3n y el modelo educativo del mismo y su importancia es reconocida por todo el mundo. Y es que, igual que nos preocupamos por educar a nuestros&hellip;","post_mailing_queue_ids":[],"_links":{"self":[{"href":"https:\/\/site.educa.madrid.org\/cp.eltejar.majadahonda\/index.php\/wp-json\/wp\/v2\/pages\/116","targetHints":{"allow":["GET"]}}],"collection":[{"href":"https:\/\/site.educa.madrid.org\/cp.eltejar.majadahonda\/index.php\/wp-json\/wp\/v2\/pages"}],"about":[{"href":"https:\/\/site.educa.madrid.org\/cp.eltejar.majadahonda\/index.php\/wp-json\/wp\/v2\/types\/page"}],"author":[{"embeddable":true,"href":"https:\/\/site.educa.madrid.org\/cp.eltejar.majadahonda\/index.php\/wp-json\/wp\/v2\/users\/6"}],"replies":[{"embeddable":true,"href":"https:\/\/site.educa.madrid.org\/cp.eltejar.majadahonda\/index.php\/wp-json\/wp\/v2\/comments?post=116"}],"version-history":[{"count":14,"href":"https:\/\/site.educa.madrid.org\/cp.eltejar.majadahonda\/index.php\/wp-json\/wp\/v2\/pages\/116\/revisions"}],"predecessor-version":[{"id":1693,"href":"https:\/\/site.educa.madrid.org\/cp.eltejar.majadahonda\/index.php\/wp-json\/wp\/v2\/pages\/116\/revisions\/1693"}],"up":[{"embeddable":true,"href":"https:\/\/site.educa.madrid.org\/cp.eltejar.majadahonda\/index.php\/wp-json\/wp\/v2\/pages\/957"}],"wp:attachment":[{"href":"https:\/\/site.educa.madrid.org\/cp.eltejar.majadahonda\/index.php\/wp-json\/wp\/v2\/media?parent=116"}],"wp:term":[{"taxonomy":"folder","embeddable":true,"href":"https:\/\/site.educa.madrid.org\/cp.eltejar.majadahonda\/index.php\/wp-json\/wp\/v2\/folder?post=116"}],"curies":[{"name":"wp","href":"https:\/\/api.w.org\/{rel}","templated":true}]}}