{"id":1178,"date":"2023-03-14T20:05:33","date_gmt":"2023-03-14T19:05:33","guid":{"rendered":"https:\/\/site.educa.madrid.org\/cp.eltejar.majadahonda\/?page_id=1178"},"modified":"2024-03-19T13:13:11","modified_gmt":"2024-03-19T12:13:11","slug":"radio_tejarfm","status":"publish","type":"page","link":"https:\/\/site.educa.madrid.org\/cp.eltejar.majadahonda\/index.php\/nuestra-propuesta\/radio_tejarfm\/","title":{"rendered":"El Tejar FM &#8211; Radio Escolar"},"content":{"rendered":"\n<figure class=\"wp-block-image size-large\"><img loading=\"lazy\" decoding=\"async\" width=\"1024\" height=\"307\" src=\"https:\/\/site.educa.madrid.org\/cp.eltejar.majadahonda\/\/wp-content\/uploads\/cp.eltejar.majadahonda\/2023\/03\/Copia-de-Cartel-con-QR-2-1024x307.png\" alt=\"\" class=\"wp-image-1184\" srcset=\"https:\/\/site.educa.madrid.org\/cp.eltejar.majadahonda\/\/wp-content\/uploads\/cp.eltejar.majadahonda\/2023\/03\/Copia-de-Cartel-con-QR-2-1024x307.png 1024w, https:\/\/site.educa.madrid.org\/cp.eltejar.majadahonda\/\/wp-content\/uploads\/cp.eltejar.majadahonda\/2023\/03\/Copia-de-Cartel-con-QR-2-300x90.png 300w, https:\/\/site.educa.madrid.org\/cp.eltejar.majadahonda\/\/wp-content\/uploads\/cp.eltejar.majadahonda\/2023\/03\/Copia-de-Cartel-con-QR-2-768x230.png 768w, https:\/\/site.educa.madrid.org\/cp.eltejar.majadahonda\/\/wp-content\/uploads\/cp.eltejar.majadahonda\/2023\/03\/Copia-de-Cartel-con-QR-2-1536x461.png 1536w, https:\/\/site.educa.madrid.org\/cp.eltejar.majadahonda\/\/wp-content\/uploads\/cp.eltejar.majadahonda\/2023\/03\/Copia-de-Cartel-con-QR-2-2048x614.png 2048w\" sizes=\"auto, (max-width: 1024px) 100vw, 1024px\" \/><\/figure>\n\n\n<p style=\"text-align: center;\"><strong>El Tejar FM\u00a0<\/strong>nace como proyecto de innovaci\u00f3n en el curso 2020-2021.<\/p>\n<p style=\"text-align: center;\">Durante todos estos cursos hemos asentado el proyecto y actualmente formamos parte del Proyecto\u00a0<em><strong>Voces del Aula<\/strong><\/em><strong>\u00a0<\/strong>de la Comunidad de Madrid, junto con otros 100 colegios.<\/p>\n<hr \/>\n<p style=\"text-align: center;\">En este espacio podr\u00e1s encontrar todos los programas grabados en el estudio de radio, as\u00ed como los diferentes proyectos educativos de las diferentes \u00e1reas grabados en la radio.<\/p>\n\n<h4 style=\"text-align: center;\"><strong><span style=\"color: #333333;\">LAS ENTREVISTAS DE 6\u00ba DE PRIMARIA<\/span><\/strong><\/h4>\n<p style=\"text-align: center;\">Los alumnos y alumnas de 6\u00ba de Educaci\u00f3n Primaria cuentan con su propio programa de radio donde realizan interesant\u00edsimas entrevistas. Aqu\u00ed pod\u00e9is escuchar todas ellas:<\/p>\n\n<p><iframe loading=\"lazy\" src=\"https:\/\/mediateca.educa.madrid.org\/lista\/Lozwuokob68z46vt8\/fs\" width=\"850\" height=\"420\" frameborder=\"0\" scrolling=\"no\" style=\"border:0;overflow:hidden\" allowfullscreen><\/iframe><\/p>\n\n\n<h4 style=\"text-align: center;\"><strong><span style=\"color: #333333;\">DEBATE Y OPINI\u00d3N CON 5\u00ba DE PRIMARIA<\/span><\/strong><\/h4>\n<p style=\"text-align: center;\">Los alumnos y alumnas de 5\u00ba de Educaci\u00f3n Primaria cuentan con su propio espacio de radio donde dan su particular punto de vista sobre diferentes temas:<\/p>\n\n<p><iframe loading=\"lazy\" src=\"https:\/\/mediateca.educa.madrid.org\/lista\/Lujh2eb6ise993dre\/fs\" width=\"850\" height=\"420\" frameborder=\"0\" scrolling=\"no\" style=\"border:0;overflow:hidden\" allowfullscreen><\/iframe><\/p>\n\n\n<h4 style=\"text-align: center;\"><strong><span style=\"color: #333333;\">\u00bfQU\u00c9 EST\u00c1S LEYENDO? CON 4\u00ba DE PRIMARIA<\/span><\/strong><\/h4>\n<p style=\"text-align: center;\">Los alumnos y alumnas de 4\u00ba de Educaci\u00f3n Primaria nos hablan sobre sus lecturas favoritas, sus \u00faltimos libros le\u00eddos y aportan recomendaciones litrarias para todos aquellos que tengan dudas:<\/p>\n\n<p><iframe loading=\"lazy\" src=\"https:\/\/mediateca.educa.madrid.org\/lista\/L5q6vilubmxm5d88l\/fs\" width=\"850\" height=\"420\" frameborder=\"0\" scrolling=\"no\" style=\"border:0;overflow:hidden\" allowfullscreen><\/iframe><\/p>\n\n\n<h4 style=\"text-align: center;\"><strong><span style=\"color: #333333;\">PEL\u00cdCULAS EN CARTELERA CON 3\u00ba DE PRIMARIA<\/span><\/strong><\/h4>\n<p style=\"text-align: center;\">Los alumnos y alumnas de 3\u00ba de Educaci\u00f3n Primaria acuden a la radio para hablar sobre sus series y pel\u00edculas favoritas:<\/p>\n\n<p><iframe loading=\"lazy\" src=\"https:\/\/mediateca.educa.madrid.org\/lista\/L5z3sasptj3sv1kjj\/fs\" width=\"850\" height=\"420\" frameborder=\"0\" scrolling=\"no\" style=\"border:0;overflow:hidden\" allowfullscreen><\/iframe><\/p>\n\n\n<h4 style=\"text-align: center;\"><strong><span style=\"color: #333333;\">\u00bfQU\u00c9 HAR\u00cdAS SI&#8230;? CON 1\u00ba Y 2\u00ba DE PRIMARIA<\/span><\/strong><\/h4>\n<p style=\"text-align: center;\">Los alumnos y alumnas de 1\u00ba y 2\u00ba de Educaci\u00f3n Primaria aportan su particular y divertid\u00edsimo punto de vista ante situaciones hipot\u00e9ticas que podr\u00edan suceder:<\/p>\n\n<p><iframe loading=\"lazy\" src=\"https:\/\/mediateca.educa.madrid.org\/lista\/Luicr6f8zgy2x973q\/fs\" width=\"850\" height=\"420\" frameborder=\"0\" scrolling=\"no\" style=\"border:0;overflow:hidden\" allowfullscreen><\/iframe><\/p>\n\n\n\n<p class=\"has-text-align-center has-black-color has-text-color has-medium-font-size\"><strong>PROYECTOS REALIZADOS EN NUESTRO ESTUDIO DE RADIO<\/strong><\/p>\n\n\n<p style=\"text-align: center;\">La radio nos ofrece multitud de posibilidades educativas para desarrollar las competencias clave en nuestro alumnado, por ello, es utilizada de manera transversal en diferentes \u00e1reas.<\/p>\n<p style=\"text-align: center;\">Adem\u00e1s,\u00a0<strong>la motivaci\u00f3n que genera en nuestro alumnado hace que su implicaci\u00f3n aumente y obtengamos resultados de tanta calidad como estos ejemplos que os mostramos.<\/strong><\/p>\n<p>\u00a0<\/p>\n\n\n<div class=\"wp-block-group is-layout-flow wp-block-group-is-layout-flow\">\n<div class=\"wp-block-columns is-layout-flex wp-container-core-columns-is-layout-28f84493 wp-block-columns-is-layout-flex\">\n<div class=\"wp-block-column is-layout-flow wp-block-column-is-layout-flow\">\n<p style=\"text-align: center;\"><strong>AUDIOLIBROS<\/strong><\/p>\n<p style=\"text-align: center;\">En el \u00e1rea de Tecnolog\u00eda y Recursos Digitales para la ense\u00f1anza, nuestros alumnos y alumnas grabaron audiolibros de cl\u00e1sicos de la literatura, a\u00f1adiendo la m\u00fasica de fondo y los efectos sonoros.<\/p>\n<\/div>\n\n\n\n<div class=\"wp-block-column is-layout-flow wp-block-column-is-layout-flow\">\n<iframe loading=\"lazy\" src=\"https:\/\/mediateca.educa.madrid.org\/video\/z93nq7ai6fvo215h\/fs\" width=\"420\" height=\"190\" frameborder=\"0\" scrolling=\"no\" style=\"border:0;overflow:hidden\" allowfullscreen=\"\"><\/iframe>\n<\/div>\n<\/div>\n\n\n\n<div class=\"wp-block-columns is-layout-flex wp-container-core-columns-is-layout-28f84493 wp-block-columns-is-layout-flex\">\n<div class=\"wp-block-column is-layout-flow wp-block-column-is-layout-flow\">\n<p style=\"text-align: center;\"><strong>UNA NOCHE<br><\/strong><strong>TERROR\u00cdFICAMENTE DIVERTIDA<\/strong><\/p>\n<p style=\"text-align: center;\">Nuestra compa\u00f1era de colegio,&nbsp;<strong>Nuria Alcayna Mateu<\/strong>, public\u00f3 un cuento infantil y&nbsp; sus exalumnos\/as lo adaptaron a audiolibro grabando en nuestro estudio de radio.<\/p>\n<\/div>\n\n\n\n<div class=\"wp-block-column is-layout-flow wp-block-column-is-layout-flow\">\n<iframe loading=\"lazy\" src=\"https:\/\/mediateca.educa.madrid.org\/video\/nui2m7lfgr3dfwmf\/fs\" width=\"420\" height=\"190\" frameborder=\"0\" scrolling=\"no\" style=\"border:0;overflow:hidden\" allowfullscreen=\"\"><\/iframe>\n<\/div>\n<\/div>\n\n\n\n<div class=\"wp-block-columns is-layout-flex wp-container-core-columns-is-layout-28f84493 wp-block-columns-is-layout-flex\">\n<div class=\"wp-block-column is-layout-flow wp-block-column-is-layout-flow\">\n<p style=\"text-align: center;\"><b>DEPORTISTAS PARAL\u00cdMPICOS<\/b><\/p>\n<p style=\"text-align: center;\">Nuestros alumnos y alumnas tuvieron que investigar y conocer la apasionante vida de algunos de nuestros deportistas paral\u00edmpicos m\u00e1s famosos.&nbsp;<\/p>\n<\/div>\n\n\n\n<div class=\"wp-block-column is-layout-flow wp-block-column-is-layout-flow\">\n<iframe loading=\"lazy\" src=\"https:\/\/mediateca.educa.madrid.org\/video\/1rxbudnayccz2fgo\/fs\" width=\"420\" height=\"190\" frameborder=\"0\" scrolling=\"no\" style=\"border:0;overflow:hidden\" allowfullscreen=\"\"><\/iframe>\n<\/div>\n<\/div>\n\n\n\n<div class=\"wp-block-columns is-layout-flex wp-container-core-columns-is-layout-28f84493 wp-block-columns-is-layout-flex\">\n<div class=\"wp-block-column is-layout-flow wp-block-column-is-layout-flow\">\n<p style=\"text-align: center;\"><b>ENTREVISTAS A FAMOSOS<\/b><\/p>\n<p style=\"text-align: center;\">Uno de los primero proyectos que realizaron nuestros alumnos y alumnas con la radio fue el de realizar una entrevista ficticia a un personaje famoso, seguro que a nadie deja indiferente.<\/p>\n<\/div>\n\n\n\n<div class=\"wp-block-column is-layout-flow wp-block-column-is-layout-flow\">\n<iframe loading=\"lazy\" src=\"https:\/\/mediateca.educa.madrid.org\/video\/4fhhrqdsj7ai922r\/fs\" width=\"420\" height=\"190\" frameborder=\"0\" scrolling=\"no\" style=\"border:0;overflow:hidden\" allowfullscreen=\"\"><\/iframe>\n<\/div>\n<\/div>\n<\/div>\n\n\n<h3 style=\"text-align: center;\"><strong>NUESTRA RADIO M\u00c1S ALL\u00c1 DEL COLEGIO<\/strong><\/h3>\n<p style=\"text-align: center;\">No solo hemos podido disfrutar de la radio y todo lo que nos ofrece dentro de nuestro estudio y junto con nuestros compa\u00f1eros y compa\u00f1eras, sino que hemos podido conocer y compartir actividades y proyectos con colegios de diferentes puntos de Espa\u00f1a.<\/p>\n\n<!--Smart Slider #1 does NOT EXIST or has NO SLIDES!WordPress Shortcode-->","protected":false},"excerpt":{"rendered":"<p>El Tejar FM\u00a0nace como proyecto de innovaci\u00f3n en el curso 2020-2021. Durante todos estos cursos hemos asentado el proyecto y actualmente formamos parte del Proyecto\u00a0Voces del Aula\u00a0de la Comunidad de Madrid, junto con otros 100 colegios. En este espacio podr\u00e1s encontrar todos los programas grabados en el estudio de radio, as\u00ed como los diferentes proyectos [&hellip;]<\/p>\n","protected":false},"author":3,"featured_media":0,"parent":1074,"menu_order":2,"comment_status":"closed","ping_status":"closed","template":"","meta":{"footnotes":""},"folder":[],"class_list":["post-1178","page","type-page","status-publish","hentry"],"rttpg_featured_image_url":null,"rttpg_author":{"display_name":"cp.eltejar.majadahonda","author_link":"https:\/\/site.educa.madrid.org\/cp.eltejar.majadahonda\/index.php\/author\/cuenta_cp-eltejar-majadahonda\/"},"rttpg_comment":0,"rttpg_category":false,"rttpg_excerpt":"El Tejar FM\u00a0nace como proyecto de innovaci\u00f3n en el curso 2020-2021. Durante todos estos cursos hemos asentado el proyecto y actualmente formamos parte del Proyecto\u00a0Voces del Aula\u00a0de la Comunidad de Madrid, junto con otros 100 colegios. En este espacio podr\u00e1s encontrar todos los programas grabados en el estudio de radio, as\u00ed como los diferentes proyectos&hellip;","post_mailing_queue_ids":[],"_links":{"self":[{"href":"https:\/\/site.educa.madrid.org\/cp.eltejar.majadahonda\/index.php\/wp-json\/wp\/v2\/pages\/1178","targetHints":{"allow":["GET"]}}],"collection":[{"href":"https:\/\/site.educa.madrid.org\/cp.eltejar.majadahonda\/index.php\/wp-json\/wp\/v2\/pages"}],"about":[{"href":"https:\/\/site.educa.madrid.org\/cp.eltejar.majadahonda\/index.php\/wp-json\/wp\/v2\/types\/page"}],"author":[{"embeddable":true,"href":"https:\/\/site.educa.madrid.org\/cp.eltejar.majadahonda\/index.php\/wp-json\/wp\/v2\/users\/3"}],"replies":[{"embeddable":true,"href":"https:\/\/site.educa.madrid.org\/cp.eltejar.majadahonda\/index.php\/wp-json\/wp\/v2\/comments?post=1178"}],"version-history":[{"count":41,"href":"https:\/\/site.educa.madrid.org\/cp.eltejar.majadahonda\/index.php\/wp-json\/wp\/v2\/pages\/1178\/revisions"}],"predecessor-version":[{"id":3148,"href":"https:\/\/site.educa.madrid.org\/cp.eltejar.majadahonda\/index.php\/wp-json\/wp\/v2\/pages\/1178\/revisions\/3148"}],"up":[{"embeddable":true,"href":"https:\/\/site.educa.madrid.org\/cp.eltejar.majadahonda\/index.php\/wp-json\/wp\/v2\/pages\/1074"}],"wp:attachment":[{"href":"https:\/\/site.educa.madrid.org\/cp.eltejar.majadahonda\/index.php\/wp-json\/wp\/v2\/media?parent=1178"}],"wp:term":[{"taxonomy":"folder","embeddable":true,"href":"https:\/\/site.educa.madrid.org\/cp.eltejar.majadahonda\/index.php\/wp-json\/wp\/v2\/folder?post=1178"}],"curies":[{"name":"wp","href":"https:\/\/api.w.org\/{rel}","templated":true}]}}