{"id":1252,"date":"2023-03-16T13:11:56","date_gmt":"2023-03-16T12:11:56","guid":{"rendered":"https:\/\/site.educa.madrid.org\/cp.eltejar.majadahonda\/?page_id=1252"},"modified":"2023-05-01T14:56:12","modified_gmt":"2023-05-01T12:56:12","slug":"equipo-de-orientacion","status":"publish","type":"page","link":"https:\/\/site.educa.madrid.org\/cp.eltejar.majadahonda\/index.php\/nuestro_centro\/comunidad-educativa\/equipo-de-orientacion\/","title":{"rendered":"Equipo de Orientaci\u00f3n Educativa y Psicopedag\u00f3gica"},"content":{"rendered":"\n<p>Nuestro&nbsp;<strong>Equipo de Orientaci\u00f3n Educativa y Psicopedag\u00f3gica<\/strong>&nbsp;lleva a cabo las actuaciones dirigidas a&nbsp;<strong>analizar las necesidades&nbsp;<\/strong>globales e individuales de todos los alumnos y&nbsp;<strong>detectar&nbsp;<\/strong>a los alumnos con necesidades educativas especiales, con dificultades espec\u00edficas de aprendizaje o con altas capacidades para proporcionarles apoyo desde edades muy tempranas.<\/p>\n\n\n\n<p>Nuestro trabajo se desarrolla en<strong>&nbsp;tres \u00e1mbitos<\/strong>&nbsp;simult\u00e1neamente:<\/p>\n\n\n\n<ul class=\"wp-block-list\"><li><strong>Asesoramiento de equipos educativos\u00a0<\/strong>en la elaboraci\u00f3n, desarrollo y evaluaci\u00f3n de proyectos educativos en general y de adaptaciones curriculares individuales en particular.<\/li><li><strong>Apoyo a los alumnos\u00a0<\/strong>partiendo desde sus necesidades globales e individuales prestando especial atenci\u00f3n a la prevenci\u00f3n, detecci\u00f3n y evaluaci\u00f3n psicopedag\u00f3gica de los alumnos con NEE.<\/li><li><strong>Asesoramiento a las familias<\/strong>\u00a0sobre las estrategias para afrontar las dificultades que puedan presentar sus hijos a lo largo de todo el periodo de escolarizaci\u00f3n.<\/li><\/ul>\n\n\n\n<p><strong>Forman parte del EOEP:<\/strong><\/p>\n\n\n\n<ul class=\"wp-block-list\"><li>Orientadora<\/li><li>T\u00e9cnico Superior en Servicios Sociales<\/li><\/ul>\n\n\n\n<p>En el centro se establece un Equipo de Intervenci\u00f3n en el que el EOEP se coordina con&nbsp;<strong>Jefatura de estudios, Fisioterapeuta&nbsp;<\/strong>y los maestros especialistas en&nbsp;<strong>Audici\u00f3n y Lenguaje<\/strong>&nbsp;y&nbsp;<strong>Pedagog\u00eda terap\u00e9utica.<\/strong><\/p>\n\n\n\n<p><strong>Nuestro horario de atenci\u00f3n a las familias:<\/strong>&nbsp;todos los martes de 13:00 a 14:00h.<\/p>\n","protected":false},"excerpt":{"rendered":"<p>Nuestro&nbsp;Equipo de Orientaci\u00f3n Educativa y Psicopedag\u00f3gica&nbsp;lleva a cabo las actuaciones dirigidas a&nbsp;analizar las necesidades&nbsp;globales e individuales de todos los alumnos y&nbsp;detectar&nbsp;a los alumnos con necesidades educativas especiales, con dificultades espec\u00edficas de aprendizaje o con altas capacidades para proporcionarles apoyo desde edades muy tempranas. Nuestro trabajo se desarrolla en&nbsp;tres \u00e1mbitos&nbsp;simult\u00e1neamente: Asesoramiento de equipos educativos\u00a0en la elaboraci\u00f3n, [&hellip;]<\/p>\n","protected":false},"author":3,"featured_media":0,"parent":893,"menu_order":3,"comment_status":"closed","ping_status":"closed","template":"","meta":{"footnotes":""},"folder":[],"class_list":["post-1252","page","type-page","status-publish","hentry"],"rttpg_featured_image_url":null,"rttpg_author":{"display_name":"cp.eltejar.majadahonda","author_link":"https:\/\/site.educa.madrid.org\/cp.eltejar.majadahonda\/index.php\/author\/cuenta_cp-eltejar-majadahonda\/"},"rttpg_comment":0,"rttpg_category":false,"rttpg_excerpt":"Nuestro&nbsp;Equipo de Orientaci\u00f3n Educativa y Psicopedag\u00f3gica&nbsp;lleva a cabo las actuaciones dirigidas a&nbsp;analizar las necesidades&nbsp;globales e individuales de todos los alumnos y&nbsp;detectar&nbsp;a los alumnos con necesidades educativas especiales, con dificultades espec\u00edficas de aprendizaje o con altas capacidades para proporcionarles apoyo desde edades muy tempranas. Nuestro trabajo se desarrolla en&nbsp;tres \u00e1mbitos&nbsp;simult\u00e1neamente: Asesoramiento de equipos educativos\u00a0en la elaboraci\u00f3n,&hellip;","post_mailing_queue_ids":[],"_links":{"self":[{"href":"https:\/\/site.educa.madrid.org\/cp.eltejar.majadahonda\/index.php\/wp-json\/wp\/v2\/pages\/1252","targetHints":{"allow":["GET"]}}],"collection":[{"href":"https:\/\/site.educa.madrid.org\/cp.eltejar.majadahonda\/index.php\/wp-json\/wp\/v2\/pages"}],"about":[{"href":"https:\/\/site.educa.madrid.org\/cp.eltejar.majadahonda\/index.php\/wp-json\/wp\/v2\/types\/page"}],"author":[{"embeddable":true,"href":"https:\/\/site.educa.madrid.org\/cp.eltejar.majadahonda\/index.php\/wp-json\/wp\/v2\/users\/3"}],"replies":[{"embeddable":true,"href":"https:\/\/site.educa.madrid.org\/cp.eltejar.majadahonda\/index.php\/wp-json\/wp\/v2\/comments?post=1252"}],"version-history":[{"count":5,"href":"https:\/\/site.educa.madrid.org\/cp.eltejar.majadahonda\/index.php\/wp-json\/wp\/v2\/pages\/1252\/revisions"}],"predecessor-version":[{"id":2236,"href":"https:\/\/site.educa.madrid.org\/cp.eltejar.majadahonda\/index.php\/wp-json\/wp\/v2\/pages\/1252\/revisions\/2236"}],"up":[{"embeddable":true,"href":"https:\/\/site.educa.madrid.org\/cp.eltejar.majadahonda\/index.php\/wp-json\/wp\/v2\/pages\/893"}],"wp:attachment":[{"href":"https:\/\/site.educa.madrid.org\/cp.eltejar.majadahonda\/index.php\/wp-json\/wp\/v2\/media?parent=1252"}],"wp:term":[{"taxonomy":"folder","embeddable":true,"href":"https:\/\/site.educa.madrid.org\/cp.eltejar.majadahonda\/index.php\/wp-json\/wp\/v2\/folder?post=1252"}],"curies":[{"name":"wp","href":"https:\/\/api.w.org\/{rel}","templated":true}]}}