{"id":1254,"date":"2023-03-16T13:11:56","date_gmt":"2023-03-16T12:11:56","guid":{"rendered":"https:\/\/site.educa.madrid.org\/cp.eltejar.majadahonda\/?page_id=1254"},"modified":"2024-02-28T12:46:49","modified_gmt":"2024-02-28T11:46:49","slug":"familias","status":"publish","type":"page","link":"https:\/\/site.educa.madrid.org\/cp.eltejar.majadahonda\/index.php\/nuestro_centro\/comunidad-educativa\/familias\/","title":{"rendered":"Familias"},"content":{"rendered":"\n<figure class=\"wp-block-image size-full\"><img loading=\"lazy\" decoding=\"async\" width=\"275\" height=\"183\" src=\"https:\/\/site.educa.madrid.org\/cp.eltejar.majadahonda\/\/wp-content\/uploads\/cp.eltejar.majadahonda\/2024\/02\/1.jpg\" alt=\"\" class=\"wp-image-3070\" srcset=\"https:\/\/site.educa.madrid.org\/cp.eltejar.majadahonda\/\/wp-content\/uploads\/cp.eltejar.majadahonda\/2024\/02\/1.jpg 275w, https:\/\/site.educa.madrid.org\/cp.eltejar.majadahonda\/\/wp-content\/uploads\/cp.eltejar.majadahonda\/2024\/02\/1-272x182.jpg 272w\" sizes=\"auto, (max-width: 275px) 100vw, 275px\" \/><\/figure>\n\n\n\n<p>La colaboraci\u00f3n de los padres en cualquier actividad propuesta por el centro es bien recibida y est\u00e1n interesados por los aprendizajes de sus hijos. Buscan una formaci\u00f3n integral tanto en el \u00e1mbito acad\u00e9mico como en el personal.<\/p>\n","protected":false},"excerpt":{"rendered":"<p>La colaboraci\u00f3n de los padres en cualquier actividad propuesta por el centro es bien recibida y est\u00e1n interesados por los aprendizajes de sus hijos. Buscan una formaci\u00f3n integral tanto en el \u00e1mbito acad\u00e9mico como en el personal.<\/p>\n","protected":false},"author":3,"featured_media":0,"parent":893,"menu_order":4,"comment_status":"closed","ping_status":"closed","template":"","meta":{"footnotes":""},"folder":[],"class_list":["post-1254","page","type-page","status-publish","hentry"],"rttpg_featured_image_url":null,"rttpg_author":{"display_name":"cp.eltejar.majadahonda","author_link":"https:\/\/site.educa.madrid.org\/cp.eltejar.majadahonda\/index.php\/author\/cuenta_cp-eltejar-majadahonda\/"},"rttpg_comment":0,"rttpg_category":false,"rttpg_excerpt":"La colaboraci\u00f3n de los padres en cualquier actividad propuesta por el centro es bien recibida y est\u00e1n interesados por los aprendizajes de sus hijos. Buscan una formaci\u00f3n integral tanto en el \u00e1mbito acad\u00e9mico como en el personal.","post_mailing_queue_ids":[],"_links":{"self":[{"href":"https:\/\/site.educa.madrid.org\/cp.eltejar.majadahonda\/index.php\/wp-json\/wp\/v2\/pages\/1254","targetHints":{"allow":["GET"]}}],"collection":[{"href":"https:\/\/site.educa.madrid.org\/cp.eltejar.majadahonda\/index.php\/wp-json\/wp\/v2\/pages"}],"about":[{"href":"https:\/\/site.educa.madrid.org\/cp.eltejar.majadahonda\/index.php\/wp-json\/wp\/v2\/types\/page"}],"author":[{"embeddable":true,"href":"https:\/\/site.educa.madrid.org\/cp.eltejar.majadahonda\/index.php\/wp-json\/wp\/v2\/users\/3"}],"replies":[{"embeddable":true,"href":"https:\/\/site.educa.madrid.org\/cp.eltejar.majadahonda\/index.php\/wp-json\/wp\/v2\/comments?post=1254"}],"version-history":[{"count":4,"href":"https:\/\/site.educa.madrid.org\/cp.eltejar.majadahonda\/index.php\/wp-json\/wp\/v2\/pages\/1254\/revisions"}],"predecessor-version":[{"id":3071,"href":"https:\/\/site.educa.madrid.org\/cp.eltejar.majadahonda\/index.php\/wp-json\/wp\/v2\/pages\/1254\/revisions\/3071"}],"up":[{"embeddable":true,"href":"https:\/\/site.educa.madrid.org\/cp.eltejar.majadahonda\/index.php\/wp-json\/wp\/v2\/pages\/893"}],"wp:attachment":[{"href":"https:\/\/site.educa.madrid.org\/cp.eltejar.majadahonda\/index.php\/wp-json\/wp\/v2\/media?parent=1254"}],"wp:term":[{"taxonomy":"folder","embeddable":true,"href":"https:\/\/site.educa.madrid.org\/cp.eltejar.majadahonda\/index.php\/wp-json\/wp\/v2\/folder?post=1254"}],"curies":[{"name":"wp","href":"https:\/\/api.w.org\/{rel}","templated":true}]}}