{"id":1287,"date":"2023-03-16T16:37:09","date_gmt":"2023-03-16T15:37:09","guid":{"rendered":"https:\/\/site.educa.madrid.org\/cp.eltejar.majadahonda\/?page_id=1287"},"modified":"2025-06-20T13:25:09","modified_gmt":"2025-06-20T11:25:09","slug":"primeros-del-cole","status":"publish","type":"page","link":"https:\/\/site.educa.madrid.org\/cp.eltejar.majadahonda\/index.php\/nuestros-servicios\/primeros-del-cole\/","title":{"rendered":"Primeros del Cole"},"content":{"rendered":"\n<figure class=\"wp-block-image aligncenter size-full\"><img loading=\"lazy\" decoding=\"async\" width=\"325\" height=\"155\" src=\"https:\/\/site.educa.madrid.org\/cp.eltejar.majadahonda\/\/wp-content\/uploads\/cp.eltejar.majadahonda\/2024\/02\/images-1.jpg-2.jpg\" alt=\"\" class=\"wp-image-3078\" srcset=\"https:\/\/site.educa.madrid.org\/cp.eltejar.majadahonda\/\/wp-content\/uploads\/cp.eltejar.majadahonda\/2024\/02\/images-1.jpg-2.jpg 325w, https:\/\/site.educa.madrid.org\/cp.eltejar.majadahonda\/\/wp-content\/uploads\/cp.eltejar.majadahonda\/2024\/02\/images-1.jpg-2-300x143.jpg 300w\" sizes=\"auto, (max-width: 325px) 100vw, 325px\" \/><\/figure>\n\n\n\n<p>Este servicio acoge a los primeros ni\u00f1os y ni\u00f1as<strong>&nbsp;a partir de las 07:30h. de la ma\u00f1ana.<\/strong><\/p>\n\n\n\n<p>El servicio consiste en un periodo de tiempo en el que los alumnos toman el desayuno y otro periodo de actividades recreativas o motrices hasta que se inician las clases.<\/p>\n\n\n\n<p>El&nbsp;<strong>precio&nbsp;<\/strong>podr\u00e1 variar en funci\u00f3n del n\u00famero de usuarios y\/o n\u00famero de d\u00edas en los que se usa. Los usuarios del servicio podr\u00e1n solicitar los siguientes&nbsp;<strong>descuentos<\/strong>:<\/p>\n\n\n\n<ul class=\"wp-block-list\">\n<li>Familia numerosa.<\/li>\n\n\n\n<li>Desempleo<\/li>\n<\/ul>\n\n\n\n<p>Para solicitar este servicio es necesario cumplimentar el siguiente impreso: <\/p>\n\n\n\n<p><strong><a href=\"https:\/\/site.educa.madrid.org\/cp.eltejar.majadahonda\/\/wp-content\/uploads\/cp.eltejar.majadahonda\/2025\/06\/INSC.-EL-TEJAR.pdf\" target=\"_blank\" rel=\"noreferrer noopener\">SOLICITUD DE INSCRIPCI\u00d3N PRIMEROS DEL COLE CURSO 2025-2026<\/a><\/strong><\/p>\n\n\n\n<p><\/p>\n","protected":false},"excerpt":{"rendered":"<p>Este servicio acoge a los primeros ni\u00f1os y ni\u00f1as&nbsp;a partir de las 07:30h. de la ma\u00f1ana. El servicio consiste en un periodo de tiempo en el que los alumnos toman el desayuno y otro periodo de actividades recreativas o motrices hasta que se inician las clases. El&nbsp;precio&nbsp;podr\u00e1 variar en funci\u00f3n del n\u00famero de usuarios y\/o [&hellip;]<\/p>\n","protected":false},"author":3,"featured_media":0,"parent":1077,"menu_order":2,"comment_status":"closed","ping_status":"closed","template":"","meta":{"footnotes":""},"folder":[],"class_list":["post-1287","page","type-page","status-publish","hentry"],"rttpg_featured_image_url":null,"rttpg_author":{"display_name":"cp.eltejar.majadahonda","author_link":"https:\/\/site.educa.madrid.org\/cp.eltejar.majadahonda\/index.php\/author\/cuenta_cp-eltejar-majadahonda\/"},"rttpg_comment":0,"rttpg_category":false,"rttpg_excerpt":"Este servicio acoge a los primeros ni\u00f1os y ni\u00f1as&nbsp;a partir de las 07:30h. de la ma\u00f1ana. El servicio consiste en un periodo de tiempo en el que los alumnos toman el desayuno y otro periodo de actividades recreativas o motrices hasta que se inician las clases. El&nbsp;precio&nbsp;podr\u00e1 variar en funci\u00f3n del n\u00famero de usuarios y\/o&hellip;","post_mailing_queue_ids":[],"_links":{"self":[{"href":"https:\/\/site.educa.madrid.org\/cp.eltejar.majadahonda\/index.php\/wp-json\/wp\/v2\/pages\/1287","targetHints":{"allow":["GET"]}}],"collection":[{"href":"https:\/\/site.educa.madrid.org\/cp.eltejar.majadahonda\/index.php\/wp-json\/wp\/v2\/pages"}],"about":[{"href":"https:\/\/site.educa.madrid.org\/cp.eltejar.majadahonda\/index.php\/wp-json\/wp\/v2\/types\/page"}],"author":[{"embeddable":true,"href":"https:\/\/site.educa.madrid.org\/cp.eltejar.majadahonda\/index.php\/wp-json\/wp\/v2\/users\/3"}],"replies":[{"embeddable":true,"href":"https:\/\/site.educa.madrid.org\/cp.eltejar.majadahonda\/index.php\/wp-json\/wp\/v2\/comments?post=1287"}],"version-history":[{"count":14,"href":"https:\/\/site.educa.madrid.org\/cp.eltejar.majadahonda\/index.php\/wp-json\/wp\/v2\/pages\/1287\/revisions"}],"predecessor-version":[{"id":4184,"href":"https:\/\/site.educa.madrid.org\/cp.eltejar.majadahonda\/index.php\/wp-json\/wp\/v2\/pages\/1287\/revisions\/4184"}],"up":[{"embeddable":true,"href":"https:\/\/site.educa.madrid.org\/cp.eltejar.majadahonda\/index.php\/wp-json\/wp\/v2\/pages\/1077"}],"wp:attachment":[{"href":"https:\/\/site.educa.madrid.org\/cp.eltejar.majadahonda\/index.php\/wp-json\/wp\/v2\/media?parent=1287"}],"wp:term":[{"taxonomy":"folder","embeddable":true,"href":"https:\/\/site.educa.madrid.org\/cp.eltejar.majadahonda\/index.php\/wp-json\/wp\/v2\/folder?post=1287"}],"curies":[{"name":"wp","href":"https:\/\/api.w.org\/{rel}","templated":true}]}}