{"id":1290,"date":"2023-03-16T16:38:52","date_gmt":"2023-03-16T15:38:52","guid":{"rendered":"https:\/\/site.educa.madrid.org\/cp.eltejar.majadahonda\/?page_id=1290"},"modified":"2025-06-17T13:22:33","modified_gmt":"2025-06-17T11:22:33","slug":"tardes-de-junio-y-septiembre","status":"publish","type":"page","link":"https:\/\/site.educa.madrid.org\/cp.eltejar.majadahonda\/index.php\/nuestros-servicios\/tardes-de-junio-y-septiembre\/","title":{"rendered":"Tardes de Junio y Septiembre"},"content":{"rendered":"\n<figure class=\"wp-block-image aligncenter size-full\"><img loading=\"lazy\" decoding=\"async\" width=\"259\" height=\"194\" src=\"https:\/\/site.educa.madrid.org\/cp.eltejar.majadahonda\/\/wp-content\/uploads\/cp.eltejar.majadahonda\/2024\/02\/images-1.jpg3_.jpg\" alt=\"\" class=\"wp-image-3080\"\/><\/figure>\n\n\n\n<p>Durante los meses de&nbsp;<strong>Junio<\/strong>&nbsp;y&nbsp;<strong>Septiembre<\/strong>&nbsp;el horario escolar es m\u00e1s reducido que durante el resto del curso. Con el fin de ayudar a las familias en la conciliaci\u00f3n de estos horarios desde el AMPA se pone a disposici\u00f3n un servicio con posibilidad de ampliar la jornada&nbsp;<strong>hasta las 16:00 o hasta las 17:00<\/strong>.<\/p>\n\n\n\n<p>Para solicitar este servicio es necesario cumplimentar el siguiente impreso:<\/p>\n\n\n\n<p><strong><a href=\"https:\/\/site.educa.madrid.org\/cp.eltejar.majadahonda\/\/wp-content\/uploads\/cp.eltejar.majadahonda\/2025\/05\/48-TARDES-DE-JUNIO-2025-EL-TEJAR-Majadahonda-CA48-1.pdf\">SOLICITUD DE INSCRIPCI\u00d3N TARDES DE JUNIO CURSO 2024-2025<\/a><\/strong><\/p>\n\n\n\n<p><a href=\"https:\/\/site.educa.madrid.org\/cp.eltejar.majadahonda\/\/wp-content\/uploads\/cp.eltejar.majadahonda\/2025\/06\/48-TARDES-DE-SEPTIEMBRE-EL-TEJAR-Majadahonda-2025-CA48-1.pdf\"><strong>SOLICITUD DE INSCRIPCI\u00d3N TARDES DE SEPTIEMBRE CURSO 2025-2026<\/strong><\/a><\/p>\n\n\n\n<p><\/p>\n","protected":false},"excerpt":{"rendered":"<p>Durante los meses de&nbsp;Junio&nbsp;y&nbsp;Septiembre&nbsp;el horario escolar es m\u00e1s reducido que durante el resto del curso. Con el fin de ayudar a las familias en la conciliaci\u00f3n de estos horarios desde el AMPA se pone a disposici\u00f3n un servicio con posibilidad de ampliar la jornada&nbsp;hasta las 16:00 o hasta las 17:00. Para solicitar este servicio es [&hellip;]<\/p>\n","protected":false},"author":3,"featured_media":0,"parent":1077,"menu_order":3,"comment_status":"closed","ping_status":"closed","template":"","meta":{"footnotes":""},"folder":[],"class_list":["post-1290","page","type-page","status-publish","hentry"],"rttpg_featured_image_url":null,"rttpg_author":{"display_name":"cp.eltejar.majadahonda","author_link":"https:\/\/site.educa.madrid.org\/cp.eltejar.majadahonda\/index.php\/author\/cuenta_cp-eltejar-majadahonda\/"},"rttpg_comment":0,"rttpg_category":false,"rttpg_excerpt":"Durante los meses de&nbsp;Junio&nbsp;y&nbsp;Septiembre&nbsp;el horario escolar es m\u00e1s reducido que durante el resto del curso. Con el fin de ayudar a las familias en la conciliaci\u00f3n de estos horarios desde el AMPA se pone a disposici\u00f3n un servicio con posibilidad de ampliar la jornada&nbsp;hasta las 16:00 o hasta las 17:00. Para solicitar este servicio es&hellip;","post_mailing_queue_ids":[],"_links":{"self":[{"href":"https:\/\/site.educa.madrid.org\/cp.eltejar.majadahonda\/index.php\/wp-json\/wp\/v2\/pages\/1290","targetHints":{"allow":["GET"]}}],"collection":[{"href":"https:\/\/site.educa.madrid.org\/cp.eltejar.majadahonda\/index.php\/wp-json\/wp\/v2\/pages"}],"about":[{"href":"https:\/\/site.educa.madrid.org\/cp.eltejar.majadahonda\/index.php\/wp-json\/wp\/v2\/types\/page"}],"author":[{"embeddable":true,"href":"https:\/\/site.educa.madrid.org\/cp.eltejar.majadahonda\/index.php\/wp-json\/wp\/v2\/users\/3"}],"replies":[{"embeddable":true,"href":"https:\/\/site.educa.madrid.org\/cp.eltejar.majadahonda\/index.php\/wp-json\/wp\/v2\/comments?post=1290"}],"version-history":[{"count":14,"href":"https:\/\/site.educa.madrid.org\/cp.eltejar.majadahonda\/index.php\/wp-json\/wp\/v2\/pages\/1290\/revisions"}],"predecessor-version":[{"id":4166,"href":"https:\/\/site.educa.madrid.org\/cp.eltejar.majadahonda\/index.php\/wp-json\/wp\/v2\/pages\/1290\/revisions\/4166"}],"up":[{"embeddable":true,"href":"https:\/\/site.educa.madrid.org\/cp.eltejar.majadahonda\/index.php\/wp-json\/wp\/v2\/pages\/1077"}],"wp:attachment":[{"href":"https:\/\/site.educa.madrid.org\/cp.eltejar.majadahonda\/index.php\/wp-json\/wp\/v2\/media?parent=1290"}],"wp:term":[{"taxonomy":"folder","embeddable":true,"href":"https:\/\/site.educa.madrid.org\/cp.eltejar.majadahonda\/index.php\/wp-json\/wp\/v2\/folder?post=1290"}],"curies":[{"name":"wp","href":"https:\/\/api.w.org\/{rel}","templated":true}]}}