{"id":1293,"date":"2023-03-16T16:40:33","date_gmt":"2023-03-16T15:40:33","guid":{"rendered":"https:\/\/site.educa.madrid.org\/cp.eltejar.majadahonda\/?page_id=1293"},"modified":"2025-09-09T19:29:22","modified_gmt":"2025-09-09T17:29:22","slug":"comedor","status":"publish","type":"page","link":"https:\/\/site.educa.madrid.org\/cp.eltejar.majadahonda\/index.php\/nuestros-servicios\/comedor\/","title":{"rendered":"Comedor Escolar"},"content":{"rendered":"\n<figure class=\"wp-block-image aligncenter size-full\"><img loading=\"lazy\" decoding=\"async\" width=\"275\" height=\"183\" src=\"https:\/\/site.educa.madrid.org\/cp.eltejar.majadahonda\/\/wp-content\/uploads\/cp.eltejar.majadahonda\/2024\/02\/descarga.jpg\" alt=\"\" class=\"wp-image-3073\" srcset=\"https:\/\/site.educa.madrid.org\/cp.eltejar.majadahonda\/\/wp-content\/uploads\/cp.eltejar.majadahonda\/2024\/02\/descarga.jpg 275w, https:\/\/site.educa.madrid.org\/cp.eltejar.majadahonda\/\/wp-content\/uploads\/cp.eltejar.majadahonda\/2024\/02\/descarga-272x182.jpg 272w\" sizes=\"auto, (max-width: 275px) 100vw, 275px\" \/><\/figure>\n\n\n\n<div class=\"wp-block-buttons is-horizontal is-content-justification-center is-layout-flex wp-container-core-buttons-is-layout-ecd33c62 wp-block-buttons-is-layout-flex\">\n<div class=\"wp-block-button is-style-outline is-style-outline--1\"><a class=\"wp-block-button__link wp-element-button\" href=\"https:\/\/site.educa.madrid.org\/cp.eltejar.majadahonda\/\/wp-content\/uploads\/cp.eltejar.majadahonda\/2025\/09\/CIRCULAR-COMEDOR-2025-2026.pdf\" target=\"_blank\" rel=\"noreferrer noopener\">Informaci\u00f3n<\/a><\/div>\n\n\n\n<div class=\"wp-block-button is-style-outline is-style-outline--2\"><a class=\"wp-block-button__link wp-element-button\" href=\"https:\/\/site.educa.madrid.org\/cp.eltejar.majadahonda\/index.php\/comedor-escolar-precio\/\">Precio<\/a><\/div>\n\n\n\n<div class=\"wp-block-button is-style-outline is-style-outline--3\"><a class=\"wp-block-button__link wp-element-button\" href=\"https:\/\/site.educa.madrid.org\/cp.eltejar.majadahonda\/index.php\/comedor-escolar-menu\/\">Men\u00fa<\/a><\/div>\n\n\n\n<div class=\"wp-block-button is-style-outline is-style-outline--4\"><a class=\"wp-block-button__link wp-element-button\" href=\"https:\/\/site.educa.madrid.org\/cp.eltejar.majadahonda\/index.php\/comedor-escolar-normas\/\">Normas<\/a><\/div>\n<\/div>\n\n\n<div id=\"pl-gb1293-6a03603e23309\"  class=\"panel-layout panel-layout\" ><div id=\"pg-gb1293-6a03603e23309-0\"  class=\"panel-grid panel-has-style\"  data-style=\"{&quot;padding&quot;:&quot;65px 0px 85px 0px&quot;,&quot;background&quot;:&quot;#ffffff&quot;,&quot;background_image_attachment&quot;:false,&quot;background_display&quot;:&quot;tile&quot;,&quot;full_height&quot;:&quot;&quot;,&quot;row_stretch&quot;:&quot;full&quot;,&quot;cell_alignment&quot;:&quot;flex-start&quot;,&quot;link_overlay_new_window&quot;:&quot;&quot;}\"  data-label=\"Features\" ><div class=\"siteorigin-panels-stretch panel-row-style panel-row-style-for-gb1293-6a03603e23309-0\" data-stretch-type=\"full\" ><div id=\"pgc-gb1293-6a03603e23309-0-0\"  class=\"panel-grid-cell\"  data-weight=\"1\" ><div id=\"panel-gb1293-6a03603e23309-0-0-0\" class=\"so-panel widget widget_sow-features panel-first-child panel-last-child\" data-index=\"0\" data-style=\"{&quot;background&quot;:&quot;#ffffff&quot;,&quot;background_image_attachment&quot;:false,&quot;background_display&quot;:&quot;tile&quot;,&quot;background_image_size&quot;:&quot;full&quot;,&quot;background_image_opacity&quot;:&quot;100&quot;,&quot;border_color&quot;:&quot;#ffffff&quot;,&quot;border_thickness&quot;:&quot;1px&quot;,&quot;link_overlay_new_window&quot;:&quot;&quot;}\" ><div class=\"panel-widget-style panel-widget-style-for-gb1293-6a03603e23309-0-0-0\" ><div\n\t\t\t\n\t\t\tclass=\"so-widget-sow-features so-widget-sow-features-default-fef021bca40b\"\n\t\t\t\n\t\t>\n<div class=\"sow-features-list sow-features-responsive\">\n\n\t\t\t\t\t\t\t\t\t<div\n\t\t\t\tclass=\"sow-features-feature sow-icon-container-position-top\"\n\t\t\t\tstyle=\"display: flex; flex-direction: column; width: calc(100% - 25px);\"\n\t\t\t>\n\t\t\t\n\t\t\t\t\t\t\t\t<div\n\t\t\t\t\tclass=\"sow-icon-container sow-container-none\"\n\t\t\t\t\tstyle=\"color: ; \"\n\t\t\t\t\t\t\t\t\t>\n\t\t\t\t\t<span class=\"sow-icon-fontawesome sow-fas\" data-sow-icon=\"&#xf772;\"\n\t\tstyle=\"font-size: 48px; color: #2d2d2d\" \n\t\taria-hidden=\"true\"><\/span>\t\t\t\t<\/div>\n\t\t\t\t\n\t\t\t\t<div class=\"textwidget\">\n\t\t\t\t\t\n\t\t\t\t\t\t\t\t\t\t\t<h5>\n\t\t\t\t\t\t\t\n\t\t\t\t\t\t\tInformaci\u00f3n del servicio\t\t\t\t\t\t\t\t\t\t\t\t\t<\/h5>\n\t\t\t\t\t\n\t\t\t\t\t\t\t\t\t\t\t<p class=\"has-text-align-center\">El comedor escolar es un\u00a0<strong>servicio complementario<\/strong>\u00a0y como tal, no obligatorio.<\/p>\n<p class=\"has-text-align-center\">Tiene como finalidad cubrir las necesidades de aquellas familias que no puedan atender a sus hijos en esos periodos y<strong>\u00a0facilitar, de ese modo, la compatibilidad entre los horarios laborales y escolares.<\/strong>\u00a0El comedor escolar es un lugar para el aprendizaje, a la vez que un espacio en el que poner de manifiesto las buenas maneras personales y colectivas. Proporcionar\u00e1 una alimentaci\u00f3n correcta y adecuada desde el punto de vista sanitario y nutricional, que permita al alumno usuario afrontar con garant\u00edas la jornada escolar.<\/p>\n<p><strong>Los alumnos que hicieran uso del comedor el curso pasado no presentar\u00e1n solicitud<\/strong>. Todas las cuotas se les cobrar\u00e1n por domiciliaci\u00f3n bancaria - la primera a principios de octubre, salvo que se comunique la baja en este servicio. <strong>Si cambian sus datos bancarios deben comunicarlos antes del d\u00eda 20 de cada mes.<\/strong><\/p>\n<p>Los alumnos matriculados en el centro que no hayan utilizado el servicio y lo quieran utilizar, deber\u00e1n recoger el impreso en secretar\u00eda o descargarlo desde la web. Se entregar\u00e1 debidamente cumplimentado antes del <strong>15 de s<\/strong><strong>eptiembre de 2025.<\/strong><\/p>\n<p class=\"has-text-align-center\">Los alumnos nuevos recibir\u00e1n el impreso de solicitud del servicio en el sobre de matr\u00edcula. Tambi\u00e9n podr\u00e1n disponer de este impreso en el apartado de secretar\u00eda de esta web.<\/p>\n<p class=\"has-text-align-center\"><strong><a href=\"http:\/\/www.hotelma.es\/\" target=\"_blank\" rel=\"noreferrer noopener\">Hotelma S.A.<\/a> es la empresa que ofrece el servicio de comedor escolar.<\/strong><\/p>\n<p class=\"has-text-align-center\">Aquellas familias de Educaci\u00f3n Infantil y primero de primaria que lo deseen pueden descargarse, de manera gratuita, la aplicaci\u00f3n de comedor que les permitir\u00e1 llevar el seguimiento de las comidas de sus hijos, as\u00ed como acceder a los men\u00fas y cenas recomendadas.<\/p>\n<p><strong><a href=\"https:\/\/site.educa.madrid.org\/cp.eltejar.majadahonda\/\/wp-content\/uploads\/cp.eltejar.majadahonda\/2023\/03\/MANUAL-DE-REGISTRO-APP-HOTELMA-2-0-El-Tejar.pdf\" target=\"_blank\" rel=\"noopener\">Pincha aqu\u00ed para obtener toda la informaci\u00f3n sobre al App del comedor<\/a><\/strong><\/p>\n<p class=\"has-text-align-center\">Dentro del horario del Comedor Escolar, en el periodo anterior y posterior a las comidas, los alumnos tienen la posibilidad de disfrutar de un tiempo de juego libre o bien participar en las actividades organizadas por la empresa de comedor.<\/p>\n<p class=\"has-text-align-center\">Los alumnos que lo deseen pueden participar tambi\u00e9n en las actividades extraescolares, organizadas por la AMPA y Club Deportivo, que se desarrollan en el horario del comedor escolar.<\/p>\n<p><strong>El servicio de comedor escolar comenzar\u00e1 el d\u00eda 9 de septiembre y finalizar\u00e1 el 19 de junio de 2026 para infantil y primaria.<\/strong><\/p>\n<p>Este curso ser\u00e1 la monitora<strong> Isabel Mar\u00edn, la figura mediadora en los conflictos que surjan en el comedor<\/strong>. As\u00ed mismo\u00a0 <strong>Eva Mar\u00eda Zorzo<\/strong><strong>\u00a0ser\u00e1 la coordinadora de comedor en el centro.<\/strong><\/p>\n<p>Las familias podr\u00e1n recoger de forma excepcional a sus hijos\/as en septiembre y junio a las 14:30 horas previo aviso.<\/p>\n<p>Los alumnos nuevos en el centro que presenten alg\u00fan tipo de alergia, deben aportar el informe m\u00e9dico para tener un mayor control.<\/p>\n<p>&nbsp;<\/p>\n\t\t\t\t\t\n\t\t\t\t\t\t\t\t\t<\/div>\n\t\t\t\t\t\t\t\t\n\t\t\t\t\t\t\t<\/div>\n\n\t\t\t\n<\/div>\n<\/div><\/div><\/div><\/div><\/div><\/div><\/div>\n\n\n<hr class=\"wp-block-separator has-css-opacity is-style-default\"\/>\n","protected":false},"excerpt":{"rendered":"","protected":false},"author":3,"featured_media":0,"parent":1077,"menu_order":1,"comment_status":"closed","ping_status":"closed","template":"","meta":{"footnotes":""},"folder":[],"class_list":["post-1293","page","type-page","status-publish","hentry"],"rttpg_featured_image_url":null,"rttpg_author":{"display_name":"cp.eltejar.majadahonda","author_link":"https:\/\/site.educa.madrid.org\/cp.eltejar.majadahonda\/index.php\/author\/cuenta_cp-eltejar-majadahonda\/"},"rttpg_comment":0,"rttpg_category":false,"rttpg_excerpt":null,"post_mailing_queue_ids":[],"_links":{"self":[{"href":"https:\/\/site.educa.madrid.org\/cp.eltejar.majadahonda\/index.php\/wp-json\/wp\/v2\/pages\/1293","targetHints":{"allow":["GET"]}}],"collection":[{"href":"https:\/\/site.educa.madrid.org\/cp.eltejar.majadahonda\/index.php\/wp-json\/wp\/v2\/pages"}],"about":[{"href":"https:\/\/site.educa.madrid.org\/cp.eltejar.majadahonda\/index.php\/wp-json\/wp\/v2\/types\/page"}],"author":[{"embeddable":true,"href":"https:\/\/site.educa.madrid.org\/cp.eltejar.majadahonda\/index.php\/wp-json\/wp\/v2\/users\/3"}],"replies":[{"embeddable":true,"href":"https:\/\/site.educa.madrid.org\/cp.eltejar.majadahonda\/index.php\/wp-json\/wp\/v2\/comments?post=1293"}],"version-history":[{"count":50,"href":"https:\/\/site.educa.madrid.org\/cp.eltejar.majadahonda\/index.php\/wp-json\/wp\/v2\/pages\/1293\/revisions"}],"predecessor-version":[{"id":4231,"href":"https:\/\/site.educa.madrid.org\/cp.eltejar.majadahonda\/index.php\/wp-json\/wp\/v2\/pages\/1293\/revisions\/4231"}],"up":[{"embeddable":true,"href":"https:\/\/site.educa.madrid.org\/cp.eltejar.majadahonda\/index.php\/wp-json\/wp\/v2\/pages\/1077"}],"wp:attachment":[{"href":"https:\/\/site.educa.madrid.org\/cp.eltejar.majadahonda\/index.php\/wp-json\/wp\/v2\/media?parent=1293"}],"wp:term":[{"taxonomy":"folder","embeddable":true,"href":"https:\/\/site.educa.madrid.org\/cp.eltejar.majadahonda\/index.php\/wp-json\/wp\/v2\/folder?post=1293"}],"curies":[{"name":"wp","href":"https:\/\/api.w.org\/{rel}","templated":true}]}}