{"id":1418,"date":"2023-03-19T20:55:16","date_gmt":"2023-03-19T19:55:16","guid":{"rendered":"https:\/\/site.educa.madrid.org\/cp.eltejar.majadahonda\/?page_id=1418"},"modified":"2026-04-14T11:45:53","modified_gmt":"2026-04-14T09:45:53","slug":"autorizacion-e-impresos","status":"publish","type":"page","link":"https:\/\/site.educa.madrid.org\/cp.eltejar.majadahonda\/index.php\/secretaria_eltejar\/autorizacion-e-impresos\/","title":{"rendered":"Autorizaci\u00f3n e Impresos"},"content":{"rendered":"\n<h2 class=\"wp-block-heading has-vivid-red-color has-text-color\">Documentaci\u00f3n descargable<\/h2>\n\n\n\n<figure class=\"wp-block-table is-style-regular\"><table><tbody><tr><td><strong>&#8211; <a href=\"https:\/\/site.educa.madrid.org\/cp.eltejar.majadahonda\/\/wp-content\/uploads\/cp.eltejar.majadahonda\/2024\/05\/AUTORIZACION-MEDICAMENTOS-rellenable.pdf\" target=\"_blank\" rel=\"noreferrer noopener\">Autorizaci\u00f3n para administraci\u00f3n de  medicamentos<\/a><br><br>&#8211; <a href=\"https:\/\/site.educa.madrid.org\/cp.eltejar.majadahonda\/\/wp-content\/uploads\/cp.eltejar.majadahonda\/2024\/05\/CAMBIO-DOMICILIO-TELEFONO-BANCO-rellenable.pdf\" target=\"_blank\" rel=\"noreferrer noopener\">Impreso para realizar modificaciones de datos personales<\/a><\/strong><br><br>&#8211; <strong><a href=\"https:\/\/site.educa.madrid.org\/cp.eltejar.majadahonda\/\/wp-content\/uploads\/cp.eltejar.majadahonda\/2025\/09\/SOLICITUD-BAJA-DEL-CENTRO.pdf\" target=\"_blank\" rel=\"noreferrer noopener\">Solicitud baja del centro<\/a><br><br>&#8211; <a href=\"https:\/\/site.educa.madrid.org\/cp.eltejar.majadahonda\/\/wp-content\/uploads\/cp.eltejar.majadahonda\/2024\/05\/AUTORIZACION-MENORES-ELTEJAR-rellenable.pdf\" target=\"_blank\" rel=\"noreferrer noopener\">Autorizaci\u00f3n para salir del centro antes de o finalizado el horario lectivo<\/a><br><br>&#8211; <a href=\"https:\/\/site.educa.madrid.org\/cp.eltejar.majadahonda\/\/wp-content\/uploads\/cp.eltejar.majadahonda\/2024\/05\/AUTORIZACION-MENORES-RUTA-rellenable.pdf\" target=\"_blank\" rel=\"noreferrer noopener\">Autorizaci\u00f3n para acudir solo desde la parada de la ruta a casa<\/a><br><a href=\"https:\/\/site.educa.madrid.org\/cp.eltejar.majadahonda\/\/wp-content\/uploads\/cp.eltejar.majadahonda\/2023\/09\/HOJA-DE-COMEDOR-2023-2024-rellenable-1.pdf\" target=\"_blank\" rel=\"noreferrer noopener\"><br><\/a>&#8211; <a href=\"https:\/\/site.educa.madrid.org\/cp.eltejar.majadahonda\/\/wp-content\/uploads\/cp.eltejar.majadahonda\/2024\/05\/INSCRIPCION-DE-COMEDOR-rellenable.pdf\" target=\"_blank\" rel=\"noreferrer noopener\">Solicitud de plaza en el comedor escolar<\/a><br><br>&#8211; <a href=\"https:\/\/site.educa.madrid.org\/cp.eltejar.majadahonda\/\/wp-content\/uploads\/cp.eltejar.majadahonda\/2024\/05\/INFORMACION-RUTA-24-25.pdf\" target=\"_blank\" rel=\"noreferrer noopener\">Ruta escolar<\/a><br><br>&#8211; <a href=\"https:\/\/site.educa.madrid.org\/cp.eltejar.majadahonda\/\/wp-content\/uploads\/cp.eltejar.majadahonda\/2024\/05\/SOLICITUD-DE-RUTA-rellenable.pdf\" target=\"_blank\" rel=\"noreferrer noopener\">Solicitud de plaza para el transporte escolar<\/a><a href=\"https:\/\/site.educa.madrid.org\/cp.eltejar.majadahonda\/\/wp-content\/uploads\/cp.eltejar.majadahonda\/2023\/09\/SOLICITUD-DE-RUTA-23-24-rellenable.pdf\" target=\"_blank\" rel=\"noreferrer noopener\"><br><\/a><br>&#8211; <a href=\"https:\/\/site.educa.madrid.org\/cp.eltejar.majadahonda\/\/wp-content\/uploads\/cp.eltejar.majadahonda\/2025\/06\/INSC.-EL-TEJAR.pdf\" target=\"_blank\" rel=\"noreferrer noopener\">Solicitud para el servicio de Primeros del Cole<\/a><br><br><a href=\"https:\/\/site.educa.madrid.org\/cp.eltejar.majadahonda\/\/wp-content\/uploads\/cp.eltejar.majadahonda\/2025\/06\/48-TARDES-DE-SEPTIEMBRE-EL-TEJAR-Majadahonda-2025-CA48-1.pdf\" target=\"_blank\" rel=\"noreferrer noopener\">&#8211; Solicitud para \u00daltimos del Cole<\/a><br><br>&#8211; <a href=\"https:\/\/site.educa.madrid.org\/cp.eltejar.majadahonda\/\/wp-content\/uploads\/cp.eltejar.majadahonda\/2024\/05\/SOLICITUD-CERTIFICADO-PARA-EL-TRASLADO-rellenable.pdf\" target=\"_blank\" rel=\"noreferrer noopener\">Solicitud del certificado para el traslado del alumno<\/a><br><br>&#8211; <a href=\"https:\/\/site.educa.madrid.org\/cp.eltejar.majadahonda\/\/wp-content\/uploads\/cp.eltejar.majadahonda\/2024\/05\/Anexo_I_Adhesion_alumno_Programa_Accede.pdf\" target=\"_blank\" rel=\"noreferrer noopener\">Solicitud adhesi\u00f3n al programa de pr\u00e9stamo de libros ACCEDE<\/a><\/strong><\/td><\/tr><\/tbody><\/table><\/figure>\n","protected":false},"excerpt":{"rendered":"<p>Documentaci\u00f3n descargable &#8211; Autorizaci\u00f3n para administraci\u00f3n de medicamentos &#8211; Impreso para realizar modificaciones de datos personales &#8211; Solicitud baja del centro &#8211; Autorizaci\u00f3n para salir del centro antes de o finalizado el horario lectivo &#8211; Autorizaci\u00f3n para acudir solo desde la parada de la ruta a casa&#8211; Solicitud de plaza en el comedor escolar &#8211; [&hellip;]<\/p>\n","protected":false},"author":3,"featured_media":0,"parent":1382,"menu_order":0,"comment_status":"closed","ping_status":"closed","template":"","meta":{"footnotes":""},"folder":[],"class_list":["post-1418","page","type-page","status-publish","hentry"],"rttpg_featured_image_url":null,"rttpg_author":{"display_name":"cp.eltejar.majadahonda","author_link":"https:\/\/site.educa.madrid.org\/cp.eltejar.majadahonda\/index.php\/author\/cuenta_cp-eltejar-majadahonda\/"},"rttpg_comment":0,"rttpg_category":false,"rttpg_excerpt":"Documentaci\u00f3n descargable &#8211; Autorizaci\u00f3n para administraci\u00f3n de medicamentos &#8211; Impreso para realizar modificaciones de datos personales &#8211; Solicitud baja del centro &#8211; Autorizaci\u00f3n para salir del centro antes de o finalizado el horario lectivo &#8211; Autorizaci\u00f3n para acudir solo desde la parada de la ruta a casa&#8211; Solicitud de plaza en el comedor escolar &#8211;&hellip;","post_mailing_queue_ids":[],"_links":{"self":[{"href":"https:\/\/site.educa.madrid.org\/cp.eltejar.majadahonda\/index.php\/wp-json\/wp\/v2\/pages\/1418","targetHints":{"allow":["GET"]}}],"collection":[{"href":"https:\/\/site.educa.madrid.org\/cp.eltejar.majadahonda\/index.php\/wp-json\/wp\/v2\/pages"}],"about":[{"href":"https:\/\/site.educa.madrid.org\/cp.eltejar.majadahonda\/index.php\/wp-json\/wp\/v2\/types\/page"}],"author":[{"embeddable":true,"href":"https:\/\/site.educa.madrid.org\/cp.eltejar.majadahonda\/index.php\/wp-json\/wp\/v2\/users\/3"}],"replies":[{"embeddable":true,"href":"https:\/\/site.educa.madrid.org\/cp.eltejar.majadahonda\/index.php\/wp-json\/wp\/v2\/comments?post=1418"}],"version-history":[{"count":51,"href":"https:\/\/site.educa.madrid.org\/cp.eltejar.majadahonda\/index.php\/wp-json\/wp\/v2\/pages\/1418\/revisions"}],"predecessor-version":[{"id":4687,"href":"https:\/\/site.educa.madrid.org\/cp.eltejar.majadahonda\/index.php\/wp-json\/wp\/v2\/pages\/1418\/revisions\/4687"}],"up":[{"embeddable":true,"href":"https:\/\/site.educa.madrid.org\/cp.eltejar.majadahonda\/index.php\/wp-json\/wp\/v2\/pages\/1382"}],"wp:attachment":[{"href":"https:\/\/site.educa.madrid.org\/cp.eltejar.majadahonda\/index.php\/wp-json\/wp\/v2\/media?parent=1418"}],"wp:term":[{"taxonomy":"folder","embeddable":true,"href":"https:\/\/site.educa.madrid.org\/cp.eltejar.majadahonda\/index.php\/wp-json\/wp\/v2\/folder?post=1418"}],"curies":[{"name":"wp","href":"https:\/\/api.w.org\/{rel}","templated":true}]}}