{"id":1814,"date":"2023-03-29T08:21:06","date_gmt":"2023-03-29T06:21:06","guid":{"rendered":"https:\/\/site.educa.madrid.org\/cp.eltejar.majadahonda\/?page_id=1814"},"modified":"2024-02-29T12:26:18","modified_gmt":"2024-02-29T11:26:18","slug":"propuesta-pedagogica-objetivos","status":"publish","type":"page","link":"https:\/\/site.educa.madrid.org\/cp.eltejar.majadahonda\/index.php\/nuestra-propuesta\/ensenanzas-3\/propuesta-pedagogica-objetivos\/","title":{"rendered":"Propuesta educativa: Objetivos"},"content":{"rendered":"\n<div class=\"wp-block-buttons is-content-justification-center is-layout-flex wp-container-core-buttons-is-layout-a89b3969 wp-block-buttons-is-layout-flex\">\n<div class=\"wp-block-button is-style-outline is-style-outline--1\"><a class=\"wp-block-button__link\" href=\"https:\/\/site.educa.madrid.org\/cp.eltejar.majadahonda\/index.php\/nuestra-propuesta\/ensenanzas-3\/\">Niveles<\/a><\/div>\n\n\n\n<div class=\"wp-block-button is-style-outline is-style-outline--2\"><a class=\"wp-block-button__link\" href=\"https:\/\/site.educa.madrid.org\/cp.eltejar.majadahonda\/index.php\/propuesta-pedagogica-objetivos\/\">Objetivos<\/a><\/div>\n\n\n\n<div class=\"wp-block-button is-style-outline is-style-outline--3\"><a class=\"wp-block-button__link\" href=\"https:\/\/site.educa.madrid.org\/cp.eltejar.majadahonda\/index.php\/propuesta-pedagogica-actividades\/\">Actividades<\/a><\/div>\n<\/div>\n\n\n\n<h2 class=\"wp-block-heading has-vivid-red-color has-text-color has-large-font-size\">Objetivos<\/h2>\n\n\n\n<p>Nuestro centro intenta formar un tipo de persona capaz de emprender iniciativas, elaborar criterios propios, fomentar su esp\u00edritu cr\u00edtico e impulsar el razonamiento que le permita interpretar sus propias experiencias, expresar su afectividad de manera espont\u00e1nea y dar cauce a su creatividad, comprometi\u00e9ndose solidariamente con su entorno y colectividad.<\/p>\n\n\n\n<p>Partiendo de esas premisas, nos fijamos en las siguientes prioridades:<\/p>\n\n\n\n<ul class=\"wp-block-list\">\n<li><strong>Dotar al centro de una personalidad propia, aunando criterios educativos entre todos los miembros de la comunidad escolar.<\/strong><\/li>\n\n\n\n<li><strong>Buscar el pleno desarrollo de la personalidad mediante una formaci\u00f3n humana integral, respetando los principios democr\u00e1ticos de convivencia, deberes, derechos y libertades fundamentales.<\/strong><\/li>\n\n\n\n<li><strong>Valorar el esfuerzo personal y la adquisici\u00f3n de h\u00e1bitos de trabajo.<\/strong><\/li>\n\n\n\n<li><strong>Velar por el orden y el cumplimiento de las normas, para favorecer la buena marcha, funcionamiento y organizaci\u00f3n del centro.<\/strong><\/li>\n\n\n\n<li><strong>Impartir una ense\u00f1anza basada en la tolerancia, el conocimiento y el respeto a la diversidad.<\/strong><\/li>\n\n\n\n<li><strong>Avanzar en nuestro proceso educativo en paralelo a las demandas sociales, incorporando el uso de las nuevas tecnolog\u00edas a las diferentes \u00e1reas que integran el curr\u00edculo y dando un mayor impulso al aprendizaje de una lengua inglesa.<\/strong><\/li>\n\n\n\n<li><strong>Fomentar actitudes de respeto y cauces fluidos de comunicaci\u00f3n entre todos los miembros de la Comunidad Educativa.<\/strong><\/li>\n<\/ul>\n","protected":false},"excerpt":{"rendered":"<p>Objetivos Nuestro centro intenta formar un tipo de persona capaz de emprender iniciativas, elaborar criterios propios, fomentar su esp\u00edritu cr\u00edtico e impulsar el razonamiento que le permita interpretar sus propias experiencias, expresar su afectividad de manera espont\u00e1nea y dar cauce a su creatividad, comprometi\u00e9ndose solidariamente con su entorno y colectividad. Partiendo de esas premisas, nos [&hellip;]<\/p>\n","protected":false},"author":3,"featured_media":0,"parent":954,"menu_order":0,"comment_status":"closed","ping_status":"closed","template":"","meta":{"footnotes":""},"folder":[],"class_list":["post-1814","page","type-page","status-publish","hentry"],"rttpg_featured_image_url":null,"rttpg_author":{"display_name":"cp.eltejar.majadahonda","author_link":"https:\/\/site.educa.madrid.org\/cp.eltejar.majadahonda\/index.php\/author\/cuenta_cp-eltejar-majadahonda\/"},"rttpg_comment":0,"rttpg_category":false,"rttpg_excerpt":"Objetivos Nuestro centro intenta formar un tipo de persona capaz de emprender iniciativas, elaborar criterios propios, fomentar su esp\u00edritu cr\u00edtico e impulsar el razonamiento que le permita interpretar sus propias experiencias, expresar su afectividad de manera espont\u00e1nea y dar cauce a su creatividad, comprometi\u00e9ndose solidariamente con su entorno y colectividad. Partiendo de esas premisas, nos&hellip;","post_mailing_queue_ids":[],"_links":{"self":[{"href":"https:\/\/site.educa.madrid.org\/cp.eltejar.majadahonda\/index.php\/wp-json\/wp\/v2\/pages\/1814","targetHints":{"allow":["GET"]}}],"collection":[{"href":"https:\/\/site.educa.madrid.org\/cp.eltejar.majadahonda\/index.php\/wp-json\/wp\/v2\/pages"}],"about":[{"href":"https:\/\/site.educa.madrid.org\/cp.eltejar.majadahonda\/index.php\/wp-json\/wp\/v2\/types\/page"}],"author":[{"embeddable":true,"href":"https:\/\/site.educa.madrid.org\/cp.eltejar.majadahonda\/index.php\/wp-json\/wp\/v2\/users\/3"}],"replies":[{"embeddable":true,"href":"https:\/\/site.educa.madrid.org\/cp.eltejar.majadahonda\/index.php\/wp-json\/wp\/v2\/comments?post=1814"}],"version-history":[{"count":8,"href":"https:\/\/site.educa.madrid.org\/cp.eltejar.majadahonda\/index.php\/wp-json\/wp\/v2\/pages\/1814\/revisions"}],"predecessor-version":[{"id":3102,"href":"https:\/\/site.educa.madrid.org\/cp.eltejar.majadahonda\/index.php\/wp-json\/wp\/v2\/pages\/1814\/revisions\/3102"}],"up":[{"embeddable":true,"href":"https:\/\/site.educa.madrid.org\/cp.eltejar.majadahonda\/index.php\/wp-json\/wp\/v2\/pages\/954"}],"wp:attachment":[{"href":"https:\/\/site.educa.madrid.org\/cp.eltejar.majadahonda\/index.php\/wp-json\/wp\/v2\/media?parent=1814"}],"wp:term":[{"taxonomy":"folder","embeddable":true,"href":"https:\/\/site.educa.madrid.org\/cp.eltejar.majadahonda\/index.php\/wp-json\/wp\/v2\/folder?post=1814"}],"curies":[{"name":"wp","href":"https:\/\/api.w.org\/{rel}","templated":true}]}}