{"id":1817,"date":"2023-03-29T08:21:22","date_gmt":"2023-03-29T06:21:22","guid":{"rendered":"https:\/\/site.educa.madrid.org\/cp.eltejar.majadahonda\/?page_id=1817"},"modified":"2024-02-29T12:27:32","modified_gmt":"2024-02-29T11:27:32","slug":"propuesta-pedagogica-actividades","status":"publish","type":"page","link":"https:\/\/site.educa.madrid.org\/cp.eltejar.majadahonda\/index.php\/nuestra-propuesta\/ensenanzas-3\/propuesta-pedagogica-actividades\/","title":{"rendered":"Propuesta educativa: Actividades"},"content":{"rendered":"\n<div class=\"wp-block-buttons is-content-justification-center is-layout-flex wp-container-core-buttons-is-layout-a89b3969 wp-block-buttons-is-layout-flex\">\n<div class=\"wp-block-button is-style-outline is-style-outline--1\"><a class=\"wp-block-button__link\" href=\"https:\/\/site.educa.madrid.org\/cp.eltejar.majadahonda\/index.php\/nuestra-propuesta\/ensenanzas-3\/\">Niveles<\/a><\/div>\n\n\n\n<div class=\"wp-block-button is-style-outline is-style-outline--2\"><a class=\"wp-block-button__link\" href=\"https:\/\/site.educa.madrid.org\/cp.eltejar.majadahonda\/index.php\/propuesta-pedagogica-objetivos\/\">Objetivos<\/a><\/div>\n\n\n\n<div class=\"wp-block-button is-style-outline is-style-outline--3\"><a class=\"wp-block-button__link\" href=\"https:\/\/site.educa.madrid.org\/cp.eltejar.majadahonda\/index.php\/propuesta-pedagogica-actividades\/\">Actividades<\/a><\/div>\n<\/div>\n\n\n\n<h2 class=\"wp-block-heading has-vivid-red-color has-text-color has-large-font-size\">Actividades <\/h2>\n\n\n\n<p>A lo largo del curso el colegio en colaboraci\u00f3n con la Asociaci\u00f3n de Madres y Padres organiza&nbsp;<strong>actividades complementarias y extraescolares,<\/strong>&nbsp;cuyo fin es completar la formaci\u00f3n de los alumnos y ampliar la oferta educativa fuera del horario lectivo. Las actividades complementarias est\u00e1n integradas en el curr\u00edculo escolar, detalladas en la Programaci\u00f3n General Anual y aprobadas por el Consejo Escolar.&nbsp;<strong>Se realizan generalmente fuera del centro escolar y en horario lectivo.&nbsp;<\/strong>Tambi\u00e9n se planifican actividades colegiadas para conmemorar efem\u00e9rides y festividades en las que intervienen todos los alumnos. La AMPA del centro promueve actividades extraescolares.&nbsp;<strong>Buena parte de ellas se realizan en el propio centro, en horario de comedor y al finalizar las clases, entre las 16:00 y las 17:30 horas.<\/strong><\/p>\n\n\n\n<h2 class=\"wp-block-heading has-vivid-red-color has-text-color has-large-font-size\">Actividades Complementarias<\/h2>\n\n\n\n<p>Las actividades complementarias est\u00e1n<strong>&nbsp;integradas en el curr\u00edculo escolar<\/strong>, detalladas en la Programaci\u00f3n General Anual y aprobadas por el Consejo Escolar. Se realizan generalmente&nbsp;<strong>fuera del centro escolar y en horario lectivo.&nbsp;<\/strong>Tambi\u00e9n se planifican actividades colegiadas para conmemorar efem\u00e9rides y festividades en las que intervienen todos los alumnos.<\/p>\n\n\n\n<p><strong>Complementarias (por ciclos o niveles)<\/strong><\/p>\n\n\n\n<ul class=\"wp-block-list\">\n<li>Excursiones<\/li>\n\n\n\n<li>Granja<\/li>\n\n\n\n<li>Museos<\/li>\n\n\n\n<li>Teatro<\/li>\n\n\n\n<li>Conciertos<\/li>\n\n\n\n<li>Biblioteca<\/li>\n<\/ul>\n\n\n\n<p><strong>Colegiadas (todo el centro)<\/strong><\/p>\n\n\n\n<ul class=\"wp-block-list\">\n<li>Actividad de hermanamiento<\/li>\n\n\n\n<li>Chocolatada navide\u00f1a<\/li>\n\n\n\n<li>Carnaval<\/li>\n\n\n\n<li>Semana del libro<\/li>\n\n\n\n<li>Semana del deporte<\/li>\n\n\n\n<li>Fiesta de fin de curso<\/li>\n<\/ul>\n\n\n\n<h2 class=\"wp-block-heading has-vivid-red-color has-text-color has-large-font-size\">Actividades extraescolares<\/h2>\n\n\n\n<p>Se trata de actividades&nbsp;<strong>gestionadas por la AMPA y el Club Deportivo,&nbsp;<\/strong>que van dirigidas a todos los alumnos desde Infantil (tres a\u00f1os) hasta el \u00faltimo curso de Primaria.<strong>&nbsp;<\/strong>Para la inscripci\u00f3n y cualquier informaci\u00f3n,<strong>&nbsp;<\/strong>las familias deber\u00e1n dirigirse a los representantes del AMPA y del Club Deportivo.<\/p>\n","protected":false},"excerpt":{"rendered":"<p>Actividades A lo largo del curso el colegio en colaboraci\u00f3n con la Asociaci\u00f3n de Madres y Padres organiza&nbsp;actividades complementarias y extraescolares,&nbsp;cuyo fin es completar la formaci\u00f3n de los alumnos y ampliar la oferta educativa fuera del horario lectivo. Las actividades complementarias est\u00e1n integradas en el curr\u00edculo escolar, detalladas en la Programaci\u00f3n General Anual y aprobadas [&hellip;]<\/p>\n","protected":false},"author":3,"featured_media":0,"parent":954,"menu_order":0,"comment_status":"closed","ping_status":"closed","template":"","meta":{"footnotes":""},"folder":[],"class_list":["post-1817","page","type-page","status-publish","hentry"],"rttpg_featured_image_url":null,"rttpg_author":{"display_name":"cp.eltejar.majadahonda","author_link":"https:\/\/site.educa.madrid.org\/cp.eltejar.majadahonda\/index.php\/author\/cuenta_cp-eltejar-majadahonda\/"},"rttpg_comment":0,"rttpg_category":false,"rttpg_excerpt":"Actividades A lo largo del curso el colegio en colaboraci\u00f3n con la Asociaci\u00f3n de Madres y Padres organiza&nbsp;actividades complementarias y extraescolares,&nbsp;cuyo fin es completar la formaci\u00f3n de los alumnos y ampliar la oferta educativa fuera del horario lectivo. Las actividades complementarias est\u00e1n integradas en el curr\u00edculo escolar, detalladas en la Programaci\u00f3n General Anual y aprobadas&hellip;","post_mailing_queue_ids":[],"_links":{"self":[{"href":"https:\/\/site.educa.madrid.org\/cp.eltejar.majadahonda\/index.php\/wp-json\/wp\/v2\/pages\/1817","targetHints":{"allow":["GET"]}}],"collection":[{"href":"https:\/\/site.educa.madrid.org\/cp.eltejar.majadahonda\/index.php\/wp-json\/wp\/v2\/pages"}],"about":[{"href":"https:\/\/site.educa.madrid.org\/cp.eltejar.majadahonda\/index.php\/wp-json\/wp\/v2\/types\/page"}],"author":[{"embeddable":true,"href":"https:\/\/site.educa.madrid.org\/cp.eltejar.majadahonda\/index.php\/wp-json\/wp\/v2\/users\/3"}],"replies":[{"embeddable":true,"href":"https:\/\/site.educa.madrid.org\/cp.eltejar.majadahonda\/index.php\/wp-json\/wp\/v2\/comments?post=1817"}],"version-history":[{"count":9,"href":"https:\/\/site.educa.madrid.org\/cp.eltejar.majadahonda\/index.php\/wp-json\/wp\/v2\/pages\/1817\/revisions"}],"predecessor-version":[{"id":3104,"href":"https:\/\/site.educa.madrid.org\/cp.eltejar.majadahonda\/index.php\/wp-json\/wp\/v2\/pages\/1817\/revisions\/3104"}],"up":[{"embeddable":true,"href":"https:\/\/site.educa.madrid.org\/cp.eltejar.majadahonda\/index.php\/wp-json\/wp\/v2\/pages\/954"}],"wp:attachment":[{"href":"https:\/\/site.educa.madrid.org\/cp.eltejar.majadahonda\/index.php\/wp-json\/wp\/v2\/media?parent=1817"}],"wp:term":[{"taxonomy":"folder","embeddable":true,"href":"https:\/\/site.educa.madrid.org\/cp.eltejar.majadahonda\/index.php\/wp-json\/wp\/v2\/folder?post=1817"}],"curies":[{"name":"wp","href":"https:\/\/api.w.org\/{rel}","templated":true}]}}