{"id":183,"date":"2022-05-31T11:04:12","date_gmt":"2022-05-31T09:04:12","guid":{"rendered":"https:\/\/site.educa.madrid.org\/cp.eltejar.majadahonda\/?page_id=183"},"modified":"2025-06-19T15:19:57","modified_gmt":"2025-06-19T13:19:57","slug":"becas","status":"publish","type":"page","link":"https:\/\/site.educa.madrid.org\/cp.eltejar.majadahonda\/index.php\/secretaria_eltejar\/becas\/","title":{"rendered":"Becas y ayudas"},"content":{"rendered":"\n<h2 class=\"wp-block-heading has-vivid-red-color has-text-color\">Becas de comedor 2025-2026<\/h2>\n\n\n\n<p>Habitualmente, <strong>el plazo de solicitud de las becas de comedor se abre desde el 21 de mayo al 17 de junio.<\/strong> Las familias y los tutores legales ser\u00e1n informados mediante una publicaci\u00f3n en en el muro de novedades la p\u00e1gina principal de nuestra web as\u00ed como a trav\u00e9s del aviso en la plataforma <strong>Ra\u00edces<\/strong>.<\/p>\n\n\n\n<p><strong><a href=\"https:\/\/site.educa.madrid.org\/cp.eltejar.majadahonda\/\/wp-content\/uploads\/cp.eltejar.majadahonda\/2025\/06\/BECAS-COMEDOR-CURSO-2025.pdf\" target=\"_blank\" rel=\"noreferrer noopener\">Informaci\u00f3n PRECIO REDUCIDO DE COMEDOR CURSO 2025-2026<\/a><\/strong><\/p>\n\n\n\n<p><strong><a href=\"https:\/\/site.educa.madrid.org\/cp.eltejar.majadahonda\/\/wp-content\/uploads\/cp.eltejar.majadahonda\/2025\/06\/Preguntas-mas-frecuentes-25_26.pdf\" target=\"_blank\" rel=\"noreferrer noopener\">Preguntas frecuentes sobre la presentaci\u00f3n de la solicitud<\/a><\/strong><\/p>\n\n\n\n<p><strong><a href=\"https:\/\/site.educa.madrid.org\/cp.eltejar.majadahonda\/\/wp-content\/uploads\/cp.eltejar.majadahonda\/2025\/06\/solicitud.pdf\" target=\"_blank\" rel=\"noreferrer noopener\">Solicitud<\/a><\/strong><\/p>\n\n\n\n<h2 class=\"wp-block-heading has-vivid-red-color has-text-color\">Ayudas para alumnos con NEAE<\/h2>\n\n\n\n<p>Son becas del Ministerio de Educaci\u00f3n y Formaci\u00f3n Profesional. Sus destinatarios son <strong>alumnos que presentan necesidad espec\u00edfica de apoyo educativo<\/strong> y necesitan, por un periodo de su escolarizaci\u00f3n o a lo largo de toda ella, determinados apoyos y atenciones educativas derivadas de sus necesidades. <strong>Tambi\u00e9n podr\u00e1n ser beneficiarios de estas ayudas los alumnos con TEA y TDAH.<\/strong><\/p>\n\n\n\n<p>La informaci\u00f3n sobre la convocatoria se pondr\u00e1 a disposici\u00f3n de las familias y\/o tutores legales a trav\u00e9s del \u201cTabl\u00f3n de anuncios\u201d de nuestra p\u00e1gina web y mediante el aviso en la plataforma Ra\u00edces.<\/p>\n\n\n\n<p><strong><a href=\"https:\/\/site.educa.madrid.org\/cp.eltejar.majadahonda\/\/wp-content\/uploads\/cp.eltejar.majadahonda\/2025\/06\/Convocatoria-NEAE-2025_2026-FIRMADA.pdf\" target=\"_blank\" rel=\"noreferrer noopener\">Convocatoria NEAE Curso 2025-2026<\/a><\/strong><\/p>\n\n\n\n<h2 class=\"wp-block-heading has-vivid-red-color has-text-color\">Ayudas individualizadas de transporte escolar<\/h2>\n\n\n\n<p>Se trata de ayuda que ofrece la Consejer\u00eda de Educaci\u00f3n, Universidades y Ciencia para compensar los gastos que supone a los alumnos el <strong>desplazamiento por sus propios medios<\/strong> al centro docente donde cursan estudios en caso de no poder hacer uso de las rutas de transporte escolar.<\/p>\n\n\n\n<p>Para m\u00e1s informaci\u00f3n: <a rel=\"noreferrer noopener\" href=\"https:\/\/tramita.comunidad.madrid\/ayudas-becas-subvenciones\" target=\"_blank\">https:\/\/tramita.comunidad.madrid\/ayudas-becas-subvenciones<\/a><\/p>\n\n\n\n<p>Ayudas individualizadas de transporte escolar<\/p>\n\n\n\n<h2 class=\"wp-block-heading has-vivid-red-color has-text-color\"><\/h2>\n\n\n\n<p><\/p>\n\n\n\n<p><\/p>\n\n\n\n<p><\/p>\n\n\n\n<p><\/p>\n\n\n\n\n\n<p><\/p>\n","protected":false},"excerpt":{"rendered":"<p>Becas de comedor 2025-2026 Habitualmente, el plazo de solicitud de las becas de comedor se abre desde el 21 de mayo al 17 de junio. Las familias y los tutores legales ser\u00e1n informados mediante una publicaci\u00f3n en en el muro de novedades la p\u00e1gina principal de nuestra web as\u00ed como a trav\u00e9s del aviso en [&hellip;]<\/p>\n","protected":false},"author":6,"featured_media":0,"parent":1382,"menu_order":0,"comment_status":"closed","ping_status":"closed","template":"","meta":{"footnotes":""},"folder":[],"class_list":["post-183","page","type-page","status-publish","hentry"],"rttpg_featured_image_url":null,"rttpg_author":{"display_name":"Cuenta Admin-educamadrid","author_link":"https:\/\/site.educa.madrid.org\/cp.eltejar.majadahonda\/index.php\/author\/cuenta_admin-educamadrid\/"},"rttpg_comment":0,"rttpg_category":false,"rttpg_excerpt":"Becas de comedor 2025-2026 Habitualmente, el plazo de solicitud de las becas de comedor se abre desde el 21 de mayo al 17 de junio. Las familias y los tutores legales ser\u00e1n informados mediante una publicaci\u00f3n en en el muro de novedades la p\u00e1gina principal de nuestra web as\u00ed como a trav\u00e9s del aviso en&hellip;","post_mailing_queue_ids":[],"_links":{"self":[{"href":"https:\/\/site.educa.madrid.org\/cp.eltejar.majadahonda\/index.php\/wp-json\/wp\/v2\/pages\/183","targetHints":{"allow":["GET"]}}],"collection":[{"href":"https:\/\/site.educa.madrid.org\/cp.eltejar.majadahonda\/index.php\/wp-json\/wp\/v2\/pages"}],"about":[{"href":"https:\/\/site.educa.madrid.org\/cp.eltejar.majadahonda\/index.php\/wp-json\/wp\/v2\/types\/page"}],"author":[{"embeddable":true,"href":"https:\/\/site.educa.madrid.org\/cp.eltejar.majadahonda\/index.php\/wp-json\/wp\/v2\/users\/6"}],"replies":[{"embeddable":true,"href":"https:\/\/site.educa.madrid.org\/cp.eltejar.majadahonda\/index.php\/wp-json\/wp\/v2\/comments?post=183"}],"version-history":[{"count":50,"href":"https:\/\/site.educa.madrid.org\/cp.eltejar.majadahonda\/index.php\/wp-json\/wp\/v2\/pages\/183\/revisions"}],"predecessor-version":[{"id":4181,"href":"https:\/\/site.educa.madrid.org\/cp.eltejar.majadahonda\/index.php\/wp-json\/wp\/v2\/pages\/183\/revisions\/4181"}],"up":[{"embeddable":true,"href":"https:\/\/site.educa.madrid.org\/cp.eltejar.majadahonda\/index.php\/wp-json\/wp\/v2\/pages\/1382"}],"wp:attachment":[{"href":"https:\/\/site.educa.madrid.org\/cp.eltejar.majadahonda\/index.php\/wp-json\/wp\/v2\/media?parent=183"}],"wp:term":[{"taxonomy":"folder","embeddable":true,"href":"https:\/\/site.educa.madrid.org\/cp.eltejar.majadahonda\/index.php\/wp-json\/wp\/v2\/folder?post=183"}],"curies":[{"name":"wp","href":"https:\/\/api.w.org\/{rel}","templated":true}]}}