{"id":185,"date":"2022-05-31T11:04:12","date_gmt":"2022-05-31T09:04:12","guid":{"rendered":"https:\/\/site.educa.madrid.org\/cp.eltejar.majadahonda\/?page_id=185"},"modified":"2025-06-11T11:55:48","modified_gmt":"2025-06-11T09:55:48","slug":"matricula","status":"publish","type":"page","link":"https:\/\/site.educa.madrid.org\/cp.eltejar.majadahonda\/index.php\/secretaria_eltejar\/matricula\/","title":{"rendered":"Matr\u00edcula"},"content":{"rendered":"\n<p>El periodo ordinario de matriculaci\u00f3n tendr\u00e1 lugar<strong> del 12 al 26 de junio de 2025<\/strong><\/p>\n\n\n\n<p>Para formalizar la matr\u00edcula en el centro, ser\u00e1 necesario presentar la siguiente documentaci\u00f3n:<\/p>\n\n\n\n<ul class=\"wp-block-list\">\n<li><strong><a href=\"https:\/\/site.educa.madrid.org\/cp.eltejar.majadahonda\/\/wp-content\/uploads\/cp.eltejar.majadahonda\/2025\/06\/INFORMACION-PARA-LA-MATRICULA-2025-2026.pdf\">Informaci\u00f3n matr\u00edcula<\/a><\/strong><\/li>\n\n\n\n<li><strong><a href=\"https:\/\/site.educa.madrid.org\/cp.eltejar.majadahonda\/\/wp-content\/uploads\/cp.eltejar.majadahonda\/2023\/06\/HOJA-FICHA-DE-DATOS-rellenable-2023-2024.pdf\" target=\"_blank\" rel=\"noreferrer noopener\">Ficha de datos personales<\/a><\/strong><\/li>\n\n\n\n<li><strong><a href=\"https:\/\/site.educa.madrid.org\/cp.eltejar.majadahonda\/\/wp-content\/uploads\/cp.eltejar.majadahonda\/2023\/06\/LEY-PROTECCION-DATOS-DEL-COLEGIO-rellenable-2023-2024.pdf\" target=\"_blank\" rel=\"noreferrer noopener\">Protecci\u00f3n de datos centro<\/a><\/strong><\/li>\n\n\n\n<li><strong><a rel=\"noreferrer noopener\" href=\"https:\/\/site.educa.madrid.org\/cp.eltejar.majadahonda\/\/wp-content\/uploads\/cp.eltejar.majadahonda\/2023\/06\/LEY-PROTECCION-DATOS-UNION-EUROPEA-rellenable.pdf\" target=\"_blank\">Protecci\u00f3n de datos Uni\u00f3n Europea<\/a><\/strong><\/li>\n\n\n\n<li><strong><a href=\"https:\/\/site.educa.madrid.org\/cp.eltejar.majadahonda\/\/wp-content\/uploads\/cp.eltejar.majadahonda\/2025\/06\/Autorizacion-Voces-del-Aula-3-2.pdf\">Protecci\u00f3n de datos Radio Escolar<\/a><\/strong><\/li>\n\n\n\n<li><strong><a href=\"https:\/\/site.educa.madrid.org\/cp.eltejar.majadahonda\/\/wp-content\/uploads\/cp.eltejar.majadahonda\/2024\/05\/SOLICITUD-PERSONAS-AUTORIZADAS-rellenable.pdf\" target=\"_blank\" rel=\"noreferrer noopener\">Solicitud personas autorizadas<\/a><\/strong> <\/li>\n\n\n\n<li><a rel=\"noreferrer noopener\" href=\"https:\/\/site.educa.madrid.org\/cp.eltejar.majadahonda\/\/wp-content\/uploads\/cp.eltejar.majadahonda\/2024\/05\/AUTORIZACION-ACTIVIDADES-EDUCATIVAS-rellenable-1.pdf\" target=\"_blank\"><strong>Autorizaci\u00f3n general para actividades complementarias<\/strong><\/a><\/li>\n\n\n\n<li><strong><a href=\"https:\/\/site.educa.madrid.org\/cp.eltejar.majadahonda\/\/wp-content\/uploads\/cp.eltejar.majadahonda\/2024\/05\/OPCION-RELIGION-O-MAE-rellenable-1.pdf\" target=\"_blank\" rel=\"noreferrer noopener\">Impreso opci\u00f3n Religi\u00f3n o MAE<\/a><\/strong><\/li>\n<\/ul>\n\n\n\n<p><\/p>\n","protected":false},"excerpt":{"rendered":"<p>El periodo ordinario de matriculaci\u00f3n tendr\u00e1 lugar del 12 al 26 de junio de 2025 Para formalizar la matr\u00edcula en el centro, ser\u00e1 necesario presentar la siguiente documentaci\u00f3n:<\/p>\n","protected":false},"author":6,"featured_media":0,"parent":1382,"menu_order":0,"comment_status":"closed","ping_status":"closed","template":"","meta":{"footnotes":""},"folder":[],"class_list":["post-185","page","type-page","status-publish","hentry"],"rttpg_featured_image_url":null,"rttpg_author":{"display_name":"Cuenta Admin-educamadrid","author_link":"https:\/\/site.educa.madrid.org\/cp.eltejar.majadahonda\/index.php\/author\/cuenta_admin-educamadrid\/"},"rttpg_comment":0,"rttpg_category":false,"rttpg_excerpt":"El periodo ordinario de matriculaci\u00f3n tendr\u00e1 lugar del 12 al 26 de junio de 2025 Para formalizar la matr\u00edcula en el centro, ser\u00e1 necesario presentar la siguiente documentaci\u00f3n:","post_mailing_queue_ids":[],"_links":{"self":[{"href":"https:\/\/site.educa.madrid.org\/cp.eltejar.majadahonda\/index.php\/wp-json\/wp\/v2\/pages\/185","targetHints":{"allow":["GET"]}}],"collection":[{"href":"https:\/\/site.educa.madrid.org\/cp.eltejar.majadahonda\/index.php\/wp-json\/wp\/v2\/pages"}],"about":[{"href":"https:\/\/site.educa.madrid.org\/cp.eltejar.majadahonda\/index.php\/wp-json\/wp\/v2\/types\/page"}],"author":[{"embeddable":true,"href":"https:\/\/site.educa.madrid.org\/cp.eltejar.majadahonda\/index.php\/wp-json\/wp\/v2\/users\/6"}],"replies":[{"embeddable":true,"href":"https:\/\/site.educa.madrid.org\/cp.eltejar.majadahonda\/index.php\/wp-json\/wp\/v2\/comments?post=185"}],"version-history":[{"count":32,"href":"https:\/\/site.educa.madrid.org\/cp.eltejar.majadahonda\/index.php\/wp-json\/wp\/v2\/pages\/185\/revisions"}],"predecessor-version":[{"id":4118,"href":"https:\/\/site.educa.madrid.org\/cp.eltejar.majadahonda\/index.php\/wp-json\/wp\/v2\/pages\/185\/revisions\/4118"}],"up":[{"embeddable":true,"href":"https:\/\/site.educa.madrid.org\/cp.eltejar.majadahonda\/index.php\/wp-json\/wp\/v2\/pages\/1382"}],"wp:attachment":[{"href":"https:\/\/site.educa.madrid.org\/cp.eltejar.majadahonda\/index.php\/wp-json\/wp\/v2\/media?parent=185"}],"wp:term":[{"taxonomy":"folder","embeddable":true,"href":"https:\/\/site.educa.madrid.org\/cp.eltejar.majadahonda\/index.php\/wp-json\/wp\/v2\/folder?post=185"}],"curies":[{"name":"wp","href":"https:\/\/api.w.org\/{rel}","templated":true}]}}