{"id":888,"date":"2023-02-12T08:29:54","date_gmt":"2023-02-12T07:29:54","guid":{"rendered":"https:\/\/site.educa.madrid.org\/cp.eltejar.majadahonda\/?page_id=888"},"modified":"2023-09-12T10:12:22","modified_gmt":"2023-09-12T08:12:22","slug":"club-deportivo","status":"publish","type":"page","link":"https:\/\/site.educa.madrid.org\/cp.eltejar.majadahonda\/index.php\/nuestro_centro\/club-deportivo\/","title":{"rendered":"Club Deportivo"},"content":{"rendered":"<p align=\"justify\">El<strong>&nbsp;Club Deportivo del Colegio P\u00fablico \u201cEl Tejar\u201d<\/strong>&nbsp;es una organizaci\u00f3n con entidad propia cuyo objeto es la gesti\u00f3n, organizaci\u00f3n y desarrollo de todas las actividades deportivas extraescolares que se imparten en el Colegio.<\/p>\n<p align=\"justify\">Al comienzo de cada temporada escolar, el Club oferta para los alumnos del Colegio toda una gama de actividades deportivas orientadas para cubrir todas las edades.<\/p>\n<p align=\"justify\">Los <strong>objetivos generales<\/strong> que el Club Deportivo pretende con la realizaci\u00f3n de las actividades son los siguientes:<\/p>\n<ul>\n<li>Mejorar el proceso de&nbsp;<strong>socializaci\u00f3n<\/strong>&nbsp;en el alumno a trav\u00e9s de la pr\u00e1ctica de deportes colectivos, individuales y de adversarios.<\/li>\n<li>Fomentar en el alumno actitudes de&nbsp;<strong>responsabilidad<\/strong> ante el medio que le rodea.<\/li>\n<li>Favorecer el sentido de la<strong>&nbsp;amistad<\/strong>&nbsp;y del&nbsp;<strong>compa\u00f1erismo<\/strong>, fomentando el&nbsp;<strong>respeto<\/strong>, la&nbsp;<strong>tolerancia<\/strong>, la&nbsp;<strong>pluralidad<\/strong>, la&nbsp;<strong>libertad personal<\/strong>&nbsp;y la&nbsp;<strong>solidaridad<\/strong>&nbsp;en un marco de actividades l\u00fadicas y deportivas.<\/li>\n<li>Fomentar la afici\u00f3n por las actividades f\u00edsicas y deportivas como medio fundamental para desarrollar una&nbsp;<strong>vida sana<\/strong>.<\/li>\n<li>Promover la&nbsp;<strong>participaci\u00f3n de los padres y madres<\/strong>&nbsp;en el proceso educativo, as\u00ed como concienciar de la importancia de la actividad f\u00edsica.<\/li>\n<li>Desarrollar&nbsp;<strong>valores, perdurables en el futuro<\/strong>, de afici\u00f3n por el ejercicio, contacto con la vida sana y respeto por la naturaleza.<\/li>\n<\/ul>\n\n\n<blockquote class=\"wp-block-quote is-layout-flow wp-block-quote-is-layout-flow\">\n<p>Las inscripciones a las actividades extraescolares se realizar\u00e1n conjuntamente con las propuestas desde el AMPA mediante formulario online que se enviar\u00e1 a las familias al inicio de curso.<\/p>\n<\/blockquote>\n\n\n\n<p>Para nuevas inscripciones una vez iniciado el curso y superado el primer plazo de inscripci\u00f3n, pod\u00e9is dirigir vuestra \u201cSolicitud de alta en actividades del Club Deportivo\u201d a cdeltejar@hotmail.es<\/p>\n\n\n\n<blockquote class=\"wp-block-quote is-layout-flow wp-block-quote-is-layout-flow\">\n<p>Para acceder a las actividades propuestas por el Club Deportivo, ser\u00e1 imprescindible ser socio\/a y abonar la cuota anual establecida de 15\u20ac por familia.<\/p>\n<\/blockquote>\n\n\n\n<p>Una vez configurados los grupos, se publicar\u00e1n las listas preliminares que posteriormente ser\u00e1n sustituidas por las definitivas. Nos pondremos en contacto con todas las familias y os informaremos oportunamente<\/p>\n\n\n\n<blockquote class=\"wp-block-quote is-layout-flow wp-block-quote-is-layout-flow\">\n<p>Para cualquier consulta no dud\u00e9is en poneros\u00a0 en contacto con el Club Deportivo a trav\u00e9s de su correo: <strong><a href=\"mailto:cdeltejar@hotmail.es\">cdeltejar@hotmail.es<\/a><\/strong> y su p\u00e1gina web: <strong><a href=\"https:\/\/www.cdeltejar.es\/\" target=\"_blank\" rel=\"noreferrer noopener\">www.cdeltejar.es<\/a><\/strong><\/p>\n<\/blockquote>\n","protected":false},"excerpt":{"rendered":"<p>El&nbsp;Club Deportivo del Colegio P\u00fablico \u201cEl Tejar\u201d&nbsp;es una organizaci\u00f3n con entidad propia cuyo objeto es la gesti\u00f3n, organizaci\u00f3n y desarrollo de todas las actividades deportivas extraescolares que se imparten en el Colegio. Al comienzo de cada temporada escolar, el Club oferta para los alumnos del Colegio toda una gama de actividades deportivas orientadas para cubrir [&hellip;]<\/p>\n","protected":false},"author":3,"featured_media":0,"parent":957,"menu_order":5,"comment_status":"closed","ping_status":"closed","template":"","meta":{"footnotes":""},"folder":[],"class_list":["post-888","page","type-page","status-publish","hentry"],"rttpg_featured_image_url":null,"rttpg_author":{"display_name":"cp.eltejar.majadahonda","author_link":"https:\/\/site.educa.madrid.org\/cp.eltejar.majadahonda\/index.php\/author\/cuenta_cp-eltejar-majadahonda\/"},"rttpg_comment":0,"rttpg_category":false,"rttpg_excerpt":"El&nbsp;Club Deportivo del Colegio P\u00fablico \u201cEl Tejar\u201d&nbsp;es una organizaci\u00f3n con entidad propia cuyo objeto es la gesti\u00f3n, organizaci\u00f3n y desarrollo de todas las actividades deportivas extraescolares que se imparten en el Colegio. Al comienzo de cada temporada escolar, el Club oferta para los alumnos del Colegio toda una gama de actividades deportivas orientadas para cubrir&hellip;","post_mailing_queue_ids":[],"_links":{"self":[{"href":"https:\/\/site.educa.madrid.org\/cp.eltejar.majadahonda\/index.php\/wp-json\/wp\/v2\/pages\/888","targetHints":{"allow":["GET"]}}],"collection":[{"href":"https:\/\/site.educa.madrid.org\/cp.eltejar.majadahonda\/index.php\/wp-json\/wp\/v2\/pages"}],"about":[{"href":"https:\/\/site.educa.madrid.org\/cp.eltejar.majadahonda\/index.php\/wp-json\/wp\/v2\/types\/page"}],"author":[{"embeddable":true,"href":"https:\/\/site.educa.madrid.org\/cp.eltejar.majadahonda\/index.php\/wp-json\/wp\/v2\/users\/3"}],"replies":[{"embeddable":true,"href":"https:\/\/site.educa.madrid.org\/cp.eltejar.majadahonda\/index.php\/wp-json\/wp\/v2\/comments?post=888"}],"version-history":[{"count":8,"href":"https:\/\/site.educa.madrid.org\/cp.eltejar.majadahonda\/index.php\/wp-json\/wp\/v2\/pages\/888\/revisions"}],"predecessor-version":[{"id":2704,"href":"https:\/\/site.educa.madrid.org\/cp.eltejar.majadahonda\/index.php\/wp-json\/wp\/v2\/pages\/888\/revisions\/2704"}],"up":[{"embeddable":true,"href":"https:\/\/site.educa.madrid.org\/cp.eltejar.majadahonda\/index.php\/wp-json\/wp\/v2\/pages\/957"}],"wp:attachment":[{"href":"https:\/\/site.educa.madrid.org\/cp.eltejar.majadahonda\/index.php\/wp-json\/wp\/v2\/media?parent=888"}],"wp:term":[{"taxonomy":"folder","embeddable":true,"href":"https:\/\/site.educa.madrid.org\/cp.eltejar.majadahonda\/index.php\/wp-json\/wp\/v2\/folder?post=888"}],"curies":[{"name":"wp","href":"https:\/\/api.w.org\/{rel}","templated":true}]}}