{"id":954,"date":"2023-02-16T13:48:43","date_gmt":"2023-02-16T12:48:43","guid":{"rendered":"https:\/\/site.educa.madrid.org\/cp.eltejar.majadahonda\/?page_id=954"},"modified":"2024-02-29T12:24:46","modified_gmt":"2024-02-29T11:24:46","slug":"ensenanzas-3","status":"publish","type":"page","link":"https:\/\/site.educa.madrid.org\/cp.eltejar.majadahonda\/index.php\/nuestra-propuesta\/ensenanzas-3\/","title":{"rendered":"Propuesta Educativa"},"content":{"rendered":"\n<div class=\"wp-block-buttons is-content-justification-center is-layout-flex wp-container-core-buttons-is-layout-a89b3969 wp-block-buttons-is-layout-flex\">\n<div class=\"wp-block-button is-style-outline is-style-outline--1\"><a class=\"wp-block-button__link\" href=\"https:\/\/site.educa.madrid.org\/cp.eltejar.majadahonda\/index.php\/nuestra-propuesta\/ensenanzas-3\/\">Niveles<\/a><\/div>\n\n\n\n<div class=\"wp-block-button is-style-outline is-style-outline--2\"><a class=\"wp-block-button__link\" href=\"https:\/\/site.educa.madrid.org\/cp.eltejar.majadahonda\/index.php\/propuesta-pedagogica-objetivos\/\">Objetivos<\/a><\/div>\n\n\n\n<div class=\"wp-block-button is-style-outline is-style-outline--3\"><a class=\"wp-block-button__link\" href=\"https:\/\/site.educa.madrid.org\/cp.eltejar.majadahonda\/index.php\/propuesta-pedagogica-actividades\/\">Actividades<\/a><\/div>\n<\/div>\n\n\n\n<h2 class=\"wp-block-heading has-vivid-red-color has-text-color has-large-font-size\">Niveles<\/h2>\n\n\n\n<p><strong>Educaci\u00f3n Infanti<\/strong>l&nbsp;abarca de los 3 a los 6 a\u00f1os de edad,&nbsp; tres cursos educativos. Constituye una etapa con identidad propia, y tiene como finalidad contribuir al desarrollo f\u00edsico, afectivo, social e intelectual de los ni\u00f1os y ni\u00f1as.<\/p>\n\n\n\n<p>La <strong>metodolog\u00eda <\/strong>que seguimos en Infantil est\u00e1 basada en el aprendizaje por <strong>proyectos. <\/strong>A nivel de ciclo tenemos programados para 3 a\u00f1os el Universo, para 4 a\u00f1os la Prehistoria y para 5 a\u00f1os La Vuelta al Mundo. Tambi\u00e9n trabajamos otros peque\u00f1os proyectos que surjan en las aulas dependiendo de los intereses de cada grupo. Adem\u00e1s, realizamos a nivel de ciclo, un proyecto de arte y otro de grafismo creativo.<\/p>\n\n\n\n<p>La<strong> lectoescritura<\/strong> la trabajamos de manera constructivista partiendo siempre de los nombres de los ni\u00f1os y palabras cercanas a nivel fon\u00e9tico y de manera l\u00fadica y nos apoyamos en un m\u00e9todo de lectoescritura que est\u00e1 basado en las inteligencias m\u00faltiples y nos est\u00e1 dando buenos resultados.<\/p>\n\n\n\n<p>La <strong>l\u00f3gico matem\u00e1tica<\/strong> la trabajamos primero a nivel manipulativo y l\u00fadico y luego afianzamos los contenidos en trabajos sencillos.<\/p>\n\n\n\n<p>A <strong>nivel emocional<\/strong>, trabajamos las emociones a trav\u00e9s de cuentos o en la asamblea con el encargado, donde lo hacemos sentir protagonista del d\u00eda. Despu\u00e9s de hacer las rutinas nos interesamos sobre qu\u00e9 cosas le gustan, cu\u00e1les no&#8230;.Trabajamos los conflictos desde una visi\u00f3n positiva, desde la empat\u00eda, viendo qu\u00e9 sentir\u00eda el otro si nos ponemos en su situaci\u00f3n y damos soluciones al problema que pueda surgir.<\/p>\n\n\n\n<p>A <strong>nivel digital<\/strong>, utilizamos la pizarra interactiva para la visualizaci\u00f3n de los videos de los proyectos para realizar actividades interactivas y tenemos una sesi\u00f3n de rob\u00f3tica que ayuda a desarrollar el pensamiento l\u00f3gico matem\u00e1tico espacial&#8230;.y se inicia a los ni\u00f1os en programaci\u00f3n a trav\u00e9s de aplicaciones en tablets como el scratch junior. <\/p>\n\n\n\n<p>La jornada escolar la tenemos distribuida en momentos o rutinas con el fin de que los ni\u00f1os sean lo m\u00e1s aut\u00f3nomos posibles y vayan cogiendo mayor seguridad y confianza dentro del entorno escolar. En tres a\u00f1os despu\u00e9s del comedor, los ni\u00f1os tienen un momento de descanso para atender a las necesidades de cada uno de ellos. Destinamos un tiempo de la jornada escolar al trabajo por rincones en los rincones en los que los ni\u00f1os van en peque\u00f1o grupo y trabajan los diferentes contenidos de manera l\u00fadica, con diferentes propuestas y jugos.<\/p>\n\n\n\n<p><br><strong>Educaci\u00f3n Primaria<\/strong>&nbsp;va de los 6 a los 12 a\u00f1os de edad. En total son 6 cursos de Primaria&nbsp; y est\u00e1n repartidos en dos ciclos:<\/p>\n\n\n\n<p><strong>Primer ciclo<\/strong>: 1\u00ba &#8211; 3\u00ba de primaria.<br><strong>Segundo ciclo<\/strong>: 4\u00ba &#8211; 6\u00ba de primaria.<\/p>\n\n\n\n<p>Sin perjuicio de su&nbsp;<strong>car\u00e1cter global,&nbsp;<\/strong>debido a la necesidad de integrar las distintas experiencias y aprendizajes del alumnado en estas edades, la etapa se organiza en las siguientes&nbsp;<strong>\u00e1reas<\/strong>, que los centros podr\u00e1n agrupar en \u00e1mbitos en el marco que establezcan sus respectivas Administraciones educativas:<\/p>\n\n\n\n<ul class=\"wp-block-list\">\n<li>Ciencias de la Naturaleza y Ciencias Sociales.<\/li>\n\n\n\n<li>Educaci\u00f3n Art\u00edstica, que se podr\u00e1 desdoblar en Educaci\u00f3n Pl\u00e1stica y Visual, por una parte, y M\u00fasica y Danza, por otra.<\/li>\n\n\n\n<li>Educaci\u00f3n F\u00edsica.<\/li>\n\n\n\n<li>Lengua Castellana <\/li>\n\n\n\n<li>Lengua Extranjera.<\/li>\n\n\n\n<li>Tecnolog\u00eda y Rob\u00f3tica (desde 4\u00ba a 6\u00ba de primaria)<\/li>\n\n\n\n<li>Educaci\u00f3n en Valores C\u00edvicos y \u00c9ticos (5\u00ba de primaria)<\/li>\n\n\n\n<li>Matem\u00e1ticas.<\/li>\n<\/ul>\n\n\n\n<p>En el conjunto de la etapa, la orientaci\u00f3n y la acci\u00f3n tutorial acompa\u00f1ar\u00e1n el proceso educativo individual y colectivo del alumnado.<\/p>\n\n\n\n<h2 class=\"wp-block-heading has-vivid-red-color has-text-color has-large-font-size\">Atenci\u00f3n a las diferencias individuales<\/h2>\n\n\n\n<p>Para&nbsp;<strong>reforzar la inclusi\u00f3n<\/strong>&nbsp;y asegurar el derecho a una&nbsp;<strong>educaci\u00f3n de calidad<\/strong>, en esta etapa ponemos especial \u00e9nfasis en la&nbsp;<strong>atenci\u00f3n individualizada<\/strong>&nbsp;de los alumnos o alumnas, en la detecci\u00f3n precoz de las necesidades espec\u00edficas y en el establecimiento de&nbsp;<strong>mecanismos de apoyo y refuerzo<\/strong>.<\/p>\n\n\n\n<p>La intervenci\u00f3n educativa debe contemplar como principio la&nbsp;<strong>diversidad del alumnado<\/strong>, entendiendo que de este modo se garantiza el desarrollo de todo \u00e9l en su conjunto, a la vez que una atenci\u00f3n personalizada en funci\u00f3n de las necesidades individuales.<\/p>\n\n\n\n<p>Los&nbsp;<strong>mecanismos de apoyo y refuerzo<\/strong>, los ponemos en pr\u00e1ctica tan pronto como se detecten dificultades de aprendizaje, podr\u00e1n ser tanto&nbsp;<strong>organizativos como curriculares<\/strong>. Entre otras medidas, podr\u00e1n considerarse el apoyo en el grupo ordinario, los agrupamientos flexibles o las adaptaciones del curr\u00edculo.<\/p>\n","protected":false},"excerpt":{"rendered":"<p>Niveles Educaci\u00f3n Infantil&nbsp;abarca de los 3 a los 6 a\u00f1os de edad,&nbsp; tres cursos educativos. Constituye una etapa con identidad propia, y tiene como finalidad contribuir al desarrollo f\u00edsico, afectivo, social e intelectual de los ni\u00f1os y ni\u00f1as. La metodolog\u00eda que seguimos en Infantil est\u00e1 basada en el aprendizaje por proyectos. A nivel de ciclo [&hellip;]<\/p>\n","protected":false},"author":3,"featured_media":0,"parent":1074,"menu_order":1,"comment_status":"closed","ping_status":"closed","template":"","meta":{"footnotes":""},"folder":[],"class_list":["post-954","page","type-page","status-publish","hentry"],"rttpg_featured_image_url":null,"rttpg_author":{"display_name":"cp.eltejar.majadahonda","author_link":"https:\/\/site.educa.madrid.org\/cp.eltejar.majadahonda\/index.php\/author\/cuenta_cp-eltejar-majadahonda\/"},"rttpg_comment":0,"rttpg_category":false,"rttpg_excerpt":"Niveles Educaci\u00f3n Infantil&nbsp;abarca de los 3 a los 6 a\u00f1os de edad,&nbsp; tres cursos educativos. Constituye una etapa con identidad propia, y tiene como finalidad contribuir al desarrollo f\u00edsico, afectivo, social e intelectual de los ni\u00f1os y ni\u00f1as. La metodolog\u00eda que seguimos en Infantil est\u00e1 basada en el aprendizaje por proyectos. A nivel de ciclo&hellip;","post_mailing_queue_ids":[],"_links":{"self":[{"href":"https:\/\/site.educa.madrid.org\/cp.eltejar.majadahonda\/index.php\/wp-json\/wp\/v2\/pages\/954","targetHints":{"allow":["GET"]}}],"collection":[{"href":"https:\/\/site.educa.madrid.org\/cp.eltejar.majadahonda\/index.php\/wp-json\/wp\/v2\/pages"}],"about":[{"href":"https:\/\/site.educa.madrid.org\/cp.eltejar.majadahonda\/index.php\/wp-json\/wp\/v2\/types\/page"}],"author":[{"embeddable":true,"href":"https:\/\/site.educa.madrid.org\/cp.eltejar.majadahonda\/index.php\/wp-json\/wp\/v2\/users\/3"}],"replies":[{"embeddable":true,"href":"https:\/\/site.educa.madrid.org\/cp.eltejar.majadahonda\/index.php\/wp-json\/wp\/v2\/comments?post=954"}],"version-history":[{"count":31,"href":"https:\/\/site.educa.madrid.org\/cp.eltejar.majadahonda\/index.php\/wp-json\/wp\/v2\/pages\/954\/revisions"}],"predecessor-version":[{"id":3101,"href":"https:\/\/site.educa.madrid.org\/cp.eltejar.majadahonda\/index.php\/wp-json\/wp\/v2\/pages\/954\/revisions\/3101"}],"up":[{"embeddable":true,"href":"https:\/\/site.educa.madrid.org\/cp.eltejar.majadahonda\/index.php\/wp-json\/wp\/v2\/pages\/1074"}],"wp:attachment":[{"href":"https:\/\/site.educa.madrid.org\/cp.eltejar.majadahonda\/index.php\/wp-json\/wp\/v2\/media?parent=954"}],"wp:term":[{"taxonomy":"folder","embeddable":true,"href":"https:\/\/site.educa.madrid.org\/cp.eltejar.majadahonda\/index.php\/wp-json\/wp\/v2\/folder?post=954"}],"curies":[{"name":"wp","href":"https:\/\/api.w.org\/{rel}","templated":true}]}}