{"id":986,"date":"2023-02-16T16:28:56","date_gmt":"2023-02-16T15:28:56","guid":{"rendered":"https:\/\/site.educa.madrid.org\/cp.eltejar.majadahonda\/?page_id=986"},"modified":"2025-09-09T19:34:41","modified_gmt":"2025-09-09T17:34:41","slug":"transporte-escolar","status":"publish","type":"page","link":"https:\/\/site.educa.madrid.org\/cp.eltejar.majadahonda\/index.php\/nuestros-servicios\/transporte-escolar\/","title":{"rendered":"Transporte Escolar"},"content":{"rendered":"\n<figure class=\"wp-block-image aligncenter size-full\"><img loading=\"lazy\" decoding=\"async\" width=\"225\" height=\"225\" src=\"https:\/\/site.educa.madrid.org\/cp.eltejar.majadahonda\/\/wp-content\/uploads\/cp.eltejar.majadahonda\/2024\/02\/descarga-3.jpg4_.jpg\" alt=\"\" class=\"wp-image-3083\" srcset=\"https:\/\/site.educa.madrid.org\/cp.eltejar.majadahonda\/\/wp-content\/uploads\/cp.eltejar.majadahonda\/2024\/02\/descarga-3.jpg4_.jpg 225w, https:\/\/site.educa.madrid.org\/cp.eltejar.majadahonda\/\/wp-content\/uploads\/cp.eltejar.majadahonda\/2024\/02\/descarga-3.jpg4_-150x150.jpg 150w, https:\/\/site.educa.madrid.org\/cp.eltejar.majadahonda\/\/wp-content\/uploads\/cp.eltejar.majadahonda\/2024\/02\/descarga-3.jpg4_-100x100.jpg 100w\" sizes=\"auto, (max-width: 225px) 100vw, 225px\" \/><\/figure>\n\n\n\n<p>Nuestro colegio cuenta con servicio de transporte escolar desde distintos puntos de Majadahonda. <\/p>\n\n\n\n<p>Actualmente disponemos de las siguientes rutas:<\/p>\n\n\n\n<div class=\"wp-block-group is-layout-flow wp-block-group-is-layout-flow\">\n<figure class=\"wp-block-table is-style-stripes\"><table><tbody><tr><td class=\"has-text-align-center\" data-align=\"center\"><strong><mark style=\"background-color:rgba(0, 0, 0, 0)\" class=\"has-inline-color has-vivid-red-color\">RUTA 1<\/mark><\/strong><\/td><td class=\"has-text-align-center\" data-align=\"center\"><strong><mark style=\"background-color:rgba(0, 0, 0, 0)\" class=\"has-inline-color has-vivid-red-color\">RUTA 2<\/mark><\/strong><\/td><\/tr><\/tbody><\/table><\/figure>\n\n\n\n<figure class=\"wp-block-table is-style-stripes\"><table><tbody><tr><td><strong>Parada 1: <\/strong>C\/Sarasate esquina carretera de Pozuelo (Urogallo)<\/td><td><strong>Parada 1: <\/strong>Avda. Guadarrama esquina C\/Virgen de Loreto<\/td><\/tr><tr><td><strong>Parada 2: <\/strong>C\/Joaqu\u00edn Turina esquina C\/Enrique Granados (centro de salud)<\/td><td><strong>Parada 2: <\/strong>C\/San Vicente,5 (farmacia)<\/td><\/tr><tr><td><strong>Parada 3: <\/strong>C\/Doctor Mariano Alcaraz (\u2018Mediamarkt\u2019)<\/td><td><strong>Parada 3: <\/strong>C\/Santo Tom\u00e1s esquina C\/Alcalde Marcelino Sanz (Plaza Lealtad)<\/td><\/tr><tr><td><strong>Parada 4: <\/strong>Avda. Rey Juan Carlos I esquina Avda. de las Moreras (supermercado \u2018D\u00eda\u2019)<\/td><td><strong>Parada 4: <\/strong>Avda. Claveles esquina C\/Las Norias (juzgados)<\/td><\/tr><tr><td><strong>Parada 5: <\/strong>Avda. Rey Juan Carlos I esquina Avda. de las Moreras (antes de la glorieta)<\/td><td><strong>Parada 5: <\/strong>Avda. Claveles esquina C\/Las Norias (juzgados)<\/td><\/tr><tr><td><strong>Parada 6: <\/strong>C\/Pr\u00edncipe de Asturias esquina C\/Veneros (parroquia)<\/td><td><\/td><\/tr><tr><td><strong>Parada 7: <\/strong>C\/Moreras, 157<\/td><td><\/td><\/tr><tr><td><strong>Parada 8: <\/strong>Carretera del Plant\u00edo \u00abVirgen de Iciar\u00bb<\/td><td><\/td><\/tr><\/tbody><\/table><\/figure>\n<\/div>\n\n\n\n<ul class=\"wp-block-list\">\n<li>Tendr\u00e1n derecho preferente los alumnos cuyas paradas se mantienen y ya han usado este servicio durante el curso anterior.<\/li>\n\n\n\n<li>Los alumnos de Educaci\u00f3n Primaria tienen preferencia para el uso del transporte escolar.<\/li>\n\n\n\n<li>Es obligatorio utilizar la ruta ma\u00f1ana y tarde, con excepci\u00f3n de los alumnos que realizan actividades extraescolares. Si no se cumple esta condici\u00f3n los alumnos ser\u00e1n dados de baja del Transporte Escolar.<\/li>\n\n\n\n<li>El periodo para realizar las solicitudes ser\u00e1 en la segunda quincena de mayo.<\/li>\n\n\n\n<li>La baremaci\u00f3n de las solicitudes la realizar\u00e1 la directora responsable de las rutas.<\/li>\n\n\n\n<li>Las listas de admitidos se publicar\u00e1 en el Centro en el mes de Junio.<\/li>\n\n\n\n<li>Las Administraciones podr\u00e1n modificar estas condiciones atendiendo a la normativa legal existente.<\/li>\n<\/ul>\n\n\n\n<p>Agrupabus &#8211; 91 613 17 12<\/p>\n\n\n\n<p>Para solicitar este servicio y reservar plaza, es necesario cumplimentar el siguiente impreso:<\/p>\n\n\n\n<p><strong><a href=\"https:\/\/site.educa.madrid.org\/cp.eltejar.majadahonda\/\/wp-content\/uploads\/cp.eltejar.majadahonda\/2024\/09\/SOLICITUD-DE-RUTA-rellenable.pdf\" target=\"_blank\" rel=\"noreferrer noopener\">SOLICITUD DE INSCRIPCI\u00d3N RUTA ESCOLAR CURSO 2025-2026<\/a><\/strong><\/p>\n\n\n\n<p><\/p>\n","protected":false},"excerpt":{"rendered":"<p>Nuestro colegio cuenta con servicio de transporte escolar desde distintos puntos de Majadahonda. Actualmente disponemos de las siguientes rutas: RUTA 1 RUTA 2 Parada 1: C\/Sarasate esquina carretera de Pozuelo (Urogallo) Parada 1: Avda. Guadarrama esquina C\/Virgen de Loreto Parada 2: C\/Joaqu\u00edn Turina esquina C\/Enrique Granados (centro de salud) Parada 2: C\/San Vicente,5 (farmacia) Parada [&hellip;]<\/p>\n","protected":false},"author":3,"featured_media":0,"parent":1077,"menu_order":4,"comment_status":"closed","ping_status":"closed","template":"","meta":{"footnotes":""},"folder":[],"class_list":["post-986","page","type-page","status-publish","hentry"],"rttpg_featured_image_url":null,"rttpg_author":{"display_name":"cp.eltejar.majadahonda","author_link":"https:\/\/site.educa.madrid.org\/cp.eltejar.majadahonda\/index.php\/author\/cuenta_cp-eltejar-majadahonda\/"},"rttpg_comment":0,"rttpg_category":false,"rttpg_excerpt":"Nuestro colegio cuenta con servicio de transporte escolar desde distintos puntos de Majadahonda. Actualmente disponemos de las siguientes rutas: RUTA 1 RUTA 2 Parada 1: C\/Sarasate esquina carretera de Pozuelo (Urogallo) Parada 1: Avda. Guadarrama esquina C\/Virgen de Loreto Parada 2: C\/Joaqu\u00edn Turina esquina C\/Enrique Granados (centro de salud) Parada 2: C\/San Vicente,5 (farmacia) Parada&hellip;","post_mailing_queue_ids":[],"_links":{"self":[{"href":"https:\/\/site.educa.madrid.org\/cp.eltejar.majadahonda\/index.php\/wp-json\/wp\/v2\/pages\/986","targetHints":{"allow":["GET"]}}],"collection":[{"href":"https:\/\/site.educa.madrid.org\/cp.eltejar.majadahonda\/index.php\/wp-json\/wp\/v2\/pages"}],"about":[{"href":"https:\/\/site.educa.madrid.org\/cp.eltejar.majadahonda\/index.php\/wp-json\/wp\/v2\/types\/page"}],"author":[{"embeddable":true,"href":"https:\/\/site.educa.madrid.org\/cp.eltejar.majadahonda\/index.php\/wp-json\/wp\/v2\/users\/3"}],"replies":[{"embeddable":true,"href":"https:\/\/site.educa.madrid.org\/cp.eltejar.majadahonda\/index.php\/wp-json\/wp\/v2\/comments?post=986"}],"version-history":[{"count":27,"href":"https:\/\/site.educa.madrid.org\/cp.eltejar.majadahonda\/index.php\/wp-json\/wp\/v2\/pages\/986\/revisions"}],"predecessor-version":[{"id":4235,"href":"https:\/\/site.educa.madrid.org\/cp.eltejar.majadahonda\/index.php\/wp-json\/wp\/v2\/pages\/986\/revisions\/4235"}],"up":[{"embeddable":true,"href":"https:\/\/site.educa.madrid.org\/cp.eltejar.majadahonda\/index.php\/wp-json\/wp\/v2\/pages\/1077"}],"wp:attachment":[{"href":"https:\/\/site.educa.madrid.org\/cp.eltejar.majadahonda\/index.php\/wp-json\/wp\/v2\/media?parent=986"}],"wp:term":[{"taxonomy":"folder","embeddable":true,"href":"https:\/\/site.educa.madrid.org\/cp.eltejar.majadahonda\/index.php\/wp-json\/wp\/v2\/folder?post=986"}],"curies":[{"name":"wp","href":"https:\/\/api.w.org\/{rel}","templated":true}]}}