{"id":1089,"date":"2025-03-10T09:28:47","date_gmt":"2025-03-10T08:28:47","guid":{"rendered":"https:\/\/site.educa.madrid.org\/cp.garcialorca.mostoles\/?page_id=1089"},"modified":"2026-02-26T15:00:43","modified_gmt":"2026-02-26T14:00:43","slug":"oferta-educativa","status":"publish","type":"page","link":"https:\/\/site.educa.madrid.org\/cp.garcialorca.mostoles\/index.php\/oferta-educativa\/","title":{"rendered":"Oferta educativa"},"content":{"rendered":"\n<p>Somos un centro p\u00fablico donde se imparten las siguientes ense\u00f1anzas:<\/p>\n\n\n\n<p>Segundo ciclo de educaci\u00f3n infantil (3 -6 a\u00f1os) y educaci\u00f3n primaria.<\/p>\n\n\n\n<p>En la actualidad mantenemos l\u00ednea dos en ambas etapas (dos clases por nivel).<\/p>\n\n\n\n<p>La ratio de alumnado esperada para el curso 2026-27 es:<\/p>\n\n\n\n<ol style=\"list-style-type:lower-alpha\" class=\"wp-block-list\">\n<li>Desde infantil 3 a\u00f1os a 2\u00ba de primaria incluido: 40 alumnos por nivel (20 por aula).<\/li>\n\n\n\n<li>Desde 3\u00ba de primaria a 6\u00ba de primaria: 50 alumnos por nivel (25 por aula).<\/li>\n<\/ol>\n\n\n\n<p>Los alumnos de nuestro centro est\u00e1n adscritos a los siguientes institutos (aunque se puede elegir cualquier otro):<\/p>\n\n\n\n<p>(28038884) IES Clara Campoamor<br>(28042097) IES Miguel Hern\u00e1ndez<br>(28042668) IES Europa<\/p>\n\n\n\n<p>Impartimos una segunda lengua, ingl\u00e9s, desde educaci\u00f3n infantil para todo el alumnado, y aunque no somos biling\u00fces, le damos un gran peso a la materia. Actualmente estamos preparando un&nbsp;<strong>Proyecto propio de Ampliaci\u00f3n de la Lengua Inglesa<\/strong>, que ser\u00e1 implementado en el curso 2026-2027.<\/p>\n\n\n\n<p>Los alumnos de Educaci\u00f3n Infantil disfrutan de dos aulas para su desarrollo sensorial y f\u00edsico, a trav\u00e9s de los proyectos premiados por el Ayuntamiento de la localidad, Atelier (espacio multisensorial cuya metodolog\u00eda transforma el aula en un taller de arte) y Movisens (espacio para el desarrollo motor).<\/p>\n\n\n\n<p>Adem\u00e1s, utilizamos las Tecnolog\u00edas de la Informaci\u00f3n y Comunicaci\u00f3n (TIC) desde los tres a\u00f1os hasta los doce en nuestras aulas. El centro dispone de una sala de inform\u00e1tica y monitores interactivos en todas nuestras aulas. Adem\u00e1s de dispositivos para trabajar el \u00e1rea de rob\u00f3tica que se transversaliza con el resto de ense\u00f1anzas.<\/p>\n\n\n\n<p>Es muy importante hablar de nuestro departamento de Orientaci\u00f3n \u2013 PT \u2013 AL, ya que en nuestro centro atendemos a toda la diversidad de necesidades educativas que presente el alumnado. Para ello contamos (en el presente curso) con dos maestras de Pedagog\u00eda Terap\u00e9utica y una maestra de Audici\u00f3n y Lenguaje que, junto al orientador (que viene dos d\u00edas por semana y atiende al alumnado que requiere evaluaci\u00f3n psicopedag\u00f3gica y realiza el seguimiento de aquellos alumnos con unas necesidades) y PSC (a demanda) atienden a alumnos con necesidades educativas especiales.<\/p>\n\n\n\n<p>Nuestro colegio es un Centro de Integraci\u00f3n Preferente de Alumnado con Trastorno del Espectro Autista (TEA). Para ello el centro cuenta con el Aula Caracola, donde acuden los alumnos de espectro autista para recibir un apoyo m\u00e1s especializado e individualizado. Para la atenci\u00f3n de estos alumnos contamos con una maestra de Audici\u00f3n y Lenguaje y una T\u00e9cnico Superior en Integraci\u00f3n Social.<\/p>\n\n\n\n<p>El centro se distingue por utilizar proyectos propios, especialmente en lecto escritura, e integrarlos en los premiados proyectos de innovaci\u00f3n que desarrollamos tanto en el centro como en nuestro entorno (destacando la relaci\u00f3n con el Centro de Arte 2 de Mayo, que pertenece a la red p\u00fablica de museos de la CM).<\/p>\n\n\n\n<p>Otros proyectos que realizamos durante el presente curso son:<\/p>\n\n\n\n<ol style=\"list-style-type:lower-alpha\" class=\"wp-block-list\">\n<li>Proyecto de Radio \u201cLa barraca\u201d: se realizan colaboraciones con radios profesionales de Madrid y con el CA2M.<\/li>\n\n\n\n<li>Proyecto de Patios Divertidos (ajedrez, lectura, juegos de mesa, actividades deportivas, etc.) que dinamiza la hora del recreo, ayudando en la interactuaci\u00f3n entre alumnado de diferentes niveles y eliminando conflictos.<\/li>\n\n\n\n<li>Teatro \u201cLa nueva barraca\u201d: con una actividad de 20 a\u00f1os consecutivos y que acoge a toda la Comunidad Educativa.<\/li>\n\n\n\n<li>Proyecto de Huerto. En colaboraci\u00f3n con la Red de Huertos urbanos agroecol\u00f3gicos de M\u00f3stoles RHUAM y algunas familias del centro.<\/li>\n\n\n\n<li>UBUNTU: proyecto oficial de la Comunidad de Madrid, donde el alumnado de quinto y sexto cantan junto con otros colegios y la orquesta de la Universidad Carlos III en el Teatro Buero Vallejo de Alcorc\u00f3n.<\/li>\n\n\n\n<li>Nuestro centro colabora con la formaci\u00f3n del profesorado con diferentes universidades de la Comunidad de Madrid.<\/li>\n<\/ol>\n\n\n\n<p>Con todo ello buscamos conseguir una educaci\u00f3n plena de todo nuestro alumnado prepar\u00e1ndolos para todos los retos que se encontrar\u00e1n lo largo de su vida.<\/p>\n","protected":false},"excerpt":{"rendered":"<p>Somos un centro p\u00fablico donde se imparten las siguientes ense\u00f1anzas: Segundo ciclo de educaci\u00f3n infantil (3 -6 a\u00f1os) y educaci\u00f3n primaria. En la actualidad mantenemos l\u00ednea dos en ambas etapas (dos clases por nivel). La ratio de alumnado esperada para el curso 2026-27 es: Los alumnos de nuestro centro est\u00e1n adscritos a los siguientes institutos [&hellip;]<\/p>\n","protected":false},"author":2,"featured_media":0,"parent":0,"menu_order":0,"comment_status":"closed","ping_status":"closed","template":"page-template\/sidebar-right.php","meta":{"footnotes":""},"folder":[],"class_list":["post-1089","page","type-page","status-publish","hentry"],"rttpg_featured_image_url":null,"rttpg_author":{"display_name":"tic.cp.garcialorca.mostoles","author_link":"https:\/\/site.educa.madrid.org\/cp.garcialorca.mostoles\/index.php\/author\/cuenta_tic-cp-garcialorca-mostoles\/"},"rttpg_comment":0,"rttpg_category":false,"rttpg_excerpt":"Somos un centro p\u00fablico donde se imparten las siguientes ense\u00f1anzas: Segundo ciclo de educaci\u00f3n infantil (3 -6 a\u00f1os) y educaci\u00f3n primaria. En la actualidad mantenemos l\u00ednea dos en ambas etapas (dos clases por nivel). La ratio de alumnado esperada para el curso 2026-27 es: Los alumnos de nuestro centro est\u00e1n adscritos a los siguientes institutos&hellip;","post_mailing_queue_ids":[],"_links":{"self":[{"href":"https:\/\/site.educa.madrid.org\/cp.garcialorca.mostoles\/index.php\/wp-json\/wp\/v2\/pages\/1089","targetHints":{"allow":["GET"]}}],"collection":[{"href":"https:\/\/site.educa.madrid.org\/cp.garcialorca.mostoles\/index.php\/wp-json\/wp\/v2\/pages"}],"about":[{"href":"https:\/\/site.educa.madrid.org\/cp.garcialorca.mostoles\/index.php\/wp-json\/wp\/v2\/types\/page"}],"author":[{"embeddable":true,"href":"https:\/\/site.educa.madrid.org\/cp.garcialorca.mostoles\/index.php\/wp-json\/wp\/v2\/users\/2"}],"replies":[{"embeddable":true,"href":"https:\/\/site.educa.madrid.org\/cp.garcialorca.mostoles\/index.php\/wp-json\/wp\/v2\/comments?post=1089"}],"version-history":[{"count":5,"href":"https:\/\/site.educa.madrid.org\/cp.garcialorca.mostoles\/index.php\/wp-json\/wp\/v2\/pages\/1089\/revisions"}],"predecessor-version":[{"id":1277,"href":"https:\/\/site.educa.madrid.org\/cp.garcialorca.mostoles\/index.php\/wp-json\/wp\/v2\/pages\/1089\/revisions\/1277"}],"wp:attachment":[{"href":"https:\/\/site.educa.madrid.org\/cp.garcialorca.mostoles\/index.php\/wp-json\/wp\/v2\/media?parent=1089"}],"wp:term":[{"taxonomy":"folder","embeddable":true,"href":"https:\/\/site.educa.madrid.org\/cp.garcialorca.mostoles\/index.php\/wp-json\/wp\/v2\/folder?post=1089"}],"curies":[{"name":"wp","href":"https:\/\/api.w.org\/{rel}","templated":true}]}}