{"id":1104,"date":"2025-03-10T09:45:04","date_gmt":"2025-03-10T08:45:04","guid":{"rendered":"https:\/\/site.educa.madrid.org\/cp.garcialorca.mostoles\/?page_id=1104"},"modified":"2026-02-26T14:59:52","modified_gmt":"2026-02-26T13:59:52","slug":"programas-y-proyectos","status":"publish","type":"page","link":"https:\/\/site.educa.madrid.org\/cp.garcialorca.mostoles\/index.php\/programas-y-proyectos\/","title":{"rendered":"Programas y proyectos"},"content":{"rendered":"\n<ul class=\"wp-block-list\">\n<li><strong>Somos centro TEA:<\/strong> tenemos el Aula Caracola que da una atenci\u00f3n espec\u00edfica a nuestro alumnado con trastorno del espectro autista. El centro se encuentra pictografiado y cuenta con la atenci\u00f3n espec\u00edfica de una especialista en Audici\u00f3n y Lenguaje y una T\u00e9cnico Superior en Integraci\u00f3n Social.<br><\/li>\n\n\n\n<li><strong>Teatro \u201cLa nueva barraca\u201d:<\/strong> proyecto que nace en el a\u00f1o 2005 y que da cabida a representaciones escolares realizadas por el alumnado de la mano de toda la Comunidad Educativa. Los ensayos se realizan en los recreos y adem\u00e1s de realizar muestras en el centro, tambi\u00e9n se hace en el entorno. Participamos en las muestras de teatro del Ayuntamiento.<br><\/li>\n\n\n\n<li><strong>Emisora escolar \u201cLa barraca\u201d:<\/strong> proyecto que nace en el a\u00f1o 2023 tras una formaci\u00f3n con el Locutor Daniel Ortu\u00f1o de Onda Madrid. El proyecto crece hasta el punto que es el propio alumnado quien realiza las grabaciones a sus propios compa\u00f1eros.<br><\/li>\n\n\n\n<li><strong>UBUNTU<\/strong>: Proyecto oficial de la CM. Participamos por primera vez en el curso 2024\/25. Ampli\u00e1ndolo en el presente curso a dos niveles educativos. <a href=\"https:\/\/www.ubuntuelmusical.es\" target=\"_blank\" rel=\"noreferrer noopener\">https:\/\/www.ubuntuelmusical.es<\/a><br><\/li>\n\n\n\n<li><strong>RHUAM:<\/strong> participamos junto a la Ed de huertos Agroecol\u00f3gicos de M\u00f3stoles en la elaboraci\u00f3n de nuestro huerto escolar y proyecto de compostaje.<br><\/li>\n\n\n\n<li><strong>Salas Atelier y Movisens:<\/strong> damos una gran importancia al desarrollo sensorial y motor en la etapa de infantil; por ello, contamos con dos aulas totalmente adaptadas para dar cabida a dichas necesidades.<br><\/li>\n\n\n\n<li><strong>Nuevas tecnolog\u00edas:<\/strong> todas las aulas disponen de monitores interactivos y otros dispositivos para trabajar el \u00e1rea de rob\u00f3tica.<br><\/li>\n\n\n\n<li><strong>Espacios deportivos:<\/strong> el centro cuenta con un total de 4 pistas deportivas (baloncesto y f\u00fatbol), un roc\u00f3dromo y una pista de atletismo donde recibimos los deportes que anualmente nos presenta el proyecto\u00a0<em>Madrid Comunidad Ol\u00edmpica<\/em>\u00a0y preparamos nuestra participaci\u00f3n en el Campeonato<em>\u00a0Interescolar<\/em>\u00a0y\u00a0<em>Cross<\/em>\u00a0de M\u00f3stoles.<\/li>\n<\/ul>\n","protected":false},"excerpt":{"rendered":"","protected":false},"author":2,"featured_media":0,"parent":0,"menu_order":0,"comment_status":"closed","ping_status":"closed","template":"page-template\/sidebar-right.php","meta":{"footnotes":""},"folder":[],"class_list":["post-1104","page","type-page","status-publish","hentry"],"rttpg_featured_image_url":null,"rttpg_author":{"display_name":"tic.cp.garcialorca.mostoles","author_link":"https:\/\/site.educa.madrid.org\/cp.garcialorca.mostoles\/index.php\/author\/cuenta_tic-cp-garcialorca-mostoles\/"},"rttpg_comment":0,"rttpg_category":false,"rttpg_excerpt":null,"post_mailing_queue_ids":[],"_links":{"self":[{"href":"https:\/\/site.educa.madrid.org\/cp.garcialorca.mostoles\/index.php\/wp-json\/wp\/v2\/pages\/1104","targetHints":{"allow":["GET"]}}],"collection":[{"href":"https:\/\/site.educa.madrid.org\/cp.garcialorca.mostoles\/index.php\/wp-json\/wp\/v2\/pages"}],"about":[{"href":"https:\/\/site.educa.madrid.org\/cp.garcialorca.mostoles\/index.php\/wp-json\/wp\/v2\/types\/page"}],"author":[{"embeddable":true,"href":"https:\/\/site.educa.madrid.org\/cp.garcialorca.mostoles\/index.php\/wp-json\/wp\/v2\/users\/2"}],"replies":[{"embeddable":true,"href":"https:\/\/site.educa.madrid.org\/cp.garcialorca.mostoles\/index.php\/wp-json\/wp\/v2\/comments?post=1104"}],"version-history":[{"count":5,"href":"https:\/\/site.educa.madrid.org\/cp.garcialorca.mostoles\/index.php\/wp-json\/wp\/v2\/pages\/1104\/revisions"}],"predecessor-version":[{"id":1276,"href":"https:\/\/site.educa.madrid.org\/cp.garcialorca.mostoles\/index.php\/wp-json\/wp\/v2\/pages\/1104\/revisions\/1276"}],"wp:attachment":[{"href":"https:\/\/site.educa.madrid.org\/cp.garcialorca.mostoles\/index.php\/wp-json\/wp\/v2\/media?parent=1104"}],"wp:term":[{"taxonomy":"folder","embeddable":true,"href":"https:\/\/site.educa.madrid.org\/cp.garcialorca.mostoles\/index.php\/wp-json\/wp\/v2\/folder?post=1104"}],"curies":[{"name":"wp","href":"https:\/\/api.w.org\/{rel}","templated":true}]}}